{"id":9616,"date":"2022-06-15T16:17:37","date_gmt":"2022-06-15T14:17:37","guid":{"rendered":"https:\/\/irlab.se\/?page_id=9616"},"modified":"2022-06-15T16:17:37","modified_gmt":"2022-06-15T14:17:37","slug":"kapitalmarknadsdag-2022","status":"publish","type":"page","link":"https:\/\/irlab.se\/sv\/kapitalmarknadsdag-2022\/","title":{"rendered":"Kapitalmarknadsdag 2022"},"content":{"rendered":"\n<h2 class=\"wp-block-heading\">Kapitalmarknadsdag 2022<\/h2>\n\n\n\n<div style=\"height:51px\" aria-hidden=\"true\" class=\"wp-block-spacer\"><\/div>\n\n\n\n<div class=\"wp-block-columns is-layout-flex wp-container-core-columns-is-layout-9d6595d7 wp-block-columns-is-layout-flex\">\n<div class=\"wp-block-column is-layout-flow wp-block-column-is-layout-flow\">\n<figure class=\"wp-block-image size-full is-resized\"><img decoding=\"async\" src=\"https:\/\/irlab.se\/wp-content\/uploads\/2022\/06\/CMD-2022-03-22-NW-edited.jpg\" alt=\"\" class=\"wp-image-9585\" width=\"400\" srcset=\"https:\/\/irlab.se\/wp-content\/uploads\/2022\/06\/CMD-2022-03-22-NW-edited.jpg 369w, https:\/\/irlab.se\/wp-content\/uploads\/2022\/06\/CMD-2022-03-22-NW-edited-300x225.jpg 300w\" sizes=\"(max-width: 369px) 100vw, 369px\" \/><figcaption><strong>IRLAB:s VD Nicholas Waters p\u00e5 kapitalmarknadsdagen<\/strong><\/figcaption><\/figure>\n<\/div>\n\n\n\n<div class=\"wp-block-column is-layout-flow wp-block-column-is-layout-flow\">\n<div style=\"height:42px\" aria-hidden=\"true\" class=\"wp-block-spacer\"><\/div>\n\n\n\n<p>IRLAB h\u00f6ll sin f\u00f6rsta kapitalmarknadsdag den 22 mars 2022. Under dagen presenterades IRLABs verksamhet och huvudsakliga projekt. Eventet h\u00f6lls p\u00e5 engelska.<\/p>\n\n\n\n<div style=\"height:41px\" aria-hidden=\"true\" class=\"wp-block-spacer\"><\/div>\n\n\n\n<div class=\"wp-block-buttons is-layout-flex wp-block-buttons-is-layout-flex\">\n<div class=\"wp-block-button has-custom-width wp-block-button__width-50 has-custom-font-size is-style-fill has-medium-font-size\"><a class=\"wp-block-button__link has-green-background-color has-background\" href=\"https:\/\/tv.streamfabriken.com\/irlab-cmd-2022\" target=\"_blank\" rel=\"noreferrer noopener\">Se h\u00e4r ><\/a><\/div>\n<\/div>\n\n\n\n<div style=\"height:17px\" aria-hidden=\"true\" class=\"wp-block-spacer\"><\/div>\n\n\n\n<div class=\"wp-block-buttons is-layout-flex wp-block-buttons-is-layout-flex\">\n<div class=\"wp-block-button has-custom-width wp-block-button__width-75 has-custom-font-size is-style-fill has-medium-font-size\"><a class=\"wp-block-button__link has-green-background-color has-background\" href=\"https:\/\/irlab.se\/wp-content\/uploads\/2022\/03\/CMD-presentation-IRLAB.pdf\" target=\"_blank\" rel=\"noreferrer noopener\">Ladda ned presentation ><\/a><\/div>\n<\/div>\n<\/div>\n<\/div>\n\n\n\n<h3 class=\"wp-block-heading\">Individuella presentationer<\/h3>\n\n\n\n<p>F\u00f6ljande tre externa presentat\u00f6rer ber\u00e4ttade om sin syn p\u00e5 sina specialomr\u00e5den:<\/p>\n\n\n\n<div class=\"wp-block-columns is-layout-flex wp-container-core-columns-is-layout-9d6595d7 wp-block-columns-is-layout-flex\">\n<div class=\"wp-block-column is-layout-flow wp-block-column-is-layout-flow\">\n<div class=\"wp-block-image\"><figure class=\"aligncenter size-full is-resized\"><img loading=\"lazy\" decoding=\"async\" src=\"https:\/\/irlab.se\/wp-content\/uploads\/2022\/06\/Steven-Glyman.png\" alt=\"\" class=\"wp-image-9613\" width=\"229\" height=\"300\"\/><\/figure><\/div>\n<\/div>\n\n\n\n<div class=\"wp-block-column is-layout-flow wp-block-column-is-layout-flow\">\n<div style=\"height:42px\" aria-hidden=\"true\" class=\"wp-block-spacer\"><\/div>\n\n\n\n<p><strong>Steven Glyman, SVP and Head of Neuroscience<\/strong>\u00a0p\u00e5 Ipsen pratade om samarbetet med IRLAB och vad de s\u00e5g som gjorde att de licensierade in mesdopetam.<\/p>\n\n\n\n<div style=\"height:41px\" aria-hidden=\"true\" class=\"wp-block-spacer\"><\/div>\n\n\n\n<div class=\"wp-block-buttons is-layout-flex wp-block-buttons-is-layout-flex\">\n<div class=\"wp-block-button has-custom-width wp-block-button__width-50 has-custom-font-size is-style-fill has-medium-font-size\"><a class=\"wp-block-button__link has-green-background-color has-background\" href=\"https:\/\/tv.streamfabriken.com\/irlab-cmd-2022-stephen-glyman\" target=\"_blank\" rel=\"noreferrer noopener\">Se h\u00e4r ><\/a><\/div>\n<\/div>\n<\/div>\n<\/div>\n\n\n\n<div class=\"wp-block-columns is-layout-flex wp-container-core-columns-is-layout-9d6595d7 wp-block-columns-is-layout-flex\">\n<div class=\"wp-block-column is-layout-flow wp-block-column-is-layout-flow\">\n<div class=\"wp-block-image\"><figure class=\"aligncenter size-full is-resized\"><img loading=\"lazy\" decoding=\"async\" src=\"https:\/\/irlab.se\/wp-content\/uploads\/2022\/06\/karl-update2.jpeg\" alt=\"\" class=\"wp-image-9591\" width=\"233\" height=\"300\"\/><\/figure><\/div>\n<\/div>\n\n\n\n<div class=\"wp-block-column is-layout-flow wp-block-column-is-layout-flow\">\n<div style=\"height:42px\" aria-hidden=\"true\" class=\"wp-block-spacer\"><\/div>\n\n\n\n<p><strong><strong>Professor Karl Kieburtz<\/strong>, <\/strong>en v\u00e4rldsledande auktoritet inom behandling av Parkinsons sjukdom, motoriska problem och l\u00e4kemedelsutveckling pratade om PD-LIDs, PD-P och den nytta mesdopetam kan g\u00f6ra f\u00f6r m\u00e5nga patienter.<\/p>\n\n\n\n<div style=\"height:41px\" aria-hidden=\"true\" class=\"wp-block-spacer\"><\/div>\n\n\n\n<div class=\"wp-block-buttons is-layout-flex wp-block-buttons-is-layout-flex\">\n<div class=\"wp-block-button has-custom-width wp-block-button__width-50 has-custom-font-size is-style-fill has-medium-font-size\"><a class=\"wp-block-button__link has-green-background-color has-background\" href=\"https:\/\/tv.streamfabriken.com\/irlab-cmd-2022-karl-kieburtz\" target=\"_blank\" rel=\"noreferrer noopener\">Se h\u00e4r ><\/a><\/div>\n<\/div>\n<\/div>\n<\/div>\n\n\n\n<div class=\"wp-block-columns is-layout-flex wp-container-core-columns-is-layout-9d6595d7 wp-block-columns-is-layout-flex\">\n<div class=\"wp-block-column is-layout-flow wp-block-column-is-layout-flow\">\n<div class=\"wp-block-image\"><figure class=\"aligncenter size-full is-resized\"><img loading=\"lazy\" decoding=\"async\" src=\"https:\/\/irlab.se\/wp-content\/uploads\/2022\/06\/Bas-Bloem_nov-2015_crop-294x300-1-edited.jpeg\" alt=\"\" class=\"wp-image-9596\" width=\"225\" height=\"300\"\/><\/figure><\/div>\n<\/div>\n\n\n\n<div class=\"wp-block-column is-layout-flow wp-block-column-is-layout-flow\">\n<div style=\"height:42px\" aria-hidden=\"true\" class=\"wp-block-spacer\"><\/div>\n\n\n\n<p><strong><strong><strong>Professor Bastiaan Bloem<\/strong>, <\/strong><\/strong>en av v\u00e4rldens ledande experter p\u00e5 balansproblem och fall vid Parkinsons sjukdom pratade om det stora behovet av nya l\u00e4kemedel och hur pirepemat kan g\u00f6ra stor nytta f\u00f6r m\u00e5nga patienter.<\/p>\n\n\n\n<div style=\"height:41px\" aria-hidden=\"true\" class=\"wp-block-spacer\"><\/div>\n\n\n\n<div class=\"wp-block-buttons is-layout-flex wp-block-buttons-is-layout-flex\">\n<div class=\"wp-block-button has-custom-width wp-block-button__width-50 has-custom-font-size is-style-fill has-medium-font-size\"><a class=\"wp-block-button__link has-green-background-color has-background\" href=\"https:\/\/tv.streamfabriken.com\/irlab-cmd-2022-bastiaan-bloem\" target=\"_blank\" rel=\"noreferrer noopener\">Se h\u00e4r ><\/a><\/div>\n<\/div>\n<\/div>\n<\/div>\n","protected":false},"excerpt":{"rendered":"<p>Kapitalmarknadsdag 2022 IRLAB h\u00f6ll sin f\u00f6rsta kapitalmarknadsdag den 22 mars 2022. Under dagen presenterades IRLABs verksamhet och huvudsakliga projekt. Eventet h\u00f6lls p\u00e5 engelska. Individuella presentationer F\u00f6ljande tre externa presentat\u00f6rer ber\u00e4ttade om sin syn p\u00e5 sina specialomr\u00e5den: Steven Glyman, SVP and Head of Neuroscience\u00a0p\u00e5 Ipsen pratade om samarbetet med IRLAB och vad de s\u00e5g som gjorde [&hellip;]<\/p>\n","protected":false},"author":1,"featured_media":0,"parent":0,"menu_order":0,"comment_status":"closed","ping_status":"closed","template":"","meta":{"_acf_changed":false,"footnotes":""},"class_list":["post-9616","page","type-page","status-publish","hentry"],"acf":[],"yoast_head":"<!-- This site is optimized with the Yoast SEO plugin v26.7 - https:\/\/yoast.com\/wordpress\/plugins\/seo\/ -->\n<title>Kapitalmarknadsdag 2022 - IRLAB<\/title>\n<meta name=\"robots\" content=\"index, follow, max-snippet:-1, max-image-preview:large, max-video-preview:-1\" \/>\n<link rel=\"canonical\" href=\"https:\/\/irlab.se\/sv\/kapitalmarknadsdag-2022\/\" \/>\n<meta property=\"og:locale\" content=\"sv_SE\" \/>\n<meta property=\"og:type\" content=\"article\" \/>\n<meta property=\"og:title\" content=\"Kapitalmarknadsdag 2022 - IRLAB\" \/>\n<meta property=\"og:description\" content=\"Kapitalmarknadsdag 2022 IRLAB h\u00f6ll sin f\u00f6rsta kapitalmarknadsdag den 22 mars 2022. Under dagen presenterades IRLABs verksamhet och huvudsakliga projekt. Eventet h\u00f6lls p\u00e5 engelska. Individuella presentationer F\u00f6ljande tre externa presentat\u00f6rer ber\u00e4ttade om sin syn p\u00e5 sina specialomr\u00e5den: Steven Glyman, SVP and Head of Neuroscience\u00a0p\u00e5 Ipsen pratade om samarbetet med IRLAB och vad de s\u00e5g som gjorde [&hellip;]\" \/>\n<meta property=\"og:url\" content=\"https:\/\/irlab.se\/sv\/kapitalmarknadsdag-2022\/\" \/>\n<meta property=\"og:site_name\" content=\"IRLAB\" \/>\n<meta property=\"og:image\" content=\"https:\/\/irlab.se\/wp-content\/uploads\/2022\/06\/CMD-2022-03-22-NW-edited.jpg\" \/>\n<meta name=\"twitter:card\" content=\"summary_large_image\" \/>\n<meta name=\"twitter:label1\" content=\"Ber\u00e4knad l\u00e4stid\" \/>\n\t<meta name=\"twitter:data1\" content=\"2 minuter\" \/>\n<script type=\"application\/ld+json\" class=\"yoast-schema-graph\">{\"@context\":\"https:\/\/schema.org\",\"@graph\":[{\"@type\":\"WebPage\",\"@id\":\"https:\/\/irlab.se\/sv\/kapitalmarknadsdag-2022\/\",\"url\":\"https:\/\/irlab.se\/sv\/kapitalmarknadsdag-2022\/\",\"name\":\"Kapitalmarknadsdag 2022 - IRLAB\",\"isPartOf\":{\"@id\":\"https:\/\/irlab.se\/#website\"},\"primaryImageOfPage\":{\"@id\":\"https:\/\/irlab.se\/sv\/kapitalmarknadsdag-2022\/#primaryimage\"},\"image\":{\"@id\":\"https:\/\/irlab.se\/sv\/kapitalmarknadsdag-2022\/#primaryimage\"},\"thumbnailUrl\":\"https:\/\/irlab.se\/wp-content\/uploads\/2022\/06\/CMD-2022-03-22-NW-edited.jpg\",\"datePublished\":\"2022-06-15T14:17:37+00:00\",\"breadcrumb\":{\"@id\":\"https:\/\/irlab.se\/sv\/kapitalmarknadsdag-2022\/#breadcrumb\"},\"inLanguage\":\"sv-SE\",\"potentialAction\":[{\"@type\":\"ReadAction\",\"target\":[\"https:\/\/irlab.se\/sv\/kapitalmarknadsdag-2022\/\"]}]},{\"@type\":\"ImageObject\",\"inLanguage\":\"sv-SE\",\"@id\":\"https:\/\/irlab.se\/sv\/kapitalmarknadsdag-2022\/#primaryimage\",\"url\":\"https:\/\/irlab.se\/wp-content\/uploads\/2022\/06\/CMD-2022-03-22-NW-edited.jpg\",\"contentUrl\":\"https:\/\/irlab.se\/wp-content\/uploads\/2022\/06\/CMD-2022-03-22-NW-edited.jpg\"},{\"@type\":\"BreadcrumbList\",\"@id\":\"https:\/\/irlab.se\/sv\/kapitalmarknadsdag-2022\/#breadcrumb\",\"itemListElement\":[{\"@type\":\"ListItem\",\"position\":1,\"name\":\"Home\",\"item\":\"https:\/\/irlab.se\/sv\/\"},{\"@type\":\"ListItem\",\"position\":2,\"name\":\"Kapitalmarknadsdag 2022\"}]},{\"@type\":\"WebSite\",\"@id\":\"https:\/\/irlab.se\/#website\",\"url\":\"https:\/\/irlab.se\/\",\"name\":\"Irlab\",\"description\":\"Novel treatments for Parkinson&#039;s disease\",\"potentialAction\":[{\"@type\":\"SearchAction\",\"target\":{\"@type\":\"EntryPoint\",\"urlTemplate\":\"https:\/\/irlab.se\/?s={search_term_string}\"},\"query-input\":{\"@type\":\"PropertyValueSpecification\",\"valueRequired\":true,\"valueName\":\"search_term_string\"}}],\"inLanguage\":\"sv-SE\"}]}<\/script>\n<!-- \/ Yoast SEO plugin. -->","yoast_head_json":{"title":"Kapitalmarknadsdag 2022 - IRLAB","robots":{"index":"index","follow":"follow","max-snippet":"max-snippet:-1","max-image-preview":"max-image-preview:large","max-video-preview":"max-video-preview:-1"},"canonical":"https:\/\/irlab.se\/sv\/kapitalmarknadsdag-2022\/","og_locale":"sv_SE","og_type":"article","og_title":"Kapitalmarknadsdag 2022 - IRLAB","og_description":"Kapitalmarknadsdag 2022 IRLAB h\u00f6ll sin f\u00f6rsta kapitalmarknadsdag den 22 mars 2022. Under dagen presenterades IRLABs verksamhet och huvudsakliga projekt. Eventet h\u00f6lls p\u00e5 engelska. Individuella presentationer F\u00f6ljande tre externa presentat\u00f6rer ber\u00e4ttade om sin syn p\u00e5 sina specialomr\u00e5den: Steven Glyman, SVP and Head of Neuroscience\u00a0p\u00e5 Ipsen pratade om samarbetet med IRLAB och vad de s\u00e5g som gjorde [&hellip;]","og_url":"https:\/\/irlab.se\/sv\/kapitalmarknadsdag-2022\/","og_site_name":"IRLAB","og_image":[{"url":"https:\/\/irlab.se\/wp-content\/uploads\/2022\/06\/CMD-2022-03-22-NW-edited.jpg","type":"","width":"","height":""}],"twitter_card":"summary_large_image","twitter_misc":{"Ber\u00e4knad l\u00e4stid":"2 minuter"},"schema":{"@context":"https:\/\/schema.org","@graph":[{"@type":"WebPage","@id":"https:\/\/irlab.se\/sv\/kapitalmarknadsdag-2022\/","url":"https:\/\/irlab.se\/sv\/kapitalmarknadsdag-2022\/","name":"Kapitalmarknadsdag 2022 - IRLAB","isPartOf":{"@id":"https:\/\/irlab.se\/#website"},"primaryImageOfPage":{"@id":"https:\/\/irlab.se\/sv\/kapitalmarknadsdag-2022\/#primaryimage"},"image":{"@id":"https:\/\/irlab.se\/sv\/kapitalmarknadsdag-2022\/#primaryimage"},"thumbnailUrl":"https:\/\/irlab.se\/wp-content\/uploads\/2022\/06\/CMD-2022-03-22-NW-edited.jpg","datePublished":"2022-06-15T14:17:37+00:00","breadcrumb":{"@id":"https:\/\/irlab.se\/sv\/kapitalmarknadsdag-2022\/#breadcrumb"},"inLanguage":"sv-SE","potentialAction":[{"@type":"ReadAction","target":["https:\/\/irlab.se\/sv\/kapitalmarknadsdag-2022\/"]}]},{"@type":"ImageObject","inLanguage":"sv-SE","@id":"https:\/\/irlab.se\/sv\/kapitalmarknadsdag-2022\/#primaryimage","url":"https:\/\/irlab.se\/wp-content\/uploads\/2022\/06\/CMD-2022-03-22-NW-edited.jpg","contentUrl":"https:\/\/irlab.se\/wp-content\/uploads\/2022\/06\/CMD-2022-03-22-NW-edited.jpg"},{"@type":"BreadcrumbList","@id":"https:\/\/irlab.se\/sv\/kapitalmarknadsdag-2022\/#breadcrumb","itemListElement":[{"@type":"ListItem","position":1,"name":"Home","item":"https:\/\/irlab.se\/sv\/"},{"@type":"ListItem","position":2,"name":"Kapitalmarknadsdag 2022"}]},{"@type":"WebSite","@id":"https:\/\/irlab.se\/#website","url":"https:\/\/irlab.se\/","name":"Irlab","description":"Novel treatments for Parkinson&#039;s disease","potentialAction":[{"@type":"SearchAction","target":{"@type":"EntryPoint","urlTemplate":"https:\/\/irlab.se\/?s={search_term_string}"},"query-input":{"@type":"PropertyValueSpecification","valueRequired":true,"valueName":"search_term_string"}}],"inLanguage":"sv-SE"}]}},"_links":{"self":[{"href":"https:\/\/irlab.se\/sv\/wp-json\/wp\/v2\/pages\/9616","targetHints":{"allow":["GET"]}}],"collection":[{"href":"https:\/\/irlab.se\/sv\/wp-json\/wp\/v2\/pages"}],"about":[{"href":"https:\/\/irlab.se\/sv\/wp-json\/wp\/v2\/types\/page"}],"author":[{"embeddable":true,"href":"https:\/\/irlab.se\/sv\/wp-json\/wp\/v2\/users\/1"}],"replies":[{"embeddable":true,"href":"https:\/\/irlab.se\/sv\/wp-json\/wp\/v2\/comments?post=9616"}],"version-history":[{"count":2,"href":"https:\/\/irlab.se\/sv\/wp-json\/wp\/v2\/pages\/9616\/revisions"}],"predecessor-version":[{"id":9618,"href":"https:\/\/irlab.se\/sv\/wp-json\/wp\/v2\/pages\/9616\/revisions\/9618"}],"wp:attachment":[{"href":"https:\/\/irlab.se\/sv\/wp-json\/wp\/v2\/media?parent=9616"}],"curies":[{"name":"wp","href":"https:\/\/api.w.org\/{rel}","templated":true}]}}