{"id":9289,"date":"2022-04-27T16:47:22","date_gmt":"2022-04-27T14:47:22","guid":{"rendered":"https:\/\/irlab.se\/?page_id=9289"},"modified":"2025-10-29T15:23:44","modified_gmt":"2025-10-29T14:23:44","slug":"irl757","status":"publish","type":"page","link":"https:\/\/irlab.se\/sv\/projektportfolj\/irl757\/","title":{"rendered":"IRL757"},"content":{"rendered":"\n<h1 class=\"wp-block-heading\" id=\"irl942-irl1009\">IRL757<\/h1>\n\n\n\n<p class=\"is-style-intro-text-style\"><strong>L\u00e4kemedelskandidaten IRL757 syftar till att behandla apati vid Parkinson och andra neurologiska sjukdomar. Apati \u00e4r ett funktionsneds\u00e4ttande tillst\u00e5nd som drabbar miljontals m\u00e4nniskor som lever med neurologiska sjukdomar \u00f6ver hela v\u00e4rlden<\/strong>.<\/p>\n\n\n\n<p>IRL757 \u00e4r i klinisk utveckling och har som m\u00e5ls\u00e4ttning att behandla apati vid Parkinson och andra neurologiska sjukdomar med en oral tablett som tas en g\u00e5ng dagligen. Apati \u00e4r ett funktionsneds\u00e4ttande tillst\u00e5nd som drabbar \u00f6ver 10 miljoner m\u00e4nniskor i USA och lika m\u00e5nga i Europa. Prevalensen \u00e4r h\u00f6g och apati ber\u00e4knas f\u00f6rekomma hos 20\u201370 procent av personer som diagnostiserats med Parkinson, vilket inneb\u00e4r 1,1\u20134.0 miljoner m\u00e4nniskor p\u00e5 de \u00e5tta st\u00f6rsta marknaderna i v\u00e4rlden. &nbsp;Apati f\u00f6rekommer \u00e4ven hos 43\u201359 procent av personer som diagnostiserats med Alzheimers sjukdom, vilket inneb\u00e4r 4,9\u20136,7 miljoner m\u00e4nniskor endast sett till de tio st\u00f6rsta marknaderna (Frankrike, Kanada, Kina, Italien, Japan, Spanien, Storbritannien, Sydkorea, Tyskland och USA).<\/p>\n\n\n\n<p>IRL757 har visat gynnsamma effekter i flera prekliniska modeller f\u00f6r nedsatt kognitiv funktion och motivation. Effekterna av IRL757 som observerats i dessa modeller antas vara kopplade till IRL757:s f\u00f6rm\u00e5ga att motverka en f\u00f6rsvagning av nervsignalering fr\u00e5n hj\u00e4rnbarken till djupare liggande hj\u00e4rndelar, en mekanism som har f\u00f6reslagits ligga till grund f\u00f6r apati vid neurologiska sjukdomar.<\/p>\n\n\n\n<p>L\u00e4kemedelskandidaten IRL757 fick under v\u00e5ren 2024 godk\u00e4nt fr\u00e5n regulatoriska myndigheter att inleda Fas I efter att framg\u00e5ngsrikt ha avslutat de prekliniska studier och utvecklingsarbeten som kr\u00e4vs I den f\u00f6rsta kliniska Fas I-studien administrerades l\u00e4kemedelskandidaten IRL757 i stigande doser (Single Ascending Dose, SAD) och upprepade och stigande doser administreras (Multiple Ascending Dose, MAD). Resultaten visar att IRL757 tas upp v\u00e4l, ger god exponering i kroppen och har en gynnsam tolerabilitets- och s\u00e4kerhetsprofil. SAD- och MAD-studien genomf\u00f6rs med finansiering fr\u00e5n Michael J. Fox stiftelse. Parallellt inleddes ytterligare en klinisk Fas I-studie med IRL757 i en grupp forskningspersoner i \u00e5ldern 65 \u00e5r och upp\u00e5t. Resultaten visar att IRL757 tas upp v\u00e4l och ger god exponering i kroppen \u00e4ven i denna \u00e5ldersgrupp Denna studie p\u00e5 \u00e4ldre \u00e4r den f\u00f6rsta kliniska studien inom ramen f\u00f6r samarbetet med MSRD\/Otsuka.<\/p>\n\n\n\n<p>I samarbete med McQuade Center for Strategic Research and Development (MSRD) f\u00f6rbereds nu f\u00f6r en klinisk studie i patienter med Parkinsons sjukdom och apati. De f\u00f6rsta patienterna f\u00f6rv\u00e4ntas bli rekryterade under slutet av 2025.<\/p>\n\n\n\n<p>I slutet av 2023 beviljades IRLAB \u00f6ver 20 miljoner SEK fr\u00e5n forskningsstiftelsen The Michael J. Fox Foundation, v\u00e4rldens st\u00f6rsta icke vinstdrivande stiftelse inriktad p\u00e5 Parkinson, f\u00f6r att finansiera Fas I-programmet och i maj 2024 ingicks \u00e4ven ett samarbetsavtal med MSRD, en del av det globala l\u00e4kemedelsf\u00f6retaget Otsuka, f\u00f6r att utveckla IRL757 vidare efter Fas I fram till och igenom Proof-of-Concept f\u00f6r behandling av apati vid b\u00e5de Parkinson och Alzheimers. Projektet \u00e4r d\u00e4rmed fullt finansierat de kommande \u00e5ren.<\/p>\n\n\n\n<p><\/p>\n","protected":false},"excerpt":{"rendered":"<p>IRL757 L\u00e4kemedelskandidaten IRL757 syftar till att behandla apati vid Parkinson och andra neurologiska sjukdomar. Apati \u00e4r ett funktionsneds\u00e4ttande tillst\u00e5nd som drabbar miljontals m\u00e4nniskor som lever med neurologiska sjukdomar \u00f6ver hela v\u00e4rlden. IRL757 \u00e4r i klinisk utveckling och har som m\u00e5ls\u00e4ttning att behandla apati vid Parkinson och andra neurologiska sjukdomar med en oral tablett som tas [&hellip;]<\/p>\n","protected":false},"author":1,"featured_media":0,"parent":634,"menu_order":0,"comment_status":"closed","ping_status":"closed","template":"","meta":{"_acf_changed":false,"footnotes":""},"class_list":["post-9289","page","type-page","status-publish","hentry"],"acf":[],"yoast_head":"<!-- This site is optimized with the Yoast SEO plugin v26.7 - https:\/\/yoast.com\/wordpress\/plugins\/seo\/ -->\n<title>IRL757 - IRLAB<\/title>\n<meta name=\"robots\" content=\"index, follow, max-snippet:-1, max-image-preview:large, max-video-preview:-1\" \/>\n<link rel=\"canonical\" href=\"https:\/\/irlab.se\/sv\/projektportfolj\/irl757\/\" \/>\n<meta property=\"og:locale\" content=\"sv_SE\" \/>\n<meta property=\"og:type\" content=\"article\" \/>\n<meta property=\"og:title\" content=\"IRL757 - IRLAB\" \/>\n<meta property=\"og:description\" content=\"IRL757 L\u00e4kemedelskandidaten IRL757 syftar till att behandla apati vid Parkinson och andra neurologiska sjukdomar. Apati \u00e4r ett funktionsneds\u00e4ttande tillst\u00e5nd som drabbar miljontals m\u00e4nniskor som lever med neurologiska sjukdomar \u00f6ver hela v\u00e4rlden. IRL757 \u00e4r i klinisk utveckling och har som m\u00e5ls\u00e4ttning att behandla apati vid Parkinson och andra neurologiska sjukdomar med en oral tablett som tas [&hellip;]\" \/>\n<meta property=\"og:url\" content=\"https:\/\/irlab.se\/sv\/projektportfolj\/irl757\/\" \/>\n<meta property=\"og:site_name\" content=\"IRLAB\" \/>\n<meta property=\"article:modified_time\" content=\"2025-10-29T14:23:44+00:00\" \/>\n<meta name=\"twitter:card\" content=\"summary_large_image\" \/>\n<meta name=\"twitter:label1\" content=\"Ber\u00e4knad l\u00e4stid\" \/>\n\t<meta name=\"twitter:data1\" content=\"2 minuter\" \/>\n<script type=\"application\/ld+json\" class=\"yoast-schema-graph\">{\"@context\":\"https:\/\/schema.org\",\"@graph\":[{\"@type\":\"WebPage\",\"@id\":\"https:\/\/irlab.se\/sv\/projektportfolj\/irl757\/\",\"url\":\"https:\/\/irlab.se\/sv\/projektportfolj\/irl757\/\",\"name\":\"IRL757 - IRLAB\",\"isPartOf\":{\"@id\":\"https:\/\/irlab.se\/#website\"},\"datePublished\":\"2022-04-27T14:47:22+00:00\",\"dateModified\":\"2025-10-29T14:23:44+00:00\",\"breadcrumb\":{\"@id\":\"https:\/\/irlab.se\/sv\/projektportfolj\/irl757\/#breadcrumb\"},\"inLanguage\":\"sv-SE\",\"potentialAction\":[{\"@type\":\"ReadAction\",\"target\":[\"https:\/\/irlab.se\/sv\/projektportfolj\/irl757\/\"]}]},{\"@type\":\"BreadcrumbList\",\"@id\":\"https:\/\/irlab.se\/sv\/projektportfolj\/irl757\/#breadcrumb\",\"itemListElement\":[{\"@type\":\"ListItem\",\"position\":1,\"name\":\"Home\",\"item\":\"https:\/\/irlab.se\/sv\/\"},{\"@type\":\"ListItem\",\"position\":2,\"name\":\"Projektportf\u00f6lj\",\"item\":\"https:\/\/irlab.se\/sv\/projektportfolj\/\"},{\"@type\":\"ListItem\",\"position\":3,\"name\":\"IRL757\"}]},{\"@type\":\"WebSite\",\"@id\":\"https:\/\/irlab.se\/#website\",\"url\":\"https:\/\/irlab.se\/\",\"name\":\"Irlab\",\"description\":\"Novel treatments for Parkinson&#039;s disease\",\"potentialAction\":[{\"@type\":\"SearchAction\",\"target\":{\"@type\":\"EntryPoint\",\"urlTemplate\":\"https:\/\/irlab.se\/?s={search_term_string}\"},\"query-input\":{\"@type\":\"PropertyValueSpecification\",\"valueRequired\":true,\"valueName\":\"search_term_string\"}}],\"inLanguage\":\"sv-SE\"}]}<\/script>\n<!-- \/ Yoast SEO plugin. -->","yoast_head_json":{"title":"IRL757 - IRLAB","robots":{"index":"index","follow":"follow","max-snippet":"max-snippet:-1","max-image-preview":"max-image-preview:large","max-video-preview":"max-video-preview:-1"},"canonical":"https:\/\/irlab.se\/sv\/projektportfolj\/irl757\/","og_locale":"sv_SE","og_type":"article","og_title":"IRL757 - IRLAB","og_description":"IRL757 L\u00e4kemedelskandidaten IRL757 syftar till att behandla apati vid Parkinson och andra neurologiska sjukdomar. Apati \u00e4r ett funktionsneds\u00e4ttande tillst\u00e5nd som drabbar miljontals m\u00e4nniskor som lever med neurologiska sjukdomar \u00f6ver hela v\u00e4rlden. IRL757 \u00e4r i klinisk utveckling och har som m\u00e5ls\u00e4ttning att behandla apati vid Parkinson och andra neurologiska sjukdomar med en oral tablett som tas [&hellip;]","og_url":"https:\/\/irlab.se\/sv\/projektportfolj\/irl757\/","og_site_name":"IRLAB","article_modified_time":"2025-10-29T14:23:44+00:00","twitter_card":"summary_large_image","twitter_misc":{"Ber\u00e4knad l\u00e4stid":"2 minuter"},"schema":{"@context":"https:\/\/schema.org","@graph":[{"@type":"WebPage","@id":"https:\/\/irlab.se\/sv\/projektportfolj\/irl757\/","url":"https:\/\/irlab.se\/sv\/projektportfolj\/irl757\/","name":"IRL757 - IRLAB","isPartOf":{"@id":"https:\/\/irlab.se\/#website"},"datePublished":"2022-04-27T14:47:22+00:00","dateModified":"2025-10-29T14:23:44+00:00","breadcrumb":{"@id":"https:\/\/irlab.se\/sv\/projektportfolj\/irl757\/#breadcrumb"},"inLanguage":"sv-SE","potentialAction":[{"@type":"ReadAction","target":["https:\/\/irlab.se\/sv\/projektportfolj\/irl757\/"]}]},{"@type":"BreadcrumbList","@id":"https:\/\/irlab.se\/sv\/projektportfolj\/irl757\/#breadcrumb","itemListElement":[{"@type":"ListItem","position":1,"name":"Home","item":"https:\/\/irlab.se\/sv\/"},{"@type":"ListItem","position":2,"name":"Projektportf\u00f6lj","item":"https:\/\/irlab.se\/sv\/projektportfolj\/"},{"@type":"ListItem","position":3,"name":"IRL757"}]},{"@type":"WebSite","@id":"https:\/\/irlab.se\/#website","url":"https:\/\/irlab.se\/","name":"Irlab","description":"Novel treatments for Parkinson&#039;s disease","potentialAction":[{"@type":"SearchAction","target":{"@type":"EntryPoint","urlTemplate":"https:\/\/irlab.se\/?s={search_term_string}"},"query-input":{"@type":"PropertyValueSpecification","valueRequired":true,"valueName":"search_term_string"}}],"inLanguage":"sv-SE"}]}},"_links":{"self":[{"href":"https:\/\/irlab.se\/sv\/wp-json\/wp\/v2\/pages\/9289","targetHints":{"allow":["GET"]}}],"collection":[{"href":"https:\/\/irlab.se\/sv\/wp-json\/wp\/v2\/pages"}],"about":[{"href":"https:\/\/irlab.se\/sv\/wp-json\/wp\/v2\/types\/page"}],"author":[{"embeddable":true,"href":"https:\/\/irlab.se\/sv\/wp-json\/wp\/v2\/users\/1"}],"replies":[{"embeddable":true,"href":"https:\/\/irlab.se\/sv\/wp-json\/wp\/v2\/comments?post=9289"}],"version-history":[{"count":13,"href":"https:\/\/irlab.se\/sv\/wp-json\/wp\/v2\/pages\/9289\/revisions"}],"predecessor-version":[{"id":12532,"href":"https:\/\/irlab.se\/sv\/wp-json\/wp\/v2\/pages\/9289\/revisions\/12532"}],"up":[{"embeddable":true,"href":"https:\/\/irlab.se\/sv\/wp-json\/wp\/v2\/pages\/634"}],"wp:attachment":[{"href":"https:\/\/irlab.se\/sv\/wp-json\/wp\/v2\/media?parent=9289"}],"curies":[{"name":"wp","href":"https:\/\/api.w.org\/{rel}","templated":true}]}}