{"id":9220,"date":"2022-04-12T11:56:07","date_gmt":"2022-04-12T09:56:07","guid":{"rendered":"https:\/\/irlab.se\/?page_id=9220"},"modified":"2022-04-12T11:56:08","modified_gmt":"2022-04-12T09:56:08","slug":"valberedning-infor-arsstamma-2022","status":"publish","type":"page","link":"https:\/\/irlab.se\/sv\/bolagsstyrning\/nomination-committee\/nomination-committees\/valberedning-infor-arsstamma-2022\/","title":{"rendered":"Valberedning inf\u00f6r \u00e5rsst\u00e4mma 2022"},"content":{"rendered":"\n<h1 class=\"wp-block-heading\" id=\"valberedning-infor-arsstamma-2021\">Valberedning inf\u00f6r \u00e5rsst\u00e4mma 2022<\/h1>\n\n\n\n<p>Inf\u00f6r \u00e5rsst\u00e4mman 2021 har de tre st\u00f6rsta \u00e4garna eller \u00e4gargrupperna utsett sina representanter f\u00f6r valberedningen. Valberedningen best\u00e5r av f\u00f6ljande ledam\u00f6ter:<\/p>\n\n\n\n<ul class=\"wp-block-list\"><li>Daniel Johnsson, valberedningens ordf\u00f6rande, entrepren\u00f6r, bolagsutvecklare och investerare, utsedd av en \u00e4gargrupp som representerar cirka 21 procent av aktier och r\u00f6ster;<\/li><li>Bo Rydlinger, bakgrund fr\u00e5n bank- och investeringsverksamhet, utsedd av en \u00e4gargrupp som representerar cirka 15 procent av aktier och r\u00f6ster;<\/li><li>Clas Sonesson, forskningschef (CSO) p\u00e5 IRLAB och en av IRLAB:s grundare. Utsedd av en \u00e4gargrupp best\u00e5ende av bolagets grundare som representerar cirka 10 procent av aktier och r\u00f6ster; samt<\/li><li>Gunnar Olsson, styrelseordf\u00f6rande i IRLAB Therapeutics AB.<\/li><\/ul>\n\n\n\n<p>Valberedningens f\u00f6rslag har presenterats i kallelsen till \u00e5rsst\u00e4mman 2022 och p\u00e5 bolagets webplats &#8211; irlab.se.<\/p>\n\n\n\n<p>Valberedningens motiverade yttrande \u00e5terfinns i sin helhet <a href=\"https:\/\/irlab.se\/wp-content\/uploads\/2022\/04\/Valberedningens-forslag-och-motiverade-yttrande.pdf\" target=\"_blank\" rel=\"noreferrer noopener\">via denna l\u00e4nk<\/a>. Det motiverade yttrandet betr\u00e4ffande valberedningens f\u00f6rslag till styrelse \u00e5terfinns nedan.<\/p>\n\n\n\n<p><strong>Motiverat yttrande betr\u00e4ffande valberedningens f\u00f6rslag till styrelse (s\u00e4rtryck fr\u00e5n det fullst\u00e4ndiga dokumentet)<\/strong><\/p>\n\n\n\n<p>Inf\u00f6r \u00e5rsst\u00e4mman 2022 har valberedningen f\u00f6r Irlab Therapeutics AB haft sju m\u00f6ten. Valberedningen har som underlag f\u00f6r sitt f\u00f6rslag till styrelse tagit del av resultatet i den utv\u00e4rdering som skett av styrelsen och dess arbete och som rapporterats till valberedningen. Valberedningen har ing\u00e5ende diskuterat de krav p\u00e5 kompetens, erfarenhet och bakgrund som kr\u00e4vs i styrelsen med beaktande av bland annat bolagets utvecklingsskede, styrning och kontroll. \u00c4ven oberoendefr\u00e5gor, kravet p\u00e5 m\u00e5ngsidighet samt bredd i styrelsen, \u00e5ldersstruktur samt fr\u00e5gan om j\u00e4mn k\u00f6nsf\u00f6rdelning har belysts. Vid framtagande av sitt f\u00f6rslag till val av styrelseledam\u00f6ter har valberedningen till\u00e4mpat 4.1 i Svensk kod f\u00f6r bolagsstyrning.<\/p>\n\n\n\n<p>Valberedningen har, baserat p\u00e5 den information man tagit del av avseende styrelseutv\u00e4rderingen och genom intervjuer med ledam\u00f6terna och bolagets ledning, funnit att den nuvarande styrelsen fungerar v\u00e4l och besitter den kompetens och erfarenhet som erfordras. Tv\u00e5 ledam\u00f6ter har avb\u00f6jt omval. Det har samtidigt \u00f6ppnat sig en m\u00f6jlighet att f\u00f6rst\u00e4rka styrelsen med tv\u00e5 ledam\u00f6ter med mycket stor erfarenhet fr\u00e5n internationell l\u00e4kemedelsindustri p\u00e5 lednings- och styrelseniv\u00e5. Valberedningen har intervjuat de b\u00e5da personerna och enh\u00e4lligt funnit det l\u00e4mpligt att f\u00f6resl\u00e5 dem som nya styrelseledam\u00f6ter i bolaget.<\/p>\n\n\n\n<p>D\u00e4rtill har f\u00f6rslag inkommit fr\u00e5n aktie\u00e4gare om nominering av ytterligare tv\u00e5 personer. I f\u00f6rh\u00e5llande till dessa b\u00e5da personer var valberedningen oenig. Nomineringen avslogs d\u00e5 erforderlig majoritet inom valberedningen inte uppn\u00e5ddes.<\/p>\n","protected":false},"excerpt":{"rendered":"<p>Valberedning inf\u00f6r \u00e5rsst\u00e4mma 2022 Inf\u00f6r \u00e5rsst\u00e4mman 2021 har de tre st\u00f6rsta \u00e4garna eller \u00e4gargrupperna utsett sina representanter f\u00f6r valberedningen. Valberedningen best\u00e5r av f\u00f6ljande ledam\u00f6ter: Daniel Johnsson, valberedningens ordf\u00f6rande, entrepren\u00f6r, bolagsutvecklare och investerare, utsedd av en \u00e4gargrupp som representerar cirka 21 procent av aktier och r\u00f6ster; Bo Rydlinger, bakgrund fr\u00e5n bank- och investeringsverksamhet, utsedd av en [&hellip;]<\/p>\n","protected":false},"author":1,"featured_media":0,"parent":2554,"menu_order":0,"comment_status":"closed","ping_status":"closed","template":"","meta":{"_acf_changed":false,"footnotes":""},"class_list":["post-9220","page","type-page","status-publish","hentry"],"acf":[],"yoast_head":"<!-- This site is optimized with the Yoast SEO plugin v26.7 - https:\/\/yoast.com\/wordpress\/plugins\/seo\/ -->\n<title>Valberedning inf\u00f6r \u00e5rsst\u00e4mma 2022 - IRLAB<\/title>\n<meta name=\"robots\" content=\"index, follow, max-snippet:-1, max-image-preview:large, max-video-preview:-1\" \/>\n<link rel=\"canonical\" href=\"https:\/\/irlab.se\/sv\/bolagsstyrning\/nomination-committee\/nomination-committees\/valberedning-infor-arsstamma-2022\/\" \/>\n<meta property=\"og:locale\" content=\"sv_SE\" \/>\n<meta property=\"og:type\" content=\"article\" \/>\n<meta property=\"og:title\" content=\"Valberedning inf\u00f6r \u00e5rsst\u00e4mma 2022 - IRLAB\" \/>\n<meta property=\"og:description\" content=\"Valberedning inf\u00f6r \u00e5rsst\u00e4mma 2022 Inf\u00f6r \u00e5rsst\u00e4mman 2021 har de tre st\u00f6rsta \u00e4garna eller \u00e4gargrupperna utsett sina representanter f\u00f6r valberedningen. Valberedningen best\u00e5r av f\u00f6ljande ledam\u00f6ter: Daniel Johnsson, valberedningens ordf\u00f6rande, entrepren\u00f6r, bolagsutvecklare och investerare, utsedd av en \u00e4gargrupp som representerar cirka 21 procent av aktier och r\u00f6ster; Bo Rydlinger, bakgrund fr\u00e5n bank- och investeringsverksamhet, utsedd av en [&hellip;]\" \/>\n<meta property=\"og:url\" content=\"https:\/\/irlab.se\/sv\/bolagsstyrning\/nomination-committee\/nomination-committees\/valberedning-infor-arsstamma-2022\/\" \/>\n<meta property=\"og:site_name\" content=\"IRLAB\" \/>\n<meta property=\"article:modified_time\" content=\"2022-04-12T09:56:08+00:00\" \/>\n<meta name=\"twitter:card\" content=\"summary_large_image\" \/>\n<meta name=\"twitter:label1\" content=\"Ber\u00e4knad l\u00e4stid\" \/>\n\t<meta name=\"twitter:data1\" content=\"2 minuter\" \/>\n<script type=\"application\/ld+json\" class=\"yoast-schema-graph\">{\"@context\":\"https:\/\/schema.org\",\"@graph\":[{\"@type\":\"WebPage\",\"@id\":\"https:\/\/irlab.se\/sv\/bolagsstyrning\/nomination-committee\/nomination-committees\/valberedning-infor-arsstamma-2022\/\",\"url\":\"https:\/\/irlab.se\/sv\/bolagsstyrning\/nomination-committee\/nomination-committees\/valberedning-infor-arsstamma-2022\/\",\"name\":\"Valberedning inf\u00f6r \u00e5rsst\u00e4mma 2022 - IRLAB\",\"isPartOf\":{\"@id\":\"https:\/\/irlab.se\/#website\"},\"datePublished\":\"2022-04-12T09:56:07+00:00\",\"dateModified\":\"2022-04-12T09:56:08+00:00\",\"breadcrumb\":{\"@id\":\"https:\/\/irlab.se\/sv\/bolagsstyrning\/nomination-committee\/nomination-committees\/valberedning-infor-arsstamma-2022\/#breadcrumb\"},\"inLanguage\":\"sv-SE\",\"potentialAction\":[{\"@type\":\"ReadAction\",\"target\":[\"https:\/\/irlab.se\/sv\/bolagsstyrning\/nomination-committee\/nomination-committees\/valberedning-infor-arsstamma-2022\/\"]}]},{\"@type\":\"BreadcrumbList\",\"@id\":\"https:\/\/irlab.se\/sv\/bolagsstyrning\/nomination-committee\/nomination-committees\/valberedning-infor-arsstamma-2022\/#breadcrumb\",\"itemListElement\":[{\"@type\":\"ListItem\",\"position\":1,\"name\":\"Home\",\"item\":\"https:\/\/irlab.se\/sv\/\"},{\"@type\":\"ListItem\",\"position\":2,\"name\":\"Bolagsstyrning\",\"item\":\"https:\/\/irlab.se\/sv\/bolagsstyrning\/\"},{\"@type\":\"ListItem\",\"position\":3,\"name\":\"Valberedning\",\"item\":\"https:\/\/irlab.se\/sv\/bolagsstyrning\/nomination-committee\/\"},{\"@type\":\"ListItem\",\"position\":4,\"name\":\"F\u00f6reg\u00e5ende valberedningar\",\"item\":\"https:\/\/irlab.se\/sv\/bolagsstyrning\/nomination-committee\/nomination-committees\/\"},{\"@type\":\"ListItem\",\"position\":5,\"name\":\"Valberedning inf\u00f6r \u00e5rsst\u00e4mma 2022\"}]},{\"@type\":\"WebSite\",\"@id\":\"https:\/\/irlab.se\/#website\",\"url\":\"https:\/\/irlab.se\/\",\"name\":\"Irlab\",\"description\":\"Novel treatments for Parkinson&#039;s disease\",\"potentialAction\":[{\"@type\":\"SearchAction\",\"target\":{\"@type\":\"EntryPoint\",\"urlTemplate\":\"https:\/\/irlab.se\/?s={search_term_string}\"},\"query-input\":{\"@type\":\"PropertyValueSpecification\",\"valueRequired\":true,\"valueName\":\"search_term_string\"}}],\"inLanguage\":\"sv-SE\"}]}<\/script>\n<!-- \/ Yoast SEO plugin. -->","yoast_head_json":{"title":"Valberedning inf\u00f6r \u00e5rsst\u00e4mma 2022 - IRLAB","robots":{"index":"index","follow":"follow","max-snippet":"max-snippet:-1","max-image-preview":"max-image-preview:large","max-video-preview":"max-video-preview:-1"},"canonical":"https:\/\/irlab.se\/sv\/bolagsstyrning\/nomination-committee\/nomination-committees\/valberedning-infor-arsstamma-2022\/","og_locale":"sv_SE","og_type":"article","og_title":"Valberedning inf\u00f6r \u00e5rsst\u00e4mma 2022 - IRLAB","og_description":"Valberedning inf\u00f6r \u00e5rsst\u00e4mma 2022 Inf\u00f6r \u00e5rsst\u00e4mman 2021 har de tre st\u00f6rsta \u00e4garna eller \u00e4gargrupperna utsett sina representanter f\u00f6r valberedningen. Valberedningen best\u00e5r av f\u00f6ljande ledam\u00f6ter: Daniel Johnsson, valberedningens ordf\u00f6rande, entrepren\u00f6r, bolagsutvecklare och investerare, utsedd av en \u00e4gargrupp som representerar cirka 21 procent av aktier och r\u00f6ster; Bo Rydlinger, bakgrund fr\u00e5n bank- och investeringsverksamhet, utsedd av en [&hellip;]","og_url":"https:\/\/irlab.se\/sv\/bolagsstyrning\/nomination-committee\/nomination-committees\/valberedning-infor-arsstamma-2022\/","og_site_name":"IRLAB","article_modified_time":"2022-04-12T09:56:08+00:00","twitter_card":"summary_large_image","twitter_misc":{"Ber\u00e4knad l\u00e4stid":"2 minuter"},"schema":{"@context":"https:\/\/schema.org","@graph":[{"@type":"WebPage","@id":"https:\/\/irlab.se\/sv\/bolagsstyrning\/nomination-committee\/nomination-committees\/valberedning-infor-arsstamma-2022\/","url":"https:\/\/irlab.se\/sv\/bolagsstyrning\/nomination-committee\/nomination-committees\/valberedning-infor-arsstamma-2022\/","name":"Valberedning inf\u00f6r \u00e5rsst\u00e4mma 2022 - IRLAB","isPartOf":{"@id":"https:\/\/irlab.se\/#website"},"datePublished":"2022-04-12T09:56:07+00:00","dateModified":"2022-04-12T09:56:08+00:00","breadcrumb":{"@id":"https:\/\/irlab.se\/sv\/bolagsstyrning\/nomination-committee\/nomination-committees\/valberedning-infor-arsstamma-2022\/#breadcrumb"},"inLanguage":"sv-SE","potentialAction":[{"@type":"ReadAction","target":["https:\/\/irlab.se\/sv\/bolagsstyrning\/nomination-committee\/nomination-committees\/valberedning-infor-arsstamma-2022\/"]}]},{"@type":"BreadcrumbList","@id":"https:\/\/irlab.se\/sv\/bolagsstyrning\/nomination-committee\/nomination-committees\/valberedning-infor-arsstamma-2022\/#breadcrumb","itemListElement":[{"@type":"ListItem","position":1,"name":"Home","item":"https:\/\/irlab.se\/sv\/"},{"@type":"ListItem","position":2,"name":"Bolagsstyrning","item":"https:\/\/irlab.se\/sv\/bolagsstyrning\/"},{"@type":"ListItem","position":3,"name":"Valberedning","item":"https:\/\/irlab.se\/sv\/bolagsstyrning\/nomination-committee\/"},{"@type":"ListItem","position":4,"name":"F\u00f6reg\u00e5ende valberedningar","item":"https:\/\/irlab.se\/sv\/bolagsstyrning\/nomination-committee\/nomination-committees\/"},{"@type":"ListItem","position":5,"name":"Valberedning inf\u00f6r \u00e5rsst\u00e4mma 2022"}]},{"@type":"WebSite","@id":"https:\/\/irlab.se\/#website","url":"https:\/\/irlab.se\/","name":"Irlab","description":"Novel treatments for Parkinson&#039;s disease","potentialAction":[{"@type":"SearchAction","target":{"@type":"EntryPoint","urlTemplate":"https:\/\/irlab.se\/?s={search_term_string}"},"query-input":{"@type":"PropertyValueSpecification","valueRequired":true,"valueName":"search_term_string"}}],"inLanguage":"sv-SE"}]}},"_links":{"self":[{"href":"https:\/\/irlab.se\/sv\/wp-json\/wp\/v2\/pages\/9220","targetHints":{"allow":["GET"]}}],"collection":[{"href":"https:\/\/irlab.se\/sv\/wp-json\/wp\/v2\/pages"}],"about":[{"href":"https:\/\/irlab.se\/sv\/wp-json\/wp\/v2\/types\/page"}],"author":[{"embeddable":true,"href":"https:\/\/irlab.se\/sv\/wp-json\/wp\/v2\/users\/1"}],"replies":[{"embeddable":true,"href":"https:\/\/irlab.se\/sv\/wp-json\/wp\/v2\/comments?post=9220"}],"version-history":[{"count":3,"href":"https:\/\/irlab.se\/sv\/wp-json\/wp\/v2\/pages\/9220\/revisions"}],"predecessor-version":[{"id":10036,"href":"https:\/\/irlab.se\/sv\/wp-json\/wp\/v2\/pages\/9220\/revisions\/10036"}],"up":[{"embeddable":true,"href":"https:\/\/irlab.se\/sv\/wp-json\/wp\/v2\/pages\/2554"}],"wp:attachment":[{"href":"https:\/\/irlab.se\/sv\/wp-json\/wp\/v2\/media?parent=9220"}],"curies":[{"name":"wp","href":"https:\/\/api.w.org\/{rel}","templated":true}]}}