{"id":8959,"date":"2022-04-10T16:58:33","date_gmt":"2022-04-10T14:58:33","guid":{"rendered":"https:\/\/irlab.se\/?page_id=8959"},"modified":"2023-03-16T16:52:54","modified_gmt":"2023-03-16T15:52:54","slug":"arsstamma-2022","status":"publish","type":"page","link":"https:\/\/irlab.se\/sv\/bolagsstyrning\/bolagsstamma\/arsstamma-2022\/","title":{"rendered":"\u00c5rsst\u00e4mma 2022"},"content":{"rendered":"\n<h1 class=\"wp-block-heading\" id=\"arsstamma-2021\">\u00c5rsst\u00e4mma 2022<\/h1>\n\n\n\n<p class=\"is-style-intro-text-style\">\u00c5rsst\u00e4mman 2022 h\u00f6lls den 11 maj i G\u00f6teborg samt med m\u00f6jlighet till f\u00f6rtida postr\u00f6stning.<\/p>\n\n\n\n<p class=\"has-sand-background-color has-background has-normal-font-size\"><strong><a href=\"https:\/\/youtu.be\/0qbgzfC6vik\" target=\"_blank\" rel=\"noreferrer noopener\">Direkt l\u00e4nk till inspelning av \u00e5rsst\u00e4mman &gt;<\/a> <\/strong><br><em>S\u00e4ndning sker endast efter beslut p\u00e5 \u00e5rsst\u00e4mman.<\/em><\/p>\n\n\n\n<p><\/p>\n\n\n\n<p><strong>Kallelse och \u00f6vriga dokument tillg\u00e4ngliga f\u00f6re \u00e5rsst\u00e4mman<\/strong><\/p>\n\n\n\n<p>Kallelsen inneh\u00e5ller \u00e4ven f\u00f6reslag till instruktioner f\u00f6r valberedningen samt riktlinjer f\u00f6r ers\u00e4ttning till ledande befattningshavare.<\/p>\n\n\n\n<p><a href=\"https:\/\/irlab.se\/wp-content\/uploads\/2022\/04\/IRLAB-Kallelse-arsstamma-2022-1.pdf\" target=\"_blank\" rel=\"noreferrer noopener\">IRLAB &#8211; Kallelse \u00e5rsst\u00e4mma 2022<\/a><\/p>\n\n\n\n<p><a href=\"https:\/\/irlab.se\/wp-content\/uploads\/2022\/04\/Valberedningens-forslag-och-motiverade-yttrande.pdf\" target=\"_blank\" rel=\"noreferrer noopener\">IRLAB &#8211; Valberedningens f\u00f6rslag och motiverade yttrande 2022<\/a> inneh\u00e5ller \u00e4ven information om f\u00f6reslagna ledam\u00f6ter<\/p>\n\n\n\n<p><a href=\"https:\/\/irlab.se\/wp-content\/uploads\/2022\/04\/IRLAB-Arsredovisning-2021.pdf\" target=\"_blank\" rel=\"noreferrer noopener\">\u00c5rsredovisning 2021<\/a>&nbsp;(inneh\u00e5ller \u00e4ven revisionsber\u00e4ttelse, bolagsstyrningsrapport och revisorns yttrande om bolagsstyrningsrapporten)<\/p>\n\n\n\n<p><a href=\"https:\/\/irlab.se\/wp-content\/uploads\/2022\/04\/IRLAB-Ersattningsrapport-2021.pdf\" target=\"_blank\" rel=\"noreferrer noopener\">IRLAB &#8211; Ers\u00e4ttningsrapport 2021<\/a><\/p>\n\n\n\n<p><a href=\"https:\/\/irlab.se\/wp-content\/uploads\/2022\/04\/IRLAB-2021-Ersattning-ledande-befattningshavatre.pdf\" target=\"_blank\" rel=\"noreferrer noopener\">IRLAB &#8211; Yttrande avseende ers\u00e4ttning<\/a><\/p>\n\n\n\n<p><strong>Ytterligare dokument, tillg\u00e4ngliga efter \u00e5rsst\u00e4mman<\/strong><\/p>\n\n\n\n<p><a href=\"https:\/\/irlab.se\/wp-content\/uploads\/2023\/03\/IRLAB-Protokoll-arsstamma-2022-web.pdf\" target=\"_blank\" rel=\"noreferrer noopener\">IRLAB &#8211; Protokoll fr\u00e5n \u00e5rsst\u00e4mma 2022<\/a> (inklusive bilagor)<\/p>\n","protected":false},"excerpt":{"rendered":"<p>\u00c5rsst\u00e4mma 2022 \u00c5rsst\u00e4mman 2022 h\u00f6lls den 11 maj i G\u00f6teborg samt med m\u00f6jlighet till f\u00f6rtida postr\u00f6stning. Direkt l\u00e4nk till inspelning av \u00e5rsst\u00e4mman &gt; S\u00e4ndning sker endast efter beslut p\u00e5 \u00e5rsst\u00e4mman. Kallelse och \u00f6vriga dokument tillg\u00e4ngliga f\u00f6re \u00e5rsst\u00e4mman Kallelsen inneh\u00e5ller \u00e4ven f\u00f6reslag till instruktioner f\u00f6r valberedningen samt riktlinjer f\u00f6r ers\u00e4ttning till ledande befattningshavare. IRLAB &#8211; Kallelse [&hellip;]<\/p>\n","protected":false},"author":1,"featured_media":0,"parent":570,"menu_order":0,"comment_status":"closed","ping_status":"closed","template":"","meta":{"_acf_changed":false,"footnotes":""},"class_list":["post-8959","page","type-page","status-publish","hentry"],"acf":[],"yoast_head":"<!-- This site is optimized with the Yoast SEO plugin v26.7 - https:\/\/yoast.com\/wordpress\/plugins\/seo\/ -->\n<title>\u00c5rsst\u00e4mma 2022 - IRLAB<\/title>\n<meta name=\"robots\" content=\"index, follow, max-snippet:-1, max-image-preview:large, max-video-preview:-1\" \/>\n<link rel=\"canonical\" href=\"https:\/\/irlab.se\/sv\/bolagsstyrning\/bolagsstamma\/arsstamma-2022\/\" \/>\n<meta property=\"og:locale\" content=\"sv_SE\" \/>\n<meta property=\"og:type\" content=\"article\" \/>\n<meta property=\"og:title\" content=\"\u00c5rsst\u00e4mma 2022 - IRLAB\" \/>\n<meta property=\"og:description\" content=\"\u00c5rsst\u00e4mma 2022 \u00c5rsst\u00e4mman 2022 h\u00f6lls den 11 maj i G\u00f6teborg samt med m\u00f6jlighet till f\u00f6rtida postr\u00f6stning. Direkt l\u00e4nk till inspelning av \u00e5rsst\u00e4mman &gt; S\u00e4ndning sker endast efter beslut p\u00e5 \u00e5rsst\u00e4mman. Kallelse och \u00f6vriga dokument tillg\u00e4ngliga f\u00f6re \u00e5rsst\u00e4mman Kallelsen inneh\u00e5ller \u00e4ven f\u00f6reslag till instruktioner f\u00f6r valberedningen samt riktlinjer f\u00f6r ers\u00e4ttning till ledande befattningshavare. IRLAB &#8211; Kallelse [&hellip;]\" \/>\n<meta property=\"og:url\" content=\"https:\/\/irlab.se\/sv\/bolagsstyrning\/bolagsstamma\/arsstamma-2022\/\" \/>\n<meta property=\"og:site_name\" content=\"IRLAB\" \/>\n<meta property=\"article:modified_time\" content=\"2023-03-16T15:52:54+00:00\" \/>\n<meta name=\"twitter:card\" content=\"summary_large_image\" \/>\n<meta name=\"twitter:label1\" content=\"Ber\u00e4knad l\u00e4stid\" \/>\n\t<meta name=\"twitter:data1\" content=\"1 minut\" \/>\n<script type=\"application\/ld+json\" class=\"yoast-schema-graph\">{\"@context\":\"https:\/\/schema.org\",\"@graph\":[{\"@type\":\"WebPage\",\"@id\":\"https:\/\/irlab.se\/sv\/bolagsstyrning\/bolagsstamma\/arsstamma-2022\/\",\"url\":\"https:\/\/irlab.se\/sv\/bolagsstyrning\/bolagsstamma\/arsstamma-2022\/\",\"name\":\"\u00c5rsst\u00e4mma 2022 - IRLAB\",\"isPartOf\":{\"@id\":\"https:\/\/irlab.se\/#website\"},\"datePublished\":\"2022-04-10T14:58:33+00:00\",\"dateModified\":\"2023-03-16T15:52:54+00:00\",\"breadcrumb\":{\"@id\":\"https:\/\/irlab.se\/sv\/bolagsstyrning\/bolagsstamma\/arsstamma-2022\/#breadcrumb\"},\"inLanguage\":\"sv-SE\",\"potentialAction\":[{\"@type\":\"ReadAction\",\"target\":[\"https:\/\/irlab.se\/sv\/bolagsstyrning\/bolagsstamma\/arsstamma-2022\/\"]}]},{\"@type\":\"BreadcrumbList\",\"@id\":\"https:\/\/irlab.se\/sv\/bolagsstyrning\/bolagsstamma\/arsstamma-2022\/#breadcrumb\",\"itemListElement\":[{\"@type\":\"ListItem\",\"position\":1,\"name\":\"Home\",\"item\":\"https:\/\/irlab.se\/sv\/\"},{\"@type\":\"ListItem\",\"position\":2,\"name\":\"Bolagsstyrning\",\"item\":\"https:\/\/irlab.se\/sv\/bolagsstyrning\/\"},{\"@type\":\"ListItem\",\"position\":3,\"name\":\"Bolagsst\u00e4mmor\",\"item\":\"https:\/\/irlab.se\/sv\/bolagsstyrning\/bolagsstamma\/\"},{\"@type\":\"ListItem\",\"position\":4,\"name\":\"\u00c5rsst\u00e4mma 2022\"}]},{\"@type\":\"WebSite\",\"@id\":\"https:\/\/irlab.se\/#website\",\"url\":\"https:\/\/irlab.se\/\",\"name\":\"Irlab\",\"description\":\"Novel treatments for Parkinson&#039;s disease\",\"potentialAction\":[{\"@type\":\"SearchAction\",\"target\":{\"@type\":\"EntryPoint\",\"urlTemplate\":\"https:\/\/irlab.se\/?s={search_term_string}\"},\"query-input\":{\"@type\":\"PropertyValueSpecification\",\"valueRequired\":true,\"valueName\":\"search_term_string\"}}],\"inLanguage\":\"sv-SE\"}]}<\/script>\n<!-- \/ Yoast SEO plugin. -->","yoast_head_json":{"title":"\u00c5rsst\u00e4mma 2022 - IRLAB","robots":{"index":"index","follow":"follow","max-snippet":"max-snippet:-1","max-image-preview":"max-image-preview:large","max-video-preview":"max-video-preview:-1"},"canonical":"https:\/\/irlab.se\/sv\/bolagsstyrning\/bolagsstamma\/arsstamma-2022\/","og_locale":"sv_SE","og_type":"article","og_title":"\u00c5rsst\u00e4mma 2022 - IRLAB","og_description":"\u00c5rsst\u00e4mma 2022 \u00c5rsst\u00e4mman 2022 h\u00f6lls den 11 maj i G\u00f6teborg samt med m\u00f6jlighet till f\u00f6rtida postr\u00f6stning. Direkt l\u00e4nk till inspelning av \u00e5rsst\u00e4mman &gt; S\u00e4ndning sker endast efter beslut p\u00e5 \u00e5rsst\u00e4mman. Kallelse och \u00f6vriga dokument tillg\u00e4ngliga f\u00f6re \u00e5rsst\u00e4mman Kallelsen inneh\u00e5ller \u00e4ven f\u00f6reslag till instruktioner f\u00f6r valberedningen samt riktlinjer f\u00f6r ers\u00e4ttning till ledande befattningshavare. IRLAB &#8211; Kallelse [&hellip;]","og_url":"https:\/\/irlab.se\/sv\/bolagsstyrning\/bolagsstamma\/arsstamma-2022\/","og_site_name":"IRLAB","article_modified_time":"2023-03-16T15:52:54+00:00","twitter_card":"summary_large_image","twitter_misc":{"Ber\u00e4knad l\u00e4stid":"1 minut"},"schema":{"@context":"https:\/\/schema.org","@graph":[{"@type":"WebPage","@id":"https:\/\/irlab.se\/sv\/bolagsstyrning\/bolagsstamma\/arsstamma-2022\/","url":"https:\/\/irlab.se\/sv\/bolagsstyrning\/bolagsstamma\/arsstamma-2022\/","name":"\u00c5rsst\u00e4mma 2022 - IRLAB","isPartOf":{"@id":"https:\/\/irlab.se\/#website"},"datePublished":"2022-04-10T14:58:33+00:00","dateModified":"2023-03-16T15:52:54+00:00","breadcrumb":{"@id":"https:\/\/irlab.se\/sv\/bolagsstyrning\/bolagsstamma\/arsstamma-2022\/#breadcrumb"},"inLanguage":"sv-SE","potentialAction":[{"@type":"ReadAction","target":["https:\/\/irlab.se\/sv\/bolagsstyrning\/bolagsstamma\/arsstamma-2022\/"]}]},{"@type":"BreadcrumbList","@id":"https:\/\/irlab.se\/sv\/bolagsstyrning\/bolagsstamma\/arsstamma-2022\/#breadcrumb","itemListElement":[{"@type":"ListItem","position":1,"name":"Home","item":"https:\/\/irlab.se\/sv\/"},{"@type":"ListItem","position":2,"name":"Bolagsstyrning","item":"https:\/\/irlab.se\/sv\/bolagsstyrning\/"},{"@type":"ListItem","position":3,"name":"Bolagsst\u00e4mmor","item":"https:\/\/irlab.se\/sv\/bolagsstyrning\/bolagsstamma\/"},{"@type":"ListItem","position":4,"name":"\u00c5rsst\u00e4mma 2022"}]},{"@type":"WebSite","@id":"https:\/\/irlab.se\/#website","url":"https:\/\/irlab.se\/","name":"Irlab","description":"Novel treatments for Parkinson&#039;s disease","potentialAction":[{"@type":"SearchAction","target":{"@type":"EntryPoint","urlTemplate":"https:\/\/irlab.se\/?s={search_term_string}"},"query-input":{"@type":"PropertyValueSpecification","valueRequired":true,"valueName":"search_term_string"}}],"inLanguage":"sv-SE"}]}},"_links":{"self":[{"href":"https:\/\/irlab.se\/sv\/wp-json\/wp\/v2\/pages\/8959","targetHints":{"allow":["GET"]}}],"collection":[{"href":"https:\/\/irlab.se\/sv\/wp-json\/wp\/v2\/pages"}],"about":[{"href":"https:\/\/irlab.se\/sv\/wp-json\/wp\/v2\/types\/page"}],"author":[{"embeddable":true,"href":"https:\/\/irlab.se\/sv\/wp-json\/wp\/v2\/users\/1"}],"replies":[{"embeddable":true,"href":"https:\/\/irlab.se\/sv\/wp-json\/wp\/v2\/comments?post=8959"}],"version-history":[{"count":15,"href":"https:\/\/irlab.se\/sv\/wp-json\/wp\/v2\/pages\/8959\/revisions"}],"predecessor-version":[{"id":10354,"href":"https:\/\/irlab.se\/sv\/wp-json\/wp\/v2\/pages\/8959\/revisions\/10354"}],"up":[{"embeddable":true,"href":"https:\/\/irlab.se\/sv\/wp-json\/wp\/v2\/pages\/570"}],"wp:attachment":[{"href":"https:\/\/irlab.se\/sv\/wp-json\/wp\/v2\/media?parent=8959"}],"curies":[{"name":"wp","href":"https:\/\/api.w.org\/{rel}","templated":true}]}}