{"id":7695,"date":"2022-02-15T09:37:39","date_gmt":"2022-02-15T08:37:39","guid":{"rendered":"https:\/\/irlab.se\/?page_id=7695"},"modified":"2026-01-13T14:27:08","modified_gmt":"2026-01-13T13:27:08","slug":"startsida","status":"publish","type":"page","link":"https:\/\/irlab.se\/sv\/","title":{"rendered":"Startsida"},"content":{"rendered":"\n<div class=\"wp-block-cover alignfull is-light has-custom-content-position is-position-bottom-right block-visibility-hide-small-screen\" style=\"padding-bottom:100px;min-height:900px;aspect-ratio:unset;\"><img loading=\"lazy\" decoding=\"async\" width=\"2048\" height=\"990\" class=\"wp-block-cover__image-background wp-image-11685\" alt=\"\" src=\"https:\/\/irlab.se\/wp-content\/uploads\/2024\/10\/Irlab_start_2_web.png\" style=\"object-position:66% 44%\" data-object-fit=\"cover\" data-object-position=\"66% 44%\" srcset=\"https:\/\/irlab.se\/wp-content\/uploads\/2024\/10\/Irlab_start_2_web.png 2048w, https:\/\/irlab.se\/wp-content\/uploads\/2024\/10\/Irlab_start_2_web-300x145.png 300w, https:\/\/irlab.se\/wp-content\/uploads\/2024\/10\/Irlab_start_2_web-1024x495.png 1024w, https:\/\/irlab.se\/wp-content\/uploads\/2024\/10\/Irlab_start_2_web-768x371.png 768w, https:\/\/irlab.se\/wp-content\/uploads\/2024\/10\/Irlab_start_2_web-1536x743.png 1536w\" sizes=\"auto, (max-width: 2048px) 100vw, 2048px\" \/><span aria-hidden=\"true\" class=\"wp-block-cover__background has-background-dim-0 has-background-dim\"><\/span><div class=\"wp-block-cover__inner-container is-layout-flow wp-block-cover-is-layout-flow\">\n<div class=\"wp-block-columns are-vertically-aligned-bottom is-layout-flex wp-container-core-columns-is-layout-9d6595d7 wp-block-columns-is-layout-flex\">\n<div class=\"wp-block-column is-vertically-aligned-bottom is-style-default is-layout-flow wp-block-column-is-layout-flow\" style=\"flex-basis:60%\">\n<div style=\"height:50px\" aria-hidden=\"true\" class=\"wp-block-spacer\"><\/div>\n\n\n\n<h1 class=\"wp-block-heading alignwide has-orange-color has-text-color\" id=\"att-forandra-livet-for-patienter-med-parkinsons-sjukdom\" style=\"font-size:40px;font-style:normal;font-weight:400\">Att f\u00f6r\u00e4ndra livet f\u00f6r personer som lever med Parkinson och andra CNS sjukdomar<\/h1>\n\n\n\n<div style=\"height:50px\" aria-hidden=\"true\" class=\"wp-block-spacer\"><\/div>\n<\/div>\n\n\n\n<div class=\"wp-block-column is-vertically-aligned-bottom is-style-default is-layout-flow wp-block-column-is-layout-flow\" style=\"flex-basis:550px\"><\/div>\n<\/div>\n<\/div><\/div>\n\n\n\n<div class=\"wp-block-cover alignfull is-light has-custom-content-position is-position-bottom-center block-visibility-hide-large-screen block-visibility-hide-medium-screen\" style=\"padding-bottom:100px;min-height:719px;aspect-ratio:unset;\"><img loading=\"lazy\" decoding=\"async\" width=\"1000\" height=\"1700\" class=\"wp-block-cover__image-background wp-image-11662\" alt=\"\" src=\"https:\/\/irlab.se\/wp-content\/uploads\/2024\/09\/Irlab_start_mobil.png\" style=\"object-position:94% 43%\" data-object-fit=\"cover\" data-object-position=\"94% 43%\" srcset=\"https:\/\/irlab.se\/wp-content\/uploads\/2024\/09\/Irlab_start_mobil.png 1000w, https:\/\/irlab.se\/wp-content\/uploads\/2024\/09\/Irlab_start_mobil-176x300.png 176w, https:\/\/irlab.se\/wp-content\/uploads\/2024\/09\/Irlab_start_mobil-602x1024.png 602w, https:\/\/irlab.se\/wp-content\/uploads\/2024\/09\/Irlab_start_mobil-768x1306.png 768w, https:\/\/irlab.se\/wp-content\/uploads\/2024\/09\/Irlab_start_mobil-904x1536.png 904w\" sizes=\"auto, (max-width: 1000px) 100vw, 1000px\" \/><span aria-hidden=\"true\" class=\"wp-block-cover__background has-background-dim-0 has-background-dim\"><\/span><div class=\"wp-block-cover__inner-container is-layout-flow wp-block-cover-is-layout-flow\">\n<div style=\"height:50px\" aria-hidden=\"true\" class=\"wp-block-spacer\"><\/div>\n\n\n\n<h1 class=\"wp-block-heading alignwide has-orange-color has-text-color\" id=\"att-forandra-livet-for-patienter-med-parkinsons-sjukdom\" style=\"font-size:40px;font-style:normal;font-weight:400\">Att f\u00f6r\u00e4ndra livet f\u00f6r personer som lever med Parkinson och andra CNS sjukdomar<\/h1>\n<\/div><\/div>\n\n\n\n<div style=\"height:48px\" aria-hidden=\"true\" class=\"wp-block-spacer\"><\/div>\n\n\n\n<div class=\"wp-block-columns alignwide is-layout-flex wp-container-core-columns-is-layout-9d6595d7 wp-block-columns-is-layout-flex\">\n<div class=\"wp-block-column is-layout-flow wp-block-column-is-layout-flow\"><div class=\"block\">\n    <div class=\"block__post\">\n\n                    <div class=\"block__title block__title--pre\">\n                <span class=\"h4\">SENASTE PRESSMEDDELANDET<\/span>\n            <\/div>\n                            \n                                            <div class=\"block__article pb-22 \">\n\n                <span class=\"p mb-16 font-size-16 d-block\">\n                    17 APRIL 2026                                                \/ <span class=\"color--orange\">REGULATORISK<\/span>\n                                                    <\/span>\n\n                    <h3 class=\"block__title mt-0 mb-24  \">Valberedningens f\u00f6rslag till styrelse inf\u00f6r IRLAB Therapeutics \u00e5rsst\u00e4mman 2026<\/h3>\n\n                                            <p>G\u00f6teborg den 17 april 2026 \u2013 IRLAB Therapeutics AB (Nasdaq Stockholm: IRLAB A), ett bolag som uppt\u00e4cker och utvecklar nya behandlingar f\u00f6r Parkinsons sjukdom, meddelar idag att valberedningen inf\u00f6r \u00e5rsst\u00e4mman 2026 f\u00f6resl\u00e5r val av Jan-Fredrik Backman som ny vice styrelseordf\u00f6rande samt James Gamgort som ny styrelseledamot. Valberedningen f\u00f6resl\u00e5r vidare omval av styrelseordf\u00f6rande Carola Lemne samt styrelseledam\u00f6terna Gunnar Olsson, Rein Piir och Veronica Wallin. Christer Nordstedt har avb\u00f6jt omval.<\/p>\n                    \n\n                    <a href=\"https:\/\/irlab.se\/sv\/mfn_news\/valberedningens-forslag-till-styrelse-infor-irlab-therapeutics-arsstamman-2026\/\" class=\"small mt-7\">L\u00e4s mer ><\/a>\n                <\/div>\n            \n        \n          \n    <\/div>\n<\/div><\/div>\n\n\n\n<div class=\"wp-block-column is-layout-flow wp-block-column-is-layout-flow\">\n<div class=\"the_share\">\n    <div class=\"the_share__wrapper\">\n           <div class=\"left\">\n               <div class=\"left--title\">IRLAB A<\/div>\n               <div class=\"left--number\">1.482<\/div>\n               <div class=\"left--underline\">SEK<\/div>\n\n           <\/div>\n\n            <div class=\"center\">\n                <div class=\"center__wrap\">\n                    <div class=\"center__wrap--row\">\n                        <div>TODAY<\/div>\n                        <div>-2.50 %<\/div>\n                    <\/div>\n\n                    <div class=\"center__wrap--row\">\n                        <div>TODAY SEK<\/div>\n                        <div>-0.04 SEK<\/div>\n\n                    <\/div>\n\n                    <div class=\"center__wrap--row\">\n                        <div>16:00:00<\/div>\n                        <div>2026-04-22<\/div>\n                    <\/div>\n                <\/div>\n                                                    <a class=\"center__link\" target=\"\" href=\"https:\/\/irlab.se\/sv\/investerare\/aktien\/\">Mer om aktien &gt;<\/a>\n                            <\/div>\n\n    <\/div>\n\n<\/div>\n\n         <\/div>\n<\/div>\n\n\n\n<div style=\"height:24px\" aria-hidden=\"true\" class=\"wp-block-spacer\"><\/div>\n\n\n\n<div class=\"wp-block-columns alignwide is-layout-flex wp-container-core-columns-is-layout-9d6595d7 wp-block-columns-is-layout-flex\">\n<div class=\"wp-block-column is-layout-flow wp-block-column-is-layout-flow\">\n<figure class=\"wp-block-image size-full\"><img loading=\"lazy\" decoding=\"async\" width=\"584\" height=\"348\" src=\"https:\/\/irlab.se\/wp-content\/uploads\/2022\/02\/Ska\u0308rmavbild-2022-01-23-kl.-21.55-1.png\" alt=\"\" class=\"wp-image-7153\" srcset=\"https:\/\/irlab.se\/wp-content\/uploads\/2022\/02\/Ska\u0308rmavbild-2022-01-23-kl.-21.55-1.png 584w, https:\/\/irlab.se\/wp-content\/uploads\/2022\/02\/Ska\u0308rmavbild-2022-01-23-kl.-21.55-1-300x179.png 300w\" sizes=\"auto, (max-width: 584px) 100vw, 584px\" \/><\/figure>\n<\/div>\n\n\n\n<div class=\"wp-block-column is-layout-flow wp-block-column-is-layout-flow\">\n<h2 class=\"wp-block-heading\" id=\"isp-var-egen-utvecklade-teknikplattform\">ISP &#8211; IRLAB:s unika och egenutvecklade teknikplattform<\/h2>\n\n\n\n<p class=\"has-medium-font-size\">IRLAB:s unika och resurseffektiva forskningsmetod kallad Integrative Screening Process (ISP) genererar bolagets l\u00e4kemedelskandidater. Denna egenutvecklade plattform \u00e4r byggd ett p\u00e5 systembiologiskt syns\u00e4tt med en omfattande, standardiserad, och v\u00e4rldsunik databas \u00f6ver CNS-substanser och klasser som samlats in under 25 \u00e5rs forskning.<\/p>\n\n\n\n<div class=\"wp-block-buttons is-layout-flex wp-block-buttons-is-layout-flex\">\n<div class=\"wp-block-button is-style-link-normal-green\"><a class=\"wp-block-button__link wp-element-button\" href=\"https:\/\/irlab.se\/sv\/forskningsplattform\/\">L\u00e4s mer om ISP &gt;<\/a><\/div>\n<\/div>\n<\/div>\n<\/div>\n\n\n\n<div style=\"height:16px\" aria-hidden=\"true\" class=\"wp-block-spacer\"><\/div>\n\n\n\n<div class=\"wp-block-group alignwide is-layout-flow wp-block-group-is-layout-flow\">\n<div class=\"wp-block-cover alignwide is-light\" style=\"min-height:398px;aspect-ratio:unset;\"><span aria-hidden=\"true\" class=\"wp-block-cover__background has-sand-background-color has-background-dim-100 has-background-dim\"><\/span><div class=\"wp-block-cover__inner-container is-layout-flow wp-block-cover-is-layout-flow\">\n<div class=\"wp-block-columns is-layout-flex wp-container-core-columns-is-layout-edda2a69 wp-block-columns-is-layout-flex\" style=\"padding-top:50px\">\n<div class=\"wp-block-column is-layout-flow wp-block-column-is-layout-flow\" style=\"padding-left:40px\">\n<p class=\"has-brown-color has-text-color\">IRLAB:s TV\u00c5 L\u00c4KEMEDELSKANDIDATER I KLINISK FAS II<\/p>\n<\/div>\n<\/div>\n\n\n\n<div class=\"wp-block-columns is-layout-flex wp-container-core-columns-is-layout-909d6e25 wp-block-columns-is-layout-flex\" style=\"padding-bottom:50px\">\n<div class=\"wp-block-column is-style-column-underline-heading is-layout-flow wp-block-column-is-layout-flow\" style=\"padding-top:0px;padding-right:36px;padding-bottom:0px;padding-left:36px\">\n<h2 class=\"wp-block-heading has-brown-color has-text-color\" id=\"mesdopetam-irl790\" style=\"font-size:40px\">Mesdopetam (IRL790)<\/h2>\n\n\n\n<p class=\"has-brown-color has-text-color\">Utvecklas f\u00f6r att behandla levodopa-inducerad dyskinesi (LIDs), dvs ofrivilliga \u00f6verr\u00f6relser som uppkommer efter l\u00e5ngtidsbehandling med levodopa vid Parkinsons sjukdom.<\/p>\n\n\n\n<div class=\"wp-block-buttons is-layout-flex wp-block-buttons-is-layout-flex\">\n<div class=\"wp-block-button is-style-link-normal-green\"><a class=\"wp-block-button__link wp-element-button\" href=\"https:\/\/irlab.se\/sv\/projektportfolj\/irl-790\/\">L\u00e4s mer om mesdopetam &gt;<\/a><\/div>\n<\/div>\n<\/div>\n\n\n\n<div class=\"wp-block-column is-style-column-underline-heading is-layout-flow wp-block-column-is-layout-flow\" style=\"padding-top:0px;padding-right:36px;padding-bottom:0px;padding-left:36px\">\n<h2 class=\"wp-block-heading has-brown-color has-text-color\" id=\"pirepemat-irl790\" style=\"font-size:40px\">Pirepemat (IRL752)<\/h2>\n\n\n\n<p class=\"has-brown-color has-text-color\">Utvecklas f\u00f6r att behandla och minska risken f\u00f6r fall och fallolyckor vid Parkinsons sjukdom.<\/p>\n\n\n\n<div class=\"wp-block-buttons is-layout-flex wp-block-buttons-is-layout-flex\">\n<div class=\"wp-block-button is-style-link-normal-green\"><a class=\"wp-block-button__link wp-element-button\" href=\"https:\/\/irlab.se\/sv\/projektportfolj\/irl-752\/\">L\u00e4s mer om pirepemat &gt;<\/a><\/div>\n<\/div>\n\n\n\n<p><\/p>\n<\/div>\n<\/div>\n<\/div><\/div>\n<\/div>\n\n\n\n<div style=\"height:56px\" aria-hidden=\"true\" class=\"wp-block-spacer\"><\/div>\n\n\n\n<div class=\"wp-block-columns alignwide is-layout-flex wp-container-core-columns-is-layout-9d6595d7 wp-block-columns-is-layout-flex\">\n<div class=\"wp-block-column is-layout-flow wp-block-column-is-layout-flow\"><div class=\"block\">\n    <div class=\"block__post\">\n                    <div class=\"block__title block__title--pre\">\n                SENASTE PRESENTATIONEN            <\/div>\n                \n                                <div class=\"block__article pb-22 \">\n                     <span class=\"p mb-16 font-size-16 d-block\">\n\t\t\t\t\t\t\t\t\t14 APRIL 2026                         \t\t\t\t\t\t\t\t<\/span>\n                    <h3 class=\"block__title mt-0 mb-24\">Kristina Torfg\u00e5rd, CEO, presenterar p\u00e5 Redeye Healthcare Day<\/h3>\n\n                    <p>Kristina Torfg\u00e5rd, CEO, presenterade p\u00e5 Redeyes Healthcare Day den 14 april 2026.<\/p>\n\n                    <a href=\"https:\/\/irlab.se\/sv\/kristina-torfgard-ceo-presenterar-pa-redeye-healthcare-day\/\" class=\"small mt-7\">L\u00e4s mer ><\/a>\n                <\/div>\n\n            \n\n        \n    <\/div>\n<\/div><\/div>\n<\/div>\n\n\n\n<div style=\"height:24px\" aria-hidden=\"true\" class=\"wp-block-spacer\"><\/div>\n","protected":false},"excerpt":{"rendered":"<p>ISP &#8211; IRLAB:s unika och egenutvecklade teknikplattform IRLAB:s unika och resurseffektiva forskningsmetod kallad Integrative Screening Process (ISP) genererar bolagets l\u00e4kemedelskandidater. Denna egenutvecklade plattform \u00e4r byggd ett p\u00e5 systembiologiskt syns\u00e4tt med en omfattande, standardiserad, och v\u00e4rldsunik databas \u00f6ver CNS-substanser och klasser som samlats in under 25 \u00e5rs forskning.<\/p>\n","protected":false},"author":1,"featured_media":0,"parent":0,"menu_order":0,"comment_status":"closed","ping_status":"closed","template":"page__homepage.php","meta":{"_acf_changed":false,"footnotes":""},"class_list":["post-7695","page","type-page","status-publish","hentry"],"acf":[],"yoast_head":"<!-- This site is optimized with the Yoast SEO plugin v26.7 - https:\/\/yoast.com\/wordpress\/plugins\/seo\/ -->\n<title>Startsida - IRLAB<\/title>\n<meta name=\"robots\" content=\"index, follow, max-snippet:-1, max-image-preview:large, max-video-preview:-1\" \/>\n<link rel=\"canonical\" href=\"https:\/\/irlab.se\/sv\/\" \/>\n<meta property=\"og:locale\" content=\"sv_SE\" \/>\n<meta property=\"og:type\" content=\"article\" \/>\n<meta property=\"og:title\" content=\"Startsida - IRLAB\" \/>\n<meta property=\"og:description\" content=\"ISP &#8211; IRLAB:s unika och egenutvecklade teknikplattform IRLAB:s unika och resurseffektiva forskningsmetod kallad Integrative Screening Process (ISP) genererar bolagets l\u00e4kemedelskandidater. Denna egenutvecklade plattform \u00e4r byggd ett p\u00e5 systembiologiskt syns\u00e4tt med en omfattande, standardiserad, och v\u00e4rldsunik databas \u00f6ver CNS-substanser och klasser som samlats in under 25 \u00e5rs forskning.\" \/>\n<meta property=\"og:url\" content=\"https:\/\/irlab.se\/sv\/\" \/>\n<meta property=\"og:site_name\" content=\"IRLAB\" \/>\n<meta property=\"article:modified_time\" content=\"2026-01-13T13:27:08+00:00\" \/>\n<meta property=\"og:image\" content=\"https:\/\/irlab.se\/wp-content\/uploads\/2024\/10\/Irlab_start_2_web-1024x495.png\" \/>\n\t<meta property=\"og:image:width\" content=\"1024\" \/>\n\t<meta property=\"og:image:height\" content=\"495\" \/>\n\t<meta property=\"og:image:type\" content=\"image\/png\" \/>\n<meta name=\"twitter:card\" content=\"summary_large_image\" \/>\n<meta name=\"twitter:label1\" content=\"Ber\u00e4knad l\u00e4stid\" \/>\n\t<meta name=\"twitter:data1\" content=\"2 minuter\" \/>\n<script type=\"application\/ld+json\" class=\"yoast-schema-graph\">{\"@context\":\"https:\/\/schema.org\",\"@graph\":[{\"@type\":\"WebPage\",\"@id\":\"https:\/\/irlab.se\/sv\/\",\"url\":\"https:\/\/irlab.se\/sv\/\",\"name\":\"Startsida - IRLAB\",\"isPartOf\":{\"@id\":\"https:\/\/irlab.se\/#website\"},\"primaryImageOfPage\":{\"@id\":\"https:\/\/irlab.se\/sv\/#primaryimage\"},\"image\":{\"@id\":\"https:\/\/irlab.se\/sv\/#primaryimage\"},\"thumbnailUrl\":\"https:\/\/irlab.se\/wp-content\/uploads\/2024\/10\/Irlab_start_2_web.png\",\"datePublished\":\"2022-02-15T08:37:39+00:00\",\"dateModified\":\"2026-01-13T13:27:08+00:00\",\"breadcrumb\":{\"@id\":\"https:\/\/irlab.se\/sv\/#breadcrumb\"},\"inLanguage\":\"sv-SE\",\"potentialAction\":[{\"@type\":\"ReadAction\",\"target\":[\"https:\/\/irlab.se\/sv\/\"]}]},{\"@type\":\"ImageObject\",\"inLanguage\":\"sv-SE\",\"@id\":\"https:\/\/irlab.se\/sv\/#primaryimage\",\"url\":\"https:\/\/irlab.se\/wp-content\/uploads\/2024\/10\/Irlab_start_2_web.png\",\"contentUrl\":\"https:\/\/irlab.se\/wp-content\/uploads\/2024\/10\/Irlab_start_2_web.png\"},{\"@type\":\"BreadcrumbList\",\"@id\":\"https:\/\/irlab.se\/sv\/#breadcrumb\",\"itemListElement\":[{\"@type\":\"ListItem\",\"position\":1,\"name\":\"Home\",\"item\":\"https:\/\/irlab.se\/sv\/\"},{\"@type\":\"ListItem\",\"position\":2,\"name\":\"Startsida\"}]},{\"@type\":\"WebSite\",\"@id\":\"https:\/\/irlab.se\/#website\",\"url\":\"https:\/\/irlab.se\/\",\"name\":\"Irlab\",\"description\":\"Novel treatments for Parkinson&#039;s disease\",\"potentialAction\":[{\"@type\":\"SearchAction\",\"target\":{\"@type\":\"EntryPoint\",\"urlTemplate\":\"https:\/\/irlab.se\/?s={search_term_string}\"},\"query-input\":{\"@type\":\"PropertyValueSpecification\",\"valueRequired\":true,\"valueName\":\"search_term_string\"}}],\"inLanguage\":\"sv-SE\"}]}<\/script>\n<!-- \/ Yoast SEO plugin. -->","yoast_head_json":{"title":"Startsida - IRLAB","robots":{"index":"index","follow":"follow","max-snippet":"max-snippet:-1","max-image-preview":"max-image-preview:large","max-video-preview":"max-video-preview:-1"},"canonical":"https:\/\/irlab.se\/sv\/","og_locale":"sv_SE","og_type":"article","og_title":"Startsida - IRLAB","og_description":"ISP &#8211; IRLAB:s unika och egenutvecklade teknikplattform IRLAB:s unika och resurseffektiva forskningsmetod kallad Integrative Screening Process (ISP) genererar bolagets l\u00e4kemedelskandidater. Denna egenutvecklade plattform \u00e4r byggd ett p\u00e5 systembiologiskt syns\u00e4tt med en omfattande, standardiserad, och v\u00e4rldsunik databas \u00f6ver CNS-substanser och klasser som samlats in under 25 \u00e5rs forskning.","og_url":"https:\/\/irlab.se\/sv\/","og_site_name":"IRLAB","article_modified_time":"2026-01-13T13:27:08+00:00","og_image":[{"width":1024,"height":495,"url":"https:\/\/irlab.se\/wp-content\/uploads\/2024\/10\/Irlab_start_2_web-1024x495.png","type":"image\/png"}],"twitter_card":"summary_large_image","twitter_misc":{"Ber\u00e4knad l\u00e4stid":"2 minuter"},"schema":{"@context":"https:\/\/schema.org","@graph":[{"@type":"WebPage","@id":"https:\/\/irlab.se\/sv\/","url":"https:\/\/irlab.se\/sv\/","name":"Startsida - IRLAB","isPartOf":{"@id":"https:\/\/irlab.se\/#website"},"primaryImageOfPage":{"@id":"https:\/\/irlab.se\/sv\/#primaryimage"},"image":{"@id":"https:\/\/irlab.se\/sv\/#primaryimage"},"thumbnailUrl":"https:\/\/irlab.se\/wp-content\/uploads\/2024\/10\/Irlab_start_2_web.png","datePublished":"2022-02-15T08:37:39+00:00","dateModified":"2026-01-13T13:27:08+00:00","breadcrumb":{"@id":"https:\/\/irlab.se\/sv\/#breadcrumb"},"inLanguage":"sv-SE","potentialAction":[{"@type":"ReadAction","target":["https:\/\/irlab.se\/sv\/"]}]},{"@type":"ImageObject","inLanguage":"sv-SE","@id":"https:\/\/irlab.se\/sv\/#primaryimage","url":"https:\/\/irlab.se\/wp-content\/uploads\/2024\/10\/Irlab_start_2_web.png","contentUrl":"https:\/\/irlab.se\/wp-content\/uploads\/2024\/10\/Irlab_start_2_web.png"},{"@type":"BreadcrumbList","@id":"https:\/\/irlab.se\/sv\/#breadcrumb","itemListElement":[{"@type":"ListItem","position":1,"name":"Home","item":"https:\/\/irlab.se\/sv\/"},{"@type":"ListItem","position":2,"name":"Startsida"}]},{"@type":"WebSite","@id":"https:\/\/irlab.se\/#website","url":"https:\/\/irlab.se\/","name":"Irlab","description":"Novel treatments for Parkinson&#039;s disease","potentialAction":[{"@type":"SearchAction","target":{"@type":"EntryPoint","urlTemplate":"https:\/\/irlab.se\/?s={search_term_string}"},"query-input":{"@type":"PropertyValueSpecification","valueRequired":true,"valueName":"search_term_string"}}],"inLanguage":"sv-SE"}]}},"_links":{"self":[{"href":"https:\/\/irlab.se\/sv\/wp-json\/wp\/v2\/pages\/7695","targetHints":{"allow":["GET"]}}],"collection":[{"href":"https:\/\/irlab.se\/sv\/wp-json\/wp\/v2\/pages"}],"about":[{"href":"https:\/\/irlab.se\/sv\/wp-json\/wp\/v2\/types\/page"}],"author":[{"embeddable":true,"href":"https:\/\/irlab.se\/sv\/wp-json\/wp\/v2\/users\/1"}],"replies":[{"embeddable":true,"href":"https:\/\/irlab.se\/sv\/wp-json\/wp\/v2\/comments?post=7695"}],"version-history":[{"count":79,"href":"https:\/\/irlab.se\/sv\/wp-json\/wp\/v2\/pages\/7695\/revisions"}],"predecessor-version":[{"id":12779,"href":"https:\/\/irlab.se\/sv\/wp-json\/wp\/v2\/pages\/7695\/revisions\/12779"}],"wp:attachment":[{"href":"https:\/\/irlab.se\/sv\/wp-json\/wp\/v2\/media?parent=7695"}],"curies":[{"name":"wp","href":"https:\/\/api.w.org\/{rel}","templated":true}]}}