{"id":7552,"date":"2022-02-10T16:12:21","date_gmt":"2022-02-10T15:12:21","guid":{"rendered":"https:\/\/irlab.se\/?page_id=7552"},"modified":"2022-02-15T18:52:43","modified_gmt":"2022-02-15T17:52:43","slug":"media","status":"publish","type":"page","link":"https:\/\/irlab.se\/sv\/nyhetsrum\/media\/","title":{"rendered":"Media"},"content":{"rendered":"\n<h2 class=\"page--title-style wp-block-heading\" id=\"financial-calendar\">SENASTE PRESSRELEASER <\/h2>\n\n\n\n<div class=\"wp-block-columns is-layout-flex wp-container-core-columns-is-layout-9d6595d7 wp-block-columns-is-layout-flex\">\n<div class=\"wp-block-column is-layout-flow wp-block-column-is-layout-flow\"><div class=\"block\">\n    <div class=\"block__post\">\n\n                \n          \n    <\/div>\n<\/div><\/div>\n\n\n\n<div class=\"wp-block-column is-layout-flow wp-block-column-is-layout-flow\"><div class=\"block\">\n    <div class=\"block__post\">\n\n                \n          \n    <\/div>\n<\/div><\/div>\n<\/div>\n\n\n\n<div style=\"height:32px\" aria-hidden=\"true\" class=\"wp-block-spacer\"><\/div>\n\n\n\n<figure class=\"wp-block-image size-large\"><img loading=\"lazy\" decoding=\"async\" width=\"1024\" height=\"576\" src=\"https:\/\/irlab.se\/wp-content\/uploads\/2022\/02\/Presentation_1720-1024x576.jpg\" alt=\"\" class=\"wp-image-7775\" srcset=\"https:\/\/irlab.se\/wp-content\/uploads\/2022\/02\/Presentation_1720-1024x576.jpg 1024w, https:\/\/irlab.se\/wp-content\/uploads\/2022\/02\/Presentation_1720-300x169.jpg 300w, https:\/\/irlab.se\/wp-content\/uploads\/2022\/02\/Presentation_1720-768x432.jpg 768w, https:\/\/irlab.se\/wp-content\/uploads\/2022\/02\/Presentation_1720-1536x864.jpg 1536w, https:\/\/irlab.se\/wp-content\/uploads\/2022\/02\/Presentation_1720.jpg 1720w\" sizes=\"auto, (max-width: 1024px) 100vw, 1024px\" \/><\/figure>\n\n\n\n<div style=\"height:32px\" aria-hidden=\"true\" class=\"wp-block-spacer\"><\/div>\n\n\n\n<div class=\"wp-block-columns is-layout-flex wp-container-core-columns-is-layout-9d6595d7 wp-block-columns-is-layout-flex\">\n<div class=\"wp-block-column is-layout-flow wp-block-column-is-layout-flow\">\n<div class=\"calendar\">\n\t<div class=\"calendar__wrapper\">\n\n            <div class=\"block__title block__title--pre\">\n            <span class=\"h4\">EVENT KALENDER<\/span>\n        <\/div>\n    \n\t\t<\/div>\n<\/div><\/div>\n\n\n\n<div class=\"wp-block-column is-layout-flow wp-block-column-is-layout-flow\">\n<h2 class=\"page--title-style wp-block-heading\" id=\"financial-calendar\">FINANSIELL KALENDER<\/h2>\n\n\n\n<p class=\"has-orange-color has-text-color has-small-font-size\">KOMMANDE<\/p>\n\n\n\n<h3 class=\"wp-block-heading\" id=\"23-februari-2022\">23 FEBRUARI 2022<\/h3>\n\n\n\n<p class=\"has-normal-font-size\">BOKSLUTSKOMMUNIK\u00c9<\/p>\n\n\n\n<p class=\"has-orange-color has-text-color has-small-font-size\">N\u00c4STKOMMANDE<\/p>\n\n\n\n<h3 class=\"wp-block-heading\" id=\"february-23-2022-1\">4-8 APRIL, 2022<\/h3>\n\n\n\n<p class=\"has-normal-font-size\">\u00c5RSREDOVISNING<\/p>\n\n\n\n<h3 class=\"wp-block-heading\" id=\"february-23-2022-2\">11 MAJ 2022<\/h3>\n\n\n\n<p class=\"has-normal-font-size\">\u00c5RSST\u00c4MMA<\/p>\n<\/div>\n<\/div>\n\n\n\n<div style=\"height:32px\" aria-hidden=\"true\" class=\"wp-block-spacer\"><\/div>\n\n\n\n<h2 class=\"page--title-style wp-block-heading\" id=\"financial-calendar\">PRESS BILDER<\/h2>\n\n\n\n<div class=\"wp-block-columns is-layout-flex wp-container-core-columns-is-layout-9d6595d7 wp-block-columns-is-layout-flex\">\n<div class=\"wp-block-column is-layout-flow wp-block-column-is-layout-flow\">\n<figure class=\"wp-block-image size-large\"><img loading=\"lazy\" decoding=\"async\" width=\"768\" height=\"1024\" src=\"https:\/\/irlab.se\/wp-content\/uploads\/2019\/09\/nicholas_waters_DSF9032-768x1024.jpg\" alt=\"\" class=\"wp-image-3501\" srcset=\"https:\/\/irlab.se\/wp-content\/uploads\/2019\/09\/nicholas_waters_DSF9032-768x1024.jpg 768w, https:\/\/irlab.se\/wp-content\/uploads\/2019\/09\/nicholas_waters_DSF9032-225x300.jpg 225w\" sizes=\"auto, (max-width: 768px) 100vw, 768px\" \/><\/figure>\n\n\n\n<p>NICOLAS WATER \/ CEO<\/p>\n\n\n\n<div class=\"wp-block-buttons is-layout-flex wp-block-buttons-is-layout-flex\">\n<div class=\"wp-block-button is-style-link-normal-green\"><a class=\"wp-block-button__link\">Ladda ned ><\/a><\/div>\n<\/div>\n<\/div>\n\n\n\n<div class=\"wp-block-column is-layout-flow wp-block-column-is-layout-flow\">\n<figure class=\"wp-block-image size-large\"><img loading=\"lazy\" decoding=\"async\" width=\"768\" height=\"1024\" src=\"https:\/\/irlab.se\/wp-content\/uploads\/2019\/09\/viktor_siewertz_DSF9040-768x1024.jpg\" alt=\"\" class=\"wp-image-3503\" srcset=\"https:\/\/irlab.se\/wp-content\/uploads\/2019\/09\/viktor_siewertz_DSF9040-768x1024.jpg 768w, https:\/\/irlab.se\/wp-content\/uploads\/2019\/09\/viktor_siewertz_DSF9040-225x300.jpg 225w\" sizes=\"auto, (max-width: 768px) 100vw, 768px\" \/><\/figure>\n\n\n\n<p>VICTOR SIEVERTZ \/ CFO<\/p>\n\n\n\n<div class=\"wp-block-buttons is-layout-flex wp-block-buttons-is-layout-flex\">\n<div class=\"wp-block-button is-style-link-normal-green\"><a class=\"wp-block-button__link\">Ladda ned ><\/a><\/div>\n<\/div>\n<\/div>\n\n\n\n<div class=\"wp-block-column is-layout-flow wp-block-column-is-layout-flow\">\n<figure class=\"wp-block-image size-large\"><img loading=\"lazy\" decoding=\"async\" width=\"768\" height=\"1024\" src=\"https:\/\/irlab.se\/wp-content\/uploads\/2019\/09\/joakim_tedroff_DSF0845-768x1024.jpg\" alt=\"\" class=\"wp-image-3507\" srcset=\"https:\/\/irlab.se\/wp-content\/uploads\/2019\/09\/joakim_tedroff_DSF0845-768x1024.jpg 768w, https:\/\/irlab.se\/wp-content\/uploads\/2019\/09\/joakim_tedroff_DSF0845-225x300.jpg 225w\" sizes=\"auto, (max-width: 768px) 100vw, 768px\" \/><\/figure>\n\n\n\n<p>JOAKIM TEDROFF \/ <\/p>\n\n\n\n<div class=\"wp-block-buttons is-layout-flex wp-block-buttons-is-layout-flex\">\n<div class=\"wp-block-button is-style-link-normal-green\"><a class=\"wp-block-button__link\">Ladda ned ><\/a><\/div>\n<\/div>\n<\/div>\n<\/div>\n\n\n\n<p><\/p>\n\n\n\n<p><\/p>\n","protected":false},"excerpt":{"rendered":"<p>SENASTE PRESSRELEASER FINANSIELL KALENDER KOMMANDE 23 FEBRUARI 2022 BOKSLUTSKOMMUNIK\u00c9 N\u00c4STKOMMANDE 4-8 APRIL, 2022 \u00c5RSREDOVISNING 11 MAJ 2022 \u00c5RSST\u00c4MMA PRESS BILDER NICOLAS WATER \/ CEO VICTOR SIEVERTZ \/ CFO JOAKIM TEDROFF \/<\/p>\n","protected":false},"author":1,"featured_media":0,"parent":585,"menu_order":0,"comment_status":"closed","ping_status":"closed","template":"","meta":{"_acf_changed":false,"footnotes":""},"class_list":["post-7552","page","type-page","status-publish","hentry"],"acf":[],"yoast_head":"<!-- This site is optimized with the Yoast SEO plugin v26.7 - https:\/\/yoast.com\/wordpress\/plugins\/seo\/ -->\n<title>Media - IRLAB<\/title>\n<meta name=\"robots\" content=\"index, follow, max-snippet:-1, max-image-preview:large, max-video-preview:-1\" \/>\n<link rel=\"canonical\" href=\"https:\/\/irlab.se\/sv\/nyhetsrum\/media\/\" \/>\n<meta property=\"og:locale\" content=\"sv_SE\" \/>\n<meta property=\"og:type\" content=\"article\" \/>\n<meta property=\"og:title\" content=\"Media - IRLAB\" \/>\n<meta property=\"og:description\" content=\"SENASTE PRESSRELEASER FINANSIELL KALENDER KOMMANDE 23 FEBRUARI 2022 BOKSLUTSKOMMUNIK\u00c9 N\u00c4STKOMMANDE 4-8 APRIL, 2022 \u00c5RSREDOVISNING 11 MAJ 2022 \u00c5RSST\u00c4MMA PRESS BILDER NICOLAS WATER \/ CEO VICTOR SIEVERTZ \/ CFO JOAKIM TEDROFF \/\" \/>\n<meta property=\"og:url\" content=\"https:\/\/irlab.se\/sv\/nyhetsrum\/media\/\" \/>\n<meta property=\"og:site_name\" content=\"IRLAB\" \/>\n<meta property=\"article:modified_time\" content=\"2022-02-15T17:52:43+00:00\" \/>\n<meta property=\"og:image\" content=\"https:\/\/irlab.se\/wp-content\/uploads\/2022\/02\/Presentation_1720-1024x576.jpg\" \/>\n<meta name=\"twitter:card\" content=\"summary_large_image\" \/>\n<meta name=\"twitter:label1\" content=\"Ber\u00e4knad l\u00e4stid\" \/>\n\t<meta name=\"twitter:data1\" content=\"1 minut\" \/>\n<script type=\"application\/ld+json\" class=\"yoast-schema-graph\">{\"@context\":\"https:\/\/schema.org\",\"@graph\":[{\"@type\":\"WebPage\",\"@id\":\"https:\/\/irlab.se\/sv\/nyhetsrum\/media\/\",\"url\":\"https:\/\/irlab.se\/sv\/nyhetsrum\/media\/\",\"name\":\"Media - IRLAB\",\"isPartOf\":{\"@id\":\"https:\/\/irlab.se\/#website\"},\"primaryImageOfPage\":{\"@id\":\"https:\/\/irlab.se\/sv\/nyhetsrum\/media\/#primaryimage\"},\"image\":{\"@id\":\"https:\/\/irlab.se\/sv\/nyhetsrum\/media\/#primaryimage\"},\"thumbnailUrl\":\"https:\/\/irlab.se\/wp-content\/uploads\/2022\/02\/Presentation_1720-1024x576.jpg\",\"datePublished\":\"2022-02-10T15:12:21+00:00\",\"dateModified\":\"2022-02-15T17:52:43+00:00\",\"breadcrumb\":{\"@id\":\"https:\/\/irlab.se\/sv\/nyhetsrum\/media\/#breadcrumb\"},\"inLanguage\":\"sv-SE\",\"potentialAction\":[{\"@type\":\"ReadAction\",\"target\":[\"https:\/\/irlab.se\/sv\/nyhetsrum\/media\/\"]}]},{\"@type\":\"ImageObject\",\"inLanguage\":\"sv-SE\",\"@id\":\"https:\/\/irlab.se\/sv\/nyhetsrum\/media\/#primaryimage\",\"url\":\"https:\/\/irlab.se\/wp-content\/uploads\/2022\/02\/Presentation_1720-1024x576.jpg\",\"contentUrl\":\"https:\/\/irlab.se\/wp-content\/uploads\/2022\/02\/Presentation_1720-1024x576.jpg\"},{\"@type\":\"BreadcrumbList\",\"@id\":\"https:\/\/irlab.se\/sv\/nyhetsrum\/media\/#breadcrumb\",\"itemListElement\":[{\"@type\":\"ListItem\",\"position\":1,\"name\":\"Home\",\"item\":\"https:\/\/irlab.se\/sv\/\"},{\"@type\":\"ListItem\",\"position\":2,\"name\":\"Nyhetsrum\",\"item\":\"https:\/\/irlab.se\/sv\/nyhetsrum\/\"},{\"@type\":\"ListItem\",\"position\":3,\"name\":\"Media\"}]},{\"@type\":\"WebSite\",\"@id\":\"https:\/\/irlab.se\/#website\",\"url\":\"https:\/\/irlab.se\/\",\"name\":\"Irlab\",\"description\":\"Novel treatments for Parkinson&#039;s disease\",\"potentialAction\":[{\"@type\":\"SearchAction\",\"target\":{\"@type\":\"EntryPoint\",\"urlTemplate\":\"https:\/\/irlab.se\/?s={search_term_string}\"},\"query-input\":{\"@type\":\"PropertyValueSpecification\",\"valueRequired\":true,\"valueName\":\"search_term_string\"}}],\"inLanguage\":\"sv-SE\"}]}<\/script>\n<!-- \/ Yoast SEO plugin. -->","yoast_head_json":{"title":"Media - IRLAB","robots":{"index":"index","follow":"follow","max-snippet":"max-snippet:-1","max-image-preview":"max-image-preview:large","max-video-preview":"max-video-preview:-1"},"canonical":"https:\/\/irlab.se\/sv\/nyhetsrum\/media\/","og_locale":"sv_SE","og_type":"article","og_title":"Media - IRLAB","og_description":"SENASTE PRESSRELEASER FINANSIELL KALENDER KOMMANDE 23 FEBRUARI 2022 BOKSLUTSKOMMUNIK\u00c9 N\u00c4STKOMMANDE 4-8 APRIL, 2022 \u00c5RSREDOVISNING 11 MAJ 2022 \u00c5RSST\u00c4MMA PRESS BILDER NICOLAS WATER \/ CEO VICTOR SIEVERTZ \/ CFO JOAKIM TEDROFF \/","og_url":"https:\/\/irlab.se\/sv\/nyhetsrum\/media\/","og_site_name":"IRLAB","article_modified_time":"2022-02-15T17:52:43+00:00","og_image":[{"url":"https:\/\/irlab.se\/wp-content\/uploads\/2022\/02\/Presentation_1720-1024x576.jpg","type":"","width":"","height":""}],"twitter_card":"summary_large_image","twitter_misc":{"Ber\u00e4knad l\u00e4stid":"1 minut"},"schema":{"@context":"https:\/\/schema.org","@graph":[{"@type":"WebPage","@id":"https:\/\/irlab.se\/sv\/nyhetsrum\/media\/","url":"https:\/\/irlab.se\/sv\/nyhetsrum\/media\/","name":"Media - IRLAB","isPartOf":{"@id":"https:\/\/irlab.se\/#website"},"primaryImageOfPage":{"@id":"https:\/\/irlab.se\/sv\/nyhetsrum\/media\/#primaryimage"},"image":{"@id":"https:\/\/irlab.se\/sv\/nyhetsrum\/media\/#primaryimage"},"thumbnailUrl":"https:\/\/irlab.se\/wp-content\/uploads\/2022\/02\/Presentation_1720-1024x576.jpg","datePublished":"2022-02-10T15:12:21+00:00","dateModified":"2022-02-15T17:52:43+00:00","breadcrumb":{"@id":"https:\/\/irlab.se\/sv\/nyhetsrum\/media\/#breadcrumb"},"inLanguage":"sv-SE","potentialAction":[{"@type":"ReadAction","target":["https:\/\/irlab.se\/sv\/nyhetsrum\/media\/"]}]},{"@type":"ImageObject","inLanguage":"sv-SE","@id":"https:\/\/irlab.se\/sv\/nyhetsrum\/media\/#primaryimage","url":"https:\/\/irlab.se\/wp-content\/uploads\/2022\/02\/Presentation_1720-1024x576.jpg","contentUrl":"https:\/\/irlab.se\/wp-content\/uploads\/2022\/02\/Presentation_1720-1024x576.jpg"},{"@type":"BreadcrumbList","@id":"https:\/\/irlab.se\/sv\/nyhetsrum\/media\/#breadcrumb","itemListElement":[{"@type":"ListItem","position":1,"name":"Home","item":"https:\/\/irlab.se\/sv\/"},{"@type":"ListItem","position":2,"name":"Nyhetsrum","item":"https:\/\/irlab.se\/sv\/nyhetsrum\/"},{"@type":"ListItem","position":3,"name":"Media"}]},{"@type":"WebSite","@id":"https:\/\/irlab.se\/#website","url":"https:\/\/irlab.se\/","name":"Irlab","description":"Novel treatments for Parkinson&#039;s disease","potentialAction":[{"@type":"SearchAction","target":{"@type":"EntryPoint","urlTemplate":"https:\/\/irlab.se\/?s={search_term_string}"},"query-input":{"@type":"PropertyValueSpecification","valueRequired":true,"valueName":"search_term_string"}}],"inLanguage":"sv-SE"}]}},"_links":{"self":[{"href":"https:\/\/irlab.se\/sv\/wp-json\/wp\/v2\/pages\/7552","targetHints":{"allow":["GET"]}}],"collection":[{"href":"https:\/\/irlab.se\/sv\/wp-json\/wp\/v2\/pages"}],"about":[{"href":"https:\/\/irlab.se\/sv\/wp-json\/wp\/v2\/types\/page"}],"author":[{"embeddable":true,"href":"https:\/\/irlab.se\/sv\/wp-json\/wp\/v2\/users\/1"}],"replies":[{"embeddable":true,"href":"https:\/\/irlab.se\/sv\/wp-json\/wp\/v2\/comments?post=7552"}],"version-history":[{"count":7,"href":"https:\/\/irlab.se\/sv\/wp-json\/wp\/v2\/pages\/7552\/revisions"}],"predecessor-version":[{"id":7783,"href":"https:\/\/irlab.se\/sv\/wp-json\/wp\/v2\/pages\/7552\/revisions\/7783"}],"up":[{"embeddable":true,"href":"https:\/\/irlab.se\/sv\/wp-json\/wp\/v2\/pages\/585"}],"wp:attachment":[{"href":"https:\/\/irlab.se\/sv\/wp-json\/wp\/v2\/media?parent=7552"}],"curies":[{"name":"wp","href":"https:\/\/api.w.org\/{rel}","templated":true}]}}