{"id":712,"date":"2018-10-30T07:43:57","date_gmt":"2018-10-30T07:43:57","guid":{"rendered":"http:\/\/www.irlab.se\/634-2\/p003\/"},"modified":"2023-01-12T09:51:31","modified_gmt":"2023-01-12T08:51:31","slug":"upptacksfas","status":"publish","type":"page","link":"https:\/\/irlab.se\/sv\/projektportfolj\/upptacksfas\/","title":{"rendered":"Uppt\u00e4cktsfas"},"content":{"rendered":"\n<h1 class=\"wp-block-heading\" id=\"upptacktsfas\">Uppt\u00e4cktsfas<\/h1>\n\n\n\n<p class=\"is-style-intro-text-style\">Molekyler i uppt\u00e4cktsfasen utvecklas med forskningsplattformen ISP. M\u00e5let \u00e4r att identifiera molekyler som kan vidareutvecklas i preklinisk fas.<\/p>\n\n\n\n<h3 class=\"wp-block-heading\" id=\"p001\">P003<\/h3>\n\n\n\n<p>P003-projektet syftar till att uppt\u00e4cka och utveckla dopamin D1- och D2-receptoragonister som erbjuder en oral administrering endast en g\u00e5ng dagligen och som kombinerar b\u00e4ttre effekt p\u00e5 de klassiska motoriska symptomen vid Parkinson (tremor, stelhet och l\u00e5ngsamma r\u00f6relser) men \u00e4r fria fr\u00e5n de begr\u00e4nsningar som levodopa uppvisar (d.v.s. den korta verkningstiden och dyskinesier). Med hj\u00e4lp av b\u00e5de forskningsplattformen ISP och specialiserade prekliniska modeller f\u00f6r Parkinson, har ett antal substanser identifierats som \u00e4r oralt tillg\u00e4ngliga, potenta och som uppvisar effekt under l\u00e5ng tid utan att inducera dyskinesier under l\u00e5ngtidsbehandling. Dessa substanser skiljer sig tydligt fr\u00e5n de levodopabehandlingar som finns tillg\u00e4ngliga idag. <\/p>\n\n\n\n<p>IRL1117 \u00e4r den f\u00f6rsta l\u00e4kemedelskandidaten som \u00e4r nominerad f\u00f6r vidare klinisk utveckling fr\u00e5n P003-projektet. IRL1117 \u00e4r en oralt tillg\u00e4nglig och potent dopamin D1- och D2-receptoragonist som har visat snabbt tillslag och mer \u00e4n 10 timmar av bibeh\u00e5llen effekt i prekliniska studier. Ut\u00f6ver IRL1117 finns ett antal uppf\u00f6ljningssubstanser identifierade med differentiering relaterade till verkningstid och tid till maximal effekt.<\/p>\n","protected":false},"excerpt":{"rendered":"<p>Uppt\u00e4cktsfas Molekyler i uppt\u00e4cktsfasen utvecklas med forskningsplattformen ISP. M\u00e5let \u00e4r att identifiera molekyler som kan vidareutvecklas i preklinisk fas. P003 P003-projektet syftar till att uppt\u00e4cka och utveckla dopamin D1- och D2-receptoragonister som erbjuder en oral administrering endast en g\u00e5ng dagligen och som kombinerar b\u00e4ttre effekt p\u00e5 de klassiska motoriska symptomen vid Parkinson (tremor, stelhet och [&hellip;]<\/p>\n","protected":false},"author":1,"featured_media":0,"parent":634,"menu_order":0,"comment_status":"closed","ping_status":"closed","template":"","meta":{"_acf_changed":false,"footnotes":""},"class_list":["post-712","page","type-page","status-publish","hentry"],"acf":[],"yoast_head":"<!-- This site is optimized with the Yoast SEO plugin v26.7 - https:\/\/yoast.com\/wordpress\/plugins\/seo\/ -->\n<title>Uppt\u00e4cktsfas - IRLAB<\/title>\n<meta name=\"robots\" content=\"index, follow, max-snippet:-1, max-image-preview:large, max-video-preview:-1\" \/>\n<link rel=\"canonical\" href=\"https:\/\/irlab.se\/sv\/projektportfolj\/upptacksfas\/\" \/>\n<meta property=\"og:locale\" content=\"sv_SE\" \/>\n<meta property=\"og:type\" content=\"article\" \/>\n<meta property=\"og:title\" content=\"Uppt\u00e4cktsfas - IRLAB\" \/>\n<meta property=\"og:description\" content=\"Uppt\u00e4cktsfas Molekyler i uppt\u00e4cktsfasen utvecklas med forskningsplattformen ISP. M\u00e5let \u00e4r att identifiera molekyler som kan vidareutvecklas i preklinisk fas. P003 P003-projektet syftar till att uppt\u00e4cka och utveckla dopamin D1- och D2-receptoragonister som erbjuder en oral administrering endast en g\u00e5ng dagligen och som kombinerar b\u00e4ttre effekt p\u00e5 de klassiska motoriska symptomen vid Parkinson (tremor, stelhet och [&hellip;]\" \/>\n<meta property=\"og:url\" content=\"https:\/\/irlab.se\/sv\/projektportfolj\/upptacksfas\/\" \/>\n<meta property=\"og:site_name\" content=\"IRLAB\" \/>\n<meta property=\"article:modified_time\" content=\"2023-01-12T08:51:31+00:00\" \/>\n<meta name=\"twitter:card\" content=\"summary_large_image\" \/>\n<meta name=\"twitter:label1\" content=\"Ber\u00e4knad l\u00e4stid\" \/>\n\t<meta name=\"twitter:data1\" content=\"1 minut\" \/>\n<script type=\"application\/ld+json\" class=\"yoast-schema-graph\">{\"@context\":\"https:\/\/schema.org\",\"@graph\":[{\"@type\":\"WebPage\",\"@id\":\"https:\/\/irlab.se\/sv\/projektportfolj\/upptacksfas\/\",\"url\":\"https:\/\/irlab.se\/sv\/projektportfolj\/upptacksfas\/\",\"name\":\"Uppt\u00e4cktsfas - IRLAB\",\"isPartOf\":{\"@id\":\"https:\/\/irlab.se\/#website\"},\"datePublished\":\"2018-10-30T07:43:57+00:00\",\"dateModified\":\"2023-01-12T08:51:31+00:00\",\"breadcrumb\":{\"@id\":\"https:\/\/irlab.se\/sv\/projektportfolj\/upptacksfas\/#breadcrumb\"},\"inLanguage\":\"sv-SE\",\"potentialAction\":[{\"@type\":\"ReadAction\",\"target\":[\"https:\/\/irlab.se\/sv\/projektportfolj\/upptacksfas\/\"]}]},{\"@type\":\"BreadcrumbList\",\"@id\":\"https:\/\/irlab.se\/sv\/projektportfolj\/upptacksfas\/#breadcrumb\",\"itemListElement\":[{\"@type\":\"ListItem\",\"position\":1,\"name\":\"Home\",\"item\":\"https:\/\/irlab.se\/sv\/\"},{\"@type\":\"ListItem\",\"position\":2,\"name\":\"Projektportf\u00f6lj\",\"item\":\"https:\/\/irlab.se\/sv\/projektportfolj\/\"},{\"@type\":\"ListItem\",\"position\":3,\"name\":\"Uppt\u00e4cktsfas\"}]},{\"@type\":\"WebSite\",\"@id\":\"https:\/\/irlab.se\/#website\",\"url\":\"https:\/\/irlab.se\/\",\"name\":\"Irlab\",\"description\":\"Novel treatments for Parkinson&#039;s disease\",\"potentialAction\":[{\"@type\":\"SearchAction\",\"target\":{\"@type\":\"EntryPoint\",\"urlTemplate\":\"https:\/\/irlab.se\/?s={search_term_string}\"},\"query-input\":{\"@type\":\"PropertyValueSpecification\",\"valueRequired\":true,\"valueName\":\"search_term_string\"}}],\"inLanguage\":\"sv-SE\"}]}<\/script>\n<!-- \/ Yoast SEO plugin. -->","yoast_head_json":{"title":"Uppt\u00e4cktsfas - IRLAB","robots":{"index":"index","follow":"follow","max-snippet":"max-snippet:-1","max-image-preview":"max-image-preview:large","max-video-preview":"max-video-preview:-1"},"canonical":"https:\/\/irlab.se\/sv\/projektportfolj\/upptacksfas\/","og_locale":"sv_SE","og_type":"article","og_title":"Uppt\u00e4cktsfas - IRLAB","og_description":"Uppt\u00e4cktsfas Molekyler i uppt\u00e4cktsfasen utvecklas med forskningsplattformen ISP. M\u00e5let \u00e4r att identifiera molekyler som kan vidareutvecklas i preklinisk fas. P003 P003-projektet syftar till att uppt\u00e4cka och utveckla dopamin D1- och D2-receptoragonister som erbjuder en oral administrering endast en g\u00e5ng dagligen och som kombinerar b\u00e4ttre effekt p\u00e5 de klassiska motoriska symptomen vid Parkinson (tremor, stelhet och [&hellip;]","og_url":"https:\/\/irlab.se\/sv\/projektportfolj\/upptacksfas\/","og_site_name":"IRLAB","article_modified_time":"2023-01-12T08:51:31+00:00","twitter_card":"summary_large_image","twitter_misc":{"Ber\u00e4knad l\u00e4stid":"1 minut"},"schema":{"@context":"https:\/\/schema.org","@graph":[{"@type":"WebPage","@id":"https:\/\/irlab.se\/sv\/projektportfolj\/upptacksfas\/","url":"https:\/\/irlab.se\/sv\/projektportfolj\/upptacksfas\/","name":"Uppt\u00e4cktsfas - IRLAB","isPartOf":{"@id":"https:\/\/irlab.se\/#website"},"datePublished":"2018-10-30T07:43:57+00:00","dateModified":"2023-01-12T08:51:31+00:00","breadcrumb":{"@id":"https:\/\/irlab.se\/sv\/projektportfolj\/upptacksfas\/#breadcrumb"},"inLanguage":"sv-SE","potentialAction":[{"@type":"ReadAction","target":["https:\/\/irlab.se\/sv\/projektportfolj\/upptacksfas\/"]}]},{"@type":"BreadcrumbList","@id":"https:\/\/irlab.se\/sv\/projektportfolj\/upptacksfas\/#breadcrumb","itemListElement":[{"@type":"ListItem","position":1,"name":"Home","item":"https:\/\/irlab.se\/sv\/"},{"@type":"ListItem","position":2,"name":"Projektportf\u00f6lj","item":"https:\/\/irlab.se\/sv\/projektportfolj\/"},{"@type":"ListItem","position":3,"name":"Uppt\u00e4cktsfas"}]},{"@type":"WebSite","@id":"https:\/\/irlab.se\/#website","url":"https:\/\/irlab.se\/","name":"Irlab","description":"Novel treatments for Parkinson&#039;s disease","potentialAction":[{"@type":"SearchAction","target":{"@type":"EntryPoint","urlTemplate":"https:\/\/irlab.se\/?s={search_term_string}"},"query-input":{"@type":"PropertyValueSpecification","valueRequired":true,"valueName":"search_term_string"}}],"inLanguage":"sv-SE"}]}},"_links":{"self":[{"href":"https:\/\/irlab.se\/sv\/wp-json\/wp\/v2\/pages\/712","targetHints":{"allow":["GET"]}}],"collection":[{"href":"https:\/\/irlab.se\/sv\/wp-json\/wp\/v2\/pages"}],"about":[{"href":"https:\/\/irlab.se\/sv\/wp-json\/wp\/v2\/types\/page"}],"author":[{"embeddable":true,"href":"https:\/\/irlab.se\/sv\/wp-json\/wp\/v2\/users\/1"}],"replies":[{"embeddable":true,"href":"https:\/\/irlab.se\/sv\/wp-json\/wp\/v2\/comments?post=712"}],"version-history":[{"count":29,"href":"https:\/\/irlab.se\/sv\/wp-json\/wp\/v2\/pages\/712\/revisions"}],"predecessor-version":[{"id":10165,"href":"https:\/\/irlab.se\/sv\/wp-json\/wp\/v2\/pages\/712\/revisions\/10165"}],"up":[{"embeddable":true,"href":"https:\/\/irlab.se\/sv\/wp-json\/wp\/v2\/pages\/634"}],"wp:attachment":[{"href":"https:\/\/irlab.se\/sv\/wp-json\/wp\/v2\/media?parent=712"}],"curies":[{"name":"wp","href":"https:\/\/api.w.org\/{rel}","templated":true}]}}