{"id":709,"date":"2018-10-30T07:39:59","date_gmt":"2018-10-30T07:39:59","guid":{"rendered":"http:\/\/www.irlab.se\/634-2\/irl-790\/"},"modified":"2025-05-23T13:52:49","modified_gmt":"2025-05-23T11:52:49","slug":"irl-790","status":"publish","type":"page","link":"https:\/\/irlab.se\/sv\/projektportfolj\/irl-790\/","title":{"rendered":"Mesdopetam (IRL790)"},"content":{"rendered":"\n<h1 class=\"wp-block-heading\" id=\"mesdopetam-irl790\">Mesdopetam (IRL790)<\/h1>\n\n\n\n<p class=\"is-style-intro-text-style\"><strong>Mesdopetam (IRL790) \u00e4r en dopamin D3-receptor antagonist som utvecklas f\u00f6r att behandla levodopa-inducerande dyskinesier (LIDs), en allvarlig typ av besv\u00e4rande ofrivilliga \u00f6verr\u00f6relser som vanligen uppkommer vid Parkinsons sjukdom. Mesdopetam har dessutom potential i att behandla psykos vid Parkinson (PD-P).<\/strong><\/p>\n\n\n\n<p>Mesdopetam har en stor klinisk potential f\u00f6r de stora medicinska behov som finns inom neurologiomr\u00e5det. F\u00f6r det f\u00f6rsta \u00e4r l\u00e4kemedelskandidaten avsedd att behandla personer med Parkinson som utvecklar LIDs, vilket \u00e4r mer \u00e4n 30 procent av alla personer som lever med Parkinson. P\u00e5 de \u00e5tta st\u00f6rsta marknaderna i v\u00e4rlden motsvarar detta en miljon m\u00e4nniskor.<\/p>\n\n\n\n<p>Mesdopetam har ocks\u00e5 potential att behandla psykos vid Parkinson (PD-P) som uppst\u00e5r hos cirka 1,5 miljoner m\u00e4nniskor med Parkinson p\u00e5 de \u00e5tta st\u00f6rsta marknaderna i v\u00e4rlden.<\/p>\n\n\n\n<p>Efter en framg\u00e5ngsrik Fas Ib-studie har en avslutad Fas IIa-studie med 75 patienter visat mesdopetams \u00f6vertygande proof-of-concept med potential f\u00f6r att kunna f\u00f6rl\u00e4nga den dagliga tiden i ON-fas utan besv\u00e4rande dyskinesier i mycket st\u00f6rre utstr\u00e4ckning \u00e4n nuvarande behandlingsalternativ.<\/p>\n\n\n\n<p>En Fas IIb-studie med 125 patienter avslutades med top-line resultat rapporterade i januari 2023. Mesdopetam uppvisade signifikanta anti-dyskinetiska effekter enligt den omfattande m\u00e4tskalan UDysRS som m\u00e4ter ON-fas dyskinesier med b\u00e5de objektiv skattning av l\u00e4kare och sj\u00e4lvskattning av patienter. Mesdopetam uppvisade \u00e4ven en biverkans- och tolerabilitetsprofil i paritet med placebo.<\/p>\n\n\n\n<p>I b\u00f6rjan av 2024 h\u00f6lls ett framg\u00e5ngsrikt End-of-Phase 2-m\u00f6te med den amerikanska l\u00e4kemedelsmyndigheten FDA. Bolaget har \u00e4ven erh\u00e5llit vetenskaplig r\u00e5dgivning fr\u00e5n den europeiska l\u00e4kemedelsmyndigheten EMA (februari 2025). Myndigheterna anser att de studier och de data som genererats hittills \u00e4r adekvata f\u00f6r att f\u00f6ra programmet vidare in i Fas III.<\/p>\n\n\n\n<h3 class=\"wp-block-heading\"><strong>Om det rekommenderade INN, <\/strong><em><strong>mesdopetam<\/strong><\/em><\/h3>\n\n\n\n<p>Sedan b\u00f6rjan av 2020 g\u00e5r IRL790 under sitt INN (International Nonproprietary Name), mesdopetam. V\u00e4rldsh\u00e4lsoorganisationen (WHO) drog slutsatsen att IRL790 \u00e4r helt unik i sin verkningsmekanism och tilldelade d\u00e4rf\u00f6r IRL790 ett INN-namn som kan komma att markera en ny substansklass i det befintliga klassificeringssystemet f\u00f6r l\u00e4kemedelssubstanser. INN-namnet kommer att tj\u00e4na till att identifiera den aktiva l\u00e4kemedelssubstansen mesdopetam under hela dess livstid, i hela v\u00e4rlden.<\/p>\n\n\n\n<h3 class=\"wp-block-heading\"><strong>Starkt globalt IP-skydd<\/strong><\/h3>\n\n\n\n<p><strong>Exklusivitet baserat p\u00e5 patent<\/strong><\/p>\n\n\n\n<p>Mesdopetam skyddas av en familj av beviljade substanspatent (composition of matter) p\u00e5 alla st\u00f6rre marknader v\u00e4rlden \u00f6ver. F\u00f6rutsatt att regulatoriska krav uppfylls, och eventuella tilldelningar av till\u00e4ggsskydd (SPC) eller f\u00f6rl\u00e4ngning av patenttiden (PTE), kan exklusiviteten f\u00f6r mesdopetam f\u00f6rl\u00e4ngas l\u00e5ngt in p\u00e5 2040-talet p\u00e5 alla st\u00f6rre marknader.*<\/p>\n\n\n\n<p><strong>Exklusivitet baserat p\u00e5 regulatoriskt skydd f\u00f6r data<\/strong><\/p>\n\n\n\n<p>Oberoende av de exklusivitetsperioder som baseras p\u00e5 patent kommer mesdopetam ocks\u00e5 att \u00e5tnjuta sedvanlig marknadsexklusivitet, i tio \u00e5r fr\u00e5n marknadsgodk\u00e4nnande i Europa och fem \u00e5r fr\u00e5n marknadsgodk\u00e4nnande i USA, baserat p\u00e5 regulatorisk dataexklusivitet som en ny kemisk enhet (NCE).<\/p>\n\n\n\n<p><\/p>\n\n\n\n<p>* Ett l\u00e4kemedel kan endast beviljas SPC\/PTE-f\u00f6rl\u00e4ngning f\u00f6r ett patent.<\/p>\n\n\n\n<div style=\"height:30px\" aria-hidden=\"true\" class=\"wp-block-spacer\"><\/div>\n\n\n\n<hr class=\"wp-block-separator has-alpha-channel-opacity\"\/>\n\n\n\n<div style=\"height:30px\" aria-hidden=\"true\" class=\"wp-block-spacer\"><\/div>\n\n\n\n<div class=\"wp-block-columns is-layout-flex wp-container-core-columns-is-layout-9d6595d7 wp-block-columns-is-layout-flex\">\n<div class=\"wp-block-column is-layout-flow wp-block-column-is-layout-flow\">\n<h2 class=\"wp-block-heading\">Fas IIb-studien<\/h2>\n\n\n\n<p>L\u00e4s top-line resultaten fr\u00e5n Fas IIb-studien&nbsp;i personer med Parkinsons sjukdom med besv\u00e4rande dyskinesier orsakade av deras levodopabehandling (PD-LIDs).<\/p>\n\n\n\n<div class=\"wp-block-buttons is-layout-flex wp-block-buttons-is-layout-flex\">\n<div class=\"wp-block-button\"><a class=\"wp-block-button__link has-green-background-color has-background has-small-font-size has-custom-font-size wp-element-button\" href=\"https:\/\/irlab.se\/sv\/mfn_news\/irlab-rapporterar-top-line-resultat-fran-fas-iib-studien-med-mesdopetam-irl790-i-parkinsons-sjukdom\/\">Mer info<\/a><\/div>\n<\/div>\n<\/div>\n\n\n\n<div class=\"wp-block-column is-layout-flow wp-block-column-is-layout-flow\">\n<h2 class=\"wp-block-heading\">V\u00e5r portf\u00f6lj<\/h2>\n\n\n\n<p>Forskning och utveckling av l\u00e4kemedel f\u00f6r att kunna f\u00f6rb\u00e4ttra livet f\u00f6r personer som lever med Parkinsons sjukdom.<\/p>\n\n\n\n<div class=\"wp-block-buttons is-layout-flex wp-block-buttons-is-layout-flex\">\n<div class=\"wp-block-button\"><a class=\"wp-block-button__link has-green-background-color has-background has-small-font-size has-custom-font-size wp-element-button\" href=\"https:\/\/irlab.se\/sv\/projektportfolj\/\">Mer info<\/a><\/div>\n<\/div>\n<\/div>\n<\/div>\n","protected":false},"excerpt":{"rendered":"<p>Mesdopetam (IRL790) Mesdopetam (IRL790) \u00e4r en dopamin D3-receptor antagonist som utvecklas f\u00f6r att behandla levodopa-inducerande dyskinesier (LIDs), en allvarlig typ av besv\u00e4rande ofrivilliga \u00f6verr\u00f6relser som vanligen uppkommer vid Parkinsons sjukdom. Mesdopetam har dessutom potential i att behandla psykos vid Parkinson (PD-P). Mesdopetam har en stor klinisk potential f\u00f6r de stora medicinska behov som finns inom [&hellip;]<\/p>\n","protected":false},"author":1,"featured_media":0,"parent":634,"menu_order":0,"comment_status":"closed","ping_status":"closed","template":"","meta":{"_acf_changed":false,"footnotes":""},"class_list":["post-709","page","type-page","status-publish","hentry"],"acf":[],"yoast_head":"<!-- This site is optimized with the Yoast SEO plugin v26.7 - https:\/\/yoast.com\/wordpress\/plugins\/seo\/ -->\n<title>Mesdopetam (IRL790) - IRLAB<\/title>\n<meta name=\"robots\" content=\"index, follow, max-snippet:-1, max-image-preview:large, max-video-preview:-1\" \/>\n<link rel=\"canonical\" href=\"https:\/\/irlab.se\/sv\/projektportfolj\/irl-790\/\" \/>\n<meta property=\"og:locale\" content=\"sv_SE\" \/>\n<meta property=\"og:type\" content=\"article\" \/>\n<meta property=\"og:title\" content=\"Mesdopetam (IRL790) - IRLAB\" \/>\n<meta property=\"og:description\" content=\"Mesdopetam (IRL790) Mesdopetam (IRL790) \u00e4r en dopamin D3-receptor antagonist som utvecklas f\u00f6r att behandla levodopa-inducerande dyskinesier (LIDs), en allvarlig typ av besv\u00e4rande ofrivilliga \u00f6verr\u00f6relser som vanligen uppkommer vid Parkinsons sjukdom. Mesdopetam har dessutom potential i att behandla psykos vid Parkinson (PD-P). Mesdopetam har en stor klinisk potential f\u00f6r de stora medicinska behov som finns inom [&hellip;]\" \/>\n<meta property=\"og:url\" content=\"https:\/\/irlab.se\/sv\/projektportfolj\/irl-790\/\" \/>\n<meta property=\"og:site_name\" content=\"IRLAB\" \/>\n<meta property=\"article:modified_time\" content=\"2025-05-23T11:52:49+00:00\" \/>\n<meta name=\"twitter:card\" content=\"summary_large_image\" \/>\n<meta name=\"twitter:label1\" content=\"Ber\u00e4knad l\u00e4stid\" \/>\n\t<meta name=\"twitter:data1\" content=\"3 minuter\" \/>\n<script type=\"application\/ld+json\" class=\"yoast-schema-graph\">{\"@context\":\"https:\/\/schema.org\",\"@graph\":[{\"@type\":\"WebPage\",\"@id\":\"https:\/\/irlab.se\/sv\/projektportfolj\/irl-790\/\",\"url\":\"https:\/\/irlab.se\/sv\/projektportfolj\/irl-790\/\",\"name\":\"Mesdopetam (IRL790) - IRLAB\",\"isPartOf\":{\"@id\":\"https:\/\/irlab.se\/#website\"},\"datePublished\":\"2018-10-30T07:39:59+00:00\",\"dateModified\":\"2025-05-23T11:52:49+00:00\",\"breadcrumb\":{\"@id\":\"https:\/\/irlab.se\/sv\/projektportfolj\/irl-790\/#breadcrumb\"},\"inLanguage\":\"sv-SE\",\"potentialAction\":[{\"@type\":\"ReadAction\",\"target\":[\"https:\/\/irlab.se\/sv\/projektportfolj\/irl-790\/\"]}]},{\"@type\":\"BreadcrumbList\",\"@id\":\"https:\/\/irlab.se\/sv\/projektportfolj\/irl-790\/#breadcrumb\",\"itemListElement\":[{\"@type\":\"ListItem\",\"position\":1,\"name\":\"Home\",\"item\":\"https:\/\/irlab.se\/sv\/\"},{\"@type\":\"ListItem\",\"position\":2,\"name\":\"Projektportf\u00f6lj\",\"item\":\"https:\/\/irlab.se\/sv\/projektportfolj\/\"},{\"@type\":\"ListItem\",\"position\":3,\"name\":\"Mesdopetam (IRL790)\"}]},{\"@type\":\"WebSite\",\"@id\":\"https:\/\/irlab.se\/#website\",\"url\":\"https:\/\/irlab.se\/\",\"name\":\"Irlab\",\"description\":\"Novel treatments for Parkinson&#039;s disease\",\"potentialAction\":[{\"@type\":\"SearchAction\",\"target\":{\"@type\":\"EntryPoint\",\"urlTemplate\":\"https:\/\/irlab.se\/?s={search_term_string}\"},\"query-input\":{\"@type\":\"PropertyValueSpecification\",\"valueRequired\":true,\"valueName\":\"search_term_string\"}}],\"inLanguage\":\"sv-SE\"}]}<\/script>\n<!-- \/ Yoast SEO plugin. -->","yoast_head_json":{"title":"Mesdopetam (IRL790) - IRLAB","robots":{"index":"index","follow":"follow","max-snippet":"max-snippet:-1","max-image-preview":"max-image-preview:large","max-video-preview":"max-video-preview:-1"},"canonical":"https:\/\/irlab.se\/sv\/projektportfolj\/irl-790\/","og_locale":"sv_SE","og_type":"article","og_title":"Mesdopetam (IRL790) - IRLAB","og_description":"Mesdopetam (IRL790) Mesdopetam (IRL790) \u00e4r en dopamin D3-receptor antagonist som utvecklas f\u00f6r att behandla levodopa-inducerande dyskinesier (LIDs), en allvarlig typ av besv\u00e4rande ofrivilliga \u00f6verr\u00f6relser som vanligen uppkommer vid Parkinsons sjukdom. Mesdopetam har dessutom potential i att behandla psykos vid Parkinson (PD-P). Mesdopetam har en stor klinisk potential f\u00f6r de stora medicinska behov som finns inom [&hellip;]","og_url":"https:\/\/irlab.se\/sv\/projektportfolj\/irl-790\/","og_site_name":"IRLAB","article_modified_time":"2025-05-23T11:52:49+00:00","twitter_card":"summary_large_image","twitter_misc":{"Ber\u00e4knad l\u00e4stid":"3 minuter"},"schema":{"@context":"https:\/\/schema.org","@graph":[{"@type":"WebPage","@id":"https:\/\/irlab.se\/sv\/projektportfolj\/irl-790\/","url":"https:\/\/irlab.se\/sv\/projektportfolj\/irl-790\/","name":"Mesdopetam (IRL790) - IRLAB","isPartOf":{"@id":"https:\/\/irlab.se\/#website"},"datePublished":"2018-10-30T07:39:59+00:00","dateModified":"2025-05-23T11:52:49+00:00","breadcrumb":{"@id":"https:\/\/irlab.se\/sv\/projektportfolj\/irl-790\/#breadcrumb"},"inLanguage":"sv-SE","potentialAction":[{"@type":"ReadAction","target":["https:\/\/irlab.se\/sv\/projektportfolj\/irl-790\/"]}]},{"@type":"BreadcrumbList","@id":"https:\/\/irlab.se\/sv\/projektportfolj\/irl-790\/#breadcrumb","itemListElement":[{"@type":"ListItem","position":1,"name":"Home","item":"https:\/\/irlab.se\/sv\/"},{"@type":"ListItem","position":2,"name":"Projektportf\u00f6lj","item":"https:\/\/irlab.se\/sv\/projektportfolj\/"},{"@type":"ListItem","position":3,"name":"Mesdopetam (IRL790)"}]},{"@type":"WebSite","@id":"https:\/\/irlab.se\/#website","url":"https:\/\/irlab.se\/","name":"Irlab","description":"Novel treatments for Parkinson&#039;s disease","potentialAction":[{"@type":"SearchAction","target":{"@type":"EntryPoint","urlTemplate":"https:\/\/irlab.se\/?s={search_term_string}"},"query-input":{"@type":"PropertyValueSpecification","valueRequired":true,"valueName":"search_term_string"}}],"inLanguage":"sv-SE"}]}},"_links":{"self":[{"href":"https:\/\/irlab.se\/sv\/wp-json\/wp\/v2\/pages\/709","targetHints":{"allow":["GET"]}}],"collection":[{"href":"https:\/\/irlab.se\/sv\/wp-json\/wp\/v2\/pages"}],"about":[{"href":"https:\/\/irlab.se\/sv\/wp-json\/wp\/v2\/types\/page"}],"author":[{"embeddable":true,"href":"https:\/\/irlab.se\/sv\/wp-json\/wp\/v2\/users\/1"}],"replies":[{"embeddable":true,"href":"https:\/\/irlab.se\/sv\/wp-json\/wp\/v2\/comments?post=709"}],"version-history":[{"count":55,"href":"https:\/\/irlab.se\/sv\/wp-json\/wp\/v2\/pages\/709\/revisions"}],"predecessor-version":[{"id":12066,"href":"https:\/\/irlab.se\/sv\/wp-json\/wp\/v2\/pages\/709\/revisions\/12066"}],"up":[{"embeddable":true,"href":"https:\/\/irlab.se\/sv\/wp-json\/wp\/v2\/pages\/634"}],"wp:attachment":[{"href":"https:\/\/irlab.se\/sv\/wp-json\/wp\/v2\/media?parent=709"}],"curies":[{"name":"wp","href":"https:\/\/api.w.org\/{rel}","templated":true}]}}