{"id":634,"date":"2018-11-11T18:38:22","date_gmt":"2018-11-11T18:38:22","guid":{"rendered":"http:\/\/www.irlab.se\/?page_id=634"},"modified":"2024-10-03T12:41:54","modified_gmt":"2024-10-03T10:41:54","slug":"projektportfolj","status":"publish","type":"page","link":"https:\/\/irlab.se\/sv\/projektportfolj\/","title":{"rendered":"Projektportf\u00f6lj"},"content":{"rendered":"\n<h1 class=\"wp-block-heading\" id=\"projektportfolj\">Projektportf\u00f6lj<\/h1>\n\n\n\n<p class=\"is-style-intro-text-style\">Projektportf\u00f6ljen \u00e4r skapad med hj\u00e4lp av bolagets forskningsplattform ISP och har resulterat i ett v\u00e4xande antal utvalda l\u00e4kemedelskandidater under utveckling.<\/p>\n\n\n<div class=\"project-portfolio-table\">\n            <div class=\"project-portfolio-table__repeater\">\n            <div class=\"project-portfolio-table__inner\">\n                <div class=\"col\">\n                    <span><\/span>\n                <\/div>\n                <div class=\"col\">\n                    <span>Discovery<\/span>\n                <\/div>\n                <div class=\"col\">\n                    <span>Pre clinical<\/span>\n                <\/div>\n                <div class=\"col\">\n                    <span>Phase I<\/span>\n                <\/div>\n                <div class=\"col\">\n                    <span>Phase IIA<\/span>\n                <\/div>\n                <div class=\"col\">\n                    <span>Phase IIB<\/span>\n                <\/div>\n                <div class=\"col\">\n                    <span>Phase III<\/span>\n                <\/div>\n            <\/div>\n            <div class=\"project-portfolio-table__row-wrapper\">\n                             <style>\n                    .project-portfolio-table__row.animate .portfolio-progress-bar #bar-0 {\n                        animation: 2.5s load .0s normal forwards;\n                    }\n                    .project-portfolio-table__row.animate #text-0 {\n                        animation: 1s bounceIn .0s normal forwards;\n                    }\n                <\/style>\n                <div class=\"project-portfolio-table__row\">\n                   \n                    <div class=\"col\">\n                        <div class=\"text-animated\" id=\"text-0\">\n                            Parkinsons sjukdom &#8211;<br \/>\r\nlevodopa-inducerade dyskinesier (LIDs)                        <\/div>\n                    <\/div>\n                    <div class=\"col\">\n                        <div class=\"portfolio-progress-bar \" style=\"width: 85%;\">\n                            <a href=\"https:\/\/irlab.se\/sv\/projektportfolj\/irl-790\/\" target=\"\" class=\"bar\" id=\"bar-0\">\n                                <span>\n                                    Mesdopetam (IRL790)                                <\/span>\n                                <span>\n                                    D3-antagonist                                <\/span>\n                                <div class=\"mobile-phase\">Fas III &#8211; redo<\/div>\n                            <\/a>\n                        <\/div>\n                    <\/div>\n                <\/div>\n                             <style>\n                    .project-portfolio-table__row.animate .portfolio-progress-bar #bar-10 {\n                        animation: 2.5s load .100s normal forwards;\n                    }\n                    .project-portfolio-table__row.animate #text-10 {\n                        animation: 1s bounceIn .100s normal forwards;\n                    }\n                <\/style>\n                <div class=\"project-portfolio-table__row\">\n                   \n                    <div class=\"col\">\n                        <div class=\"text-animated\" id=\"text-10\">\n                            Parkinsons sjukdom &#8211;  <br \/>\r\nPsykos                        <\/div>\n                    <\/div>\n                    <div class=\"col\">\n                        <div class=\"portfolio-progress-bar \" style=\"width: 52%;\">\n                            <a href=\"https:\/\/irlab.se\/sv\/projektportfolj\/irl-790\/\" target=\"\" class=\"bar\" id=\"bar-10\">\n                                <span>\n                                    Mesdopetam (IRL790)                                <\/span>\n                                <span>\n                                    D3- antagonist                                <\/span>\n                                <div class=\"mobile-phase\">Fas II &#8211; redo<\/div>\n                            <\/a>\n                        <\/div>\n                    <\/div>\n                <\/div>\n                             <style>\n                    .project-portfolio-table__row.animate .portfolio-progress-bar #bar-20 {\n                        animation: 2.5s load .200s normal forwards;\n                    }\n                    .project-portfolio-table__row.animate #text-20 {\n                        animation: 1s bounceIn .200s normal forwards;\n                    }\n                <\/style>\n                <div class=\"project-portfolio-table__row\">\n                   \n                    <div class=\"col\">\n                        <div class=\"text-animated\" id=\"text-20\">\n                            Parkinsons sjukdom &#8211; Fall                        <\/div>\n                    <\/div>\n                    <div class=\"col\">\n                        <div class=\"portfolio-progress-bar \" style=\"width: 80%;\">\n                            <a href=\"https:\/\/irlab.se\/sv\/projektportfolj\/irl-752\/\" target=\"\" class=\"bar\" id=\"bar-20\">\n                                <span>\n                                    Pirepemat (IRL752)                                <\/span>\n                                <span>\n                                    PFC-f\u00f6rst\u00e4rkare                                <\/span>\n                                <div class=\"mobile-phase\">Fas IIB<\/div>\n                            <\/a>\n                        <\/div>\n                    <\/div>\n                <\/div>\n                             <style>\n                    .project-portfolio-table__row.animate .portfolio-progress-bar #bar-30 {\n                        animation: 2.5s load .300s normal forwards;\n                    }\n                    .project-portfolio-table__row.animate #text-30 {\n                        animation: 1s bounceIn .300s normal forwards;\n                    }\n                <\/style>\n                <div class=\"project-portfolio-table__row\">\n                   \n                    <div class=\"col\">\n                        <div class=\"text-animated\" id=\"text-30\">\n                            Parkinsons sjukdom &#8211; Demens                        <\/div>\n                    <\/div>\n                    <div class=\"col\">\n                        <div class=\"portfolio-progress-bar \" style=\"width: 69%;\">\n                            <a href=\"https:\/\/irlab.se\/sv\/projektportfolj\/irl-752\/\" target=\"\" class=\"bar\" id=\"bar-30\">\n                                <span>\n                                    Pirepemat (IRL752)                                <\/span>\n                                <span>\n                                    PFC-f\u00f6rst\u00e4rkare                                <\/span>\n                                <div class=\"mobile-phase\">Fas IIA<\/div>\n                            <\/a>\n                        <\/div>\n                    <\/div>\n                <\/div>\n                             <style>\n                    .project-portfolio-table__row.animate .portfolio-progress-bar #bar-40 {\n                        animation: 2.5s load .400s normal forwards;\n                    }\n                    .project-portfolio-table__row.animate #text-40 {\n                        animation: 1s bounceIn .400s normal forwards;\n                    }\n                <\/style>\n                <div class=\"project-portfolio-table__row\">\n                   \n                    <div class=\"col\">\n                        <div class=\"text-animated\" id=\"text-40\">\n                            Neurologi \u2013 Apati<br \/>\r\n<br \/>\r\n<i>I samarbete med The Michael J. Fox Foundation och MSRD\/Otsuka<\/i>                        <\/div>\n                    <\/div>\n                    <div class=\"col\">\n                        <div class=\"portfolio-progress-bar \" style=\"width: 45%;\">\n                            <a href=\"https:\/\/irlab.se\/sv\/projektportfolj\/irl757\/\" target=\"\" class=\"bar\" id=\"bar-40\">\n                                <span>\n                                    IRL757                                <\/span>\n                                <span>\n                                                                    <\/span>\n                                <div class=\"mobile-phase\">Fas I<\/div>\n                            <\/a>\n                        <\/div>\n                    <\/div>\n                <\/div>\n                             <style>\n                    .project-portfolio-table__row.animate .portfolio-progress-bar #bar-50 {\n                        animation: 2.5s load .500s normal forwards;\n                    }\n                    .project-portfolio-table__row.animate #text-50 {\n                        animation: 1s bounceIn .500s normal forwards;\n                    }\n                <\/style>\n                <div class=\"project-portfolio-table__row\">\n                   \n                    <div class=\"col\">\n                        <div class=\"text-animated\" id=\"text-50\">\n                            Neurologi &#8211; Kognitiv funktion                        <\/div>\n                    <\/div>\n                    <div class=\"col\">\n                        <div class=\"portfolio-progress-bar \" style=\"width: 30%;\">\n                            <a href=\"https:\/\/irlab.se\/sv\/projektportfolj\/irl942\/\" target=\"\" class=\"bar\" id=\"bar-50\">\n                                <span>\n                                    IRL942                                <\/span>\n                                <span>\n                                                                    <\/span>\n                                <div class=\"mobile-phase\">Preklinisk fas<\/div>\n                            <\/a>\n                        <\/div>\n                    <\/div>\n                <\/div>\n                             <style>\n                    .project-portfolio-table__row.animate .portfolio-progress-bar #bar-60 {\n                        animation: 2.5s load .600s normal forwards;\n                    }\n                    .project-portfolio-table__row.animate #text-60 {\n                        animation: 1s bounceIn .600s normal forwards;\n                    }\n                <\/style>\n                <div class=\"project-portfolio-table__row\">\n                   \n                    <div class=\"col\">\n                        <div class=\"text-animated\" id=\"text-60\">\n                            Parkinsons sjukdom                        <\/div>\n                    <\/div>\n                    <div class=\"col\">\n                        <div class=\"portfolio-progress-bar \" style=\"width: 30%;\">\n                            <a href=\"https:\/\/irlab.se\/sv\/projektportfolj\/irl1117\/\" target=\"\" class=\"bar\" id=\"bar-60\">\n                                <span>\n                                    IRL1117                                <\/span>\n                                <span>\n                                                                    <\/span>\n                                <div class=\"mobile-phase\">Preklinisk fas<\/div>\n                            <\/a>\n                        <\/div>\n                    <\/div>\n                <\/div>\n                        <\/div>\n        <\/div>\n    <\/div>\n","protected":false},"excerpt":{"rendered":"<p>Projektportf\u00f6lj Projektportf\u00f6ljen \u00e4r skapad med hj\u00e4lp av bolagets forskningsplattform ISP och har resulterat i ett v\u00e4xande antal utvalda l\u00e4kemedelskandidater under utveckling.<\/p>\n","protected":false},"author":1,"featured_media":0,"parent":0,"menu_order":0,"comment_status":"closed","ping_status":"closed","template":"","meta":{"_acf_changed":false,"footnotes":""},"class_list":["post-634","page","type-page","status-publish","hentry"],"acf":[],"yoast_head":"<!-- This site is optimized with the Yoast SEO plugin v26.7 - https:\/\/yoast.com\/wordpress\/plugins\/seo\/ -->\n<title>Projektportf\u00f6lj - IRLAB<\/title>\n<meta name=\"robots\" content=\"index, follow, max-snippet:-1, max-image-preview:large, max-video-preview:-1\" \/>\n<link rel=\"canonical\" href=\"https:\/\/irlab.se\/sv\/projektportfolj\/\" \/>\n<meta property=\"og:locale\" content=\"sv_SE\" \/>\n<meta property=\"og:type\" content=\"article\" \/>\n<meta property=\"og:title\" content=\"Projektportf\u00f6lj - IRLAB\" \/>\n<meta property=\"og:description\" content=\"Projektportf\u00f6lj Projektportf\u00f6ljen \u00e4r skapad med hj\u00e4lp av bolagets forskningsplattform ISP och har resulterat i ett v\u00e4xande antal utvalda l\u00e4kemedelskandidater under utveckling.\" \/>\n<meta property=\"og:url\" content=\"https:\/\/irlab.se\/sv\/projektportfolj\/\" \/>\n<meta property=\"og:site_name\" content=\"IRLAB\" \/>\n<meta property=\"article:modified_time\" content=\"2024-10-03T10:41:54+00:00\" \/>\n<meta name=\"twitter:card\" content=\"summary_large_image\" \/>\n<meta name=\"twitter:label1\" content=\"Ber\u00e4knad l\u00e4stid\" \/>\n\t<meta name=\"twitter:data1\" content=\"1 minut\" \/>\n<script type=\"application\/ld+json\" class=\"yoast-schema-graph\">{\"@context\":\"https:\/\/schema.org\",\"@graph\":[{\"@type\":\"WebPage\",\"@id\":\"https:\/\/irlab.se\/sv\/projektportfolj\/\",\"url\":\"https:\/\/irlab.se\/sv\/projektportfolj\/\",\"name\":\"Projektportf\u00f6lj - IRLAB\",\"isPartOf\":{\"@id\":\"https:\/\/irlab.se\/#website\"},\"datePublished\":\"2018-11-11T18:38:22+00:00\",\"dateModified\":\"2024-10-03T10:41:54+00:00\",\"breadcrumb\":{\"@id\":\"https:\/\/irlab.se\/sv\/projektportfolj\/#breadcrumb\"},\"inLanguage\":\"sv-SE\",\"potentialAction\":[{\"@type\":\"ReadAction\",\"target\":[\"https:\/\/irlab.se\/sv\/projektportfolj\/\"]}]},{\"@type\":\"BreadcrumbList\",\"@id\":\"https:\/\/irlab.se\/sv\/projektportfolj\/#breadcrumb\",\"itemListElement\":[{\"@type\":\"ListItem\",\"position\":1,\"name\":\"Home\",\"item\":\"https:\/\/irlab.se\/sv\/\"},{\"@type\":\"ListItem\",\"position\":2,\"name\":\"Projektportf\u00f6lj\"}]},{\"@type\":\"WebSite\",\"@id\":\"https:\/\/irlab.se\/#website\",\"url\":\"https:\/\/irlab.se\/\",\"name\":\"Irlab\",\"description\":\"Novel treatments for Parkinson&#039;s disease\",\"potentialAction\":[{\"@type\":\"SearchAction\",\"target\":{\"@type\":\"EntryPoint\",\"urlTemplate\":\"https:\/\/irlab.se\/?s={search_term_string}\"},\"query-input\":{\"@type\":\"PropertyValueSpecification\",\"valueRequired\":true,\"valueName\":\"search_term_string\"}}],\"inLanguage\":\"sv-SE\"}]}<\/script>\n<!-- \/ Yoast SEO plugin. -->","yoast_head_json":{"title":"Projektportf\u00f6lj - IRLAB","robots":{"index":"index","follow":"follow","max-snippet":"max-snippet:-1","max-image-preview":"max-image-preview:large","max-video-preview":"max-video-preview:-1"},"canonical":"https:\/\/irlab.se\/sv\/projektportfolj\/","og_locale":"sv_SE","og_type":"article","og_title":"Projektportf\u00f6lj - IRLAB","og_description":"Projektportf\u00f6lj Projektportf\u00f6ljen \u00e4r skapad med hj\u00e4lp av bolagets forskningsplattform ISP och har resulterat i ett v\u00e4xande antal utvalda l\u00e4kemedelskandidater under utveckling.","og_url":"https:\/\/irlab.se\/sv\/projektportfolj\/","og_site_name":"IRLAB","article_modified_time":"2024-10-03T10:41:54+00:00","twitter_card":"summary_large_image","twitter_misc":{"Ber\u00e4knad l\u00e4stid":"1 minut"},"schema":{"@context":"https:\/\/schema.org","@graph":[{"@type":"WebPage","@id":"https:\/\/irlab.se\/sv\/projektportfolj\/","url":"https:\/\/irlab.se\/sv\/projektportfolj\/","name":"Projektportf\u00f6lj - IRLAB","isPartOf":{"@id":"https:\/\/irlab.se\/#website"},"datePublished":"2018-11-11T18:38:22+00:00","dateModified":"2024-10-03T10:41:54+00:00","breadcrumb":{"@id":"https:\/\/irlab.se\/sv\/projektportfolj\/#breadcrumb"},"inLanguage":"sv-SE","potentialAction":[{"@type":"ReadAction","target":["https:\/\/irlab.se\/sv\/projektportfolj\/"]}]},{"@type":"BreadcrumbList","@id":"https:\/\/irlab.se\/sv\/projektportfolj\/#breadcrumb","itemListElement":[{"@type":"ListItem","position":1,"name":"Home","item":"https:\/\/irlab.se\/sv\/"},{"@type":"ListItem","position":2,"name":"Projektportf\u00f6lj"}]},{"@type":"WebSite","@id":"https:\/\/irlab.se\/#website","url":"https:\/\/irlab.se\/","name":"Irlab","description":"Novel treatments for Parkinson&#039;s disease","potentialAction":[{"@type":"SearchAction","target":{"@type":"EntryPoint","urlTemplate":"https:\/\/irlab.se\/?s={search_term_string}"},"query-input":{"@type":"PropertyValueSpecification","valueRequired":true,"valueName":"search_term_string"}}],"inLanguage":"sv-SE"}]}},"_links":{"self":[{"href":"https:\/\/irlab.se\/sv\/wp-json\/wp\/v2\/pages\/634","targetHints":{"allow":["GET"]}}],"collection":[{"href":"https:\/\/irlab.se\/sv\/wp-json\/wp\/v2\/pages"}],"about":[{"href":"https:\/\/irlab.se\/sv\/wp-json\/wp\/v2\/types\/page"}],"author":[{"embeddable":true,"href":"https:\/\/irlab.se\/sv\/wp-json\/wp\/v2\/users\/1"}],"replies":[{"embeddable":true,"href":"https:\/\/irlab.se\/sv\/wp-json\/wp\/v2\/comments?post=634"}],"version-history":[{"count":88,"href":"https:\/\/irlab.se\/sv\/wp-json\/wp\/v2\/pages\/634\/revisions"}],"predecessor-version":[{"id":11695,"href":"https:\/\/irlab.se\/sv\/wp-json\/wp\/v2\/pages\/634\/revisions\/11695"}],"wp:attachment":[{"href":"https:\/\/irlab.se\/sv\/wp-json\/wp\/v2\/media?parent=634"}],"curies":[{"name":"wp","href":"https:\/\/api.w.org\/{rel}","templated":true}]}}