{"id":617,"date":"2018-11-11T17:58:16","date_gmt":"2018-11-11T17:58:16","guid":{"rendered":"http:\/\/www.irlab.se\/?page_id=617"},"modified":"2023-09-05T10:42:44","modified_gmt":"2023-09-05T08:42:44","slug":"agare","status":"publish","type":"page","link":"https:\/\/irlab.se\/sv\/investerare\/aktien\/agare\/","title":{"rendered":"\u00c4gare"},"content":{"rendered":"\n<h2 class=\"wp-block-heading\" id=\"agare\">\u00c4gare<\/h2>\n\n\n\n    <script>\n        (function(widgets) {\n            var url = \"https:\/\/widget.datablocks.se\/api\/rose\";\n            if (!window._MF) {\n                var b = document.createElement(\"script\");\n                b.type = \"text\/javascript\";\n                b.async = true;\n                b.src = url + \"\/assets\/js\/loader-v4.js\";\n                document.getElementsByTagName(\"body\")[0].appendChild(b);\n                }\n                window._MF = window._MF || {\n                data: [],\n                url: url,\n                ready: !!0,\n                render: function() { window._MF.ready = !0 },\n                push: function(w) { window._MF.data.push(w) }\n                };\t\n                window._MF.push(widgets);\n        })([{\n                query:\"#top-10\"\n                ,widget: \"owner-list\"\n                ,locale: \"sv\"\n                ,token: \"269e009c-b608-4bf8-894d-4dd1ab43dab6\"\n                ,c: \"6607fc49-6c1e-4073-8cf5-132f10d9dada\"\n                ,demo: false \/\/ Only true when you using demo data\n            },\n                {\n                    query:\"#concentration\"\n                    ,widget: \"owner-concentration\"\n                    ,locale: \"sv\"\n                    ,token: \"52802267-9df2-4ea0-8794-78823187b779\"\n                    ,c: \"6607fc49-6c1e-4073-8cf5-132f10d9dada\"\n                    ,demo: false \/\/ Only true when you using demo data\n                },\n                {\n                    query:\"#country-distribution\"\n                    ,widget: \"owner-country-dist\"\n                    ,locale: \"sv\"\n                    ,token: \"fbf80198-a541-4710-86ef-4bbdcc560ce6\"\n                    ,c: \"6607fc49-6c1e-4073-8cf5-132f10d9dada\"\n                    ,demo: false \/\/ Only true when you using demo data\n                },        {\n                    query:\"#holding-distribution\"\n                    ,widget: \"owner-holding-dist\"\n                    ,locale: \"sv\"\n                    ,token: \"bb3be8b0-5947-4d8d-8d61-ba91c63fd63e\"\n                    ,c: \"6607fc49-6c1e-4073-8cf5-132f10d9dada\"\n                    ,demo: false \/\/ Only true when you using demo data\n                },        {\n                    query:\"#type-distribution\"\n                    ,widget: \"owner-type-dist\"\n                    ,locale: \"sv\"\n                    ,token: \"14c6aab4-148f-46cb-83b6-d8d75780eb36\"\n                    ,c: \"6607fc49-6c1e-4073-8cf5-132f10d9dada\"\n                    ,demo: false \/\/ Only true when you using demo data\n                }],\n        );\n    <\/script>\n    <div class=\"block block__owners\">\n                    <ul class=\"tabs-mf\">\n                \n                    <li><a href=\"#top-10\">TOP 10<\/a><\/li>\n                \n                    <li><a href=\"#concentration\">Koncentration<\/a><\/li>\n                \n                    <li><a href=\"#country-distribution\">F\u00f6rdelat per land<\/a><\/li>\n                \n                    <li><a href=\"#holding-distribution\">Storleksklasser<\/a><\/li>\n                \n                    <li><a href=\"#type-distribution\">F\u00f6rdelning per typ<\/a><\/li>\n                            <\/ul>\n        \n        <div class=\"tabs-content-mf\">\n            <div id=\"top-10\"><\/div>\n            <div id=\"concentration\"><\/div>\n            <div id=\"country-distribution\"><\/div>\n            <div id=\"holding-distribution\"><\/div>\n            <div id=\"type-distribution\"><\/div>\n        <\/div>\n    <\/div>\n\n\n\n<p class=\"has-small-font-size\">K\u00e4lla: Monitor av Modular Finance AB. Sammanst\u00e4lld och bearbetad data fr\u00e5n bland annat Euroclear, Morningstar och Finansinspektionen.<\/p>\n","protected":false},"excerpt":{"rendered":"<p>\u00c4gare K\u00e4lla: Monitor av Modular Finance AB. Sammanst\u00e4lld och bearbetad data fr\u00e5n bland annat Euroclear, Morningstar och Finansinspektionen.<\/p>\n","protected":false},"author":1,"featured_media":0,"parent":582,"menu_order":10,"comment_status":"closed","ping_status":"closed","template":"page__full-width.php","meta":{"_acf_changed":false,"footnotes":""},"class_list":["post-617","page","type-page","status-publish","hentry"],"acf":[],"yoast_head":"<!-- This site is optimized with the Yoast SEO plugin v26.7 - https:\/\/yoast.com\/wordpress\/plugins\/seo\/ -->\n<title>\u00c4gare - IRLAB<\/title>\n<meta name=\"robots\" content=\"index, follow, max-snippet:-1, max-image-preview:large, max-video-preview:-1\" \/>\n<link rel=\"canonical\" href=\"https:\/\/irlab.se\/sv\/investerare\/aktien\/agare\/\" \/>\n<meta property=\"og:locale\" content=\"sv_SE\" \/>\n<meta property=\"og:type\" content=\"article\" \/>\n<meta property=\"og:title\" content=\"\u00c4gare - IRLAB\" \/>\n<meta property=\"og:description\" content=\"\u00c4gare K\u00e4lla: Monitor av Modular Finance AB. Sammanst\u00e4lld och bearbetad data fr\u00e5n bland annat Euroclear, Morningstar och Finansinspektionen.\" \/>\n<meta property=\"og:url\" content=\"https:\/\/irlab.se\/sv\/investerare\/aktien\/agare\/\" \/>\n<meta property=\"og:site_name\" content=\"IRLAB\" \/>\n<meta property=\"article:modified_time\" content=\"2023-09-05T08:42:44+00:00\" \/>\n<meta name=\"twitter:card\" content=\"summary_large_image\" \/>\n<meta name=\"twitter:label1\" content=\"Ber\u00e4knad l\u00e4stid\" \/>\n\t<meta name=\"twitter:data1\" content=\"1 minut\" \/>\n<script type=\"application\/ld+json\" class=\"yoast-schema-graph\">{\"@context\":\"https:\/\/schema.org\",\"@graph\":[{\"@type\":\"WebPage\",\"@id\":\"https:\/\/irlab.se\/sv\/investerare\/aktien\/agare\/\",\"url\":\"https:\/\/irlab.se\/sv\/investerare\/aktien\/agare\/\",\"name\":\"\u00c4gare - IRLAB\",\"isPartOf\":{\"@id\":\"https:\/\/irlab.se\/#website\"},\"datePublished\":\"2018-11-11T17:58:16+00:00\",\"dateModified\":\"2023-09-05T08:42:44+00:00\",\"breadcrumb\":{\"@id\":\"https:\/\/irlab.se\/sv\/investerare\/aktien\/agare\/#breadcrumb\"},\"inLanguage\":\"sv-SE\",\"potentialAction\":[{\"@type\":\"ReadAction\",\"target\":[\"https:\/\/irlab.se\/sv\/investerare\/aktien\/agare\/\"]}]},{\"@type\":\"BreadcrumbList\",\"@id\":\"https:\/\/irlab.se\/sv\/investerare\/aktien\/agare\/#breadcrumb\",\"itemListElement\":[{\"@type\":\"ListItem\",\"position\":1,\"name\":\"Home\",\"item\":\"https:\/\/irlab.se\/sv\/\"},{\"@type\":\"ListItem\",\"position\":2,\"name\":\"Investerare\",\"item\":\"https:\/\/irlab.se\/sv\/investerare\/\"},{\"@type\":\"ListItem\",\"position\":3,\"name\":\"Aktien\",\"item\":\"https:\/\/irlab.se\/sv\/investerare\/aktien\/\"},{\"@type\":\"ListItem\",\"position\":4,\"name\":\"\u00c4gare\"}]},{\"@type\":\"WebSite\",\"@id\":\"https:\/\/irlab.se\/#website\",\"url\":\"https:\/\/irlab.se\/\",\"name\":\"Irlab\",\"description\":\"Novel treatments for Parkinson&#039;s disease\",\"potentialAction\":[{\"@type\":\"SearchAction\",\"target\":{\"@type\":\"EntryPoint\",\"urlTemplate\":\"https:\/\/irlab.se\/?s={search_term_string}\"},\"query-input\":{\"@type\":\"PropertyValueSpecification\",\"valueRequired\":true,\"valueName\":\"search_term_string\"}}],\"inLanguage\":\"sv-SE\"}]}<\/script>\n<!-- \/ Yoast SEO plugin. -->","yoast_head_json":{"title":"\u00c4gare - IRLAB","robots":{"index":"index","follow":"follow","max-snippet":"max-snippet:-1","max-image-preview":"max-image-preview:large","max-video-preview":"max-video-preview:-1"},"canonical":"https:\/\/irlab.se\/sv\/investerare\/aktien\/agare\/","og_locale":"sv_SE","og_type":"article","og_title":"\u00c4gare - IRLAB","og_description":"\u00c4gare K\u00e4lla: Monitor av Modular Finance AB. Sammanst\u00e4lld och bearbetad data fr\u00e5n bland annat Euroclear, Morningstar och Finansinspektionen.","og_url":"https:\/\/irlab.se\/sv\/investerare\/aktien\/agare\/","og_site_name":"IRLAB","article_modified_time":"2023-09-05T08:42:44+00:00","twitter_card":"summary_large_image","twitter_misc":{"Ber\u00e4knad l\u00e4stid":"1 minut"},"schema":{"@context":"https:\/\/schema.org","@graph":[{"@type":"WebPage","@id":"https:\/\/irlab.se\/sv\/investerare\/aktien\/agare\/","url":"https:\/\/irlab.se\/sv\/investerare\/aktien\/agare\/","name":"\u00c4gare - IRLAB","isPartOf":{"@id":"https:\/\/irlab.se\/#website"},"datePublished":"2018-11-11T17:58:16+00:00","dateModified":"2023-09-05T08:42:44+00:00","breadcrumb":{"@id":"https:\/\/irlab.se\/sv\/investerare\/aktien\/agare\/#breadcrumb"},"inLanguage":"sv-SE","potentialAction":[{"@type":"ReadAction","target":["https:\/\/irlab.se\/sv\/investerare\/aktien\/agare\/"]}]},{"@type":"BreadcrumbList","@id":"https:\/\/irlab.se\/sv\/investerare\/aktien\/agare\/#breadcrumb","itemListElement":[{"@type":"ListItem","position":1,"name":"Home","item":"https:\/\/irlab.se\/sv\/"},{"@type":"ListItem","position":2,"name":"Investerare","item":"https:\/\/irlab.se\/sv\/investerare\/"},{"@type":"ListItem","position":3,"name":"Aktien","item":"https:\/\/irlab.se\/sv\/investerare\/aktien\/"},{"@type":"ListItem","position":4,"name":"\u00c4gare"}]},{"@type":"WebSite","@id":"https:\/\/irlab.se\/#website","url":"https:\/\/irlab.se\/","name":"Irlab","description":"Novel treatments for Parkinson&#039;s disease","potentialAction":[{"@type":"SearchAction","target":{"@type":"EntryPoint","urlTemplate":"https:\/\/irlab.se\/?s={search_term_string}"},"query-input":{"@type":"PropertyValueSpecification","valueRequired":true,"valueName":"search_term_string"}}],"inLanguage":"sv-SE"}]}},"_links":{"self":[{"href":"https:\/\/irlab.se\/sv\/wp-json\/wp\/v2\/pages\/617","targetHints":{"allow":["GET"]}}],"collection":[{"href":"https:\/\/irlab.se\/sv\/wp-json\/wp\/v2\/pages"}],"about":[{"href":"https:\/\/irlab.se\/sv\/wp-json\/wp\/v2\/types\/page"}],"author":[{"embeddable":true,"href":"https:\/\/irlab.se\/sv\/wp-json\/wp\/v2\/users\/1"}],"replies":[{"embeddable":true,"href":"https:\/\/irlab.se\/sv\/wp-json\/wp\/v2\/comments?post=617"}],"version-history":[{"count":15,"href":"https:\/\/irlab.se\/sv\/wp-json\/wp\/v2\/pages\/617\/revisions"}],"predecessor-version":[{"id":10974,"href":"https:\/\/irlab.se\/sv\/wp-json\/wp\/v2\/pages\/617\/revisions\/10974"}],"up":[{"embeddable":true,"href":"https:\/\/irlab.se\/sv\/wp-json\/wp\/v2\/pages\/582"}],"wp:attachment":[{"href":"https:\/\/irlab.se\/sv\/wp-json\/wp\/v2\/media?parent=617"}],"curies":[{"name":"wp","href":"https:\/\/api.w.org\/{rel}","templated":true}]}}