{"id":615,"date":"2018-11-11T17:57:48","date_gmt":"2018-11-11T17:57:48","guid":{"rendered":"http:\/\/www.irlab.se\/?page_id=615"},"modified":"2022-02-11T16:53:04","modified_gmt":"2022-02-11T15:53:04","slug":"aktriekapitalets-utveckling","status":"publish","type":"page","link":"https:\/\/irlab.se\/sv\/investerare\/aktien\/aktriekapitalets-utveckling\/","title":{"rendered":"Aktiekapitalets utveckling"},"content":{"rendered":"\n<h1 class=\"wp-block-heading\" id=\"aktiekapitalets-utveckling\">Aktiekapitalets utveckling<\/h1>\n\n\n\n<table id=\"tablepress-5\" class=\"tablepress tablepress-id-5 tbody-has-connected-cells\">\n<thead>\n<tr class=\"row-1\">\n\t<th class=\"column-1\">\u00c5r<\/th><th class=\"column-2\">H\u00e4ndelse<\/th><th class=\"column-3\">Totalt <br \/>\naktie-kapital (kr)<\/th><th class=\"column-4\">F\u00f6r-\u00e4ndring (kr)<\/th><th class=\"column-5\">Totalt antal aktier<\/th><th class=\"column-6\">F\u00f6r-\u00e4ndring aktier<\/th><th class=\"column-7\">Emitterat belopp (kr)<\/th><th class=\"column-8\">Kvot-v\u00e4rde (kr)<\/th>\n<\/tr>\n<\/thead>\n<tbody class=\"row-striping row-hover\">\n<tr class=\"row-2\">\n\t<td class=\"column-1\">2013<\/td><td class=\"column-2\">Nybildning<\/td><td class=\"column-3\">50 000<\/td><td class=\"column-4\">50 000<\/td><td class=\"column-5\">100 000<\/td><td class=\"column-6\">100 000<\/td><td class=\"column-7\">25 000 000<\/td><td class=\"column-8\">0,50<\/td>\n<\/tr>\n<tr class=\"row-3\">\n\t<td class=\"column-1\">2015<\/td><td class=\"column-2\">Nyemission<\/td><td class=\"column-3\">84 473<\/td><td class=\"column-4\">34 473<\/td><td class=\"column-5\">168 946<\/td><td class=\"column-6\">68 946<\/td><td class=\"column-7\">24 106 969<\/td><td class=\"column-8\">0,50<\/td>\n<\/tr>\n<tr class=\"row-4\">\n\t<td class=\"column-1\">2015<\/td><td class=\"column-2\">Nyemission<\/td><td class=\"column-3\">104 169<\/td><td class=\"column-4\">16 696<\/td><td class=\"column-5\">208 338<\/td><td class=\"column-6\">39 392<\/td><td class=\"column-7\">14 772 000<\/td><td class=\"column-8\">0,50<\/td>\n<\/tr>\n<tr class=\"row-5\">\n\t<td class=\"column-1\">2015<\/td><td class=\"column-2\">Nyemission<\/td><td class=\"column-3\">115 379<\/td><td class=\"column-4\">11 210<\/td><td class=\"column-5\">230 757<\/td><td class=\"column-6\">22 419<\/td><td class=\"column-7\">8 047 125<\/td><td class=\"column-8\">0,50<\/td>\n<\/tr>\n<tr class=\"row-6\">\n\t<td class=\"column-1\">2015<\/td><td class=\"column-2\">Aktieuppdelning<\/td><td class=\"column-3\">115 379<\/td><td class=\"column-4\"><\/td><td class=\"column-5\">2 307 570<\/td><td class=\"column-6\">2 076 813<\/td><td class=\"column-7\"><\/td><td class=\"column-8\">0,05<\/td>\n<\/tr>\n<tr class=\"row-7\">\n\t<td class=\"column-1\">2015<\/td><td class=\"column-2\">Apportemission<\/td><td class=\"column-3\">181 358<\/td><td class=\"column-4\">65 980<\/td><td class=\"column-5\">3 627 162<\/td><td class=\"column-6\">1 319 592<\/td><td class=\"column-7\">54 515 644<\/td><td class=\"column-8\">0,05<\/td>\n<\/tr>\n<tr class=\"row-8\">\n\t<td class=\"column-1\">2016<\/td><td class=\"column-2\">Nyemission<\/td><td class=\"column-3\">231 358<\/td><td class=\"column-4\">50 000<\/td><td class=\"column-5\">4 627 162<\/td><td class=\"column-6\">1 000 000<\/td><td class=\"column-7\">41 350 000<\/td><td class=\"column-8\">0,05<\/td>\n<\/tr>\n<tr class=\"row-9\">\n\t<td class=\"column-1\">2016<\/td><td class=\"column-2\">Nyemission<\/td><td class=\"column-3\">249 919<\/td><td class=\"column-4\">18 561<\/td><td class=\"column-5\">4 998 388<\/td><td class=\"column-6\">371 226<\/td><td class=\"column-7\">15 350 195<\/td><td class=\"column-8\">0,05<\/td>\n<\/tr>\n<tr class=\"row-10\">\n\t<td class=\"column-1\">2016<\/td><td class=\"column-2\">Nyemission<\/td><td class=\"column-3\">253 497<\/td><td class=\"column-4\">3 578<\/td><td class=\"column-5\">5 069 939<\/td><td class=\"column-6\">71 551<\/td><td class=\"column-7\">726 243<\/td><td class=\"column-8\">0,05<\/td>\n<\/tr>\n<tr class=\"row-11\">\n\t<td class=\"column-1\">2016<\/td><td class=\"column-2\">Fondemission<\/td><td class=\"column-3\">596 994<\/td><td class=\"column-4\">253 497<\/td><td class=\"column-5\">5 069 939<\/td><td class=\"column-6\">0<\/td><td class=\"column-7\">0<\/td><td class=\"column-8\"><\/td>\n<\/tr>\n<tr class=\"row-12\">\n\t<td class=\"column-1\">2017<\/td><td class=\"column-2\">Nyemission<\/td><td class=\"column-3\">699 994<\/td><td class=\"column-4\">193 000<\/td><td class=\"column-5\">6 999 939<\/td><td class=\"column-6\">1 930 000<\/td><td class=\"column-7\">115 800 000<\/td><td class=\"column-8\">0,10<\/td>\n<\/tr>\n<tr class=\"row-13\">\n\t<td class=\"column-1\">2018<\/td><td class=\"column-2\">Nyemission<\/td><td class=\"column-3\">809 994<\/td><td class=\"column-4\">110 000<\/td><td class=\"column-5\">8 099 939<\/td><td class=\"column-6\">1 100 000<\/td><td class=\"column-7\">138 600 000<\/td><td class=\"column-8\">0,10<\/td>\n<\/tr>\n<tr class=\"row-14\">\n\t<td class=\"column-1\">2019<\/td><td class=\"column-2\">Aktiesplit 1:5<\/td><td class=\"column-3\">809 994<\/td><td class=\"column-4\">0<\/td><td class=\"column-5\">40 499 695<\/td><td class=\"column-6\">32 399 756\t<\/td><td class=\"column-7\">0<\/td><td class=\"column-8\">0,02<\/td>\n<\/tr>\n<tr class=\"row-15\">\n\t<td class=\"column-1\">2019<\/td><td class=\"column-2\">Nyemission<\/td><td class=\"column-3\">862 194<\/td><td class=\"column-4\">52 200<\/td><td class=\"column-5\">43 109 695<\/td><td class=\"column-6\">2 610 000<\/td><td class=\"column-7\">70 470 000<\/td><td class=\"column-8\">0,02<\/td>\n<\/tr>\n<tr class=\"row-16\">\n\t<td class=\"column-1\">2020<\/td><td class=\"column-2\">Nyemission<\/td><td class=\"column-3\">969 968<\/td><td class=\"column-4\">107 774<\/td><td class=\"column-5\">48 498 406<\/td><td class=\"column-6\">5 388 711<\/td><td class=\"column-7\">145 495 197<\/td><td class=\"column-8\">0,02<\/td>\n<\/tr>\n<tr class=\"row-17\">\n\t<td class=\"column-1\">2020<\/td><td class=\"column-2\">Nyemission<\/td><td class=\"column-3\">1 034 968<\/td><td class=\"column-4\">65 000<\/td><td class=\"column-5\">51 748 406<\/td><td class=\"column-6\">3 250 000<\/td><td class=\"column-7\">130 000 000<\/td><td class=\"column-8\">0,02<\/td>\n<\/tr>\n<tr class=\"row-18\">\n\t<td class=\"column-1\">2022<\/td><td class=\"column-2\">Apportemission<\/td><td class=\"column-3\">1 037 368<\/td><td class=\"column-4\">2 400<\/td><td class=\"column-5\">51 868 406<\/td><td class=\"column-6\">120 000<\/td><td class=\"column-7\">0<\/td><td class=\"column-8\">0,02<\/td>\n<\/tr>\n<tr class=\"row-19\">\n\t<td class=\"column-1\">2025<\/td><td class=\"column-2\">Nyemission<\/td><td class=\"column-3\">1 698 760<\/td><td class=\"column-4\">661 392<\/td><td class=\"column-5\">84 938 020<\/td><td class=\"column-6\">33 069 614<\/td><td class=\"column-7\">115 743 649<\/td><td class=\"column-8\">0,02<\/td>\n<\/tr>\n<tr class=\"row-20\">\n\t<td colspan=\"2\" class=\"column-1\"><strong>Vid periodens utg\u00e5ng<\/strong><\/td><td class=\"column-3\"><strong>1 698 760<\/strong><\/td><td class=\"column-4\"><\/td><td class=\"column-5\"><strong>84 938 020<\/strong><\/td><td class=\"column-6\"><\/td><td class=\"column-7\"><strong>900 377 022<\/strong><\/td><td class=\"column-8\"><strong>0,02<\/strong><\/td>\n<\/tr>\n<\/tbody>\n<\/table>\n\n\n\n\n<p>Emitterat belopp \u00e4r totalt emitterat belopp inkl. \u00f6verkurs men f\u00f6re emissionskostnader.<\/p>\n","protected":false},"excerpt":{"rendered":"<p>Aktiekapitalets utveckling Emitterat belopp \u00e4r totalt emitterat belopp inkl. \u00f6verkurs men f\u00f6re emissionskostnader.<\/p>\n","protected":false},"author":1,"featured_media":0,"parent":582,"menu_order":20,"comment_status":"closed","ping_status":"closed","template":"","meta":{"_acf_changed":false,"footnotes":""},"class_list":["post-615","page","type-page","status-publish","hentry"],"acf":[],"yoast_head":"<!-- This site is optimized with the Yoast SEO plugin v26.7 - https:\/\/yoast.com\/wordpress\/plugins\/seo\/ -->\n<title>Aktiekapitalets utveckling - IRLAB<\/title>\n<meta name=\"robots\" content=\"index, follow, max-snippet:-1, max-image-preview:large, max-video-preview:-1\" \/>\n<link rel=\"canonical\" href=\"https:\/\/irlab.se\/sv\/investerare\/aktien\/aktriekapitalets-utveckling\/\" \/>\n<meta property=\"og:locale\" content=\"sv_SE\" \/>\n<meta property=\"og:type\" content=\"article\" \/>\n<meta property=\"og:title\" content=\"Aktiekapitalets utveckling - IRLAB\" \/>\n<meta property=\"og:description\" content=\"Aktiekapitalets utveckling Emitterat belopp \u00e4r totalt emitterat belopp inkl. \u00f6verkurs men f\u00f6re emissionskostnader.\" \/>\n<meta property=\"og:url\" content=\"https:\/\/irlab.se\/sv\/investerare\/aktien\/aktriekapitalets-utveckling\/\" \/>\n<meta property=\"og:site_name\" content=\"IRLAB\" \/>\n<meta property=\"article:modified_time\" content=\"2022-02-11T15:53:04+00:00\" \/>\n<meta name=\"twitter:card\" content=\"summary_large_image\" \/>\n<meta name=\"twitter:label1\" content=\"Ber\u00e4knad l\u00e4stid\" \/>\n\t<meta name=\"twitter:data1\" content=\"1 minut\" \/>\n<script type=\"application\/ld+json\" class=\"yoast-schema-graph\">{\"@context\":\"https:\/\/schema.org\",\"@graph\":[{\"@type\":\"WebPage\",\"@id\":\"https:\/\/irlab.se\/sv\/investerare\/aktien\/aktriekapitalets-utveckling\/\",\"url\":\"https:\/\/irlab.se\/sv\/investerare\/aktien\/aktriekapitalets-utveckling\/\",\"name\":\"Aktiekapitalets utveckling - IRLAB\",\"isPartOf\":{\"@id\":\"https:\/\/irlab.se\/#website\"},\"datePublished\":\"2018-11-11T17:57:48+00:00\",\"dateModified\":\"2022-02-11T15:53:04+00:00\",\"breadcrumb\":{\"@id\":\"https:\/\/irlab.se\/sv\/investerare\/aktien\/aktriekapitalets-utveckling\/#breadcrumb\"},\"inLanguage\":\"sv-SE\",\"potentialAction\":[{\"@type\":\"ReadAction\",\"target\":[\"https:\/\/irlab.se\/sv\/investerare\/aktien\/aktriekapitalets-utveckling\/\"]}]},{\"@type\":\"BreadcrumbList\",\"@id\":\"https:\/\/irlab.se\/sv\/investerare\/aktien\/aktriekapitalets-utveckling\/#breadcrumb\",\"itemListElement\":[{\"@type\":\"ListItem\",\"position\":1,\"name\":\"Home\",\"item\":\"https:\/\/irlab.se\/sv\/\"},{\"@type\":\"ListItem\",\"position\":2,\"name\":\"Investerare\",\"item\":\"https:\/\/irlab.se\/sv\/investerare\/\"},{\"@type\":\"ListItem\",\"position\":3,\"name\":\"Aktien\",\"item\":\"https:\/\/irlab.se\/sv\/investerare\/aktien\/\"},{\"@type\":\"ListItem\",\"position\":4,\"name\":\"Aktiekapitalets utveckling\"}]},{\"@type\":\"WebSite\",\"@id\":\"https:\/\/irlab.se\/#website\",\"url\":\"https:\/\/irlab.se\/\",\"name\":\"Irlab\",\"description\":\"Novel treatments for Parkinson&#039;s disease\",\"potentialAction\":[{\"@type\":\"SearchAction\",\"target\":{\"@type\":\"EntryPoint\",\"urlTemplate\":\"https:\/\/irlab.se\/?s={search_term_string}\"},\"query-input\":{\"@type\":\"PropertyValueSpecification\",\"valueRequired\":true,\"valueName\":\"search_term_string\"}}],\"inLanguage\":\"sv-SE\"}]}<\/script>\n<!-- \/ Yoast SEO plugin. -->","yoast_head_json":{"title":"Aktiekapitalets utveckling - IRLAB","robots":{"index":"index","follow":"follow","max-snippet":"max-snippet:-1","max-image-preview":"max-image-preview:large","max-video-preview":"max-video-preview:-1"},"canonical":"https:\/\/irlab.se\/sv\/investerare\/aktien\/aktriekapitalets-utveckling\/","og_locale":"sv_SE","og_type":"article","og_title":"Aktiekapitalets utveckling - IRLAB","og_description":"Aktiekapitalets utveckling Emitterat belopp \u00e4r totalt emitterat belopp inkl. \u00f6verkurs men f\u00f6re emissionskostnader.","og_url":"https:\/\/irlab.se\/sv\/investerare\/aktien\/aktriekapitalets-utveckling\/","og_site_name":"IRLAB","article_modified_time":"2022-02-11T15:53:04+00:00","twitter_card":"summary_large_image","twitter_misc":{"Ber\u00e4knad l\u00e4stid":"1 minut"},"schema":{"@context":"https:\/\/schema.org","@graph":[{"@type":"WebPage","@id":"https:\/\/irlab.se\/sv\/investerare\/aktien\/aktriekapitalets-utveckling\/","url":"https:\/\/irlab.se\/sv\/investerare\/aktien\/aktriekapitalets-utveckling\/","name":"Aktiekapitalets utveckling - IRLAB","isPartOf":{"@id":"https:\/\/irlab.se\/#website"},"datePublished":"2018-11-11T17:57:48+00:00","dateModified":"2022-02-11T15:53:04+00:00","breadcrumb":{"@id":"https:\/\/irlab.se\/sv\/investerare\/aktien\/aktriekapitalets-utveckling\/#breadcrumb"},"inLanguage":"sv-SE","potentialAction":[{"@type":"ReadAction","target":["https:\/\/irlab.se\/sv\/investerare\/aktien\/aktriekapitalets-utveckling\/"]}]},{"@type":"BreadcrumbList","@id":"https:\/\/irlab.se\/sv\/investerare\/aktien\/aktriekapitalets-utveckling\/#breadcrumb","itemListElement":[{"@type":"ListItem","position":1,"name":"Home","item":"https:\/\/irlab.se\/sv\/"},{"@type":"ListItem","position":2,"name":"Investerare","item":"https:\/\/irlab.se\/sv\/investerare\/"},{"@type":"ListItem","position":3,"name":"Aktien","item":"https:\/\/irlab.se\/sv\/investerare\/aktien\/"},{"@type":"ListItem","position":4,"name":"Aktiekapitalets utveckling"}]},{"@type":"WebSite","@id":"https:\/\/irlab.se\/#website","url":"https:\/\/irlab.se\/","name":"Irlab","description":"Novel treatments for Parkinson&#039;s disease","potentialAction":[{"@type":"SearchAction","target":{"@type":"EntryPoint","urlTemplate":"https:\/\/irlab.se\/?s={search_term_string}"},"query-input":{"@type":"PropertyValueSpecification","valueRequired":true,"valueName":"search_term_string"}}],"inLanguage":"sv-SE"}]}},"_links":{"self":[{"href":"https:\/\/irlab.se\/sv\/wp-json\/wp\/v2\/pages\/615","targetHints":{"allow":["GET"]}}],"collection":[{"href":"https:\/\/irlab.se\/sv\/wp-json\/wp\/v2\/pages"}],"about":[{"href":"https:\/\/irlab.se\/sv\/wp-json\/wp\/v2\/types\/page"}],"author":[{"embeddable":true,"href":"https:\/\/irlab.se\/sv\/wp-json\/wp\/v2\/users\/1"}],"replies":[{"embeddable":true,"href":"https:\/\/irlab.se\/sv\/wp-json\/wp\/v2\/comments?post=615"}],"version-history":[{"count":9,"href":"https:\/\/irlab.se\/sv\/wp-json\/wp\/v2\/pages\/615\/revisions"}],"predecessor-version":[{"id":7577,"href":"https:\/\/irlab.se\/sv\/wp-json\/wp\/v2\/pages\/615\/revisions\/7577"}],"up":[{"embeddable":true,"href":"https:\/\/irlab.se\/sv\/wp-json\/wp\/v2\/pages\/582"}],"wp:attachment":[{"href":"https:\/\/irlab.se\/sv\/wp-json\/wp\/v2\/media?parent=615"}],"curies":[{"name":"wp","href":"https:\/\/api.w.org\/{rel}","templated":true}]}}