{"id":612,"date":"2018-10-26T12:37:35","date_gmt":"2018-10-26T12:37:35","guid":{"rendered":"http:\/\/www.irlab.se\/om-irlab\/"},"modified":"2025-05-22T13:30:08","modified_gmt":"2025-05-22T11:30:08","slug":"om-irlab","status":"publish","type":"page","link":"https:\/\/irlab.se\/sv\/om-irlab\/","title":{"rendered":"Om IRLAB"},"content":{"rendered":"\n<h1 class=\"wp-block-heading\" id=\"om-irlab\">Om IRLAB<\/h1>\n\n\n\n<p class=\"is-style-intro-text-style\">Med grunden i Nobelprisvinnande forskning har IRLAB vuxit snabbt och \u00e4r numera erk\u00e4nt och respekterat som v\u00e4rldsledande n\u00e4r det g\u00e4ller att f\u00f6rst\u00e5 den komplexa neurofarmakologin bakom CNS-sjukdomar, s\u00e4rskilt Parkinsons sjukdom. Vi har en v\u00e4ldefinierad, strategiskt inriktad FoU-pipeline med kraftfulla nya behandlingar avsedda f\u00f6r de olika stadierna av Parkinson allteftersom de f\u00f6rv\u00e4rras i takt med patientens neurodegeneration. Att ha ett helt\u00e4ckande utbud av effektiva alternativ f\u00f6r behandling av parkinsonpatienter betraktas som viktigt av b\u00e5de l\u00e4kare och patienter \u2013 och \u00e4r samtidigt en m\u00f6jlighet f\u00f6r en potentiellt framg\u00e5ngsrik l\u00e4kemedelsverksamhet.<\/p>\n\n\n\n<h2 class=\"wp-block-heading\" id=\"forskning-och-utveckling-inom-cns\">Forskning och utveckling inom Parkinson<\/h2>\n\n\n\n<p>Parkinson \u00e4r den vanligaste prim\u00e4ra neurodegenerativa sjukdomen efter Alzheimers, och antalet drabbade personer f\u00f6rv\u00e4ntas \u00f6ka i takt med att v\u00e4rldens befolkning \u00e5ldras. N\u00e4stan elva miljoner m\u00e4nniskor har Parkinson i dagsl\u00e4get. \u00c5r 2040 f\u00f6rv\u00e4ntas denna siffra ha f\u00f6rdubblats.<\/p>\n\n\n\n<p>F\u00f6r att m\u00f6ta denna utmaning har IRLAB utvecklat den unika, banbrytande tekniken Integrative Screening Process (ISP) f\u00f6r att uppt\u00e4cka nya l\u00e4kemedelskandidater inom CNS. Anv\u00e4ndningen av ISP ger IRLAB en stor konkurrensf\u00f6rdel och \u00f6kar b\u00e5de takten med vilken nya l\u00e4kemedelskandidater kan uppt\u00e4ckas och sannolikheten f\u00f6r framg\u00e5ng. Baserat p\u00e5 avancerade maskininl\u00e4rningstekniker utforskar ISP f\u00f6rst v\u00e5r omfattande, egenutvecklade farmakologidatabas f\u00f6r CNS och ger sedan v\u00e5ra kemister underlag till beslut om den optimala molekyl\u00e4ra utformningen av potentiella l\u00e4kemedelskandidater med \u00f6nskad symtomkorrigerande farmakologi eller terapeutisk effekt.<\/p>\n\n\n\n<p>Under de senaste tio \u00e5ren har teknologiplattformen ISP f\u00e5tt betydande validering genom att uppt\u00e4cka tre l\u00e4kemedelskandidater som f\u00f6r n\u00e4rvarande befinner sig i klinisk utveckling fr\u00e5n Fas I-III, och ytterligare tv\u00e5 l\u00e4kemedelskandidater d\u00e4r Fas I-utveckling v\u00e4ntar under n\u00e4sta \u00e5r.<\/p>\n\n\n\n<figure class=\"wp-block-image\"><a href=\"https:\/\/irlab.se\/om-irlab\/web_retina_dsf9408-2\/?lang=sv\"><img loading=\"lazy\" decoding=\"async\" width=\"1024\" height=\"576\" src=\"https:\/\/irlab.se\/wp-content\/uploads\/2019\/09\/web_retina_DSF9408-1024x576.jpg\" alt=\"\" class=\"wp-image-3565\" srcset=\"https:\/\/irlab.se\/wp-content\/uploads\/2019\/09\/web_retina_DSF9408-1024x576.jpg 1024w, https:\/\/irlab.se\/wp-content\/uploads\/2019\/09\/web_retina_DSF9408-300x169.jpg 300w, https:\/\/irlab.se\/wp-content\/uploads\/2019\/09\/web_retina_DSF9408-768x432.jpg 768w, https:\/\/irlab.se\/wp-content\/uploads\/2019\/09\/web_retina_DSF9408.jpg 2048w\" sizes=\"auto, (max-width: 1024px) 100vw, 1024px\" \/><\/a><\/figure>\n\n\n\n<h2 class=\"wp-block-heading\"><strong>Fem l\u00e4kemedelskandidater med &#8217;blockbuster&#8217;-potential<\/strong><\/h2>\n\n\n\n<p>Bolagets nuvarande kliniska kandidater, <a href=\"https:\/\/irlab.se\/sv\/projektportfolj\/irl-790\/\">mesdopetam<\/a> (IRL790) och <a href=\"https:\/\/irlab.se\/sv\/projektportfolj\/irl-752\/\">pirepemat<\/a> (IRL752), vilka b\u00e5da framg\u00e5ngsrikt har genomg\u00e5tt Fas I-studier avseende s\u00e4kerhet, Fas IIa-studier f\u00f6r \u2019proof-of-concept\u2019 avseende effekt, samt Fas IIb-studier. Dessa l\u00e4kemedelskandidater \u00e4r avsedda att behandla patienter med n\u00e5gra av de mest utmanande symtomen i samband med Parkinson \u2013 besv\u00e4rliga dyskinesier (PD-LIDs), psykoser (PD-P) och symtom kopplade till kognitiv f\u00f6rs\u00e4mring, s\u00e5som \u00f6kad risk f\u00f6r fallolyckor (PD-Fall). Den tredje kliniska kandidaten <a href=\"https:\/\/irlab.se\/sv\/projektportfolj\/irl757\/\" target=\"_blank\" rel=\"noreferrer noopener\">IRL757<\/a> \u00e4r avsedd att behandla apati vid neurologiska sjukdomar s\u00e5 som Parkinson&#8217;s. D\u00e4rtill utvecklar vi tv\u00e5 prekliniska l\u00e4kemedelskandidater <a href=\"https:\/\/irlab.se\/sv\/projektportfolj\/irl942\/\" target=\"_blank\" rel=\"noreferrer noopener\">IRL942<\/a> f\u00f6r att behandla PD-kognitiv f\u00f6rs\u00e4mring och <a href=\"https:\/\/irlab.se\/sv\/projektportfolj\/irl1117\/\">IRL1117<\/a> vilken utvecklas som en oral behandling f\u00f6r grundsymtomen av Parkinson, att tas en g\u00e5ng om dagen, utan att orsaka de besv\u00e4rliga komplikationer som dagens standardbehandling med levodopa ger upphov till.\u00a0<\/p>\n\n\n\n<p>Vi f\u00f6rv\u00e4ntar oss att dessa l\u00e4kemedelskandidaters \u00f6vertygande kliniska effekt f\u00f6r parkinsonpatienter kommer att g\u00f6ra dem attraktiva f\u00f6r l\u00e4kemedelsindustrin och i sin tur ge ett betydande v\u00e4rde f\u00f6r aktie\u00e4garna.<\/p>\n\n\n\n<h2 class=\"wp-block-heading\"><strong>V\u00e4xande marknad<\/strong><\/h2>\n\n\n\n<p>Andelen \u00e4ldre v\u00e4xer snabbt v\u00e4rlden \u00f6ver och antalet patienter som lider av sjukdomar som utvecklas p\u00e5 grund av en \u00e5ldrande hj\u00e4rna t.ex. CNS-relaterade sjukdomar, antas \u00f6ka markant. Globalt uppskattas n\u00e4ra elva miljoner m\u00e4nniskor leva med sjukdomen, en siffra som kommer att mer \u00e4n f\u00f6rdubblas fram till \u00e5r 2040. Det finns d\u00e4rf\u00f6r ett v\u00e4xande behov av nya effektiva behandlingar, vilket driver b\u00e5de utvecklingstakten av l\u00e4kemedelskandidaterna samt betalningsviljan hos investerare, f\u00f6rs\u00e4kringsbolaget och samh\u00e4lle.<\/p>\n\n\n\n<h2 class=\"wp-block-heading\"><strong>Grundat och baserat i G\u00f6teborg<\/strong><\/h2>\n\n\n\n<p>IRLAB:s aktie (IRLAB A)handlas p\u00e5 Nasdaq Stockholms huvudlista sedan september 2020, en flytt fr\u00e5n Nasdaq First North Premier Growth Market d\u00e4r bolaget varit listat sedan februari 2017.<\/p>\n\n\n\n<p><\/p>\n","protected":false},"excerpt":{"rendered":"<p>Om IRLAB Med grunden i Nobelprisvinnande forskning har IRLAB vuxit snabbt och \u00e4r numera erk\u00e4nt och respekterat som v\u00e4rldsledande n\u00e4r det g\u00e4ller att f\u00f6rst\u00e5 den komplexa neurofarmakologin bakom CNS-sjukdomar, s\u00e4rskilt Parkinsons sjukdom. Vi har en v\u00e4ldefinierad, strategiskt inriktad FoU-pipeline med kraftfulla nya behandlingar avsedda f\u00f6r de olika stadierna av Parkinson allteftersom de f\u00f6rv\u00e4rras i takt [&hellip;]<\/p>\n","protected":false},"author":1,"featured_media":0,"parent":0,"menu_order":0,"comment_status":"closed","ping_status":"closed","template":"","meta":{"_acf_changed":false,"footnotes":""},"class_list":["post-612","page","type-page","status-publish","hentry"],"acf":[],"yoast_head":"<!-- This site is optimized with the Yoast SEO plugin v26.7 - https:\/\/yoast.com\/wordpress\/plugins\/seo\/ -->\n<title>Om IRLAB - IRLAB<\/title>\n<meta name=\"robots\" content=\"index, follow, max-snippet:-1, max-image-preview:large, max-video-preview:-1\" \/>\n<link rel=\"canonical\" href=\"https:\/\/irlab.se\/sv\/om-irlab\/\" \/>\n<meta property=\"og:locale\" content=\"sv_SE\" \/>\n<meta property=\"og:type\" content=\"article\" \/>\n<meta property=\"og:title\" content=\"Om IRLAB - IRLAB\" \/>\n<meta property=\"og:description\" content=\"Om IRLAB Med grunden i Nobelprisvinnande forskning har IRLAB vuxit snabbt och \u00e4r numera erk\u00e4nt och respekterat som v\u00e4rldsledande n\u00e4r det g\u00e4ller att f\u00f6rst\u00e5 den komplexa neurofarmakologin bakom CNS-sjukdomar, s\u00e4rskilt Parkinsons sjukdom. Vi har en v\u00e4ldefinierad, strategiskt inriktad FoU-pipeline med kraftfulla nya behandlingar avsedda f\u00f6r de olika stadierna av Parkinson allteftersom de f\u00f6rv\u00e4rras i takt [&hellip;]\" \/>\n<meta property=\"og:url\" content=\"https:\/\/irlab.se\/sv\/om-irlab\/\" \/>\n<meta property=\"og:site_name\" content=\"IRLAB\" \/>\n<meta property=\"article:modified_time\" content=\"2025-05-22T11:30:08+00:00\" \/>\n<meta property=\"og:image\" content=\"https:\/\/irlab.se\/wp-content\/uploads\/2019\/09\/web_retina_DSF9408.jpg\" \/>\n\t<meta property=\"og:image:width\" content=\"2048\" \/>\n\t<meta property=\"og:image:height\" content=\"1152\" \/>\n\t<meta property=\"og:image:type\" content=\"image\/jpeg\" \/>\n<meta name=\"twitter:card\" content=\"summary_large_image\" \/>\n<meta name=\"twitter:label1\" content=\"Ber\u00e4knad l\u00e4stid\" \/>\n\t<meta name=\"twitter:data1\" content=\"3 minuter\" \/>\n<script type=\"application\/ld+json\" class=\"yoast-schema-graph\">{\"@context\":\"https:\/\/schema.org\",\"@graph\":[{\"@type\":\"WebPage\",\"@id\":\"https:\/\/irlab.se\/sv\/om-irlab\/\",\"url\":\"https:\/\/irlab.se\/sv\/om-irlab\/\",\"name\":\"Om IRLAB - IRLAB\",\"isPartOf\":{\"@id\":\"https:\/\/irlab.se\/#website\"},\"primaryImageOfPage\":{\"@id\":\"https:\/\/irlab.se\/sv\/om-irlab\/#primaryimage\"},\"image\":{\"@id\":\"https:\/\/irlab.se\/sv\/om-irlab\/#primaryimage\"},\"thumbnailUrl\":\"https:\/\/irlab.se\/wp-content\/uploads\/2019\/09\/web_retina_DSF9408-1024x576.jpg\",\"datePublished\":\"2018-10-26T12:37:35+00:00\",\"dateModified\":\"2025-05-22T11:30:08+00:00\",\"breadcrumb\":{\"@id\":\"https:\/\/irlab.se\/sv\/om-irlab\/#breadcrumb\"},\"inLanguage\":\"sv-SE\",\"potentialAction\":[{\"@type\":\"ReadAction\",\"target\":[\"https:\/\/irlab.se\/sv\/om-irlab\/\"]}]},{\"@type\":\"ImageObject\",\"inLanguage\":\"sv-SE\",\"@id\":\"https:\/\/irlab.se\/sv\/om-irlab\/#primaryimage\",\"url\":\"https:\/\/irlab.se\/wp-content\/uploads\/2019\/09\/web_retina_DSF9408-1024x576.jpg\",\"contentUrl\":\"https:\/\/irlab.se\/wp-content\/uploads\/2019\/09\/web_retina_DSF9408-1024x576.jpg\"},{\"@type\":\"BreadcrumbList\",\"@id\":\"https:\/\/irlab.se\/sv\/om-irlab\/#breadcrumb\",\"itemListElement\":[{\"@type\":\"ListItem\",\"position\":1,\"name\":\"Home\",\"item\":\"https:\/\/irlab.se\/sv\/\"},{\"@type\":\"ListItem\",\"position\":2,\"name\":\"Om IRLAB\"}]},{\"@type\":\"WebSite\",\"@id\":\"https:\/\/irlab.se\/#website\",\"url\":\"https:\/\/irlab.se\/\",\"name\":\"Irlab\",\"description\":\"Novel treatments for Parkinson&#039;s disease\",\"potentialAction\":[{\"@type\":\"SearchAction\",\"target\":{\"@type\":\"EntryPoint\",\"urlTemplate\":\"https:\/\/irlab.se\/?s={search_term_string}\"},\"query-input\":{\"@type\":\"PropertyValueSpecification\",\"valueRequired\":true,\"valueName\":\"search_term_string\"}}],\"inLanguage\":\"sv-SE\"}]}<\/script>\n<!-- \/ Yoast SEO plugin. -->","yoast_head_json":{"title":"Om IRLAB - IRLAB","robots":{"index":"index","follow":"follow","max-snippet":"max-snippet:-1","max-image-preview":"max-image-preview:large","max-video-preview":"max-video-preview:-1"},"canonical":"https:\/\/irlab.se\/sv\/om-irlab\/","og_locale":"sv_SE","og_type":"article","og_title":"Om IRLAB - IRLAB","og_description":"Om IRLAB Med grunden i Nobelprisvinnande forskning har IRLAB vuxit snabbt och \u00e4r numera erk\u00e4nt och respekterat som v\u00e4rldsledande n\u00e4r det g\u00e4ller att f\u00f6rst\u00e5 den komplexa neurofarmakologin bakom CNS-sjukdomar, s\u00e4rskilt Parkinsons sjukdom. Vi har en v\u00e4ldefinierad, strategiskt inriktad FoU-pipeline med kraftfulla nya behandlingar avsedda f\u00f6r de olika stadierna av Parkinson allteftersom de f\u00f6rv\u00e4rras i takt [&hellip;]","og_url":"https:\/\/irlab.se\/sv\/om-irlab\/","og_site_name":"IRLAB","article_modified_time":"2025-05-22T11:30:08+00:00","og_image":[{"width":2048,"height":1152,"url":"https:\/\/irlab.se\/wp-content\/uploads\/2019\/09\/web_retina_DSF9408.jpg","type":"image\/jpeg"}],"twitter_card":"summary_large_image","twitter_misc":{"Ber\u00e4knad l\u00e4stid":"3 minuter"},"schema":{"@context":"https:\/\/schema.org","@graph":[{"@type":"WebPage","@id":"https:\/\/irlab.se\/sv\/om-irlab\/","url":"https:\/\/irlab.se\/sv\/om-irlab\/","name":"Om IRLAB - IRLAB","isPartOf":{"@id":"https:\/\/irlab.se\/#website"},"primaryImageOfPage":{"@id":"https:\/\/irlab.se\/sv\/om-irlab\/#primaryimage"},"image":{"@id":"https:\/\/irlab.se\/sv\/om-irlab\/#primaryimage"},"thumbnailUrl":"https:\/\/irlab.se\/wp-content\/uploads\/2019\/09\/web_retina_DSF9408-1024x576.jpg","datePublished":"2018-10-26T12:37:35+00:00","dateModified":"2025-05-22T11:30:08+00:00","breadcrumb":{"@id":"https:\/\/irlab.se\/sv\/om-irlab\/#breadcrumb"},"inLanguage":"sv-SE","potentialAction":[{"@type":"ReadAction","target":["https:\/\/irlab.se\/sv\/om-irlab\/"]}]},{"@type":"ImageObject","inLanguage":"sv-SE","@id":"https:\/\/irlab.se\/sv\/om-irlab\/#primaryimage","url":"https:\/\/irlab.se\/wp-content\/uploads\/2019\/09\/web_retina_DSF9408-1024x576.jpg","contentUrl":"https:\/\/irlab.se\/wp-content\/uploads\/2019\/09\/web_retina_DSF9408-1024x576.jpg"},{"@type":"BreadcrumbList","@id":"https:\/\/irlab.se\/sv\/om-irlab\/#breadcrumb","itemListElement":[{"@type":"ListItem","position":1,"name":"Home","item":"https:\/\/irlab.se\/sv\/"},{"@type":"ListItem","position":2,"name":"Om IRLAB"}]},{"@type":"WebSite","@id":"https:\/\/irlab.se\/#website","url":"https:\/\/irlab.se\/","name":"Irlab","description":"Novel treatments for Parkinson&#039;s disease","potentialAction":[{"@type":"SearchAction","target":{"@type":"EntryPoint","urlTemplate":"https:\/\/irlab.se\/?s={search_term_string}"},"query-input":{"@type":"PropertyValueSpecification","valueRequired":true,"valueName":"search_term_string"}}],"inLanguage":"sv-SE"}]}},"_links":{"self":[{"href":"https:\/\/irlab.se\/sv\/wp-json\/wp\/v2\/pages\/612","targetHints":{"allow":["GET"]}}],"collection":[{"href":"https:\/\/irlab.se\/sv\/wp-json\/wp\/v2\/pages"}],"about":[{"href":"https:\/\/irlab.se\/sv\/wp-json\/wp\/v2\/types\/page"}],"author":[{"embeddable":true,"href":"https:\/\/irlab.se\/sv\/wp-json\/wp\/v2\/users\/1"}],"replies":[{"embeddable":true,"href":"https:\/\/irlab.se\/sv\/wp-json\/wp\/v2\/comments?post=612"}],"version-history":[{"count":42,"href":"https:\/\/irlab.se\/sv\/wp-json\/wp\/v2\/pages\/612\/revisions"}],"predecessor-version":[{"id":12033,"href":"https:\/\/irlab.se\/sv\/wp-json\/wp\/v2\/pages\/612\/revisions\/12033"}],"wp:attachment":[{"href":"https:\/\/irlab.se\/sv\/wp-json\/wp\/v2\/media?parent=612"}],"curies":[{"name":"wp","href":"https:\/\/api.w.org\/{rel}","templated":true}]}}