{"id":585,"date":"2018-10-24T14:37:16","date_gmt":"2018-10-24T14:37:16","guid":{"rendered":"http:\/\/www.irlab.se\/newsroom\/"},"modified":"2025-10-31T14:36:39","modified_gmt":"2025-10-31T13:36:39","slug":"nyhetsrum","status":"publish","type":"page","link":"https:\/\/irlab.se\/sv\/nyhetsrum\/","title":{"rendered":"Nyhetsrum"},"content":{"rendered":"\n<h2 class=\"wp-block-heading page--title-style\" id=\"financial-calendar\">SENASTE PRESSMEDDELANDEN <\/h2>\n\n\n\n<div class=\"wp-block-columns is-layout-flex wp-container-core-columns-is-layout-9d6595d7 wp-block-columns-is-layout-flex\">\n<div class=\"wp-block-column is-layout-flow wp-block-column-is-layout-flow\"><div class=\"block\">\n    <div class=\"block__post\">\n\n                            \n                                            <div class=\"block__article pb-22 \">\n\n                <span class=\"p mb-16 font-size-16 d-block\">\n                    17 APRIL 2026                                                \/ <span class=\"color--orange\">REGULATORISK<\/span>\n                                                    <\/span>\n\n                    <h3 class=\"block__title mt-0 mb-24  \">Valberedningens f\u00f6rslag till styrelse inf\u00f6r IRLAB Therapeutics \u00e5rsst\u00e4mman 2026<\/h3>\n\n                                            <p>G\u00f6teborg den 17 april 2026 \u2013 IRLAB Therapeutics AB (Nasdaq Stockholm: IRLAB A), ett bolag som uppt\u00e4cker och utvecklar nya behandlingar f\u00f6r Parkinsons sjukdom, meddelar idag att valberedningen inf\u00f6r \u00e5rsst\u00e4mman 2026 f\u00f6resl\u00e5r val av Jan-Fredrik Backman som ny vice styrelseordf\u00f6rande samt James Gamgort som ny styrelseledamot. Valberedningen f\u00f6resl\u00e5r vidare omval av styrelseordf\u00f6rande Carola Lemne samt styrelseledam\u00f6terna Gunnar Olsson, Rein Piir och Veronica Wallin. Christer Nordstedt har avb\u00f6jt omval.<\/p>\n                    \n\n                    <a href=\"https:\/\/irlab.se\/sv\/mfn_news\/valberedningens-forslag-till-styrelse-infor-irlab-therapeutics-arsstamman-2026\/\" class=\"small mt-7\">L\u00e4s mer ><\/a>\n                <\/div>\n            \n        \n          \n    <\/div>\n<\/div><\/div>\n\n\n\n<div class=\"wp-block-column is-layout-flow wp-block-column-is-layout-flow\"><div class=\"block\">\n    <div class=\"block__post\">\n\n                            \n                                            <div class=\"block__article pb-22 \">\n\n                <span class=\"p mb-16 font-size-16 d-block\">\n                    9 APRIL 2026                                                <\/span>\n\n                    <h3 class=\"block__title mt-0 mb-24  text-sm \">IRLAB medverkar p\u00e5 Redeye Healthcare Day 2026<\/h3>\n\n                    \n\n                    <a href=\"https:\/\/irlab.se\/sv\/mfn_news\/irlab-medverkar-pa-redeye-healthcare-day-2026\/\" class=\"small mt-7\">L\u00e4s mer ><\/a>\n                <\/div>\n            \n                    \n                                            <div class=\"block__article pb-22 \">\n\n                <span class=\"p mb-16 font-size-16 d-block\">\n                    17 MARS 2026                                                <\/span>\n\n                    <h3 class=\"block__title mt-0 mb-24  text-sm \">IRLAB presenterar kliniska och prekliniska data vid AD\/PD&#x2122; 2026 \u2013 den 20:e internationella konferensen om Alzheimers och Parkinsons sjukdomar<\/h3>\n\n                    \n\n                    <a href=\"https:\/\/irlab.se\/sv\/mfn_news\/irlab-presenterar-kliniska-och-prekliniska-data-vid-ad-pd-2026-den-20e-internationella-konferensen-om-alzheimers-och-parkinsons-sjukdomar\/\" class=\"small mt-7\">L\u00e4s mer ><\/a>\n                <\/div>\n            \n                    \n            \n        \n                      <div class=\"block__links\">\n                                <a href=\"https:\/\/irlab.se\/sv\/nyhetsrum\/pressrelease-archive\/ \" class=\"large\">Alla pressmeddelanden<span class='sep'> > <\/span><\/a>\n            <\/div>\n        \n    <\/div>\n<\/div><\/div>\n<\/div>\n\n\n\n<div style=\"height:32px\" aria-hidden=\"true\" class=\"wp-block-spacer\"><\/div>\n\n\n\n<div style=\"height:32px\" aria-hidden=\"true\" class=\"wp-block-spacer\"><\/div>\n\n\n\n<div class=\"wp-block-columns is-layout-flex wp-container-core-columns-is-layout-9d6595d7 wp-block-columns-is-layout-flex\">\n<div class=\"wp-block-column is-layout-flow wp-block-column-is-layout-flow\">\n<h2 class=\"wp-block-heading page--title-style\">FINANSIELL KALENDER<\/h2>\n\n\n\n<p class=\"has-orange-color has-text-color has-small-font-size\">KOMMANDE<\/p>\n\n\n\n<h3 class=\"wp-block-heading\" id=\"23-februari-2022\">v. 18, april 2026<\/h3>\n\n\n\n<p class=\"has-normal-font-size\">\u00c5rsredovisning 2025<\/p>\n<\/div>\n<\/div>\n\n\n\n<div style=\"height:32px\" aria-hidden=\"true\" class=\"wp-block-spacer\"><\/div>\n\n\n\n<p><\/p>\n","protected":false},"excerpt":{"rendered":"<p>SENASTE PRESSMEDDELANDEN<\/p>\n","protected":false},"author":1,"featured_media":0,"parent":0,"menu_order":0,"comment_status":"closed","ping_status":"closed","template":"","meta":{"_acf_changed":false,"footnotes":""},"class_list":["post-585","page","type-page","status-publish","hentry"],"acf":[],"yoast_head":"<!-- This site is optimized with the Yoast SEO plugin v26.7 - https:\/\/yoast.com\/wordpress\/plugins\/seo\/ -->\n<title>Nyhetsrum - IRLAB<\/title>\n<meta name=\"robots\" content=\"index, follow, max-snippet:-1, max-image-preview:large, max-video-preview:-1\" \/>\n<link rel=\"canonical\" href=\"https:\/\/irlab.se\/sv\/nyhetsrum\/\" \/>\n<meta property=\"og:locale\" content=\"sv_SE\" \/>\n<meta property=\"og:type\" content=\"article\" \/>\n<meta property=\"og:title\" content=\"Nyhetsrum - IRLAB\" \/>\n<meta property=\"og:description\" content=\"SENASTE PRESSMEDDELANDEN\" \/>\n<meta property=\"og:url\" content=\"https:\/\/irlab.se\/sv\/nyhetsrum\/\" \/>\n<meta property=\"og:site_name\" content=\"IRLAB\" \/>\n<meta property=\"article:modified_time\" content=\"2025-10-31T13:36:39+00:00\" \/>\n<meta name=\"twitter:card\" content=\"summary_large_image\" \/>\n<meta name=\"twitter:label1\" content=\"Ber\u00e4knad l\u00e4stid\" \/>\n\t<meta name=\"twitter:data1\" content=\"1 minut\" \/>\n<script type=\"application\/ld+json\" class=\"yoast-schema-graph\">{\"@context\":\"https:\/\/schema.org\",\"@graph\":[{\"@type\":\"WebPage\",\"@id\":\"https:\/\/irlab.se\/sv\/nyhetsrum\/\",\"url\":\"https:\/\/irlab.se\/sv\/nyhetsrum\/\",\"name\":\"Nyhetsrum - IRLAB\",\"isPartOf\":{\"@id\":\"https:\/\/irlab.se\/#website\"},\"datePublished\":\"2018-10-24T14:37:16+00:00\",\"dateModified\":\"2025-10-31T13:36:39+00:00\",\"breadcrumb\":{\"@id\":\"https:\/\/irlab.se\/sv\/nyhetsrum\/#breadcrumb\"},\"inLanguage\":\"sv-SE\",\"potentialAction\":[{\"@type\":\"ReadAction\",\"target\":[\"https:\/\/irlab.se\/sv\/nyhetsrum\/\"]}]},{\"@type\":\"BreadcrumbList\",\"@id\":\"https:\/\/irlab.se\/sv\/nyhetsrum\/#breadcrumb\",\"itemListElement\":[{\"@type\":\"ListItem\",\"position\":1,\"name\":\"Home\",\"item\":\"https:\/\/irlab.se\/sv\/\"},{\"@type\":\"ListItem\",\"position\":2,\"name\":\"Nyhetsrum\"}]},{\"@type\":\"WebSite\",\"@id\":\"https:\/\/irlab.se\/#website\",\"url\":\"https:\/\/irlab.se\/\",\"name\":\"Irlab\",\"description\":\"Novel treatments for Parkinson&#039;s disease\",\"potentialAction\":[{\"@type\":\"SearchAction\",\"target\":{\"@type\":\"EntryPoint\",\"urlTemplate\":\"https:\/\/irlab.se\/?s={search_term_string}\"},\"query-input\":{\"@type\":\"PropertyValueSpecification\",\"valueRequired\":true,\"valueName\":\"search_term_string\"}}],\"inLanguage\":\"sv-SE\"}]}<\/script>\n<!-- \/ Yoast SEO plugin. -->","yoast_head_json":{"title":"Nyhetsrum - IRLAB","robots":{"index":"index","follow":"follow","max-snippet":"max-snippet:-1","max-image-preview":"max-image-preview:large","max-video-preview":"max-video-preview:-1"},"canonical":"https:\/\/irlab.se\/sv\/nyhetsrum\/","og_locale":"sv_SE","og_type":"article","og_title":"Nyhetsrum - IRLAB","og_description":"SENASTE PRESSMEDDELANDEN","og_url":"https:\/\/irlab.se\/sv\/nyhetsrum\/","og_site_name":"IRLAB","article_modified_time":"2025-10-31T13:36:39+00:00","twitter_card":"summary_large_image","twitter_misc":{"Ber\u00e4knad l\u00e4stid":"1 minut"},"schema":{"@context":"https:\/\/schema.org","@graph":[{"@type":"WebPage","@id":"https:\/\/irlab.se\/sv\/nyhetsrum\/","url":"https:\/\/irlab.se\/sv\/nyhetsrum\/","name":"Nyhetsrum - IRLAB","isPartOf":{"@id":"https:\/\/irlab.se\/#website"},"datePublished":"2018-10-24T14:37:16+00:00","dateModified":"2025-10-31T13:36:39+00:00","breadcrumb":{"@id":"https:\/\/irlab.se\/sv\/nyhetsrum\/#breadcrumb"},"inLanguage":"sv-SE","potentialAction":[{"@type":"ReadAction","target":["https:\/\/irlab.se\/sv\/nyhetsrum\/"]}]},{"@type":"BreadcrumbList","@id":"https:\/\/irlab.se\/sv\/nyhetsrum\/#breadcrumb","itemListElement":[{"@type":"ListItem","position":1,"name":"Home","item":"https:\/\/irlab.se\/sv\/"},{"@type":"ListItem","position":2,"name":"Nyhetsrum"}]},{"@type":"WebSite","@id":"https:\/\/irlab.se\/#website","url":"https:\/\/irlab.se\/","name":"Irlab","description":"Novel treatments for Parkinson&#039;s disease","potentialAction":[{"@type":"SearchAction","target":{"@type":"EntryPoint","urlTemplate":"https:\/\/irlab.se\/?s={search_term_string}"},"query-input":{"@type":"PropertyValueSpecification","valueRequired":true,"valueName":"search_term_string"}}],"inLanguage":"sv-SE"}]}},"_links":{"self":[{"href":"https:\/\/irlab.se\/sv\/wp-json\/wp\/v2\/pages\/585","targetHints":{"allow":["GET"]}}],"collection":[{"href":"https:\/\/irlab.se\/sv\/wp-json\/wp\/v2\/pages"}],"about":[{"href":"https:\/\/irlab.se\/sv\/wp-json\/wp\/v2\/types\/page"}],"author":[{"embeddable":true,"href":"https:\/\/irlab.se\/sv\/wp-json\/wp\/v2\/users\/1"}],"replies":[{"embeddable":true,"href":"https:\/\/irlab.se\/sv\/wp-json\/wp\/v2\/comments?post=585"}],"version-history":[{"count":41,"href":"https:\/\/irlab.se\/sv\/wp-json\/wp\/v2\/pages\/585\/revisions"}],"predecessor-version":[{"id":12562,"href":"https:\/\/irlab.se\/sv\/wp-json\/wp\/v2\/pages\/585\/revisions\/12562"}],"wp:attachment":[{"href":"https:\/\/irlab.se\/sv\/wp-json\/wp\/v2\/media?parent=585"}],"curies":[{"name":"wp","href":"https:\/\/api.w.org\/{rel}","templated":true}]}}