{"id":583,"date":"2018-10-26T10:07:51","date_gmt":"2018-10-26T10:07:51","guid":{"rendered":"http:\/\/www.irlab.se\/investor-relations\/"},"modified":"2026-03-27T16:48:44","modified_gmt":"2026-03-27T15:48:44","slug":"investerare","status":"publish","type":"page","link":"https:\/\/irlab.se\/sv\/investerare\/","title":{"rendered":"Investerare"},"content":{"rendered":"\n<div class=\"the_share\">\n    <div class=\"the_share__wrapper\">\n           <div class=\"left large\">\n               <div class=\"left--title\">IRLAB A<\/div>\n               <div class=\"left--number\">1.434<\/div>\n               <div class=\"left--underline\">SEK<\/div>\n           <\/div>\n\n            <div class=\"center large\">\n                <div class=\"center__wrap\">\n                    <div class=\"center__wrap--row\">\n                        <div>TODAY<\/div>\n                        <div>-2.58 %<\/div>\n                    <\/div>\n\n                    <div class=\"center__wrap--row\">\n                        <div>TODAY SEK<\/div>\n                        <div>-0.04 SEK<\/div>\n\n                    <\/div>\n\n                    <div class=\"center__wrap--row\">\n                        <div>11:32:21<\/div>\n                        <div>2026-04-24<\/div>\n                    <\/div>\n                <\/div>\n            <\/div>\n\n        <div class=\"right\">\n            <div class=\"right__wrap\">\n                <div>\n\n\n                <div class=\"right__wrap--row\">\n                    <div>YEAR LOW<\/div>\n                    <div>1.31 SEK<\/div>\n                <\/div>\n\n                <div class=\"right__wrap--row\">\n                    <div>YEAR HIGH<\/div>\n                    <div>2.145 SEK<\/div>\n                <\/div>\n                <\/div>\n            <div>\n                <div class=\"right__wrap--row\">\n                    <div>ATH:<\/div>\n                    <div>102.05 SEK<\/div>\n                <\/div>\n\n                <div class=\"right__wrap--row\">\n                    <div>MCAP: <\/div>\n                    <div>121 MSEK<\/div>\n                <\/div>\n            <\/div>\n            <\/div>\n        <\/div>\n    <\/div>\n\n<\/div>\n\n         \n\n\n<div style=\"height:48px\" aria-hidden=\"true\" class=\"wp-block-spacer\"><\/div>\n\n\n\n<div style=\"height:48px\" aria-hidden=\"true\" class=\"wp-block-spacer\"><\/div>\n\n\n\n<div class=\"wp-block-columns is-layout-flex wp-container-core-columns-is-layout-9d6595d7 wp-block-columns-is-layout-flex\">\n<div class=\"wp-block-column is-layout-flow wp-block-column-is-layout-flow\">\n<p>VD kommentar<\/p>\n\n\n\n<h3 class=\"wp-block-heading\" id=\"nicholas-waters-kommenterar-det-tredje-kvartalet-2021\">Kristina Torfg\u00e5rd kommenterar Q4 2025<\/h3>\n\n\n\n<p>\u201dUnder det g\u00e5ngna \u00e5ret har vi gjort framsteg inom v\u00e5r forskningsportf\u00f6lj samtidigt som vi kontinuerligt arbetat med att effektivisera verksamheten f\u00f6r att spara resurser. Vi har framg\u00e5ngsrikt tagit IRL757 vidare i klinisk utveckling, st\u00e4rkt patentskyddet, f\u00f6rtydligat och bekr\u00e4ftat den kommersiella potentialen f\u00f6r mesdopetam samt rapporterat lovande Fas IIb-resultat och erh\u00e5llit starkt st\u00f6d fr\u00e5n ledande experter f\u00f6r pirepemats fortsatta utveckling. Dessutom har vi inlett ett sp\u00e4nnande samarbete med det danska bioteknikf\u00f6retaget Biomia, som ytterligare breddar m\u00f6jligheterna att utnyttja v\u00e5r forskningsplattform, ISP, och v\u00e5r expertis inom CNS-sjukdomar. Samtidigt har v\u00e5rt fokus p\u00e5 prioriteringar, resurseffektivitet och strategiska partnerskap gett oss en grund f\u00f6r fortsatt innovation och l\u00e5ngsiktigt v\u00e4rdeskapande.<\/p>\n\n\n\n<p>Viktiga milstolpar under kvartalet och efter:<\/p>\n\n\n\n<ul class=\"wp-block-list\">\n<li>IRL757-studien i PD och apati godk\u00e4nd f\u00f6r start i Europa, finansierad av MSRD<\/li>\n\n\n\n<li>Marknadsunders\u00f6kning bekr\u00e4ftar stort behov av nya behandlingar mot LIDs \u2013 mesdopetams differentierade kliniska profil bed\u00f6ms som attraktiv.<\/li>\n\n\n\n<li>Samarbete med Biomia initierat d\u00e4r ISP-plattformen anv\u00e4nds f\u00f6r utv\u00e4rdering av nya CNS-substanser<\/li>\n\n\n\n<li>Starkt st\u00f6d fr\u00e5n ledande internationella experter f\u00f6r pirepemat och dess utvecklingsstrategi<\/li>\n<\/ul>\n\n\n\n<p>Tillsammans visar dessa framsteg att IRLAB \u00e4r p\u00e5 god v\u00e4g att f\u00f6rverkliga sin vision och skapa v\u00e4rde f\u00f6r patienter, samarbetspartners och aktie\u00e4gare.\u201d<\/p>\n<\/div>\n\n\n\n<div class=\"wp-block-column is-layout-flow wp-block-column-is-layout-flow\">\n<div style=\"height:50px\" aria-hidden=\"true\" class=\"wp-block-spacer\"><\/div>\n\n\n\n<figure class=\"wp-block-image size-large\"><img loading=\"lazy\" decoding=\"async\" width=\"732\" height=\"1024\" src=\"https:\/\/irlab.se\/wp-content\/uploads\/2024\/08\/Kristina-Torfgard-732x1024.jpg\" alt=\"\" class=\"wp-image-11610\" srcset=\"https:\/\/irlab.se\/wp-content\/uploads\/2024\/08\/Kristina-Torfgard-732x1024.jpg 732w, https:\/\/irlab.se\/wp-content\/uploads\/2024\/08\/Kristina-Torfgard-215x300.jpg 215w, https:\/\/irlab.se\/wp-content\/uploads\/2024\/08\/Kristina-Torfgard-768x1074.jpg 768w, https:\/\/irlab.se\/wp-content\/uploads\/2024\/08\/Kristina-Torfgard.jpg 773w\" sizes=\"auto, (max-width: 732px) 100vw, 732px\" \/><\/figure>\n<\/div>\n<\/div>\n\n\n\n<div style=\"height:24px\" aria-hidden=\"true\" class=\"wp-block-spacer\"><\/div>\n\n\n\n<div class=\"wp-block-columns is-layout-flex wp-container-core-columns-is-layout-9d6595d7 wp-block-columns-is-layout-flex\">\n<div class=\"wp-block-column is-layout-flow wp-block-column-is-layout-flow\" style=\"flex-basis:60%\">\n<h2 class=\"wp-block-heading page--title-style\" id=\"senaste-rapporterna\">SENASTE KVARTALSRAPPORTERNA<\/h2>\n\n\n\n\n    <script>\n       (function(widgets) {\n            var url = \"https:\/\/widget.datablocks.se\/api\/rose\";\n            if (!window._MF) {\n                var b = document.createElement(\"script\");\n                b.type = \"text\/javascript\";\n                b.async = true;\n                b.src = url + \"\/assets\/js\/loader-v4.js\";\n                document.getElementsByTagName(\"body\")[0].appendChild(b);\n                }\n                window._MF = window._MF || {\n                data: [],\n                url: url,\n                ready: !!0,\n                render: function() { window._MF.ready = !0 },\n                push: function(w) { window._MF.data.push(w) }\n                };\t\n                window._MF.push(widgets);\n        })([{\n            query:\"#latest-interim-report\"\n            ,widget: \"archive\"\n            ,locale: \"sv\"\n            ,token: \"596dfbad-e086-4c01-8f24-f18e93b9fc3e\"\n            }\n          ],\n        );\n\n\n    <\/script>\n    <div class=\"mfn-latest-interim-report\" data-scroll-hint>\n\n        <div id=\"latest-interim-report\" class=\"mfn-latest-interim-report--inner\" role=\"region\" aria-label=\"Horisontell tabell\" tabindex=\"0\"><\/div>\n\n    <\/div>\n     <\/div>\n\n\n\n<div class=\"wp-block-column is-layout-flow wp-block-column-is-layout-flow\" style=\"flex-basis:40%\">\n<h2 class=\"wp-block-heading page--title-style\" id=\"senaste-rapporterna\">SENASTE \u00c5RSREDOVISNINGEN<\/h2>\n\n\n\n\n    <script>\n       (function(widgets) {\n            var url = \"https:\/\/widget.datablocks.se\/api\/rose\";\n            if (!window._MF) {\n                var b = document.createElement(\"script\");\n                b.type = \"text\/javascript\";\n                b.async = true;\n                b.src = url + \"\/assets\/js\/loader-v4.js\";\n                document.getElementsByTagName(\"body\")[0].appendChild(b);\n                }\n                window._MF = window._MF || {\n                data: [],\n                url: url,\n                ready: !!0,\n                render: function() { window._MF.ready = !0 },\n                push: function(w) { window._MF.data.push(w) }\n                };\t\n                window._MF.push(widgets);\n        })([{\n            query:\"#latest-annual-report\"\n            ,widget: \"archive\"\n            ,locale: \"sv\"\n            ,token: \"204ee519-047c-4e94-9aec-f6efc3aea922\"\n            }\n          ],\n        );\n\n\n    <\/script>\n    <div class=\"mfn-latest-annual-report\" data-scroll-hint>\n\n        <div id=\"latest-annual-report\" class=\"mfn-#latest-annual-report--inner\" role=\"region\" aria-label=\"Horisontell tabell\" tabindex=\"0\"><\/div>\n\n    <\/div>\n     <\/div>\n<\/div>\n\n\n\n<div class=\"wp-block-buttons is-layout-flex wp-block-buttons-is-layout-flex\">\n<div class=\"wp-block-button is-style-fill\"><a class=\"wp-block-button__link has-white-color has-green-background-color has-text-color has-background has-link-color wp-element-button\" href=\"https:\/\/irlab.se\/sv\/investerare\/financial-reports\/\">Se alla finansiella rapporter &gt;<\/a><\/div>\n<\/div>\n\n\n\n<div style=\"height:48px\" aria-hidden=\"true\" class=\"wp-block-spacer\"><\/div>\n\n\n<div class=\"block\">\n    <div class=\"block__post\">\n\n                    <div class=\"block__title block__title--pre\">\n                <span class=\"h4\">SENASTE PRESSMEDDELANDET<\/span>\n            <\/div>\n                            \n                                            <div class=\"block__article pb-22 \">\n\n                <span class=\"p mb-16 font-size-16 d-block\">\n                    17 APRIL 2026                                                \/ <span class=\"color--orange\">REGULATORISK<\/span>\n                                                    <\/span>\n\n                    <h3 class=\"block__title mt-0 mb-24  \">Valberedningens f\u00f6rslag till styrelse inf\u00f6r IRLAB Therapeutics \u00e5rsst\u00e4mman 2026<\/h3>\n\n                                            <p>G\u00f6teborg den 17 april 2026 \u2013 IRLAB Therapeutics AB (Nasdaq Stockholm: IRLAB A), ett bolag som uppt\u00e4cker och utvecklar nya behandlingar f\u00f6r Parkinsons sjukdom, meddelar idag att valberedningen inf\u00f6r \u00e5rsst\u00e4mman 2026 f\u00f6resl\u00e5r val av Jan-Fredrik Backman som ny vice styrelseordf\u00f6rande samt James Gamgort som ny styrelseledamot. Valberedningen f\u00f6resl\u00e5r vidare omval av styrelseordf\u00f6rande Carola Lemne samt styrelseledam\u00f6terna Gunnar Olsson, Rein Piir och Veronica Wallin. Christer Nordstedt har avb\u00f6jt omval.<\/p>\n                    \n\n                    <a href=\"https:\/\/irlab.se\/sv\/mfn_news\/valberedningens-forslag-till-styrelse-infor-irlab-therapeutics-arsstamman-2026\/\" class=\"small mt-7\">L\u00e4s mer ><\/a>\n                <\/div>\n            \n        \n                      <div class=\"block__links\">\n                                <a href=\"https:\/\/irlab.se\/sv\/nyhetsrum\/pressrelease-archive\/ \" class=\"large\">Se alla pressmeddelanden<span class='sep'> > <\/span><\/a>\n            <\/div>\n        \n    <\/div>\n<\/div>\n\n\n<div style=\"height:24px\" aria-hidden=\"true\" class=\"wp-block-spacer\"><\/div>\n\n\n\n<figure class=\"wp-block-image size-large\"><img loading=\"lazy\" decoding=\"async\" width=\"1024\" height=\"576\" src=\"https:\/\/irlab.se\/wp-content\/uploads\/2022\/02\/Newsroom_1720_01-1024x576.jpg\" alt=\"\" class=\"wp-image-8753\" srcset=\"https:\/\/irlab.se\/wp-content\/uploads\/2022\/02\/Newsroom_1720_01-1024x576.jpg 1024w, https:\/\/irlab.se\/wp-content\/uploads\/2022\/02\/Newsroom_1720_01-300x169.jpg 300w, https:\/\/irlab.se\/wp-content\/uploads\/2022\/02\/Newsroom_1720_01-768x432.jpg 768w, https:\/\/irlab.se\/wp-content\/uploads\/2022\/02\/Newsroom_1720_01-1536x864.jpg 1536w, https:\/\/irlab.se\/wp-content\/uploads\/2022\/02\/Newsroom_1720_01.jpg 1720w\" sizes=\"auto, (max-width: 1024px) 100vw, 1024px\" \/><\/figure>\n\n\n\n<div style=\"height:24px\" aria-hidden=\"true\" class=\"wp-block-spacer\"><\/div>\n\n\n\n<div class=\"wp-block-columns is-layout-flex wp-container-core-columns-is-layout-9d6595d7 wp-block-columns-is-layout-flex\">\n<div class=\"wp-block-column is-layout-flow wp-block-column-is-layout-flow\"><div class=\"block\">\n    <div class=\"block__post\">\n                    <div class=\"block__title block__title--pre\">\n                SENASTE PRESENTATIONEN            <\/div>\n                \n                                <div class=\"block__article pb-22 \">\n                     <span class=\"p mb-16 font-size-16 d-block\">\n\t\t\t\t\t\t\t\t\t14 APRIL 2026                         \t\t\t\t\t\t\t\t<\/span>\n                    <h3 class=\"block__title mt-0 mb-24\">Kristina Torfg\u00e5rd, CEO, presenterar p\u00e5 Redeye Healthcare Day<\/h3>\n\n                    <p>Kristina Torfg\u00e5rd, CEO, presenterade p\u00e5 Redeyes Healthcare Day den 14 april 2026.<\/p>\n\n                    <a href=\"https:\/\/irlab.se\/sv\/kristina-torfgard-ceo-presenterar-pa-redeye-healthcare-day\/\" class=\"small mt-7\">L\u00e4s mer ><\/a>\n                <\/div>\n\n            \n\n                    <div class=\"block__links\">\n                \n                                        <a href=\"https:\/\/irlab.se\/sv\/nyhetsrum\/presentationer-event\/ \" class=\"large\">Alla presentationer<span class='sep'> > <\/span><\/a>\n\n                            <\/div>\n        \n    <\/div>\n<\/div><\/div>\n\n\n\n<div class=\"wp-block-column is-layout-flow wp-block-column-is-layout-flow\">\n<h2 class=\"wp-block-heading page--title-style\">FINANSIELL KALENDER<\/h2>\n\n\n\n<p class=\"has-orange-color has-text-color has-small-font-size\">KOMMANDE<\/p>\n\n\n\n<h3 class=\"wp-block-heading\" id=\"23-februari-2022\">v. 18, april 2026<\/h3>\n\n\n\n<p class=\"has-normal-font-size\">\u00c5rsredovisning 2025<\/p>\n<\/div>\n<\/div>\n","protected":false},"excerpt":{"rendered":"<p>VD kommentar Kristina Torfg\u00e5rd kommenterar Q4 2025 \u201dUnder det g\u00e5ngna \u00e5ret har vi gjort framsteg inom v\u00e5r forskningsportf\u00f6lj samtidigt som vi kontinuerligt arbetat med att effektivisera verksamheten f\u00f6r att spara resurser. Vi har framg\u00e5ngsrikt tagit IRL757 vidare i klinisk utveckling, st\u00e4rkt patentskyddet, f\u00f6rtydligat och bekr\u00e4ftat den kommersiella potentialen f\u00f6r mesdopetam samt rapporterat lovande Fas IIb-resultat [&hellip;]<\/p>\n","protected":false},"author":1,"featured_media":0,"parent":0,"menu_order":0,"comment_status":"closed","ping_status":"closed","template":"","meta":{"_acf_changed":false,"footnotes":""},"class_list":["post-583","page","type-page","status-publish","hentry"],"acf":[],"yoast_head":"<!-- This site is optimized with the Yoast SEO plugin v26.7 - https:\/\/yoast.com\/wordpress\/plugins\/seo\/ -->\n<title>Investerare - IRLAB<\/title>\n<meta name=\"robots\" content=\"index, follow, max-snippet:-1, max-image-preview:large, max-video-preview:-1\" \/>\n<link rel=\"canonical\" href=\"https:\/\/irlab.se\/sv\/investerare\/\" \/>\n<meta property=\"og:locale\" content=\"sv_SE\" \/>\n<meta property=\"og:type\" content=\"article\" \/>\n<meta property=\"og:title\" content=\"Investerare - IRLAB\" \/>\n<meta property=\"og:description\" content=\"VD kommentar Kristina Torfg\u00e5rd kommenterar Q4 2025 \u201dUnder det g\u00e5ngna \u00e5ret har vi gjort framsteg inom v\u00e5r forskningsportf\u00f6lj samtidigt som vi kontinuerligt arbetat med att effektivisera verksamheten f\u00f6r att spara resurser. Vi har framg\u00e5ngsrikt tagit IRL757 vidare i klinisk utveckling, st\u00e4rkt patentskyddet, f\u00f6rtydligat och bekr\u00e4ftat den kommersiella potentialen f\u00f6r mesdopetam samt rapporterat lovande Fas IIb-resultat [&hellip;]\" \/>\n<meta property=\"og:url\" content=\"https:\/\/irlab.se\/sv\/investerare\/\" \/>\n<meta property=\"og:site_name\" content=\"IRLAB\" \/>\n<meta property=\"article:modified_time\" content=\"2026-03-27T15:48:44+00:00\" \/>\n<meta property=\"og:image\" content=\"https:\/\/irlab.se\/wp-content\/uploads\/2024\/08\/Kristina-Torfgard.jpg\" \/>\n\t<meta property=\"og:image:width\" content=\"773\" \/>\n\t<meta property=\"og:image:height\" content=\"1081\" \/>\n\t<meta property=\"og:image:type\" content=\"image\/jpeg\" \/>\n<meta name=\"twitter:card\" content=\"summary_large_image\" \/>\n<meta name=\"twitter:label1\" content=\"Ber\u00e4knad l\u00e4stid\" \/>\n\t<meta name=\"twitter:data1\" content=\"1 minut\" \/>\n<script type=\"application\/ld+json\" class=\"yoast-schema-graph\">{\"@context\":\"https:\/\/schema.org\",\"@graph\":[{\"@type\":\"WebPage\",\"@id\":\"https:\/\/irlab.se\/sv\/investerare\/\",\"url\":\"https:\/\/irlab.se\/sv\/investerare\/\",\"name\":\"Investerare - IRLAB\",\"isPartOf\":{\"@id\":\"https:\/\/irlab.se\/#website\"},\"primaryImageOfPage\":{\"@id\":\"https:\/\/irlab.se\/sv\/investerare\/#primaryimage\"},\"image\":{\"@id\":\"https:\/\/irlab.se\/sv\/investerare\/#primaryimage\"},\"thumbnailUrl\":\"https:\/\/irlab.se\/wp-content\/uploads\/2024\/08\/Kristina-Torfgard-732x1024.jpg\",\"datePublished\":\"2018-10-26T10:07:51+00:00\",\"dateModified\":\"2026-03-27T15:48:44+00:00\",\"breadcrumb\":{\"@id\":\"https:\/\/irlab.se\/sv\/investerare\/#breadcrumb\"},\"inLanguage\":\"sv-SE\",\"potentialAction\":[{\"@type\":\"ReadAction\",\"target\":[\"https:\/\/irlab.se\/sv\/investerare\/\"]}]},{\"@type\":\"ImageObject\",\"inLanguage\":\"sv-SE\",\"@id\":\"https:\/\/irlab.se\/sv\/investerare\/#primaryimage\",\"url\":\"https:\/\/irlab.se\/wp-content\/uploads\/2024\/08\/Kristina-Torfgard-732x1024.jpg\",\"contentUrl\":\"https:\/\/irlab.se\/wp-content\/uploads\/2024\/08\/Kristina-Torfgard-732x1024.jpg\"},{\"@type\":\"BreadcrumbList\",\"@id\":\"https:\/\/irlab.se\/sv\/investerare\/#breadcrumb\",\"itemListElement\":[{\"@type\":\"ListItem\",\"position\":1,\"name\":\"Home\",\"item\":\"https:\/\/irlab.se\/sv\/\"},{\"@type\":\"ListItem\",\"position\":2,\"name\":\"Investerare\"}]},{\"@type\":\"WebSite\",\"@id\":\"https:\/\/irlab.se\/#website\",\"url\":\"https:\/\/irlab.se\/\",\"name\":\"Irlab\",\"description\":\"Novel treatments for Parkinson&#039;s disease\",\"potentialAction\":[{\"@type\":\"SearchAction\",\"target\":{\"@type\":\"EntryPoint\",\"urlTemplate\":\"https:\/\/irlab.se\/?s={search_term_string}\"},\"query-input\":{\"@type\":\"PropertyValueSpecification\",\"valueRequired\":true,\"valueName\":\"search_term_string\"}}],\"inLanguage\":\"sv-SE\"}]}<\/script>\n<!-- \/ Yoast SEO plugin. -->","yoast_head_json":{"title":"Investerare - IRLAB","robots":{"index":"index","follow":"follow","max-snippet":"max-snippet:-1","max-image-preview":"max-image-preview:large","max-video-preview":"max-video-preview:-1"},"canonical":"https:\/\/irlab.se\/sv\/investerare\/","og_locale":"sv_SE","og_type":"article","og_title":"Investerare - IRLAB","og_description":"VD kommentar Kristina Torfg\u00e5rd kommenterar Q4 2025 \u201dUnder det g\u00e5ngna \u00e5ret har vi gjort framsteg inom v\u00e5r forskningsportf\u00f6lj samtidigt som vi kontinuerligt arbetat med att effektivisera verksamheten f\u00f6r att spara resurser. Vi har framg\u00e5ngsrikt tagit IRL757 vidare i klinisk utveckling, st\u00e4rkt patentskyddet, f\u00f6rtydligat och bekr\u00e4ftat den kommersiella potentialen f\u00f6r mesdopetam samt rapporterat lovande Fas IIb-resultat [&hellip;]","og_url":"https:\/\/irlab.se\/sv\/investerare\/","og_site_name":"IRLAB","article_modified_time":"2026-03-27T15:48:44+00:00","og_image":[{"width":773,"height":1081,"url":"https:\/\/irlab.se\/wp-content\/uploads\/2024\/08\/Kristina-Torfgard.jpg","type":"image\/jpeg"}],"twitter_card":"summary_large_image","twitter_misc":{"Ber\u00e4knad l\u00e4stid":"1 minut"},"schema":{"@context":"https:\/\/schema.org","@graph":[{"@type":"WebPage","@id":"https:\/\/irlab.se\/sv\/investerare\/","url":"https:\/\/irlab.se\/sv\/investerare\/","name":"Investerare - IRLAB","isPartOf":{"@id":"https:\/\/irlab.se\/#website"},"primaryImageOfPage":{"@id":"https:\/\/irlab.se\/sv\/investerare\/#primaryimage"},"image":{"@id":"https:\/\/irlab.se\/sv\/investerare\/#primaryimage"},"thumbnailUrl":"https:\/\/irlab.se\/wp-content\/uploads\/2024\/08\/Kristina-Torfgard-732x1024.jpg","datePublished":"2018-10-26T10:07:51+00:00","dateModified":"2026-03-27T15:48:44+00:00","breadcrumb":{"@id":"https:\/\/irlab.se\/sv\/investerare\/#breadcrumb"},"inLanguage":"sv-SE","potentialAction":[{"@type":"ReadAction","target":["https:\/\/irlab.se\/sv\/investerare\/"]}]},{"@type":"ImageObject","inLanguage":"sv-SE","@id":"https:\/\/irlab.se\/sv\/investerare\/#primaryimage","url":"https:\/\/irlab.se\/wp-content\/uploads\/2024\/08\/Kristina-Torfgard-732x1024.jpg","contentUrl":"https:\/\/irlab.se\/wp-content\/uploads\/2024\/08\/Kristina-Torfgard-732x1024.jpg"},{"@type":"BreadcrumbList","@id":"https:\/\/irlab.se\/sv\/investerare\/#breadcrumb","itemListElement":[{"@type":"ListItem","position":1,"name":"Home","item":"https:\/\/irlab.se\/sv\/"},{"@type":"ListItem","position":2,"name":"Investerare"}]},{"@type":"WebSite","@id":"https:\/\/irlab.se\/#website","url":"https:\/\/irlab.se\/","name":"Irlab","description":"Novel treatments for Parkinson&#039;s disease","potentialAction":[{"@type":"SearchAction","target":{"@type":"EntryPoint","urlTemplate":"https:\/\/irlab.se\/?s={search_term_string}"},"query-input":{"@type":"PropertyValueSpecification","valueRequired":true,"valueName":"search_term_string"}}],"inLanguage":"sv-SE"}]}},"_links":{"self":[{"href":"https:\/\/irlab.se\/sv\/wp-json\/wp\/v2\/pages\/583","targetHints":{"allow":["GET"]}}],"collection":[{"href":"https:\/\/irlab.se\/sv\/wp-json\/wp\/v2\/pages"}],"about":[{"href":"https:\/\/irlab.se\/sv\/wp-json\/wp\/v2\/types\/page"}],"author":[{"embeddable":true,"href":"https:\/\/irlab.se\/sv\/wp-json\/wp\/v2\/users\/1"}],"replies":[{"embeddable":true,"href":"https:\/\/irlab.se\/sv\/wp-json\/wp\/v2\/comments?post=583"}],"version-history":[{"count":111,"href":"https:\/\/irlab.se\/sv\/wp-json\/wp\/v2\/pages\/583\/revisions"}],"predecessor-version":[{"id":12815,"href":"https:\/\/irlab.se\/sv\/wp-json\/wp\/v2\/pages\/583\/revisions\/12815"}],"wp:attachment":[{"href":"https:\/\/irlab.se\/sv\/wp-json\/wp\/v2\/media?parent=583"}],"curies":[{"name":"wp","href":"https:\/\/api.w.org\/{rel}","templated":true}]}}