{"id":581,"date":"2018-11-05T13:47:17","date_gmt":"2018-11-05T13:47:17","guid":{"rendered":"http:\/\/www.irlab.se\/discovery-approach\/parkinsons-desease\/"},"modified":"2026-04-09T17:51:06","modified_gmt":"2026-04-09T15:51:06","slug":"parkinsons-sjukdom","status":"publish","type":"page","link":"https:\/\/irlab.se\/sv\/terapeutiskt-fokus\/parkinsons-sjukdom\/","title":{"rendered":"Parkinsons sjukdom"},"content":{"rendered":"\n<h1 class=\"wp-block-heading\" id=\"parkinsons-sjukdom\">Parkinsons sjukdom<\/h1>\n\n\n\n<p class=\"is-style-intro-text-style\"><strong>Parkinsons sjukdom \u00e4r en neurologisk sjukdom som inneb\u00e4r att nervceller b\u00f6rjar f\u00f6rtvina i f\u00f6rtid. Parkinsons \u00e4r den vanligaste neurodegenerativa sjukdomen efter Alzheimers sjukdom. Globalt uppskattas n\u00e4ra elva miljoner m\u00e4nniskor leva med sjukdomen, en siffra som kommer att mer \u00e4n f\u00f6rdubblas fram till \u00e5r 2040. Sjukdomen \u00e4r b\u00e5de kronisk och progressiv vilket inneb\u00e4r att den b\u00e5de \u00e4r livsl\u00e5ng och f\u00f6rv\u00e4rras med tiden.<\/strong><\/p>\n\n\n\n<div style=\"height:20px\" aria-hidden=\"true\" class=\"wp-block-spacer\"><\/div>\n\n\n\n<h3 class=\"wp-block-heading\" id=\"forsvagande-progressivt-och-kostsamt\">F\u00f6rsvagande, progressivt och kostsamt<\/h3>\n\n\n\n<p>Parkinson debuterar vanligen efter 60 \u00e5rs \u00e5lder men kan \u00e4ven drabba yngre personer. Man vet inte exakt vad som orsakar sjukdomen och det finns idag inget s\u00e4tt att hindra uppkomsten eller bromsa utvecklingen. Under senare \u00e5r har ett antal genetiska avvikelser kunnat p\u00e5visas, men sammantaget svarar de f\u00f6r en liten andel av alla diagnostiserade fall. <\/p>\n\n\n\n<p>Sjukdomen debuterar med motoriska symtom som f\u00f6rl\u00e5ngsamning (bradykinesi), skakningar och muskelstelhet (rigiditet). Dessa symtom beror p\u00e5 brist p\u00e5 transmittorsubstansen dopamin i hj\u00e4rnan. Sjukdomsprocessen drabbar \u00e4ven andra nervceller och neurotransmittorsystem och med tiden tillkommer en allt sv\u00e5rare balansrubbning, symtom fr\u00e5n autonoma nervsystemet och kognitiva brister.<\/p>\n\n\n\n<div style=\"height:20px\" aria-hidden=\"true\" class=\"wp-block-spacer\"><\/div>\n\n\n\n<div class=\"wp-block-columns has-background is-layout-flex wp-container-core-columns-is-layout-9d6595d7 wp-block-columns-is-layout-flex\" style=\"background-color:#d9d4cc94\">\n<div class=\"wp-block-column is-layout-flow wp-block-column-is-layout-flow\">\n<p><strong>Huvudsymtom vid Parkinson:<\/strong><\/p>\n\n\n\n<ul class=\"wp-block-list\">\n<li>Tremor \u2013 Skakningar i h\u00e4nder, armar och ben<\/li>\n\n\n\n<li>Rigiditet \u2013 Muskelstelhet<\/li>\n\n\n\n<li>Bradykinesi \u2013 Sv\u00e5righet att r\u00f6ra sig<\/li>\n\n\n\n<li>Nedsatt balans (postural dysfunktion)<\/li>\n<\/ul>\n<\/div>\n\n\n\n<div class=\"wp-block-column is-layout-flow wp-block-column-is-layout-flow\">\n<p><strong>N\u00e4r sjukdomen utvecklas uppkommer andra symtom:<\/strong><\/p>\n\n\n\n<ul class=\"wp-block-list\">\n<li>Dyskinesier (en konsekvens av den n\u00f6dv\u00e4ndiga behandlingen med levodopa)<\/li>\n\n\n\n<li>Balansproblem och fall<\/li>\n\n\n\n<li>Tal- och sv\u00e4ljsv\u00e5righeter<\/li>\n\n\n\n<li>Psykotiska symtom, t.ex. hallucinationer<\/li>\n\n\n\n<li>Autonoma symtom, t.ex. blodtrycksfall och inkontinens<\/li>\n\n\n\n<li>Kognitiv f\u00f6rs\u00e4mring \u2013 demens<\/li>\n<\/ul>\n<\/div>\n<\/div>\n\n\n\n<p><\/p>\n\n\n\n<div style=\"height:20px\" aria-hidden=\"true\" class=\"wp-block-spacer\"><\/div>\n\n\n\n<h3 class=\"wp-block-heading\">Levodopa ger r\u00f6rlighet men orsakar dyskinesier<\/h3>\n\n\n\n<p>Ett v\u00e4ldigt stort framsteg i behandlingen gjordes p\u00e5 1960-talet n\u00e4r bristen p\u00e5 dopamin kunde p\u00e5visas och behandling med levodopa introducerades. Levodopa \u00e4r ett f\u00f6rstadium till dopamin som omvandlas i hj\u00e4rnan och ers\u00e4tter det av sjukdomen f\u00f6rlorade dopaminet. Pl\u00f6tsligt kunde patienter som var bundna till sina s\u00e4ngar och rullstolar resa sig upp och g\u00e5! Tidigt b\u00f6rjade man dock se att levodopa som var s\u00e5 effektivt f\u00f6r att minska r\u00f6relsef\u00f6rm\u00e5ga och skakningarna s\u00e5 sm\u00e5ningom \u00e4ven b\u00f6rjade orsaka ofrivilliga r\u00f6relser, dyskinesier. Behandlingen blev ocks\u00e5 med tiden alltmer sv\u00e5rstyrd, patienter utvecklade snabba kast mellan d\u00e5lig r\u00f6rlighet och \u00f6verr\u00f6rlighet. Behandlingen kan \u00e4ven leda till att patienten drabbas av hallucinationer. En vanlig f\u00f6rnimmelse, som patienter drabbade av detta har, \u00e4r k\u00e4nslan av n\u00e4rvaro av en annan person i rummet, n\u00e5got som kan stegras till visuella hallucinationer och i sv\u00e5rare fall p\u00e5tagliga psykotiska symtom med f\u00f6rvr\u00e4ngd verklighetsuppfattning.<\/p>\n\n\n\n<div style=\"height:20px\" aria-hidden=\"true\" class=\"wp-block-spacer\"><\/div>\n\n\n\n<h3 class=\"wp-block-heading\" id=\"inget-botemedel-eller-tydlig-orsak-till-uppkomsten\">Inget botemedel eller tydlig orsak till uppkomsten<\/h3>\n\n\n\n<p>Parkinsons sjukdom inneb\u00e4r att nervceller som anv\u00e4nder signalsubstansen dopamin l\u00e5ngsamt f\u00f6rsvinner och niv\u00e5n av dopamin minskar i hj\u00e4rnan. Dopaminet \u00e4r viktigt f\u00f6r att signalerna fr\u00e5n olika delar av hj\u00e4rnan ska n\u00e5 varandra. Diagnosen av Parkinsons sjukdom sker normalt inte f\u00f6rr\u00e4n n\u00e4rmare 80 procent av de nervceller som signalerar med hj\u00e4lp av dopamin har g\u00e5tt f\u00f6rlorade. Det finns idag inget botemedel mot sjukdomen och ingen allm\u00e4nt accepterad f\u00f6rklaring till varf\u00f6r vissa m\u00e4nniskor utvecklar den.<\/p>\n\n\n\n<p>Befintlig behandling av Parkinsons sjukdom \u00e4r helt inriktad p\u00e5 symtomlindring. Standardbehandlingen \u00e4r med levodopa, ett l\u00e4kemedel som i kroppen omvandlas till signalsubstansen dopamin. Sedan dess introduktion p\u00e5 1970-talet har en del nya l\u00e4kemedel introducerats. Dessa bygger ungef\u00e4r p\u00e5 samma princip, att p\u00e5 olika s\u00e4tt \u00f6ka transmissionen av dopamin, f\u00f6r att p\u00e5 s\u00e5 vis f\u00f6rb\u00e4ttra r\u00f6rligheten. F\u00f6r att stabilisera motoriken har \u00e4ven pumpstyrda behandlingar av levodopa introducerats, och \u00e4ven idag p\u00e5g\u00e5r utvecklingen av pumpstyrt subkutant levodopa. En allt mer vanlig metod att hantera sv\u00e5rbehandlade tillst\u00e5nd vid Parkinsons sjukdom \u00e4r att operera in elektroder i hj\u00e4rnan, s\u00e5 kallad DBS. Metoden bygger p\u00e5 att man med en h\u00f6gfrekvent elektrisk aktivitet st\u00f6r ut s\u00e5dana signaler som bidrar till symtom.<\/p>\n\n\n\n<p>Allteftersom sjukdomen fortg\u00e5r, blir det n\u00f6dv\u00e4ndigt att l\u00e4gga till flera l\u00e4kemedel f\u00f6r att hantera biverkningar som orsakas av levodopa (t.ex. s\u00e5 kallade enzymh\u00e4mmare). Forskning utf\u00f6rs f\u00f6r att hitta l\u00e4kemedel som bromsar sjukdomen men \u00e4r hittills utan framg\u00e5ng. Behandlingsm\u00f6jligheterna f\u00f6r personer drabbade av Parkinsons sjukdom \u00e4r idag l\u00e5ngt ifr\u00e5n optimala. Vi p\u00e5 IRLAB f\u00f6rs\u00f6ker p\u00e5 olika s\u00e4tt adressera n\u00e5gra av de st\u00f6rsta medicinska behoven vid sjukdomen.<\/p>\n\n\n\n<div style=\"height:20px\" aria-hidden=\"true\" class=\"wp-block-spacer\"><\/div>\n\n\n\n<hr class=\"wp-block-separator has-alpha-channel-opacity\"\/>\n\n\n\n<div style=\"height:20px\" aria-hidden=\"true\" class=\"wp-block-spacer\"><\/div>\n\n\n\n<div class=\"wp-block-columns is-layout-flex wp-container-core-columns-is-layout-9d6595d7 wp-block-columns-is-layout-flex\">\n<div class=\"wp-block-column is-layout-flow wp-block-column-is-layout-flow\">\n<h2 class=\"wp-block-heading\">V\u00e5r portf\u00f6lj<\/h2>\n\n\n\n<p>Forskning och utveckling av l\u00e4kemedel f\u00f6r att kunna f\u00f6rb\u00e4ttra livet f\u00f6r personer som lever med Parkinsons sjukdom.<\/p>\n\n\n\n<div class=\"wp-block-buttons is-layout-flex wp-block-buttons-is-layout-flex\">\n<div class=\"wp-block-button\"><a class=\"wp-block-button__link has-green-background-color has-background has-small-font-size has-custom-font-size wp-element-button\" href=\"https:\/\/irlab.se\/sv\/projektportfolj\/\">L\u00e4s mer om v\u00e5r portf\u00f6lj<\/a><\/div>\n<\/div>\n<\/div>\n\n\n\n<div class=\"wp-block-column is-layout-flow wp-block-column-is-layout-flow\">\n<h2 class=\"wp-block-heading\">Patientber\u00e4ttelser<\/h2>\n\n\n\n<p>L\u00e4s v\u00e5ra patientber\u00e4ttelser d\u00e4r personer med Parkinsons sjukdom beskriver sin livssituation och hur de upplever att sjukdomen p\u00e5verkar deras liv..\u00a0<\/p>\n\n\n\n<div class=\"wp-block-buttons is-layout-flex wp-block-buttons-is-layout-flex\">\n<div class=\"wp-block-button\"><a class=\"wp-block-button__link has-green-background-color has-background has-small-font-size has-custom-font-size wp-element-button\" href=\"https:\/\/irlab.se\/sv\/terapeutiskt-fokus\/patientberattelser\/\">L\u00e4s v\u00e5ra patientber\u00e4ttelser<\/a><\/div>\n<\/div>\n<\/div>\n<\/div>\n\n\n\n<p><\/p>\n","protected":false},"excerpt":{"rendered":"<p>Parkinsons sjukdom Parkinsons sjukdom \u00e4r en neurologisk sjukdom som inneb\u00e4r att nervceller b\u00f6rjar f\u00f6rtvina i f\u00f6rtid. Parkinsons \u00e4r den vanligaste neurodegenerativa sjukdomen efter Alzheimers sjukdom. Globalt uppskattas n\u00e4ra elva miljoner m\u00e4nniskor leva med sjukdomen, en siffra som kommer att mer \u00e4n f\u00f6rdubblas fram till \u00e5r 2040. Sjukdomen \u00e4r b\u00e5de kronisk och progressiv vilket inneb\u00e4r att [&hellip;]<\/p>\n","protected":false},"author":1,"featured_media":0,"parent":2081,"menu_order":0,"comment_status":"closed","ping_status":"closed","template":"","meta":{"_acf_changed":false,"footnotes":""},"class_list":["post-581","page","type-page","status-publish","hentry"],"acf":[],"yoast_head":"<!-- This site is optimized with the Yoast SEO plugin v26.7 - https:\/\/yoast.com\/wordpress\/plugins\/seo\/ -->\n<title>Parkinsons sjukdom - IRLAB<\/title>\n<meta name=\"robots\" content=\"index, follow, max-snippet:-1, max-image-preview:large, max-video-preview:-1\" \/>\n<link rel=\"canonical\" href=\"https:\/\/irlab.se\/sv\/terapeutiskt-fokus\/parkinsons-sjukdom\/\" \/>\n<meta property=\"og:locale\" content=\"sv_SE\" \/>\n<meta property=\"og:type\" content=\"article\" \/>\n<meta property=\"og:title\" content=\"Parkinsons sjukdom - IRLAB\" \/>\n<meta property=\"og:description\" content=\"Parkinsons sjukdom Parkinsons sjukdom \u00e4r en neurologisk sjukdom som inneb\u00e4r att nervceller b\u00f6rjar f\u00f6rtvina i f\u00f6rtid. Parkinsons \u00e4r den vanligaste neurodegenerativa sjukdomen efter Alzheimers sjukdom. Globalt uppskattas n\u00e4ra elva miljoner m\u00e4nniskor leva med sjukdomen, en siffra som kommer att mer \u00e4n f\u00f6rdubblas fram till \u00e5r 2040. Sjukdomen \u00e4r b\u00e5de kronisk och progressiv vilket inneb\u00e4r att [&hellip;]\" \/>\n<meta property=\"og:url\" content=\"https:\/\/irlab.se\/sv\/terapeutiskt-fokus\/parkinsons-sjukdom\/\" \/>\n<meta property=\"og:site_name\" content=\"IRLAB\" \/>\n<meta property=\"article:modified_time\" content=\"2026-04-09T15:51:06+00:00\" \/>\n<meta name=\"twitter:card\" content=\"summary_large_image\" \/>\n<meta name=\"twitter:label1\" content=\"Ber\u00e4knad l\u00e4stid\" \/>\n\t<meta name=\"twitter:data1\" content=\"3 minuter\" \/>\n<script type=\"application\/ld+json\" class=\"yoast-schema-graph\">{\"@context\":\"https:\/\/schema.org\",\"@graph\":[{\"@type\":\"WebPage\",\"@id\":\"https:\/\/irlab.se\/sv\/terapeutiskt-fokus\/parkinsons-sjukdom\/\",\"url\":\"https:\/\/irlab.se\/sv\/terapeutiskt-fokus\/parkinsons-sjukdom\/\",\"name\":\"Parkinsons sjukdom - IRLAB\",\"isPartOf\":{\"@id\":\"https:\/\/irlab.se\/#website\"},\"datePublished\":\"2018-11-05T13:47:17+00:00\",\"dateModified\":\"2026-04-09T15:51:06+00:00\",\"breadcrumb\":{\"@id\":\"https:\/\/irlab.se\/sv\/terapeutiskt-fokus\/parkinsons-sjukdom\/#breadcrumb\"},\"inLanguage\":\"sv-SE\",\"potentialAction\":[{\"@type\":\"ReadAction\",\"target\":[\"https:\/\/irlab.se\/sv\/terapeutiskt-fokus\/parkinsons-sjukdom\/\"]}]},{\"@type\":\"BreadcrumbList\",\"@id\":\"https:\/\/irlab.se\/sv\/terapeutiskt-fokus\/parkinsons-sjukdom\/#breadcrumb\",\"itemListElement\":[{\"@type\":\"ListItem\",\"position\":1,\"name\":\"Home\",\"item\":\"https:\/\/irlab.se\/sv\/\"},{\"@type\":\"ListItem\",\"position\":2,\"name\":\"Terapeutiskt fokus\",\"item\":\"https:\/\/irlab.se\/sv\/terapeutiskt-fokus\/\"},{\"@type\":\"ListItem\",\"position\":3,\"name\":\"Parkinsons sjukdom\"}]},{\"@type\":\"WebSite\",\"@id\":\"https:\/\/irlab.se\/#website\",\"url\":\"https:\/\/irlab.se\/\",\"name\":\"Irlab\",\"description\":\"Novel treatments for Parkinson&#039;s disease\",\"potentialAction\":[{\"@type\":\"SearchAction\",\"target\":{\"@type\":\"EntryPoint\",\"urlTemplate\":\"https:\/\/irlab.se\/?s={search_term_string}\"},\"query-input\":{\"@type\":\"PropertyValueSpecification\",\"valueRequired\":true,\"valueName\":\"search_term_string\"}}],\"inLanguage\":\"sv-SE\"}]}<\/script>\n<!-- \/ Yoast SEO plugin. -->","yoast_head_json":{"title":"Parkinsons sjukdom - IRLAB","robots":{"index":"index","follow":"follow","max-snippet":"max-snippet:-1","max-image-preview":"max-image-preview:large","max-video-preview":"max-video-preview:-1"},"canonical":"https:\/\/irlab.se\/sv\/terapeutiskt-fokus\/parkinsons-sjukdom\/","og_locale":"sv_SE","og_type":"article","og_title":"Parkinsons sjukdom - IRLAB","og_description":"Parkinsons sjukdom Parkinsons sjukdom \u00e4r en neurologisk sjukdom som inneb\u00e4r att nervceller b\u00f6rjar f\u00f6rtvina i f\u00f6rtid. Parkinsons \u00e4r den vanligaste neurodegenerativa sjukdomen efter Alzheimers sjukdom. Globalt uppskattas n\u00e4ra elva miljoner m\u00e4nniskor leva med sjukdomen, en siffra som kommer att mer \u00e4n f\u00f6rdubblas fram till \u00e5r 2040. Sjukdomen \u00e4r b\u00e5de kronisk och progressiv vilket inneb\u00e4r att [&hellip;]","og_url":"https:\/\/irlab.se\/sv\/terapeutiskt-fokus\/parkinsons-sjukdom\/","og_site_name":"IRLAB","article_modified_time":"2026-04-09T15:51:06+00:00","twitter_card":"summary_large_image","twitter_misc":{"Ber\u00e4knad l\u00e4stid":"3 minuter"},"schema":{"@context":"https:\/\/schema.org","@graph":[{"@type":"WebPage","@id":"https:\/\/irlab.se\/sv\/terapeutiskt-fokus\/parkinsons-sjukdom\/","url":"https:\/\/irlab.se\/sv\/terapeutiskt-fokus\/parkinsons-sjukdom\/","name":"Parkinsons sjukdom - IRLAB","isPartOf":{"@id":"https:\/\/irlab.se\/#website"},"datePublished":"2018-11-05T13:47:17+00:00","dateModified":"2026-04-09T15:51:06+00:00","breadcrumb":{"@id":"https:\/\/irlab.se\/sv\/terapeutiskt-fokus\/parkinsons-sjukdom\/#breadcrumb"},"inLanguage":"sv-SE","potentialAction":[{"@type":"ReadAction","target":["https:\/\/irlab.se\/sv\/terapeutiskt-fokus\/parkinsons-sjukdom\/"]}]},{"@type":"BreadcrumbList","@id":"https:\/\/irlab.se\/sv\/terapeutiskt-fokus\/parkinsons-sjukdom\/#breadcrumb","itemListElement":[{"@type":"ListItem","position":1,"name":"Home","item":"https:\/\/irlab.se\/sv\/"},{"@type":"ListItem","position":2,"name":"Terapeutiskt fokus","item":"https:\/\/irlab.se\/sv\/terapeutiskt-fokus\/"},{"@type":"ListItem","position":3,"name":"Parkinsons sjukdom"}]},{"@type":"WebSite","@id":"https:\/\/irlab.se\/#website","url":"https:\/\/irlab.se\/","name":"Irlab","description":"Novel treatments for Parkinson&#039;s disease","potentialAction":[{"@type":"SearchAction","target":{"@type":"EntryPoint","urlTemplate":"https:\/\/irlab.se\/?s={search_term_string}"},"query-input":{"@type":"PropertyValueSpecification","valueRequired":true,"valueName":"search_term_string"}}],"inLanguage":"sv-SE"}]}},"_links":{"self":[{"href":"https:\/\/irlab.se\/sv\/wp-json\/wp\/v2\/pages\/581","targetHints":{"allow":["GET"]}}],"collection":[{"href":"https:\/\/irlab.se\/sv\/wp-json\/wp\/v2\/pages"}],"about":[{"href":"https:\/\/irlab.se\/sv\/wp-json\/wp\/v2\/types\/page"}],"author":[{"embeddable":true,"href":"https:\/\/irlab.se\/sv\/wp-json\/wp\/v2\/users\/1"}],"replies":[{"embeddable":true,"href":"https:\/\/irlab.se\/sv\/wp-json\/wp\/v2\/comments?post=581"}],"version-history":[{"count":73,"href":"https:\/\/irlab.se\/sv\/wp-json\/wp\/v2\/pages\/581\/revisions"}],"predecessor-version":[{"id":12959,"href":"https:\/\/irlab.se\/sv\/wp-json\/wp\/v2\/pages\/581\/revisions\/12959"}],"up":[{"embeddable":true,"href":"https:\/\/irlab.se\/sv\/wp-json\/wp\/v2\/pages\/2081"}],"wp:attachment":[{"href":"https:\/\/irlab.se\/sv\/wp-json\/wp\/v2\/media?parent=581"}],"curies":[{"name":"wp","href":"https:\/\/api.w.org\/{rel}","templated":true}]}}