{"id":580,"date":"2018-11-05T13:47:01","date_gmt":"2018-11-05T13:47:01","guid":{"rendered":"http:\/\/www.irlab.se\/discovery-approach\/alzheimers-desease\/"},"modified":"2023-07-06T11:14:54","modified_gmt":"2023-07-06T09:14:54","slug":"pd-lids","status":"publish","type":"page","link":"https:\/\/irlab.se\/sv\/terapeutiskt-fokus\/pd-lids\/","title":{"rendered":"PD-LIDs"},"content":{"rendered":"\n<h1 class=\"wp-block-heading\" id=\"pd-lids\">PD-LIDs<\/h1>\n\n\n\n<p class=\"is-style-intro-text-style\">PD-LIDs inneb\u00e4r ofrivilliga r\u00f6relser eller s\u00e5 kallade dyskinesier som uppkommer som en biverkan av den n\u00f6dv\u00e4ndiga behandlingen med levodopa. Dyskinesier har varit ett medicinskt behov \u00e4nda sedan introduktionen av levodopa p\u00e5 1970-talet. Anledningen till att patienter utvecklar LIDs \u00e4r sannolikt multifaktoriell, men senare \u00e5rs forskning har pekat p\u00e5 att en specifik mottagarreceptor f\u00f6r dopamin (D3) har stor betydelse f\u00f6r uppkomsten av denna behandlingskomplikation.<\/p>\n\n\n\n<p><strong>Ca 30% av alla parkinsonpatienter utvecklar LIDs<br><\/strong>Levodopa-inducerade dyskinesier vid Parkinsons sjukdom (PD-LIDs) involverar antingen en enskild del av kroppen, t.ex. ett ben eller en arm, eller hela kroppen. Detta resulterar i det ryckiga r\u00f6relsem\u00f6nster som ofta \u00e4r associerat med parkinsonpatienter. LIDs uppkommer ofta efter en l\u00e4ngre period med levodopabehandling, vilket \u00e4r standardbehandlingen f\u00f6r huvudsymtomen vid Parkinsons sjukdom och n\u00f6dv\u00e4ndigt f\u00f6r att undvika stelhet, tremor och sv\u00e5righet att r\u00f6ra sig. Mer \u00e4n 30% av patienterna med Parkinsons sjukdom utvecklar dyskinesier inom fem \u00e5r och n\u00e4ra 60% har det efter tio \u00e5r av behandling med levodopa.<\/p>\n\n\n\n<p><strong>Enda godk\u00e4nda behandlingen har begr\u00e4nsningar<br><\/strong>I Europa finns \u00e4nnu inget godk\u00e4nt l\u00e4kemedel som specifikt adresserar behandling av PD-LIDs, men l\u00e4kemedlet amantadin finns tillg\u00e4ngligt som en brett t\u00e4ckande behandling av Parkinsons sjukdom. Amantadin minskar inte de positiva effekterna av levodopa och kan fungera bra f\u00f6r vissa patienter. Amantadin har dock mild effekt och behandlingen \u00e4r beh\u00e4ftad med biverkningar, d\u00e4r hallucinationer \u00e4r de mest framtr\u00e4dande. Det diskuteras ocks\u00e5 om l\u00e4kemedlet fungerar l\u00e4ngre \u00e4n 6-12 m\u00e5nader. Amantadin ER, en l\u00e5ngsamt verkande formulering av amantadin, registrerades i USA i augusti 2017 f\u00f6r behandling av PD-LIDs. . N\u00e4r ingen av dessa behandlingsmetoder fungerar kan kirurgiska ingrepp som Duodopa\/Duopa, d\u00e4r levodopa pumpas direkt in i tarmen, eller s\u00e5 kallad deep brain stimulation, d\u00e4r elektroder opereras in i hj\u00e4rnan, tillgripas. Detta \u00e4r d\u00e4remot endast f\u00f6r de allra sv\u00e5raste fallen d\u00e5 det inneb\u00e4r sv\u00e5ra biverkningar och h\u00f6ga behandlingskostnader.<\/p>\n\n\n\n<p>Det finns ett stort behov av behandlingar som kan kontrollera LIDs vid Parkinsons sjukdom f\u00f6r att ge l\u00e4ngre varaktighet av levodopabehandling. De behandlingar som finns tillg\u00e4ngliga idag inneb\u00e4r sv\u00e5ra biverkningar som f\u00f6rs\u00e4mrar patienternas livskvalitet.<\/p>\n","protected":false},"excerpt":{"rendered":"<p>PD-LIDs PD-LIDs inneb\u00e4r ofrivilliga r\u00f6relser eller s\u00e5 kallade dyskinesier som uppkommer som en biverkan av den n\u00f6dv\u00e4ndiga behandlingen med levodopa. Dyskinesier har varit ett medicinskt behov \u00e4nda sedan introduktionen av levodopa p\u00e5 1970-talet. Anledningen till att patienter utvecklar LIDs \u00e4r sannolikt multifaktoriell, men senare \u00e5rs forskning har pekat p\u00e5 att en specifik mottagarreceptor f\u00f6r dopamin [&hellip;]<\/p>\n","protected":false},"author":1,"featured_media":0,"parent":2081,"menu_order":0,"comment_status":"closed","ping_status":"closed","template":"","meta":{"_acf_changed":false,"footnotes":""},"class_list":["post-580","page","type-page","status-publish","hentry"],"acf":[],"yoast_head":"<!-- This site is optimized with the Yoast SEO plugin v26.7 - https:\/\/yoast.com\/wordpress\/plugins\/seo\/ -->\n<title>PD-LIDs - IRLAB<\/title>\n<meta name=\"robots\" content=\"index, follow, max-snippet:-1, max-image-preview:large, max-video-preview:-1\" \/>\n<link rel=\"canonical\" href=\"https:\/\/irlab.se\/sv\/terapeutiskt-fokus\/pd-lids\/\" \/>\n<meta property=\"og:locale\" content=\"sv_SE\" \/>\n<meta property=\"og:type\" content=\"article\" \/>\n<meta property=\"og:title\" content=\"PD-LIDs - IRLAB\" \/>\n<meta property=\"og:description\" content=\"PD-LIDs PD-LIDs inneb\u00e4r ofrivilliga r\u00f6relser eller s\u00e5 kallade dyskinesier som uppkommer som en biverkan av den n\u00f6dv\u00e4ndiga behandlingen med levodopa. Dyskinesier har varit ett medicinskt behov \u00e4nda sedan introduktionen av levodopa p\u00e5 1970-talet. Anledningen till att patienter utvecklar LIDs \u00e4r sannolikt multifaktoriell, men senare \u00e5rs forskning har pekat p\u00e5 att en specifik mottagarreceptor f\u00f6r dopamin [&hellip;]\" \/>\n<meta property=\"og:url\" content=\"https:\/\/irlab.se\/sv\/terapeutiskt-fokus\/pd-lids\/\" \/>\n<meta property=\"og:site_name\" content=\"IRLAB\" \/>\n<meta property=\"article:modified_time\" content=\"2023-07-06T09:14:54+00:00\" \/>\n<meta name=\"twitter:card\" content=\"summary_large_image\" \/>\n<meta name=\"twitter:label1\" content=\"Ber\u00e4knad l\u00e4stid\" \/>\n\t<meta name=\"twitter:data1\" content=\"2 minuter\" \/>\n<script type=\"application\/ld+json\" class=\"yoast-schema-graph\">{\"@context\":\"https:\/\/schema.org\",\"@graph\":[{\"@type\":\"WebPage\",\"@id\":\"https:\/\/irlab.se\/sv\/terapeutiskt-fokus\/pd-lids\/\",\"url\":\"https:\/\/irlab.se\/sv\/terapeutiskt-fokus\/pd-lids\/\",\"name\":\"PD-LIDs - IRLAB\",\"isPartOf\":{\"@id\":\"https:\/\/irlab.se\/#website\"},\"datePublished\":\"2018-11-05T13:47:01+00:00\",\"dateModified\":\"2023-07-06T09:14:54+00:00\",\"breadcrumb\":{\"@id\":\"https:\/\/irlab.se\/sv\/terapeutiskt-fokus\/pd-lids\/#breadcrumb\"},\"inLanguage\":\"sv-SE\",\"potentialAction\":[{\"@type\":\"ReadAction\",\"target\":[\"https:\/\/irlab.se\/sv\/terapeutiskt-fokus\/pd-lids\/\"]}]},{\"@type\":\"BreadcrumbList\",\"@id\":\"https:\/\/irlab.se\/sv\/terapeutiskt-fokus\/pd-lids\/#breadcrumb\",\"itemListElement\":[{\"@type\":\"ListItem\",\"position\":1,\"name\":\"Home\",\"item\":\"https:\/\/irlab.se\/sv\/\"},{\"@type\":\"ListItem\",\"position\":2,\"name\":\"Terapeutiskt fokus\",\"item\":\"https:\/\/irlab.se\/sv\/terapeutiskt-fokus\/\"},{\"@type\":\"ListItem\",\"position\":3,\"name\":\"PD-LIDs\"}]},{\"@type\":\"WebSite\",\"@id\":\"https:\/\/irlab.se\/#website\",\"url\":\"https:\/\/irlab.se\/\",\"name\":\"Irlab\",\"description\":\"Novel treatments for Parkinson&#039;s disease\",\"potentialAction\":[{\"@type\":\"SearchAction\",\"target\":{\"@type\":\"EntryPoint\",\"urlTemplate\":\"https:\/\/irlab.se\/?s={search_term_string}\"},\"query-input\":{\"@type\":\"PropertyValueSpecification\",\"valueRequired\":true,\"valueName\":\"search_term_string\"}}],\"inLanguage\":\"sv-SE\"}]}<\/script>\n<!-- \/ Yoast SEO plugin. -->","yoast_head_json":{"title":"PD-LIDs - IRLAB","robots":{"index":"index","follow":"follow","max-snippet":"max-snippet:-1","max-image-preview":"max-image-preview:large","max-video-preview":"max-video-preview:-1"},"canonical":"https:\/\/irlab.se\/sv\/terapeutiskt-fokus\/pd-lids\/","og_locale":"sv_SE","og_type":"article","og_title":"PD-LIDs - IRLAB","og_description":"PD-LIDs PD-LIDs inneb\u00e4r ofrivilliga r\u00f6relser eller s\u00e5 kallade dyskinesier som uppkommer som en biverkan av den n\u00f6dv\u00e4ndiga behandlingen med levodopa. Dyskinesier har varit ett medicinskt behov \u00e4nda sedan introduktionen av levodopa p\u00e5 1970-talet. Anledningen till att patienter utvecklar LIDs \u00e4r sannolikt multifaktoriell, men senare \u00e5rs forskning har pekat p\u00e5 att en specifik mottagarreceptor f\u00f6r dopamin [&hellip;]","og_url":"https:\/\/irlab.se\/sv\/terapeutiskt-fokus\/pd-lids\/","og_site_name":"IRLAB","article_modified_time":"2023-07-06T09:14:54+00:00","twitter_card":"summary_large_image","twitter_misc":{"Ber\u00e4knad l\u00e4stid":"2 minuter"},"schema":{"@context":"https:\/\/schema.org","@graph":[{"@type":"WebPage","@id":"https:\/\/irlab.se\/sv\/terapeutiskt-fokus\/pd-lids\/","url":"https:\/\/irlab.se\/sv\/terapeutiskt-fokus\/pd-lids\/","name":"PD-LIDs - IRLAB","isPartOf":{"@id":"https:\/\/irlab.se\/#website"},"datePublished":"2018-11-05T13:47:01+00:00","dateModified":"2023-07-06T09:14:54+00:00","breadcrumb":{"@id":"https:\/\/irlab.se\/sv\/terapeutiskt-fokus\/pd-lids\/#breadcrumb"},"inLanguage":"sv-SE","potentialAction":[{"@type":"ReadAction","target":["https:\/\/irlab.se\/sv\/terapeutiskt-fokus\/pd-lids\/"]}]},{"@type":"BreadcrumbList","@id":"https:\/\/irlab.se\/sv\/terapeutiskt-fokus\/pd-lids\/#breadcrumb","itemListElement":[{"@type":"ListItem","position":1,"name":"Home","item":"https:\/\/irlab.se\/sv\/"},{"@type":"ListItem","position":2,"name":"Terapeutiskt fokus","item":"https:\/\/irlab.se\/sv\/terapeutiskt-fokus\/"},{"@type":"ListItem","position":3,"name":"PD-LIDs"}]},{"@type":"WebSite","@id":"https:\/\/irlab.se\/#website","url":"https:\/\/irlab.se\/","name":"Irlab","description":"Novel treatments for Parkinson&#039;s disease","potentialAction":[{"@type":"SearchAction","target":{"@type":"EntryPoint","urlTemplate":"https:\/\/irlab.se\/?s={search_term_string}"},"query-input":{"@type":"PropertyValueSpecification","valueRequired":true,"valueName":"search_term_string"}}],"inLanguage":"sv-SE"}]}},"_links":{"self":[{"href":"https:\/\/irlab.se\/sv\/wp-json\/wp\/v2\/pages\/580","targetHints":{"allow":["GET"]}}],"collection":[{"href":"https:\/\/irlab.se\/sv\/wp-json\/wp\/v2\/pages"}],"about":[{"href":"https:\/\/irlab.se\/sv\/wp-json\/wp\/v2\/types\/page"}],"author":[{"embeddable":true,"href":"https:\/\/irlab.se\/sv\/wp-json\/wp\/v2\/users\/1"}],"replies":[{"embeddable":true,"href":"https:\/\/irlab.se\/sv\/wp-json\/wp\/v2\/comments?post=580"}],"version-history":[{"count":11,"href":"https:\/\/irlab.se\/sv\/wp-json\/wp\/v2\/pages\/580\/revisions"}],"predecessor-version":[{"id":10774,"href":"https:\/\/irlab.se\/sv\/wp-json\/wp\/v2\/pages\/580\/revisions\/10774"}],"up":[{"embeddable":true,"href":"https:\/\/irlab.se\/sv\/wp-json\/wp\/v2\/pages\/2081"}],"wp:attachment":[{"href":"https:\/\/irlab.se\/sv\/wp-json\/wp\/v2\/media?parent=580"}],"curies":[{"name":"wp","href":"https:\/\/api.w.org\/{rel}","templated":true}]}}