{"id":575,"date":"2018-11-05T13:57:49","date_gmt":"2018-11-05T13:57:49","guid":{"rendered":"http:\/\/www.irlab.se\/corporate-governance\/management\/"},"modified":"2026-03-18T10:31:07","modified_gmt":"2026-03-18T09:31:07","slug":"management","status":"publish","type":"page","link":"https:\/\/irlab.se\/sv\/om-irlab\/management\/","title":{"rendered":"Ledning"},"content":{"rendered":"\n<h1 class=\"wp-block-heading\" id=\"ledning\">Ledning<\/h1>\n\n\n\n<div class=\"wp-block-columns is-layout-flex wp-container-core-columns-is-layout-9d6595d7 wp-block-columns-is-layout-flex\">\n<div class=\"wp-block-column is-layout-flow wp-block-column-is-layout-flow\" style=\"flex-basis:33.33%\">\n<figure class=\"wp-block-image size-large\"><img decoding=\"async\" src=\"https:\/\/irlab.se\/wp-content\/uploads\/2026\/03\/Kristina_Torftegard_IRLAB_1024_861_WEB.jpg\" alt=\"\"\/><\/figure>\n\n\n\n<p>Kristina Torfg\u00e5rd<\/p>\n\n\n\n<p>f\u00f6dd 1963<br>VD<\/p>\n<\/div>\n\n\n\n<div class=\"wp-block-column is-layout-flow wp-block-column-is-layout-flow\" style=\"flex-basis:66.66%\">\n<p>Dr. Kristina Torfg\u00e5rd har omfattande erfarenhet av f\u00f6retagsledning, l\u00e4kemedelsutveckling, regulatoriska fr\u00e5gor och licensarbete med st\u00f6rre internationella l\u00e4kemedelsf\u00f6retag, bland annat inom omr\u00e5det neurodegenerativa sjukdomar. Under sin tid p\u00e5 AstraZeneca innehade hon ledande positioner inom forskning och utveckling i b\u00e5de tidig och sen fas, och var globalt ansvarig f\u00f6r marknadsf\u00f6rda produkter. P\u00e5 biofarmabolaget Albireo AB\/Pharma Inc arbetade hon som VP Clinical &amp; Regulatory Affairs och VP Global Project Head. Hon kommer n\u00e4rmast fr\u00e5n rollen som VD f\u00f6r Alzinova AB, d\u00e4r hon bland annat byggt upp bolaget f\u00f6r att genom partnering ta l\u00e4kemedelskandidater mot Alzheimers sjukdom till marknaden. Kristina \u00e4r apotekare och har en doktorsexamen i medicinsk vetenskap fr\u00e5n Link\u00f6pings universitet. Hon \u00e4r styrelseledamot i GU Ventures, holdingbolaget vid G\u00f6teborgs Universitet.<\/p>\n\n\n\n<p>Aktieinnehav: 99 214 aktier av serie A<\/p>\n<\/div>\n<\/div>\n\n\n\n<hr class=\"wp-block-separator has-text-color has-sand-color has-css-opacity has-sand-background-color has-background is-style-wide\"\/>\n\n\n\n<div style=\"height:32px\" aria-hidden=\"true\" class=\"wp-block-spacer\"><\/div>\n\n\n\n<div class=\"wp-block-columns is-layout-flex wp-container-core-columns-is-layout-9d6595d7 wp-block-columns-is-layout-flex\">\n<div class=\"wp-block-column is-layout-flow wp-block-column-is-layout-flow\" style=\"flex-basis:33.33%\">\n<figure class=\"wp-block-image size-full\"><img loading=\"lazy\" decoding=\"async\" width=\"761\" height=\"1024\" src=\"https:\/\/irlab.se\/wp-content\/uploads\/2022\/04\/Nicholas_Waters_IRLAB_WEB_761_1084.jpg\" alt=\"\" class=\"wp-image-8890\" srcset=\"https:\/\/irlab.se\/wp-content\/uploads\/2022\/04\/Nicholas_Waters_IRLAB_WEB_761_1084.jpg 761w, https:\/\/irlab.se\/wp-content\/uploads\/2022\/04\/Nicholas_Waters_IRLAB_WEB_761_1084-223x300.jpg 223w\" sizes=\"auto, (max-width: 761px) 100vw, 761px\" \/><\/figure>\n\n\n\n<p>Nicholas Waters<br><br>f\u00f6dd 1962<br>Executive Vice President &amp; Head of R&amp;D<\/p>\n<\/div>\n\n\n\n<div class=\"wp-block-column is-layout-flow wp-block-column-is-layout-flow\" style=\"flex-basis:66.66%\">\n<p>PhD i Farmakologi vid G\u00f6teborg universitet. Arbetade i nobelpristagaren Arvid Carlssons forskargrupp vid institutionen f\u00f6r farmakologi vid G\u00f6teborgs universitet 1987-2000. Han disputerade \u00e5r 1995. \u00c5r 1996 var han hj\u00e4rnfondsstipendiat. \u00c5r 1998 var han med och grundade A Carlsson Research AB (CR), och arbetade d\u00e4refter som forskningschef i bolaget fram till 2006 d\u00e5 han uts\u00e5gs till VD. Han arbetade som VD i CR och Neurosearch Sweden AB 2006-2012. Han var styrelseledamot i A Carlsson Research AB 1998-2002 och i NeuroSearch Sweden AB var han styrelseledamot 2006-2012. Under 2010-2012 var han \u00e4ven Executive Vice President Research i NeuroSearch A\/S. Under \u00e5ren 2007-2010 var han styrelseledamot i Sweden BIO. \u00c5r 2013 medgrundade han IRLAB. VD i IRLAB 2013-2022.<\/p>\n\n\n\n<p><em>Aktieinnehav:<\/em> 1 445 904 aktier av serie A och 17 892 av serie B varav 796 200 aktier av serie A och 8 946 av serie B \u00e4gs direkt. Susanna Holm Waters, som ocks\u00e5 \u00e4r del av ledningen, \u00e4ger resterande.<\/p>\n<\/div>\n<\/div>\n\n\n\n<hr class=\"wp-block-separator has-text-color has-sand-color has-css-opacity has-sand-background-color has-background is-style-wide\"\/>\n\n\n\n<div style=\"height:32px\" aria-hidden=\"true\" class=\"wp-block-spacer\"><\/div>\n\n\n\n<div class=\"wp-block-columns is-layout-flex wp-container-core-columns-is-layout-9d6595d7 wp-block-columns-is-layout-flex\">\n<div class=\"wp-block-column is-layout-flow wp-block-column-is-layout-flow\" style=\"flex-basis:33.33%\">\n<figure class=\"wp-block-image size-large\"><img decoding=\"async\" src=\"https:\/\/irlab.se\/wp-content\/uploads\/2026\/03\/Gustaf_Albert_IRLAB_1024_861_WEB.jpg\" alt=\"\"\/><\/figure>\n\n\n\n<p>Gustaf Alb\u00e8rt<br><br>f\u00f6dd 1968<br>Chief Financial Officer (CFO)<\/p>\n<\/div>\n\n\n\n<div class=\"wp-block-column is-layout-flow wp-block-column-is-layout-flow\" style=\"flex-basis:66.66%\">\n<p>Gustaf Alb\u00e8rt har omfattande erfarenhet fr\u00e5n ledande finansroller och har bland annat varit CFO och vice VD f\u00f6r Isofol Medical, CFO och VD f\u00f6r Elanders Sverige och senast CFO f\u00f6r biotechf\u00f6retaget Aqilion.. Han har tidigare arbetat som auktoriserad revisor vid Deloitte och \u00e4r civilekonom samt har en magisterexamen i internationell redovisning och revision fr\u00e5n Handelsh\u00f6gskolan vid G\u00f6teborgs universitet.<\/p>\n\n\n\n<p><em>Aktieinnehav:<\/em> Nej<\/p>\n<\/div>\n<\/div>\n\n\n\n<hr class=\"wp-block-separator has-text-color has-sand-color has-css-opacity has-sand-background-color has-background is-style-wide\"\/>\n\n\n\n<div style=\"height:32px\" aria-hidden=\"true\" class=\"wp-block-spacer\"><\/div>\n\n\n\n<div class=\"wp-block-columns is-layout-flex wp-container-core-columns-is-layout-9d6595d7 wp-block-columns-is-layout-flex\">\n<div class=\"wp-block-column is-layout-flow wp-block-column-is-layout-flow\" style=\"flex-basis:33.33%\">\n<figure class=\"wp-block-image size-full\"><img loading=\"lazy\" decoding=\"async\" width=\"761\" height=\"1024\" src=\"https:\/\/irlab.se\/wp-content\/uploads\/2022\/04\/Clas_Sonesson_IRLAB_WEB_761_1084.jpg\" alt=\"\" class=\"wp-image-8878\" srcset=\"https:\/\/irlab.se\/wp-content\/uploads\/2022\/04\/Clas_Sonesson_IRLAB_WEB_761_1084.jpg 761w, https:\/\/irlab.se\/wp-content\/uploads\/2022\/04\/Clas_Sonesson_IRLAB_WEB_761_1084-223x300.jpg 223w\" sizes=\"auto, (max-width: 761px) 100vw, 761px\" \/><\/figure>\n\n\n\n<p>Clas Sonesson<br><br>f\u00f6dd 1961<br>Chief Scientific Officer (CSO)<\/p>\n<\/div>\n\n\n\n<div class=\"wp-block-column is-layout-flow wp-block-column-is-layout-flow\" style=\"flex-basis:66.66%\">\n<p>Clas Sonesson, PhD i L\u00e4kemedelskemi. Arbetade som l\u00e4kemedelskemist och doktorand i nobelpristagaren Arvid Carlssons forskargrupp vid institutionen f\u00f6r farmakologi vid G\u00f6teborgs universitet 1989\u2013 2000. \u00c5r 1998 var han med och grundade A Carlsson Research AB, som s\u00e5ldes till NeuroSearch Sweden A\/S 2006 och i samband d\u00e4rmed bytte firma till NeuroSearch Sweden AB. I A Carlsson Research AB\/NeuroSearch Sweden AB var han styrelseledamot 1998-2002, Head of Medicinal Chemistry 2000-2002, Director of Chemistry &amp; IP 2002-2009, Head of Discovery 2009-2011 och Vice President Chemistry &amp; IP 2011-2012. Under \u00e5ren p\u00e5 A Carlsson Research AB\/NeuroSearch Sweden AB var han ocks\u00e5 CMC-ansvarig i n\u00e5gra utvecklingsprojekt. \u00c5r 2013 var han medgrundare av IRLAB. Chief Scientific Officer (CSO) i IRLAB sedan 2013.<\/p>\n\n\n\n<p><em>Aktieinnehav:<\/em> 770 591 aktier av serie A och 8 946 aktier av serie B.<\/p>\n<\/div>\n<\/div>\n\n\n\n<hr class=\"wp-block-separator has-text-color has-sand-color has-css-opacity has-sand-background-color has-background is-style-wide\"\/>\n\n\n\n<div style=\"height:32px\" aria-hidden=\"true\" class=\"wp-block-spacer\"><\/div>\n\n\n\n<div class=\"wp-block-columns is-layout-flex wp-container-core-columns-is-layout-9d6595d7 wp-block-columns-is-layout-flex\">\n<div class=\"wp-block-column is-layout-flow wp-block-column-is-layout-flow\" style=\"flex-basis:33.33%\">\n<figure class=\"wp-block-image size-full\"><img loading=\"lazy\" decoding=\"async\" width=\"761\" height=\"1024\" src=\"https:\/\/irlab.se\/wp-content\/uploads\/2022\/04\/Joakim_Tedroff_IRLAB_WEB_761_1084.jpg\" alt=\"\" class=\"wp-image-8882\" srcset=\"https:\/\/irlab.se\/wp-content\/uploads\/2022\/04\/Joakim_Tedroff_IRLAB_WEB_761_1084.jpg 761w, https:\/\/irlab.se\/wp-content\/uploads\/2022\/04\/Joakim_Tedroff_IRLAB_WEB_761_1084-223x300.jpg 223w\" sizes=\"auto, (max-width: 761px) 100vw, 761px\" \/><\/figure>\n\n\n\n<p>Joakim Tedroff<\/p>\n\n\n\n<p>f\u00f6dd 1961<br>Chief Medical Officer (CMO)<\/p>\n<\/div>\n\n\n\n<div class=\"wp-block-column is-layout-flow wp-block-column-is-layout-flow\" style=\"flex-basis:66.66%\">\n<p>Dr. Joakim Tedroff, M.D. Ph.D., \u00e4r specialist i neurologi med fokus p\u00e5 neurodegenerativa sjukdomar. Han \u00e4r ocks\u00e5 docent i experimentell neurologi vid institutionen f\u00f6r klinisk neurovetenskap vid Karolinska Institutet. Joakim har mer \u00e4n 20 \u00e5rs erfarenhet fr\u00e5n l\u00e4kemedelsindustrin med l\u00e5ng erfarenhet av att bedriva klinisk forskning fr\u00e5n fas 1 till fas 3 studier. Han var medgrundare av Carlsson Research och 2013 var han med och grundade IRLAB. Han har tidigare haft en position som CMO p\u00e5 A. Carlsson Research AB, och som Vice President p\u00e5 NeuroSearch. Han har varit styrelseledamot f\u00f6r Stockholm Brain Institute, XBrane Biopharma, Integrative Research Laboratories AB och varit ordf\u00f6rande f\u00f6r Abera Bioscience. Joakim har \u00e4ven arbetat som konsult f\u00f6r ett antal l\u00e4kemedelsf\u00f6retag inom neurologiomr\u00e5det, inklusive Allergan, Orion, Pfizer, Abbvie och Lundbeck samt f\u00f6r riskkapitalf\u00f6retag inom life science-projekt.<\/p>\n\n\n\n<p><em>P\u00e5g\u00e5ende uppdrag: <\/em>Styrelseledamot: Tedroff NeuroCare AB och Linnea Pharma AB. Styrelsesuppleant: Palette Film AB.<\/p>\n\n\n\n<p><em>Aktieinnehav:<\/em> 1 465 944 aktier av serie A, 8 946 aktier av serie B personligen samt via bolag\/n\u00e4rst\u00e5ende.<\/p>\n<\/div>\n<\/div>\n\n\n\n<hr class=\"wp-block-separator has-text-color has-sand-color has-css-opacity has-sand-background-color has-background is-style-wide\"\/>\n\n\n\n<div style=\"height:32px\" aria-hidden=\"true\" class=\"wp-block-spacer\"><\/div>\n\n\n\n<div class=\"wp-block-columns is-layout-flex wp-container-core-columns-is-layout-9d6595d7 wp-block-columns-is-layout-flex\">\n<div class=\"wp-block-column is-layout-flow wp-block-column-is-layout-flow\" style=\"flex-basis:33.33%\">\n<figure class=\"wp-block-image size-large\"><img loading=\"lazy\" decoding=\"async\" width=\"768\" height=\"1024\" src=\"https:\/\/irlab.se\/wp-content\/uploads\/2023\/04\/DR.Susanna_Holm_Waters_IRLAB_DSF0631_irlab_ars_2022-768x1024.jpg\" alt=\"\" class=\"wp-image-10421\" srcset=\"https:\/\/irlab.se\/wp-content\/uploads\/2023\/04\/DR.Susanna_Holm_Waters_IRLAB_DSF0631_irlab_ars_2022-768x1024.jpg 768w, https:\/\/irlab.se\/wp-content\/uploads\/2023\/04\/DR.Susanna_Holm_Waters_IRLAB_DSF0631_irlab_ars_2022-225x300.jpg 225w, https:\/\/irlab.se\/wp-content\/uploads\/2023\/04\/DR.Susanna_Holm_Waters_IRLAB_DSF0631_irlab_ars_2022-1152x1536.jpg 1152w, https:\/\/irlab.se\/wp-content\/uploads\/2023\/04\/DR.Susanna_Holm_Waters_IRLAB_DSF0631_irlab_ars_2022-1536x2048.jpg 1536w, https:\/\/irlab.se\/wp-content\/uploads\/2023\/04\/DR.Susanna_Holm_Waters_IRLAB_DSF0631_irlab_ars_2022.jpg 1560w\" sizes=\"auto, (max-width: 768px) 100vw, 768px\" \/><\/figure>\n\n\n\n<p>Susanna Holm Waters<br><br>f\u00f6dd 1966<br>Director of Biology &amp; Systems Pharmacology<\/p>\n<\/div>\n\n\n\n<div class=\"wp-block-column is-layout-flow wp-block-column-is-layout-flow\" style=\"flex-basis:66.66%\">\n<p>Dr Susanna Waters, M.D. Ph.D., b\u00f6rjade i nobelpristagaren Arvid Carlssons forskargrupp vid institutionen f\u00f6r farmakologi vid G\u00f6teborgs universitet 1993 och har sedan dess arbetat med forskning och klinisk utveckling inom CNS farmakologi och \u2019drug discovery\u2019, farmakokinetik, klinisk farmakologi och klinisk grundforskning, b\u00e5de i samarbete med l\u00e4kemedelsbolag och akademiskt, med fokus p\u00e5 ber\u00e4kningsbiologiska till\u00e4mpningar. Hon har ocks\u00e5 varit kliniskt verksam, som l\u00e4kare p\u00e5 Sahlgrenska Universitetssjukhuset (2015-2019). Susanna var medgrundare till A Carlsson Research AB d\u00e4r hon var Director of Computational Biology &amp; Biostatistics 2000-2006. Hon var Director of Molecular Biology &amp; Pharmacokinetics p\u00e5 NeuroSearch Sweden 2007-2010 och d\u00e4refter Director of Biology 2011-2012. Hon ing\u00e5r I ledningsgruppen p\u00e5 IRLAB sedan 2013, och var Director of Biology &amp; Biostatistics fram till 2022, d\u00e5 hon uts\u00e5gs till Director of Systems Pharmacology. Susanna \u00e4r leg. l\u00e4kare och Med Dr i farmakologi. Susanna \u00e4r medgrundare till IRLAB.<\/p>\n\n\n\n<p><em>Aktieinnehav:<\/em> &nbsp;1 445 904 aktier av serie A och 17 892 av serie B varav 649 704 aktier av serie A och 8 946 av serie B \u00e4gs direkt. Nicholas Waters, som ocks\u00e5 \u00e4r del av ledningen, \u00e4ger resterande.<\/p>\n<\/div>\n<\/div>\n\n\n\n<hr class=\"wp-block-separator has-text-color has-sand-color has-css-opacity has-sand-background-color has-background is-style-wide\"\/>\n\n\n\n<div style=\"height:32px\" aria-hidden=\"true\" class=\"wp-block-spacer\"><\/div>\n\n\n\n<div class=\"wp-block-columns is-layout-flex wp-container-core-columns-is-layout-9d6595d7 wp-block-columns-is-layout-flex\">\n<div class=\"wp-block-column is-layout-flow wp-block-column-is-layout-flow\" style=\"flex-basis:33.33%\">\n<figure class=\"wp-block-image size-full\"><img loading=\"lazy\" decoding=\"async\" width=\"761\" height=\"1024\" src=\"https:\/\/irlab.se\/wp-content\/uploads\/2022\/04\/Peder_Svenson_IRLAB_WEB_761_1084.jpg\" alt=\"\" class=\"wp-image-8892\" srcset=\"https:\/\/irlab.se\/wp-content\/uploads\/2022\/04\/Peder_Svenson_IRLAB_WEB_761_1084.jpg 761w, https:\/\/irlab.se\/wp-content\/uploads\/2022\/04\/Peder_Svenson_IRLAB_WEB_761_1084-223x300.jpg 223w\" sizes=\"auto, (max-width: 761px) 100vw, 761px\" \/><\/figure>\n\n\n\n<p>Peder Svensson<br><br>f\u00f6dd 1962<br>Director of Computational Chemistry &amp; Biology och Chief Information Officer (CIO)<\/p>\n<\/div>\n\n\n\n<div class=\"wp-block-column is-layout-flow wp-block-column-is-layout-flow\" style=\"flex-basis:66.66%\">\n<p>PhD i fysikalisk organisk kemi. \u00d6ver 25 \u00e5rs erfarenhet av forskning och forskningsledning inom l\u00e4kemedelsindustrin. Peder arbetade p\u00e5 Astra H\u00e4ssle (senare AstraZeneca R&amp;D M\u00f6lndal) som Computational Chemist inom kardiovaskul\u00e4r och gastrointestinal forskning i \u00e5tta \u00e5r. Han b\u00f6rjade p\u00e5 A Carlsson Research AB 2000, vilket bolag senare bytte firma till NeuroSearch Sweden AB. I A Carlsson Research AB\/NeuroSearch Sweden AB var han Head of Computational Chemistry &amp; Chief information Officer 2000-2011 och Director of Computational Chemistry &amp; Biology, IT 2011-2012. Han \u00e4r medgrundare till IRLAB.<\/p>\n\n\n\n<p><em>Aktieinnehav:<\/em> 260 134 aktier av serie A och 8 946 av serie B personligen samt via bolag\/n\u00e4rst\u00e5ende.<\/p>\n<\/div>\n<\/div>\n\n\n\n<hr class=\"wp-block-separator has-text-color has-sand-color has-css-opacity has-sand-background-color has-background is-style-wide\"\/>\n\n\n\n<hr class=\"wp-block-separator has-text-color has-sand-color has-css-opacity has-sand-background-color has-background is-style-wide\"\/>\n\n\n\n<div style=\"height:32px\" aria-hidden=\"true\" class=\"wp-block-spacer\"><\/div>\n\n\n\n<div class=\"wp-block-columns is-layout-flex wp-container-core-columns-is-layout-9d6595d7 wp-block-columns-is-layout-flex\"><\/div>\n\n\n\n<hr class=\"wp-block-separator has-text-color has-sand-color has-css-opacity has-sand-background-color has-background is-style-wide\"\/>\n\n\n\n<p class=\"has-small-font-size\"><strong><strong><br><\/strong><\/strong><em>P\u00e5g\u00e5ende uppdrag avser hos Bolagsverket registrerade uppdrag per den 30 april 2025 och innefattar inte uppdrag inom IRLAB-koncernen. Aktieinnehav avser innehav registrerade i den hos Euroclear Sweden AB f\u00f6rda aktieboken per den 31 mars 2025 justerat f\u00f6r av Bolaget k\u00e4nda f\u00f6r\u00e4ndringar fram till den 30 april 2025.<\/em><\/p>\n","protected":false},"excerpt":{"rendered":"<p>Ledning Kristina Torfg\u00e5rd f\u00f6dd 1963VD Dr. Kristina Torfg\u00e5rd har omfattande erfarenhet av f\u00f6retagsledning, l\u00e4kemedelsutveckling, regulatoriska fr\u00e5gor och licensarbete med st\u00f6rre internationella l\u00e4kemedelsf\u00f6retag, bland annat inom omr\u00e5det neurodegenerativa sjukdomar. Under sin tid p\u00e5 AstraZeneca innehade hon ledande positioner inom forskning och utveckling i b\u00e5de tidig och sen fas, och var globalt ansvarig f\u00f6r marknadsf\u00f6rda produkter. P\u00e5 [&hellip;]<\/p>\n","protected":false},"author":1,"featured_media":0,"parent":612,"menu_order":2,"comment_status":"closed","ping_status":"closed","template":"","meta":{"_acf_changed":false,"footnotes":""},"class_list":["post-575","page","type-page","status-publish","hentry"],"acf":[],"yoast_head":"<!-- This site is optimized with the Yoast SEO plugin v26.7 - https:\/\/yoast.com\/wordpress\/plugins\/seo\/ -->\n<title>Ledning - IRLAB<\/title>\n<meta name=\"robots\" content=\"index, follow, max-snippet:-1, max-image-preview:large, max-video-preview:-1\" \/>\n<link rel=\"canonical\" href=\"https:\/\/irlab.se\/sv\/om-irlab\/management\/\" \/>\n<meta property=\"og:locale\" content=\"sv_SE\" \/>\n<meta property=\"og:type\" content=\"article\" \/>\n<meta property=\"og:title\" content=\"Ledning - IRLAB\" \/>\n<meta property=\"og:description\" content=\"Ledning Kristina Torfg\u00e5rd f\u00f6dd 1963VD Dr. Kristina Torfg\u00e5rd har omfattande erfarenhet av f\u00f6retagsledning, l\u00e4kemedelsutveckling, regulatoriska fr\u00e5gor och licensarbete med st\u00f6rre internationella l\u00e4kemedelsf\u00f6retag, bland annat inom omr\u00e5det neurodegenerativa sjukdomar. Under sin tid p\u00e5 AstraZeneca innehade hon ledande positioner inom forskning och utveckling i b\u00e5de tidig och sen fas, och var globalt ansvarig f\u00f6r marknadsf\u00f6rda produkter. P\u00e5 [&hellip;]\" \/>\n<meta property=\"og:url\" content=\"https:\/\/irlab.se\/sv\/om-irlab\/management\/\" \/>\n<meta property=\"og:site_name\" content=\"IRLAB\" \/>\n<meta property=\"article:modified_time\" content=\"2026-03-18T09:31:07+00:00\" \/>\n<meta property=\"og:image\" content=\"https:\/\/irlab.se\/wp-content\/uploads\/2026\/03\/Kristina_Torftegard_IRLAB_1024_861_WEB.jpg\" \/>\n<meta name=\"twitter:card\" content=\"summary_large_image\" \/>\n<meta name=\"twitter:label1\" content=\"Ber\u00e4knad l\u00e4stid\" \/>\n\t<meta name=\"twitter:data1\" content=\"6 minuter\" \/>\n<script type=\"application\/ld+json\" class=\"yoast-schema-graph\">{\"@context\":\"https:\/\/schema.org\",\"@graph\":[{\"@type\":\"WebPage\",\"@id\":\"https:\/\/irlab.se\/sv\/om-irlab\/management\/\",\"url\":\"https:\/\/irlab.se\/sv\/om-irlab\/management\/\",\"name\":\"Ledning - IRLAB\",\"isPartOf\":{\"@id\":\"https:\/\/irlab.se\/#website\"},\"primaryImageOfPage\":{\"@id\":\"https:\/\/irlab.se\/sv\/om-irlab\/management\/#primaryimage\"},\"image\":{\"@id\":\"https:\/\/irlab.se\/sv\/om-irlab\/management\/#primaryimage\"},\"thumbnailUrl\":\"https:\/\/irlab.se\/wp-content\/uploads\/2026\/03\/Kristina_Torftegard_IRLAB_1024_861_WEB.jpg\",\"datePublished\":\"2018-11-05T13:57:49+00:00\",\"dateModified\":\"2026-03-18T09:31:07+00:00\",\"breadcrumb\":{\"@id\":\"https:\/\/irlab.se\/sv\/om-irlab\/management\/#breadcrumb\"},\"inLanguage\":\"sv-SE\",\"potentialAction\":[{\"@type\":\"ReadAction\",\"target\":[\"https:\/\/irlab.se\/sv\/om-irlab\/management\/\"]}]},{\"@type\":\"ImageObject\",\"inLanguage\":\"sv-SE\",\"@id\":\"https:\/\/irlab.se\/sv\/om-irlab\/management\/#primaryimage\",\"url\":\"https:\/\/irlab.se\/wp-content\/uploads\/2026\/03\/Kristina_Torftegard_IRLAB_1024_861_WEB.jpg\",\"contentUrl\":\"https:\/\/irlab.se\/wp-content\/uploads\/2026\/03\/Kristina_Torftegard_IRLAB_1024_861_WEB.jpg\"},{\"@type\":\"BreadcrumbList\",\"@id\":\"https:\/\/irlab.se\/sv\/om-irlab\/management\/#breadcrumb\",\"itemListElement\":[{\"@type\":\"ListItem\",\"position\":1,\"name\":\"Home\",\"item\":\"https:\/\/irlab.se\/sv\/\"},{\"@type\":\"ListItem\",\"position\":2,\"name\":\"Om IRLAB\",\"item\":\"https:\/\/irlab.se\/sv\/om-irlab\/\"},{\"@type\":\"ListItem\",\"position\":3,\"name\":\"Ledning\"}]},{\"@type\":\"WebSite\",\"@id\":\"https:\/\/irlab.se\/#website\",\"url\":\"https:\/\/irlab.se\/\",\"name\":\"Irlab\",\"description\":\"Novel treatments for Parkinson&#039;s disease\",\"potentialAction\":[{\"@type\":\"SearchAction\",\"target\":{\"@type\":\"EntryPoint\",\"urlTemplate\":\"https:\/\/irlab.se\/?s={search_term_string}\"},\"query-input\":{\"@type\":\"PropertyValueSpecification\",\"valueRequired\":true,\"valueName\":\"search_term_string\"}}],\"inLanguage\":\"sv-SE\"}]}<\/script>\n<!-- \/ Yoast SEO plugin. -->","yoast_head_json":{"title":"Ledning - IRLAB","robots":{"index":"index","follow":"follow","max-snippet":"max-snippet:-1","max-image-preview":"max-image-preview:large","max-video-preview":"max-video-preview:-1"},"canonical":"https:\/\/irlab.se\/sv\/om-irlab\/management\/","og_locale":"sv_SE","og_type":"article","og_title":"Ledning - IRLAB","og_description":"Ledning Kristina Torfg\u00e5rd f\u00f6dd 1963VD Dr. Kristina Torfg\u00e5rd har omfattande erfarenhet av f\u00f6retagsledning, l\u00e4kemedelsutveckling, regulatoriska fr\u00e5gor och licensarbete med st\u00f6rre internationella l\u00e4kemedelsf\u00f6retag, bland annat inom omr\u00e5det neurodegenerativa sjukdomar. Under sin tid p\u00e5 AstraZeneca innehade hon ledande positioner inom forskning och utveckling i b\u00e5de tidig och sen fas, och var globalt ansvarig f\u00f6r marknadsf\u00f6rda produkter. P\u00e5 [&hellip;]","og_url":"https:\/\/irlab.se\/sv\/om-irlab\/management\/","og_site_name":"IRLAB","article_modified_time":"2026-03-18T09:31:07+00:00","og_image":[{"url":"https:\/\/irlab.se\/wp-content\/uploads\/2026\/03\/Kristina_Torftegard_IRLAB_1024_861_WEB.jpg","type":"","width":"","height":""}],"twitter_card":"summary_large_image","twitter_misc":{"Ber\u00e4knad l\u00e4stid":"6 minuter"},"schema":{"@context":"https:\/\/schema.org","@graph":[{"@type":"WebPage","@id":"https:\/\/irlab.se\/sv\/om-irlab\/management\/","url":"https:\/\/irlab.se\/sv\/om-irlab\/management\/","name":"Ledning - IRLAB","isPartOf":{"@id":"https:\/\/irlab.se\/#website"},"primaryImageOfPage":{"@id":"https:\/\/irlab.se\/sv\/om-irlab\/management\/#primaryimage"},"image":{"@id":"https:\/\/irlab.se\/sv\/om-irlab\/management\/#primaryimage"},"thumbnailUrl":"https:\/\/irlab.se\/wp-content\/uploads\/2026\/03\/Kristina_Torftegard_IRLAB_1024_861_WEB.jpg","datePublished":"2018-11-05T13:57:49+00:00","dateModified":"2026-03-18T09:31:07+00:00","breadcrumb":{"@id":"https:\/\/irlab.se\/sv\/om-irlab\/management\/#breadcrumb"},"inLanguage":"sv-SE","potentialAction":[{"@type":"ReadAction","target":["https:\/\/irlab.se\/sv\/om-irlab\/management\/"]}]},{"@type":"ImageObject","inLanguage":"sv-SE","@id":"https:\/\/irlab.se\/sv\/om-irlab\/management\/#primaryimage","url":"https:\/\/irlab.se\/wp-content\/uploads\/2026\/03\/Kristina_Torftegard_IRLAB_1024_861_WEB.jpg","contentUrl":"https:\/\/irlab.se\/wp-content\/uploads\/2026\/03\/Kristina_Torftegard_IRLAB_1024_861_WEB.jpg"},{"@type":"BreadcrumbList","@id":"https:\/\/irlab.se\/sv\/om-irlab\/management\/#breadcrumb","itemListElement":[{"@type":"ListItem","position":1,"name":"Home","item":"https:\/\/irlab.se\/sv\/"},{"@type":"ListItem","position":2,"name":"Om IRLAB","item":"https:\/\/irlab.se\/sv\/om-irlab\/"},{"@type":"ListItem","position":3,"name":"Ledning"}]},{"@type":"WebSite","@id":"https:\/\/irlab.se\/#website","url":"https:\/\/irlab.se\/","name":"Irlab","description":"Novel treatments for Parkinson&#039;s disease","potentialAction":[{"@type":"SearchAction","target":{"@type":"EntryPoint","urlTemplate":"https:\/\/irlab.se\/?s={search_term_string}"},"query-input":{"@type":"PropertyValueSpecification","valueRequired":true,"valueName":"search_term_string"}}],"inLanguage":"sv-SE"}]}},"_links":{"self":[{"href":"https:\/\/irlab.se\/sv\/wp-json\/wp\/v2\/pages\/575","targetHints":{"allow":["GET"]}}],"collection":[{"href":"https:\/\/irlab.se\/sv\/wp-json\/wp\/v2\/pages"}],"about":[{"href":"https:\/\/irlab.se\/sv\/wp-json\/wp\/v2\/types\/page"}],"author":[{"embeddable":true,"href":"https:\/\/irlab.se\/sv\/wp-json\/wp\/v2\/users\/1"}],"replies":[{"embeddable":true,"href":"https:\/\/irlab.se\/sv\/wp-json\/wp\/v2\/comments?post=575"}],"version-history":[{"count":77,"href":"https:\/\/irlab.se\/sv\/wp-json\/wp\/v2\/pages\/575\/revisions"}],"predecessor-version":[{"id":12861,"href":"https:\/\/irlab.se\/sv\/wp-json\/wp\/v2\/pages\/575\/revisions\/12861"}],"up":[{"embeddable":true,"href":"https:\/\/irlab.se\/sv\/wp-json\/wp\/v2\/pages\/612"}],"wp:attachment":[{"href":"https:\/\/irlab.se\/sv\/wp-json\/wp\/v2\/media?parent=575"}],"curies":[{"name":"wp","href":"https:\/\/api.w.org\/{rel}","templated":true}]}}