{"id":572,"date":"2018-11-05T13:59:13","date_gmt":"2018-11-05T13:59:13","guid":{"rendered":"http:\/\/www.irlab.se\/corporate-governance\/articles-of-association\/"},"modified":"2024-05-24T12:19:54","modified_gmt":"2024-05-24T10:19:54","slug":"articles-of-association","status":"publish","type":"page","link":"https:\/\/irlab.se\/sv\/bolagsstyrning\/articles-of-association\/","title":{"rendered":"Bolagsordning"},"content":{"rendered":"\n<h1 class=\"wp-block-heading\" id=\"bolagsordning\">Bolagsordning<\/h1>\n\n\n\n<p>Bolagsordning f\u00f6r IRLAB Therapeutics AB, org.nr 556931-4692, antagen vid \u00e5rsst\u00e4mma den 22 maj 2024.<\/p>\n\n\n\n<p><strong>\u00a7 1 F\u00f6retagsnamn<\/strong><\/p>\n\n\n\n<p>Bolagets f\u00f6retagsnamn \u00e4r IRLAB Therapeutics AB. Bolaget \u00e4r publikt (publ).<\/p>\n\n\n\n<p><strong>\u00a7 2 S\u00e4te<\/strong><\/p>\n\n\n\n<p>Styrelsen har sitt s\u00e4te i G\u00f6teborg.<\/p>\n\n\n\n<p><strong>\u00a7 3 Verksamhet<\/strong><\/p>\n\n\n\n<p>Bolagets verksamhet best\u00e5r av att p\u00e5 kommersiella grunder direkt eller genom dotterbolag bedriva forskning och utveckling av nya l\u00e4kemedel f\u00f6r behandling av neurologiska och psykiatriska sjukdomstillst\u00e5nd, med huvudsaklig verkan p\u00e5 det centrala nervsystemets funktioner samt f\u00f6rvalta och utveckla immateriella r\u00e4ttigheter och bedriva d\u00e4rmed f\u00f6renlig verksamhet.<\/p>\n\n\n\n<p><strong>\u00a7 4 Aktiekapital<\/strong><\/p>\n\n\n\n<p>Aktiekapitalet ska vara l\u00e4gst 500&nbsp;000 kronor och h\u00f6gst 2 000&nbsp;000 kronor.<\/p>\n\n\n\n<p><strong>\u00a7 5 Antal aktier<\/strong><\/p>\n\n\n\n<p>Antalet aktier ska vara l\u00e4gst 25 000 000 och h\u00f6gst 100 000 000.<\/p>\n\n\n\n<p><strong>\u00a7 6 Aktieslag<\/strong><\/p>\n\n\n\n<p>Aktier ska kunna ges ut av tv\u00e5 slag; stamaktier av serie A och stamaktier av serie B.&nbsp;<\/p>\n\n\n\n<p>Stamaktier av serie A ska kunna utf\u00e4rdas till ett antal motsvarande h\u00f6gst 100 procent av bolagets aktiekapital och stamaktier av serie B ska kunna utf\u00e4rdas till ett antal om h\u00f6gst 357 755 och endast vid ett tillf\u00e4lle.<\/p>\n\n\n\n<p>Stamaktie av serie A och stamaktie av serie B medf\u00f6r en r\u00f6st vardera.<\/p>\n\n\n\n<p><span style=\"text-decoration: underline;\">R\u00e4tt till bolagets vinst<\/span><\/p>\n\n\n\n<p>Stamaktier av serie B ska inte \u00e4ga r\u00e4tt till vinstutdelning eller annan \u00f6verf\u00f6ring av vinstmedel, eller utskiftning vid likvidation av bolaget, s\u00e5dan r\u00e4tt ska endast tillkomma stamaktier av serie A.<\/p>\n\n\n\n<p><span style=\"text-decoration: underline;\">F\u00f6retr\u00e4desr\u00e4tt<\/span><\/p>\n\n\n\n<p>Beslutar bolaget att genom kontant- eller kvittningsemission ge ut nya stamaktier av serie A och stamaktier av serie B, ska \u00e4gare av stamaktier av serie A respektive stamaktier av serie B ha f\u00f6retr\u00e4desr\u00e4tt att teckna nya aktier av samma aktieslag i f\u00f6rh\u00e5llande till det antal aktier innehavaren f\u00f6rut \u00e4ger (prim\u00e4r f\u00f6retr\u00e4desr\u00e4tt). Aktier som inte tecknats med prim\u00e4r f\u00f6retr\u00e4desr\u00e4tt ska erbjudas samtliga aktie\u00e4gare till teckning (subsidi\u00e4r f\u00f6retr\u00e4desr\u00e4tt). Om inte s\u00e5lunda erbjudna aktier r\u00e4cker f\u00f6r den teckning som sker med subsidi\u00e4r f\u00f6retr\u00e4desr\u00e4tt ska aktierna f\u00f6rdelas mellan tecknarna i f\u00f6rh\u00e5llande till det antal aktier de f\u00f6rut \u00e4ger och i den m\u00e5n detta inte kan ske, genom lottning.<\/p>\n\n\n\n<p>Beslutar bolaget att genom kontant- eller kvittningsemission ge ut endast stamaktier av serie A eller stamaktier av serie B ska samtliga aktie\u00e4gare, oavsett om deras aktier \u00e4r stamaktier av serie A eller stamaktier av serie B, ha f\u00f6retr\u00e4desr\u00e4tt att teckna nya aktier i f\u00f6rh\u00e5llande till det antal aktier de f\u00f6rut \u00e4ger.<\/p>\n\n\n\n<p>Beslutar bolaget att genom kontant- eller kvittningsemission ge ut teckningsoptioner eller konvertibler har aktie\u00e4garna f\u00f6retr\u00e4desr\u00e4tt att teckna teckningsoptioner som om emissionen g\u00e4llde de aktier som kan komma att nytecknas p\u00e5 grund av optionsr\u00e4tten respektive f\u00f6retr\u00e4desr\u00e4tt att teckna konvertibler som om emissionen g\u00e4llde de aktier som konvertiblerna kan komma att bytas ut mot.<\/p>\n\n\n\n<p>Vid fondemission ska nya aktier av varje slag emitteras i f\u00f6rh\u00e5llande till det antal aktier av samma slag som finns sedan tidigare. D\u00e4rvid ska de gamla aktierna ge f\u00f6retr\u00e4desr\u00e4tt till nya aktier av samma slag i f\u00f6rh\u00e5llande till sin andel i aktiekapitalet.<\/p>\n\n\n\n<p>Vad som anges ovan ska inte inneb\u00e4ra n\u00e5gon inskr\u00e4nkning i m\u00f6jligheten att fatta beslut om kontant- eller kvittningsemission med avvikelse fr\u00e5n aktie\u00e4garnas f\u00f6retr\u00e4desr\u00e4tt. Det ska inte heller inneb\u00e4ra n\u00e5gon inskr\u00e4nkning i m\u00f6jligheten att genom kontant- eller kvittningsemission eller genom fondemission, efter erforderlig \u00e4ndring av bolagsordningen, ge ut aktier av nytt slag.<\/p>\n\n\n\n<p><span style=\"text-decoration: underline;\">Omvandling av stamaktier av serie B<\/span><\/p>\n\n\n\n<p>P\u00e5 beg\u00e4ran av innehavare av stamaktier av serie B ska stamaktier av serie B omvandlas till stamaktier av serie A varvid en stamaktie av serie B omvandlas till en stamaktie av serie A. Framst\u00e4llning om omvandling ska g\u00f6ras skriftligen hos bolagets styrelse med angivande av hur m\u00e5nga stamaktier av serie B som ska omvandlas samt uppgift om innehavarens vp-konto. Innehavare av stamaktie av serie B \u00e4ger endast r\u00e4tt att beg\u00e4ra omvandling vid ett tillf\u00e4lle och av det antal stamaktier av serie B som ber\u00e4knas enligt nedan. Omvandling kan beg\u00e4ras fr\u00e5n registrering av aktier av serie B och fram till och med 30 juni 2023. Omvandlingen ska utan dr\u00f6jsm\u00e5l anm\u00e4las f\u00f6r registrering hos Bolagsverket och \u00e4r verkst\u00e4lld n\u00e4r registrering har skett samt antecknats i avst\u00e4mningsregistret.<\/p>\n\n\n\n<p>Det maximala antalet stamaktier av serie B som f\u00e5r omvandlas av respektive innehavare av stamaktier av serie B ska motsvara innehavarens totala antal stamaktier av serie B <em>multiplicerat med<\/em> Justerat Marknadsv\u00e4rde Serie B <em>dividerat med<\/em> Marknadsv\u00e4rde Serie A, dock att avrundning ska ske ned\u00e5t till n\u00e4rmaste antal hela stamaktier av serie B.<\/p>\n\n\n\n<p>Marknadsv\u00e4rdet f\u00f6r stamaktie av serie A (\u201dMarknadsv\u00e4rde Serie A\u201d) ska, f\u00f6r det fall att stamaktie av serie A \u00e4r f\u00f6rem\u00e5l f\u00f6r handel p\u00e5 b\u00f6rs, handelsplattform eller motsvarande, motsvara s\u00e5dan akties viktade genomsnittskurs under de 20 handelsdagar som infaller omedelbart f\u00f6re den dag beg\u00e4ran om omvandling framst\u00e4lls (eller, f\u00f6r det fall att handel inte f\u00f6rekommit under 20 handelsdagar den dag beg\u00e4ran om omvandling framst\u00e4lls, s\u00e5dant l\u00e4gre antal handelsdagar som handel har f\u00f6rekommit). F\u00f6r det fall att stamaktie av serie A inte \u00e4r f\u00f6rem\u00e5l f\u00f6r handel p\u00e5 b\u00f6rs, handelsplattform eller motsvarande ska Marknadsv\u00e4rde Serie A i st\u00e4llet med bindande verkan fastst\u00e4llas av corporate financeavdelningen vid s\u00e5dan internationellt v\u00e4lrenommerad revisionsbyr\u00e5 som bolagets styrelse best\u00e4mmer. Revisionsbyr\u00e5n ska d\u00e4rvid utg\u00e5 fr\u00e5n den v\u00e4rdering av stamaktie av serie A som anv\u00e4nts vid senast genomf\u00f6rda riktade nyemission med justering f\u00f6r h\u00e4ndelser som har intr\u00e4ffat d\u00e4refter fram till beg\u00e4ran om omvandling framst\u00e4lls, samt, f\u00f6r det fall revisionsbyr\u00e5n s\u00e5 finner l\u00e4mpligt, vedertagna v\u00e4rderingsprinciper i \u00f6vrigt.<\/p>\n\n\n\n<p>Ett justerat marknadsv\u00e4rde f\u00f6r stamaktie av serie A (\u201dJusterat Marknadsv\u00e4rde Serie A\u201d) ska motsvara Marknadsv\u00e4rde Serie A med till\u00e4gg f\u00f6r s\u00e5dana vinstutdelningar och andra v\u00e4rde\u00f6verf\u00f6ringar som skett till innehavare av stamaktie av serie A under perioden fr\u00e5n registrering av stamaktie av serie B till den dag beg\u00e4ran om omvandling framst\u00e4lls.<\/p>\n\n\n\n<p>Ett justerat marknadsv\u00e4rde f\u00f6r stamaktie av serie B (\u201dJusterat Marknadsv\u00e4rde Serie B\u201d) ska motsvara Justerat Marknadsv\u00e4rde Serie A minskat med 18 kronor och 19,4 \u00f6re (dock l\u00e4gst 0 kronor och h\u00f6gst 64 kronor och 90,6 \u00f6re) och med till\u00e4gg f\u00f6r 10 % av det belopp varmed Justerat Marknadsv\u00e4rde Serie A \u00f6verstiger 82 kronor och 70 \u00f6re (dock l\u00e4gst 0 kronor).<\/p>\n\n\n\n<p><span style=\"text-decoration: underline;\">Inl\u00f6sen av stamaktier av serie B<\/span><\/p>\n\n\n\n<p>Minskning av aktiekapitalet, dock inte under minimikapitalet, kan ske genom inl\u00f6sen av samtliga stamaktier av serie B efter beslut av styrelsen. N\u00e4r beslut om inl\u00f6sen fattas, ska ett belopp motsvarande minskningsbeloppet avs\u00e4ttas till reservfonden om h\u00e4rf\u00f6r erforderliga medel finns tillg\u00e4ngliga. Beslut om inl\u00f6sen av stamaktier av serie B ska ske f\u00f6rst efter den 30 juni 2023. L\u00f6senbeloppet f\u00f6r varje inl\u00f6st stamaktie av serie B ska vara ett belopp motsvarande kvotv\u00e4rdet.<\/p>\n\n\n\n<p><strong>\u00a7 7 Styrelse<\/strong><\/p>\n\n\n\n<p>Styrelsen ska best\u00e5 av l\u00e4gst tre och h\u00f6gst tio ledam\u00f6ter.<\/p>\n\n\n\n<p><strong>\u00a7 8 Revisorer<\/strong><\/p>\n\n\n\n<p>Bolaget ska ha l\u00e4gst en och h\u00f6gst tv\u00e5 revisorer med h\u00f6gst tv\u00e5 revisorssuppleanter.<\/p>\n\n\n\n<p><strong>\u00a7 9 Ort f\u00f6r bolagsst\u00e4mma<\/strong><\/p>\n\n\n\n<p>Bolagsst\u00e4mma ska h\u00e5llas i G\u00f6teborg eller Stockholm.<\/p>\n\n\n\n<p><strong>\u00a7 10 Kallelse till bolagsst\u00e4mma<\/strong><\/p>\n\n\n\n<p>Kallelse till bolagsst\u00e4mma ska ske genom annonsering i Post- och Inrikes Tidningar och genom att kallelsen h\u00e5lls tillg\u00e4nglig p\u00e5 bolagets webbplats. Att kallelse har skett ska annonseras i Dagens Industri.<\/p>\n\n\n\n<p><strong>\u00a7 11 R\u00e4tt att n\u00e4rvara p\u00e5 bolagsst\u00e4mma<\/strong><\/p>\n\n\n\n<p>En aktie\u00e4gare f\u00e5r delta i bolagsst\u00e4mma endast om aktie\u00e4garen anm\u00e4ler detta till bolaget den dag som anges i kallelsen till st\u00e4mman. Denna dag f\u00e5r inte vara s\u00f6ndag, annan allm\u00e4n helgdag, l\u00f6rdag, midsommarafton, julafton eller ny\u00e5rsafton och inte infalla tidigare \u00e4n femte vardagen f\u00f6re st\u00e4mman.<\/p>\n\n\n\n<p>Aktie\u00e4gare f\u00e5r vid bolagsst\u00e4mma medf\u00f6ra ett eller tv\u00e5 bitr\u00e4den; dock endast om aktie\u00e4gare till bolaget anm\u00e4ler antalet bitr\u00e4den p\u00e5 det s\u00e4tt som anges i f\u00f6reg\u00e5ende stycke.<\/p>\n\n\n\n<p>Styrelsen \u00e4ger besluta att den som inte \u00e4r aktie\u00e4gare i bolaget ska, p\u00e5 de villkor som styrelsen best\u00e4mmer, ha r\u00e4tt att n\u00e4rvara eller p\u00e5 annat s\u00e4tt f\u00f6lja f\u00f6rhandlingarna vid bolagsst\u00e4mma.<\/p>\n\n\n\n<p><strong>\u00a7 12 Insamling av fullmakter och postr\u00f6stning<\/strong><\/p>\n\n\n\n<p>Styrelsen f\u00e5r samla in fullmakter enligt det f\u00f6rfarande som anges i 7 kap. 4 \u00a7 andra stycket aktiebolagslagen (2005:551). Styrelsen f\u00e5r inf\u00f6r en bolagsst\u00e4mma besluta att aktie\u00e4garna ska kunna ut\u00f6va sin r\u00f6str\u00e4tt f\u00f6re bolagsst\u00e4mman enligt vad som anges i 7 kap. 4 a \u00a7 aktiebolagslagen (2005:551)<\/p>\n\n\n\n<p><strong>\u00a7 13 \u00c4renden p\u00e5 \u00e5rsst\u00e4mma<\/strong><\/p>\n\n\n\n<p>P\u00e5 \u00e5rsst\u00e4mma ska f\u00f6ljande \u00e4renden f\u00f6rekomma till behandling:<\/p>\n\n\n\n<ol class=\"wp-block-list\">\n<li>Val av ordf\u00f6rande vid st\u00e4mman.<\/li>\n\n\n\n<li>Uppr\u00e4ttande och godk\u00e4nnande av r\u00f6stl\u00e4ngd.<\/li>\n\n\n\n<li>Godk\u00e4nnande av dagordning.<\/li>\n\n\n\n<li>Val av en eller tv\u00e5 justeringsm\u00e4n.<\/li>\n\n\n\n<li>Pr\u00f6vning av om st\u00e4mman blivit beh\u00f6rigen sammankallad.<\/li>\n\n\n\n<li>Framl\u00e4ggande av \u00e5rsredovisningen och revisionsber\u00e4ttelsen samt, i f\u00f6rekommande fall, koncernredovisningen och koncernrevisionsber\u00e4ttelsen.<\/li>\n\n\n\n<li>Beslut om fastst\u00e4llande av resultatr\u00e4kningen och balansr\u00e4kningen samt, i f\u00f6rekommande fall, koncernresultatr\u00e4kningen och koncernbalansr\u00e4kningen.<\/li>\n\n\n\n<li>Beslut om dispositioner betr\u00e4ffande bolagets vinst eller f\u00f6rlust enligt den fastst\u00e4llda balansr\u00e4kningen.<\/li>\n\n\n\n<li>Beslut om ansvarsfrihet \u00e5t styrelseledam\u00f6terna och verkst\u00e4llande direkt\u00f6ren.<\/li>\n\n\n\n<li>Fastst\u00e4llande av antalet styrelseledam\u00f6ter och antalet revisorer och revisorssuppleanter.<\/li>\n\n\n\n<li>Fastst\u00e4llande av arvoden till styrelseledam\u00f6ter och revisorer.<\/li>\n\n\n\n<li>Val av styrelseledam\u00f6ter och revisorer och eventuella revisorssuppleanter.<\/li>\n\n\n\n<li>Annat \u00e4rende som ankommer p\u00e5 st\u00e4mman enligt aktiebolagslagen eller bolagsordningen.<\/li>\n<\/ol>\n\n\n\n<p><strong>\u00a7 14 R\u00e4kenskaps\u00e5r<\/strong><\/p>\n\n\n\n<p>Bolagets r\u00e4kenskaps\u00e5r ska vara 1 januari &#8211; 31 december.<\/p>\n\n\n\n<p><strong>\u00a7 15 Avst\u00e4mningsf\u00f6rbeh\u00e5ll<\/strong><\/p>\n\n\n\n<p>Den aktie\u00e4gare eller f\u00f6rvaltare som p\u00e5 avst\u00e4mningsdagen \u00e4r inf\u00f6rd i aktieboken och antecknad i ett avst\u00e4mningsregister, enligt 4 kap. lagen (1998:1479) om v\u00e4rdepapperscentraler och kontof\u00f6ring av finansiella instrument eller den som \u00e4r antecknad p\u00e5 avst\u00e4mningskonto enligt 4 kap. 18 \u00a7 f\u00f6rsta stycket 6 \u2013 8 n\u00e4mnda lag, ska antas vara beh\u00f6rig att ut\u00f6va de r\u00e4ttigheter som framg\u00e5r av 4 kap. 39 \u00a7 aktiebolagslagen (2005:551).<\/p>\n","protected":false},"excerpt":{"rendered":"<p>Bolagsordning Bolagsordning f\u00f6r IRLAB Therapeutics AB, org.nr 556931-4692, antagen vid \u00e5rsst\u00e4mma den 22 maj 2024. \u00a7 1 F\u00f6retagsnamn Bolagets f\u00f6retagsnamn \u00e4r IRLAB Therapeutics AB. Bolaget \u00e4r publikt (publ). \u00a7 2 S\u00e4te Styrelsen har sitt s\u00e4te i G\u00f6teborg. \u00a7 3 Verksamhet Bolagets verksamhet best\u00e5r av att p\u00e5 kommersiella grunder direkt eller genom dotterbolag bedriva forskning och [&hellip;]<\/p>\n","protected":false},"author":1,"featured_media":0,"parent":568,"menu_order":0,"comment_status":"closed","ping_status":"closed","template":"","meta":{"_acf_changed":false,"footnotes":""},"class_list":["post-572","page","type-page","status-publish","hentry"],"acf":[],"yoast_head":"<!-- This site is optimized with the Yoast SEO plugin v26.7 - https:\/\/yoast.com\/wordpress\/plugins\/seo\/ -->\n<title>Bolagsordning - IRLAB<\/title>\n<meta name=\"robots\" content=\"index, follow, max-snippet:-1, max-image-preview:large, max-video-preview:-1\" \/>\n<link rel=\"canonical\" href=\"https:\/\/irlab.se\/sv\/bolagsstyrning\/articles-of-association\/\" \/>\n<meta property=\"og:locale\" content=\"sv_SE\" \/>\n<meta property=\"og:type\" content=\"article\" \/>\n<meta property=\"og:title\" content=\"Bolagsordning - IRLAB\" \/>\n<meta property=\"og:description\" content=\"Bolagsordning Bolagsordning f\u00f6r IRLAB Therapeutics AB, org.nr 556931-4692, antagen vid \u00e5rsst\u00e4mma den 22 maj 2024. \u00a7 1 F\u00f6retagsnamn Bolagets f\u00f6retagsnamn \u00e4r IRLAB Therapeutics AB. Bolaget \u00e4r publikt (publ). \u00a7 2 S\u00e4te Styrelsen har sitt s\u00e4te i G\u00f6teborg. \u00a7 3 Verksamhet Bolagets verksamhet best\u00e5r av att p\u00e5 kommersiella grunder direkt eller genom dotterbolag bedriva forskning och [&hellip;]\" \/>\n<meta property=\"og:url\" content=\"https:\/\/irlab.se\/sv\/bolagsstyrning\/articles-of-association\/\" \/>\n<meta property=\"og:site_name\" content=\"IRLAB\" \/>\n<meta property=\"article:modified_time\" content=\"2024-05-24T10:19:54+00:00\" \/>\n<meta name=\"twitter:card\" content=\"summary_large_image\" \/>\n<meta name=\"twitter:label1\" content=\"Ber\u00e4knad l\u00e4stid\" \/>\n\t<meta name=\"twitter:data1\" content=\"8 minuter\" \/>\n<script type=\"application\/ld+json\" class=\"yoast-schema-graph\">{\"@context\":\"https:\/\/schema.org\",\"@graph\":[{\"@type\":\"WebPage\",\"@id\":\"https:\/\/irlab.se\/sv\/bolagsstyrning\/articles-of-association\/\",\"url\":\"https:\/\/irlab.se\/sv\/bolagsstyrning\/articles-of-association\/\",\"name\":\"Bolagsordning - IRLAB\",\"isPartOf\":{\"@id\":\"https:\/\/irlab.se\/#website\"},\"datePublished\":\"2018-11-05T13:59:13+00:00\",\"dateModified\":\"2024-05-24T10:19:54+00:00\",\"breadcrumb\":{\"@id\":\"https:\/\/irlab.se\/sv\/bolagsstyrning\/articles-of-association\/#breadcrumb\"},\"inLanguage\":\"sv-SE\",\"potentialAction\":[{\"@type\":\"ReadAction\",\"target\":[\"https:\/\/irlab.se\/sv\/bolagsstyrning\/articles-of-association\/\"]}]},{\"@type\":\"BreadcrumbList\",\"@id\":\"https:\/\/irlab.se\/sv\/bolagsstyrning\/articles-of-association\/#breadcrumb\",\"itemListElement\":[{\"@type\":\"ListItem\",\"position\":1,\"name\":\"Home\",\"item\":\"https:\/\/irlab.se\/sv\/\"},{\"@type\":\"ListItem\",\"position\":2,\"name\":\"Bolagsstyrning\",\"item\":\"https:\/\/irlab.se\/sv\/bolagsstyrning\/\"},{\"@type\":\"ListItem\",\"position\":3,\"name\":\"Bolagsordning\"}]},{\"@type\":\"WebSite\",\"@id\":\"https:\/\/irlab.se\/#website\",\"url\":\"https:\/\/irlab.se\/\",\"name\":\"Irlab\",\"description\":\"Novel treatments for Parkinson&#039;s disease\",\"potentialAction\":[{\"@type\":\"SearchAction\",\"target\":{\"@type\":\"EntryPoint\",\"urlTemplate\":\"https:\/\/irlab.se\/?s={search_term_string}\"},\"query-input\":{\"@type\":\"PropertyValueSpecification\",\"valueRequired\":true,\"valueName\":\"search_term_string\"}}],\"inLanguage\":\"sv-SE\"}]}<\/script>\n<!-- \/ Yoast SEO plugin. -->","yoast_head_json":{"title":"Bolagsordning - IRLAB","robots":{"index":"index","follow":"follow","max-snippet":"max-snippet:-1","max-image-preview":"max-image-preview:large","max-video-preview":"max-video-preview:-1"},"canonical":"https:\/\/irlab.se\/sv\/bolagsstyrning\/articles-of-association\/","og_locale":"sv_SE","og_type":"article","og_title":"Bolagsordning - IRLAB","og_description":"Bolagsordning Bolagsordning f\u00f6r IRLAB Therapeutics AB, org.nr 556931-4692, antagen vid \u00e5rsst\u00e4mma den 22 maj 2024. \u00a7 1 F\u00f6retagsnamn Bolagets f\u00f6retagsnamn \u00e4r IRLAB Therapeutics AB. Bolaget \u00e4r publikt (publ). \u00a7 2 S\u00e4te Styrelsen har sitt s\u00e4te i G\u00f6teborg. \u00a7 3 Verksamhet Bolagets verksamhet best\u00e5r av att p\u00e5 kommersiella grunder direkt eller genom dotterbolag bedriva forskning och [&hellip;]","og_url":"https:\/\/irlab.se\/sv\/bolagsstyrning\/articles-of-association\/","og_site_name":"IRLAB","article_modified_time":"2024-05-24T10:19:54+00:00","twitter_card":"summary_large_image","twitter_misc":{"Ber\u00e4knad l\u00e4stid":"8 minuter"},"schema":{"@context":"https:\/\/schema.org","@graph":[{"@type":"WebPage","@id":"https:\/\/irlab.se\/sv\/bolagsstyrning\/articles-of-association\/","url":"https:\/\/irlab.se\/sv\/bolagsstyrning\/articles-of-association\/","name":"Bolagsordning - IRLAB","isPartOf":{"@id":"https:\/\/irlab.se\/#website"},"datePublished":"2018-11-05T13:59:13+00:00","dateModified":"2024-05-24T10:19:54+00:00","breadcrumb":{"@id":"https:\/\/irlab.se\/sv\/bolagsstyrning\/articles-of-association\/#breadcrumb"},"inLanguage":"sv-SE","potentialAction":[{"@type":"ReadAction","target":["https:\/\/irlab.se\/sv\/bolagsstyrning\/articles-of-association\/"]}]},{"@type":"BreadcrumbList","@id":"https:\/\/irlab.se\/sv\/bolagsstyrning\/articles-of-association\/#breadcrumb","itemListElement":[{"@type":"ListItem","position":1,"name":"Home","item":"https:\/\/irlab.se\/sv\/"},{"@type":"ListItem","position":2,"name":"Bolagsstyrning","item":"https:\/\/irlab.se\/sv\/bolagsstyrning\/"},{"@type":"ListItem","position":3,"name":"Bolagsordning"}]},{"@type":"WebSite","@id":"https:\/\/irlab.se\/#website","url":"https:\/\/irlab.se\/","name":"Irlab","description":"Novel treatments for Parkinson&#039;s disease","potentialAction":[{"@type":"SearchAction","target":{"@type":"EntryPoint","urlTemplate":"https:\/\/irlab.se\/?s={search_term_string}"},"query-input":{"@type":"PropertyValueSpecification","valueRequired":true,"valueName":"search_term_string"}}],"inLanguage":"sv-SE"}]}},"_links":{"self":[{"href":"https:\/\/irlab.se\/sv\/wp-json\/wp\/v2\/pages\/572","targetHints":{"allow":["GET"]}}],"collection":[{"href":"https:\/\/irlab.se\/sv\/wp-json\/wp\/v2\/pages"}],"about":[{"href":"https:\/\/irlab.se\/sv\/wp-json\/wp\/v2\/types\/page"}],"author":[{"embeddable":true,"href":"https:\/\/irlab.se\/sv\/wp-json\/wp\/v2\/users\/1"}],"replies":[{"embeddable":true,"href":"https:\/\/irlab.se\/sv\/wp-json\/wp\/v2\/comments?post=572"}],"version-history":[{"count":9,"href":"https:\/\/irlab.se\/sv\/wp-json\/wp\/v2\/pages\/572\/revisions"}],"predecessor-version":[{"id":11571,"href":"https:\/\/irlab.se\/sv\/wp-json\/wp\/v2\/pages\/572\/revisions\/11571"}],"up":[{"embeddable":true,"href":"https:\/\/irlab.se\/sv\/wp-json\/wp\/v2\/pages\/568"}],"wp:attachment":[{"href":"https:\/\/irlab.se\/sv\/wp-json\/wp\/v2\/media?parent=572"}],"curies":[{"name":"wp","href":"https:\/\/api.w.org\/{rel}","templated":true}]}}