{"id":570,"date":"2018-11-05T13:58:18","date_gmt":"2018-11-05T13:58:18","guid":{"rendered":"http:\/\/www.irlab.se\/corporate-governance\/general-meeting\/"},"modified":"2022-02-14T14:12:37","modified_gmt":"2022-02-14T13:12:37","slug":"bolagsstamma","status":"publish","type":"page","link":"https:\/\/irlab.se\/sv\/bolagsstyrning\/bolagsstamma\/","title":{"rendered":"Bolagsst\u00e4mmor"},"content":{"rendered":"\n<h1 class=\"wp-block-heading\" id=\"bolagsstammor\">Bolagsst\u00e4mmor<\/h1>\n\n\n\n<p class=\"is-style-intro-text-style\">Bolagsst\u00e4mman \u00e4r bolagets h\u00f6gsta beslutsfattande organ och ska h\u00e5llas i G\u00f6teborg eller Stockholm. Aktie\u00e4garnas inflytande ut\u00f6vas p\u00e5 bolagsst\u00e4mma som beslutar i nyckelfr\u00e5gor.<\/p>\n\n\n\n<p>\u00c5rsst\u00e4mman skall bland annat besluta om f\u00f6r\u00e4ndringar i bolagsordningen, att fastst\u00e4lla bolagets resultat- och balansr\u00e4kning, disposition av bolagets vinst eller f\u00f6rlust, ansvarsfrihet f\u00f6r styrelseledam\u00f6terna och den verkst\u00e4llande direkt\u00f6ren, tills\u00e4tta styrelse, styrelseordf\u00f6rande och revisor samt besluta om ers\u00e4ttningen till styrelsen och revisorn. \u00c5rsst\u00e4mman skall ocks\u00e5 fatta beslut om principerna f\u00f6r valberedningens tills\u00e4ttande och arbete samt principer f\u00f6r ers\u00e4ttnings- och anst\u00e4llningsvillkor f\u00f6r VD och \u00f6vriga ledande befattningshavare. Ut\u00f6ver \u00e5rsst\u00e4mma kan extra bolagsst\u00e4mma h\u00e5llas.<\/p>\n\n\n\n<h3 class=\"wp-block-heading\" id=\"kallelse\">Kallelse<\/h3>\n\n\n\n<p>Kallelse till s\u00e5v\u00e4l \u00e5rsst\u00e4mma som extra bolagsst\u00e4mma skall ske genom annonsering i Post och Inrikes Tidningar och genom att kallelsen h\u00e5lls tillg\u00e4nglig p\u00e5 bolagets webbplats. Att kallelse har skett skall samtidigt annonseras i Dagens Industri. Kallelse till \u00e5rsst\u00e4mma eller extra bolagsst\u00e4mma som ska behandla \u00e4ndringar av bolagsordningen skall ske tidigast sex och senast fyra veckor f\u00f6re m\u00f6tet. Kallelse skall annars ske tidigast sex och senast tre veckor f\u00f6re m\u00f6tet.<\/p>\n","protected":false},"excerpt":{"rendered":"<p>Bolagsst\u00e4mmor Bolagsst\u00e4mman \u00e4r bolagets h\u00f6gsta beslutsfattande organ och ska h\u00e5llas i G\u00f6teborg eller Stockholm. Aktie\u00e4garnas inflytande ut\u00f6vas p\u00e5 bolagsst\u00e4mma som beslutar i nyckelfr\u00e5gor. \u00c5rsst\u00e4mman skall bland annat besluta om f\u00f6r\u00e4ndringar i bolagsordningen, att fastst\u00e4lla bolagets resultat- och balansr\u00e4kning, disposition av bolagets vinst eller f\u00f6rlust, ansvarsfrihet f\u00f6r styrelseledam\u00f6terna och den verkst\u00e4llande direkt\u00f6ren, tills\u00e4tta styrelse, styrelseordf\u00f6rande och [&hellip;]<\/p>\n","protected":false},"author":1,"featured_media":0,"parent":568,"menu_order":30,"comment_status":"closed","ping_status":"closed","template":"","meta":{"_acf_changed":false,"footnotes":""},"class_list":["post-570","page","type-page","status-publish","hentry"],"acf":[],"yoast_head":"<!-- This site is optimized with the Yoast SEO plugin v26.7 - https:\/\/yoast.com\/wordpress\/plugins\/seo\/ -->\n<title>Bolagsst\u00e4mmor - IRLAB<\/title>\n<meta name=\"robots\" content=\"index, follow, max-snippet:-1, max-image-preview:large, max-video-preview:-1\" \/>\n<link rel=\"canonical\" href=\"https:\/\/irlab.se\/sv\/bolagsstyrning\/bolagsstamma\/\" \/>\n<meta property=\"og:locale\" content=\"sv_SE\" \/>\n<meta property=\"og:type\" content=\"article\" \/>\n<meta property=\"og:title\" content=\"Bolagsst\u00e4mmor - IRLAB\" \/>\n<meta property=\"og:description\" content=\"Bolagsst\u00e4mmor Bolagsst\u00e4mman \u00e4r bolagets h\u00f6gsta beslutsfattande organ och ska h\u00e5llas i G\u00f6teborg eller Stockholm. Aktie\u00e4garnas inflytande ut\u00f6vas p\u00e5 bolagsst\u00e4mma som beslutar i nyckelfr\u00e5gor. \u00c5rsst\u00e4mman skall bland annat besluta om f\u00f6r\u00e4ndringar i bolagsordningen, att fastst\u00e4lla bolagets resultat- och balansr\u00e4kning, disposition av bolagets vinst eller f\u00f6rlust, ansvarsfrihet f\u00f6r styrelseledam\u00f6terna och den verkst\u00e4llande direkt\u00f6ren, tills\u00e4tta styrelse, styrelseordf\u00f6rande och [&hellip;]\" \/>\n<meta property=\"og:url\" content=\"https:\/\/irlab.se\/sv\/bolagsstyrning\/bolagsstamma\/\" \/>\n<meta property=\"og:site_name\" content=\"IRLAB\" \/>\n<meta property=\"article:modified_time\" content=\"2022-02-14T13:12:37+00:00\" \/>\n<meta name=\"twitter:card\" content=\"summary_large_image\" \/>\n<meta name=\"twitter:label1\" content=\"Ber\u00e4knad l\u00e4stid\" \/>\n\t<meta name=\"twitter:data1\" content=\"1 minut\" \/>\n<script type=\"application\/ld+json\" class=\"yoast-schema-graph\">{\"@context\":\"https:\/\/schema.org\",\"@graph\":[{\"@type\":\"WebPage\",\"@id\":\"https:\/\/irlab.se\/sv\/bolagsstyrning\/bolagsstamma\/\",\"url\":\"https:\/\/irlab.se\/sv\/bolagsstyrning\/bolagsstamma\/\",\"name\":\"Bolagsst\u00e4mmor - IRLAB\",\"isPartOf\":{\"@id\":\"https:\/\/irlab.se\/#website\"},\"datePublished\":\"2018-11-05T13:58:18+00:00\",\"dateModified\":\"2022-02-14T13:12:37+00:00\",\"breadcrumb\":{\"@id\":\"https:\/\/irlab.se\/sv\/bolagsstyrning\/bolagsstamma\/#breadcrumb\"},\"inLanguage\":\"sv-SE\",\"potentialAction\":[{\"@type\":\"ReadAction\",\"target\":[\"https:\/\/irlab.se\/sv\/bolagsstyrning\/bolagsstamma\/\"]}]},{\"@type\":\"BreadcrumbList\",\"@id\":\"https:\/\/irlab.se\/sv\/bolagsstyrning\/bolagsstamma\/#breadcrumb\",\"itemListElement\":[{\"@type\":\"ListItem\",\"position\":1,\"name\":\"Home\",\"item\":\"https:\/\/irlab.se\/sv\/\"},{\"@type\":\"ListItem\",\"position\":2,\"name\":\"Bolagsstyrning\",\"item\":\"https:\/\/irlab.se\/sv\/bolagsstyrning\/\"},{\"@type\":\"ListItem\",\"position\":3,\"name\":\"Bolagsst\u00e4mmor\"}]},{\"@type\":\"WebSite\",\"@id\":\"https:\/\/irlab.se\/#website\",\"url\":\"https:\/\/irlab.se\/\",\"name\":\"Irlab\",\"description\":\"Novel treatments for Parkinson&#039;s disease\",\"potentialAction\":[{\"@type\":\"SearchAction\",\"target\":{\"@type\":\"EntryPoint\",\"urlTemplate\":\"https:\/\/irlab.se\/?s={search_term_string}\"},\"query-input\":{\"@type\":\"PropertyValueSpecification\",\"valueRequired\":true,\"valueName\":\"search_term_string\"}}],\"inLanguage\":\"sv-SE\"}]}<\/script>\n<!-- \/ Yoast SEO plugin. -->","yoast_head_json":{"title":"Bolagsst\u00e4mmor - IRLAB","robots":{"index":"index","follow":"follow","max-snippet":"max-snippet:-1","max-image-preview":"max-image-preview:large","max-video-preview":"max-video-preview:-1"},"canonical":"https:\/\/irlab.se\/sv\/bolagsstyrning\/bolagsstamma\/","og_locale":"sv_SE","og_type":"article","og_title":"Bolagsst\u00e4mmor - IRLAB","og_description":"Bolagsst\u00e4mmor Bolagsst\u00e4mman \u00e4r bolagets h\u00f6gsta beslutsfattande organ och ska h\u00e5llas i G\u00f6teborg eller Stockholm. Aktie\u00e4garnas inflytande ut\u00f6vas p\u00e5 bolagsst\u00e4mma som beslutar i nyckelfr\u00e5gor. \u00c5rsst\u00e4mman skall bland annat besluta om f\u00f6r\u00e4ndringar i bolagsordningen, att fastst\u00e4lla bolagets resultat- och balansr\u00e4kning, disposition av bolagets vinst eller f\u00f6rlust, ansvarsfrihet f\u00f6r styrelseledam\u00f6terna och den verkst\u00e4llande direkt\u00f6ren, tills\u00e4tta styrelse, styrelseordf\u00f6rande och [&hellip;]","og_url":"https:\/\/irlab.se\/sv\/bolagsstyrning\/bolagsstamma\/","og_site_name":"IRLAB","article_modified_time":"2022-02-14T13:12:37+00:00","twitter_card":"summary_large_image","twitter_misc":{"Ber\u00e4knad l\u00e4stid":"1 minut"},"schema":{"@context":"https:\/\/schema.org","@graph":[{"@type":"WebPage","@id":"https:\/\/irlab.se\/sv\/bolagsstyrning\/bolagsstamma\/","url":"https:\/\/irlab.se\/sv\/bolagsstyrning\/bolagsstamma\/","name":"Bolagsst\u00e4mmor - IRLAB","isPartOf":{"@id":"https:\/\/irlab.se\/#website"},"datePublished":"2018-11-05T13:58:18+00:00","dateModified":"2022-02-14T13:12:37+00:00","breadcrumb":{"@id":"https:\/\/irlab.se\/sv\/bolagsstyrning\/bolagsstamma\/#breadcrumb"},"inLanguage":"sv-SE","potentialAction":[{"@type":"ReadAction","target":["https:\/\/irlab.se\/sv\/bolagsstyrning\/bolagsstamma\/"]}]},{"@type":"BreadcrumbList","@id":"https:\/\/irlab.se\/sv\/bolagsstyrning\/bolagsstamma\/#breadcrumb","itemListElement":[{"@type":"ListItem","position":1,"name":"Home","item":"https:\/\/irlab.se\/sv\/"},{"@type":"ListItem","position":2,"name":"Bolagsstyrning","item":"https:\/\/irlab.se\/sv\/bolagsstyrning\/"},{"@type":"ListItem","position":3,"name":"Bolagsst\u00e4mmor"}]},{"@type":"WebSite","@id":"https:\/\/irlab.se\/#website","url":"https:\/\/irlab.se\/","name":"Irlab","description":"Novel treatments for Parkinson&#039;s disease","potentialAction":[{"@type":"SearchAction","target":{"@type":"EntryPoint","urlTemplate":"https:\/\/irlab.se\/?s={search_term_string}"},"query-input":{"@type":"PropertyValueSpecification","valueRequired":true,"valueName":"search_term_string"}}],"inLanguage":"sv-SE"}]}},"_links":{"self":[{"href":"https:\/\/irlab.se\/sv\/wp-json\/wp\/v2\/pages\/570","targetHints":{"allow":["GET"]}}],"collection":[{"href":"https:\/\/irlab.se\/sv\/wp-json\/wp\/v2\/pages"}],"about":[{"href":"https:\/\/irlab.se\/sv\/wp-json\/wp\/v2\/types\/page"}],"author":[{"embeddable":true,"href":"https:\/\/irlab.se\/sv\/wp-json\/wp\/v2\/users\/1"}],"replies":[{"embeddable":true,"href":"https:\/\/irlab.se\/sv\/wp-json\/wp\/v2\/comments?post=570"}],"version-history":[{"count":12,"href":"https:\/\/irlab.se\/sv\/wp-json\/wp\/v2\/pages\/570\/revisions"}],"predecessor-version":[{"id":7674,"href":"https:\/\/irlab.se\/sv\/wp-json\/wp\/v2\/pages\/570\/revisions\/7674"}],"up":[{"embeddable":true,"href":"https:\/\/irlab.se\/sv\/wp-json\/wp\/v2\/pages\/568"}],"wp:attachment":[{"href":"https:\/\/irlab.se\/sv\/wp-json\/wp\/v2\/media?parent=570"}],"curies":[{"name":"wp","href":"https:\/\/api.w.org\/{rel}","templated":true}]}}