{"id":568,"date":"2018-10-26T12:41:08","date_gmt":"2018-10-26T12:41:08","guid":{"rendered":"http:\/\/www.irlab.se\/corporate-governance\/"},"modified":"2022-02-07T11:25:54","modified_gmt":"2022-02-07T10:25:54","slug":"bolagsstyrning","status":"publish","type":"page","link":"https:\/\/irlab.se\/sv\/bolagsstyrning\/","title":{"rendered":"Bolagsstyrning"},"content":{"rendered":"\n<h1 class=\"wp-block-heading\" id=\"bolagsstyrning\">Bolagsstyrning<\/h1>\n\n\n\n<p>IRLAB Therapeutics AB (publ) \u00e4r ett svenskt publikt aktiebolag med s\u00e4te i G\u00f6teborg, Sverige. Bolagets A-aktier \u00e4r noterade p\u00e5 Nasdaq Stockholm Main Market sedan 30 september 2020, en flytt fr\u00e5n Nasdaq First North Premier Growth Market d\u00e4r bolaget varit listat sedan 28 februari 2017. Bolaget f\u00f6ljer Nasdaq Stockholms Main Market regelverk f\u00f6r emittenter och till\u00e4mpar sedan 1 januari 2017 Svensk kod f\u00f6r bolagsstyrning (\u201dKoden\u201d).<\/p>\n\n\n\n<p>Koden finns att ta del av p\u00e5 Kollegiet f\u00f6r Svensk Bolagsstyrnings webbplats, <a href=\"https:\/\/www.bolagsstyrning.se\/\">www.bolagsstyrning.se<\/a>.<\/p>\n\n\n\n<h3 class=\"wp-block-heading\" id=\"irlab-s-grundlaggande-principer-for-bolagsstyrning\">IRLAB:s grundl\u00e4ggande principer f\u00f6r bolagsstyrning<\/h3>\n\n\n\n<p>IRLAB:s bolagsstyrning bygger p\u00e5 den svenska modellen f\u00f6r bolagsstyrning s\u00e5 som den definieras av aktiebolagslagen, \u00e5rsredovisningslagen, Svensk kod f\u00f6r bolagsstyrning och praxis.<\/p>\n\n\n\n<p>Syftet \u00e4r att skapa en tydlig f\u00f6rdelning av roller och ansvar mellan \u00e4gare, styrelse och bolagsledning d\u00e4r organen ut\u00f6var sitt inflytande och kontroll i f\u00f6rh\u00e5llande till varandra.<\/p>\n\n\n\n<figure class=\"wp-block-image\"><img loading=\"lazy\" decoding=\"async\" width=\"1024\" height=\"849\" src=\"https:\/\/irlab.se\/wp-content\/uploads\/2018\/11\/Bolagsstyrning-1024x849.png\" alt=\"\" class=\"wp-image-654\" srcset=\"https:\/\/irlab.se\/wp-content\/uploads\/2018\/11\/Bolagsstyrning-1024x849.png 1024w, https:\/\/irlab.se\/wp-content\/uploads\/2018\/11\/Bolagsstyrning-300x249.png 300w, https:\/\/irlab.se\/wp-content\/uploads\/2018\/11\/Bolagsstyrning-768x637.png 768w, https:\/\/irlab.se\/wp-content\/uploads\/2018\/11\/Bolagsstyrning.png 1783w\" sizes=\"auto, (max-width: 1024px) 100vw, 1024px\" \/><\/figure>\n","protected":false},"excerpt":{"rendered":"<p>Bolagsstyrning IRLAB Therapeutics AB (publ) \u00e4r ett svenskt publikt aktiebolag med s\u00e4te i G\u00f6teborg, Sverige. Bolagets A-aktier \u00e4r noterade p\u00e5 Nasdaq Stockholm Main Market sedan 30 september 2020, en flytt fr\u00e5n Nasdaq First North Premier Growth Market d\u00e4r bolaget varit listat sedan 28 februari 2017. Bolaget f\u00f6ljer Nasdaq Stockholms Main Market regelverk f\u00f6r emittenter och [&hellip;]<\/p>\n","protected":false},"author":1,"featured_media":0,"parent":0,"menu_order":0,"comment_status":"closed","ping_status":"closed","template":"","meta":{"_acf_changed":false,"footnotes":""},"class_list":["post-568","page","type-page","status-publish","hentry"],"acf":[],"yoast_head":"<!-- This site is optimized with the Yoast SEO plugin v26.7 - https:\/\/yoast.com\/wordpress\/plugins\/seo\/ -->\n<title>Bolagsstyrning - IRLAB<\/title>\n<meta name=\"robots\" content=\"index, follow, max-snippet:-1, max-image-preview:large, max-video-preview:-1\" \/>\n<link rel=\"canonical\" href=\"https:\/\/irlab.se\/sv\/bolagsstyrning\/\" \/>\n<meta property=\"og:locale\" content=\"sv_SE\" \/>\n<meta property=\"og:type\" content=\"article\" \/>\n<meta property=\"og:title\" content=\"Bolagsstyrning - IRLAB\" \/>\n<meta property=\"og:description\" content=\"Bolagsstyrning IRLAB Therapeutics AB (publ) \u00e4r ett svenskt publikt aktiebolag med s\u00e4te i G\u00f6teborg, Sverige. Bolagets A-aktier \u00e4r noterade p\u00e5 Nasdaq Stockholm Main Market sedan 30 september 2020, en flytt fr\u00e5n Nasdaq First North Premier Growth Market d\u00e4r bolaget varit listat sedan 28 februari 2017. Bolaget f\u00f6ljer Nasdaq Stockholms Main Market regelverk f\u00f6r emittenter och [&hellip;]\" \/>\n<meta property=\"og:url\" content=\"https:\/\/irlab.se\/sv\/bolagsstyrning\/\" \/>\n<meta property=\"og:site_name\" content=\"IRLAB\" \/>\n<meta property=\"article:modified_time\" content=\"2022-02-07T10:25:54+00:00\" \/>\n<meta property=\"og:image\" content=\"https:\/\/irlab.se\/wp-content\/uploads\/2018\/11\/Bolagsstyrning-1024x849.png\" \/>\n<meta name=\"twitter:card\" content=\"summary_large_image\" \/>\n<meta name=\"twitter:label1\" content=\"Ber\u00e4knad l\u00e4stid\" \/>\n\t<meta name=\"twitter:data1\" content=\"1 minut\" \/>\n<script type=\"application\/ld+json\" class=\"yoast-schema-graph\">{\"@context\":\"https:\/\/schema.org\",\"@graph\":[{\"@type\":\"WebPage\",\"@id\":\"https:\/\/irlab.se\/sv\/bolagsstyrning\/\",\"url\":\"https:\/\/irlab.se\/sv\/bolagsstyrning\/\",\"name\":\"Bolagsstyrning - IRLAB\",\"isPartOf\":{\"@id\":\"https:\/\/irlab.se\/#website\"},\"primaryImageOfPage\":{\"@id\":\"https:\/\/irlab.se\/sv\/bolagsstyrning\/#primaryimage\"},\"image\":{\"@id\":\"https:\/\/irlab.se\/sv\/bolagsstyrning\/#primaryimage\"},\"thumbnailUrl\":\"https:\/\/irlab.se\/wp-content\/uploads\/2018\/11\/Bolagsstyrning-1024x849.png\",\"datePublished\":\"2018-10-26T12:41:08+00:00\",\"dateModified\":\"2022-02-07T10:25:54+00:00\",\"breadcrumb\":{\"@id\":\"https:\/\/irlab.se\/sv\/bolagsstyrning\/#breadcrumb\"},\"inLanguage\":\"sv-SE\",\"potentialAction\":[{\"@type\":\"ReadAction\",\"target\":[\"https:\/\/irlab.se\/sv\/bolagsstyrning\/\"]}]},{\"@type\":\"ImageObject\",\"inLanguage\":\"sv-SE\",\"@id\":\"https:\/\/irlab.se\/sv\/bolagsstyrning\/#primaryimage\",\"url\":\"https:\/\/irlab.se\/wp-content\/uploads\/2018\/11\/Bolagsstyrning-1024x849.png\",\"contentUrl\":\"https:\/\/irlab.se\/wp-content\/uploads\/2018\/11\/Bolagsstyrning-1024x849.png\"},{\"@type\":\"BreadcrumbList\",\"@id\":\"https:\/\/irlab.se\/sv\/bolagsstyrning\/#breadcrumb\",\"itemListElement\":[{\"@type\":\"ListItem\",\"position\":1,\"name\":\"Home\",\"item\":\"https:\/\/irlab.se\/sv\/\"},{\"@type\":\"ListItem\",\"position\":2,\"name\":\"Bolagsstyrning\"}]},{\"@type\":\"WebSite\",\"@id\":\"https:\/\/irlab.se\/#website\",\"url\":\"https:\/\/irlab.se\/\",\"name\":\"Irlab\",\"description\":\"Novel treatments for Parkinson&#039;s disease\",\"potentialAction\":[{\"@type\":\"SearchAction\",\"target\":{\"@type\":\"EntryPoint\",\"urlTemplate\":\"https:\/\/irlab.se\/?s={search_term_string}\"},\"query-input\":{\"@type\":\"PropertyValueSpecification\",\"valueRequired\":true,\"valueName\":\"search_term_string\"}}],\"inLanguage\":\"sv-SE\"}]}<\/script>\n<!-- \/ Yoast SEO plugin. -->","yoast_head_json":{"title":"Bolagsstyrning - IRLAB","robots":{"index":"index","follow":"follow","max-snippet":"max-snippet:-1","max-image-preview":"max-image-preview:large","max-video-preview":"max-video-preview:-1"},"canonical":"https:\/\/irlab.se\/sv\/bolagsstyrning\/","og_locale":"sv_SE","og_type":"article","og_title":"Bolagsstyrning - IRLAB","og_description":"Bolagsstyrning IRLAB Therapeutics AB (publ) \u00e4r ett svenskt publikt aktiebolag med s\u00e4te i G\u00f6teborg, Sverige. Bolagets A-aktier \u00e4r noterade p\u00e5 Nasdaq Stockholm Main Market sedan 30 september 2020, en flytt fr\u00e5n Nasdaq First North Premier Growth Market d\u00e4r bolaget varit listat sedan 28 februari 2017. Bolaget f\u00f6ljer Nasdaq Stockholms Main Market regelverk f\u00f6r emittenter och [&hellip;]","og_url":"https:\/\/irlab.se\/sv\/bolagsstyrning\/","og_site_name":"IRLAB","article_modified_time":"2022-02-07T10:25:54+00:00","og_image":[{"url":"https:\/\/irlab.se\/wp-content\/uploads\/2018\/11\/Bolagsstyrning-1024x849.png","type":"","width":"","height":""}],"twitter_card":"summary_large_image","twitter_misc":{"Ber\u00e4knad l\u00e4stid":"1 minut"},"schema":{"@context":"https:\/\/schema.org","@graph":[{"@type":"WebPage","@id":"https:\/\/irlab.se\/sv\/bolagsstyrning\/","url":"https:\/\/irlab.se\/sv\/bolagsstyrning\/","name":"Bolagsstyrning - IRLAB","isPartOf":{"@id":"https:\/\/irlab.se\/#website"},"primaryImageOfPage":{"@id":"https:\/\/irlab.se\/sv\/bolagsstyrning\/#primaryimage"},"image":{"@id":"https:\/\/irlab.se\/sv\/bolagsstyrning\/#primaryimage"},"thumbnailUrl":"https:\/\/irlab.se\/wp-content\/uploads\/2018\/11\/Bolagsstyrning-1024x849.png","datePublished":"2018-10-26T12:41:08+00:00","dateModified":"2022-02-07T10:25:54+00:00","breadcrumb":{"@id":"https:\/\/irlab.se\/sv\/bolagsstyrning\/#breadcrumb"},"inLanguage":"sv-SE","potentialAction":[{"@type":"ReadAction","target":["https:\/\/irlab.se\/sv\/bolagsstyrning\/"]}]},{"@type":"ImageObject","inLanguage":"sv-SE","@id":"https:\/\/irlab.se\/sv\/bolagsstyrning\/#primaryimage","url":"https:\/\/irlab.se\/wp-content\/uploads\/2018\/11\/Bolagsstyrning-1024x849.png","contentUrl":"https:\/\/irlab.se\/wp-content\/uploads\/2018\/11\/Bolagsstyrning-1024x849.png"},{"@type":"BreadcrumbList","@id":"https:\/\/irlab.se\/sv\/bolagsstyrning\/#breadcrumb","itemListElement":[{"@type":"ListItem","position":1,"name":"Home","item":"https:\/\/irlab.se\/sv\/"},{"@type":"ListItem","position":2,"name":"Bolagsstyrning"}]},{"@type":"WebSite","@id":"https:\/\/irlab.se\/#website","url":"https:\/\/irlab.se\/","name":"Irlab","description":"Novel treatments for Parkinson&#039;s disease","potentialAction":[{"@type":"SearchAction","target":{"@type":"EntryPoint","urlTemplate":"https:\/\/irlab.se\/?s={search_term_string}"},"query-input":{"@type":"PropertyValueSpecification","valueRequired":true,"valueName":"search_term_string"}}],"inLanguage":"sv-SE"}]}},"_links":{"self":[{"href":"https:\/\/irlab.se\/sv\/wp-json\/wp\/v2\/pages\/568","targetHints":{"allow":["GET"]}}],"collection":[{"href":"https:\/\/irlab.se\/sv\/wp-json\/wp\/v2\/pages"}],"about":[{"href":"https:\/\/irlab.se\/sv\/wp-json\/wp\/v2\/types\/page"}],"author":[{"embeddable":true,"href":"https:\/\/irlab.se\/sv\/wp-json\/wp\/v2\/users\/1"}],"replies":[{"embeddable":true,"href":"https:\/\/irlab.se\/sv\/wp-json\/wp\/v2\/comments?post=568"}],"version-history":[{"count":7,"href":"https:\/\/irlab.se\/sv\/wp-json\/wp\/v2\/pages\/568\/revisions"}],"predecessor-version":[{"id":7182,"href":"https:\/\/irlab.se\/sv\/wp-json\/wp\/v2\/pages\/568\/revisions\/7182"}],"wp:attachment":[{"href":"https:\/\/irlab.se\/sv\/wp-json\/wp\/v2\/media?parent=568"}],"curies":[{"name":"wp","href":"https:\/\/api.w.org\/{rel}","templated":true}]}}