{"id":5563,"date":"2021-03-02T10:59:20","date_gmt":"2021-03-02T09:59:20","guid":{"rendered":"https:\/\/irlab.se\/?page_id=5563"},"modified":"2024-06-25T17:06:02","modified_gmt":"2024-06-25T15:06:02","slug":"karriar","status":"publish","type":"page","link":"https:\/\/irlab.se\/sv\/karriar\/","title":{"rendered":"Karri\u00e4r"},"content":{"rendered":"\n<h2 class=\"wp-block-heading\" id=\"karriar\">Karri\u00e4r<\/h2>\n\n\n\n<p class=\"is-style-intro-text-style\">IRLAB \u00e4r ett v\u00e4xande forsknings- och utvecklingsbolag som utvecklar nya l\u00e4kemedel f\u00f6r behandling av Parkinsons sjukdom. Tillsammans str\u00e4var vi efter att kunna f\u00f6r\u00e4ndra livet f\u00f6r patienter.<\/p>\n\n\n\n<div style=\"height:10px\" aria-hidden=\"true\" class=\"wp-block-spacer\"><\/div>\n\n\n\n<h3 class=\"wp-block-heading\" id=\"jobba-hos-oss\">Jobba hos oss<\/h3>\n\n\n\n<p>Vi h\u00e5ller alltid \u00f6gonen \u00f6ppna efter drivna och ambiti\u00f6sa personer som kan bidra till v\u00e5r verksamhet. Om du \u00e4r intresserad f\u00e5r du g\u00e4rna skicka en spontanans\u00f6kan till info(at)irlab.se.<\/p>\n\n\n\n<div style=\"height:10px\" aria-hidden=\"true\" class=\"wp-block-spacer\"><\/div>\n\n\n\n<h3 class=\"wp-block-heading\" id=\"lediga-tjanster\">Lediga tj\u00e4nster<\/h3>\n\n\n\n<p>Vi s\u00f6ker nu en adme specialist and dmpk project team lead. Vi arbetar tillsammans med Randstad i den h\u00e4r rekryteringen.<\/p>\n\n\n\n<p><a href=\"https:\/\/www.randstad.se\/jobb\/adme-specialist-and-dmpk-project-team-lead_goteborg_05921aa3-fbe7-4ebc-91d1-fb35f39db8d2\/\">Mer information och anst\u00e4llningsannonsen hittar du genom att klicka p\u00e5 den h\u00e4r l\u00e4nken.<\/a> <\/p>\n","protected":false},"excerpt":{"rendered":"<p>Karri\u00e4r IRLAB \u00e4r ett v\u00e4xande forsknings- och utvecklingsbolag som utvecklar nya l\u00e4kemedel f\u00f6r behandling av Parkinsons sjukdom. Tillsammans str\u00e4var vi efter att kunna f\u00f6r\u00e4ndra livet f\u00f6r patienter. Jobba hos oss Vi h\u00e5ller alltid \u00f6gonen \u00f6ppna efter drivna och ambiti\u00f6sa personer som kan bidra till v\u00e5r verksamhet. Om du \u00e4r intresserad f\u00e5r du g\u00e4rna skicka en [&hellip;]<\/p>\n","protected":false},"author":1,"featured_media":0,"parent":0,"menu_order":0,"comment_status":"closed","ping_status":"closed","template":"","meta":{"_acf_changed":false,"footnotes":""},"class_list":["post-5563","page","type-page","status-publish","hentry"],"acf":[],"yoast_head":"<!-- This site is optimized with the Yoast SEO plugin v26.7 - https:\/\/yoast.com\/wordpress\/plugins\/seo\/ -->\n<title>Karri\u00e4r - IRLAB<\/title>\n<meta name=\"robots\" content=\"index, follow, max-snippet:-1, max-image-preview:large, max-video-preview:-1\" \/>\n<link rel=\"canonical\" href=\"https:\/\/irlab.se\/sv\/karriar\/\" \/>\n<meta property=\"og:locale\" content=\"sv_SE\" \/>\n<meta property=\"og:type\" content=\"article\" \/>\n<meta property=\"og:title\" content=\"Karri\u00e4r - IRLAB\" \/>\n<meta property=\"og:description\" content=\"Karri\u00e4r IRLAB \u00e4r ett v\u00e4xande forsknings- och utvecklingsbolag som utvecklar nya l\u00e4kemedel f\u00f6r behandling av Parkinsons sjukdom. Tillsammans str\u00e4var vi efter att kunna f\u00f6r\u00e4ndra livet f\u00f6r patienter. Jobba hos oss Vi h\u00e5ller alltid \u00f6gonen \u00f6ppna efter drivna och ambiti\u00f6sa personer som kan bidra till v\u00e5r verksamhet. Om du \u00e4r intresserad f\u00e5r du g\u00e4rna skicka en [&hellip;]\" \/>\n<meta property=\"og:url\" content=\"https:\/\/irlab.se\/sv\/karriar\/\" \/>\n<meta property=\"og:site_name\" content=\"IRLAB\" \/>\n<meta property=\"article:modified_time\" content=\"2024-06-25T15:06:02+00:00\" \/>\n<meta name=\"twitter:card\" content=\"summary_large_image\" \/>\n<meta name=\"twitter:label1\" content=\"Ber\u00e4knad l\u00e4stid\" \/>\n\t<meta name=\"twitter:data1\" content=\"1 minut\" \/>\n<script type=\"application\/ld+json\" class=\"yoast-schema-graph\">{\"@context\":\"https:\/\/schema.org\",\"@graph\":[{\"@type\":\"WebPage\",\"@id\":\"https:\/\/irlab.se\/sv\/karriar\/\",\"url\":\"https:\/\/irlab.se\/sv\/karriar\/\",\"name\":\"Karri\u00e4r - IRLAB\",\"isPartOf\":{\"@id\":\"https:\/\/irlab.se\/#website\"},\"datePublished\":\"2021-03-02T09:59:20+00:00\",\"dateModified\":\"2024-06-25T15:06:02+00:00\",\"breadcrumb\":{\"@id\":\"https:\/\/irlab.se\/sv\/karriar\/#breadcrumb\"},\"inLanguage\":\"sv-SE\",\"potentialAction\":[{\"@type\":\"ReadAction\",\"target\":[\"https:\/\/irlab.se\/sv\/karriar\/\"]}]},{\"@type\":\"BreadcrumbList\",\"@id\":\"https:\/\/irlab.se\/sv\/karriar\/#breadcrumb\",\"itemListElement\":[{\"@type\":\"ListItem\",\"position\":1,\"name\":\"Home\",\"item\":\"https:\/\/irlab.se\/sv\/\"},{\"@type\":\"ListItem\",\"position\":2,\"name\":\"Karri\u00e4r\"}]},{\"@type\":\"WebSite\",\"@id\":\"https:\/\/irlab.se\/#website\",\"url\":\"https:\/\/irlab.se\/\",\"name\":\"Irlab\",\"description\":\"Novel treatments for Parkinson&#039;s disease\",\"potentialAction\":[{\"@type\":\"SearchAction\",\"target\":{\"@type\":\"EntryPoint\",\"urlTemplate\":\"https:\/\/irlab.se\/?s={search_term_string}\"},\"query-input\":{\"@type\":\"PropertyValueSpecification\",\"valueRequired\":true,\"valueName\":\"search_term_string\"}}],\"inLanguage\":\"sv-SE\"}]}<\/script>\n<!-- \/ Yoast SEO plugin. -->","yoast_head_json":{"title":"Karri\u00e4r - IRLAB","robots":{"index":"index","follow":"follow","max-snippet":"max-snippet:-1","max-image-preview":"max-image-preview:large","max-video-preview":"max-video-preview:-1"},"canonical":"https:\/\/irlab.se\/sv\/karriar\/","og_locale":"sv_SE","og_type":"article","og_title":"Karri\u00e4r - IRLAB","og_description":"Karri\u00e4r IRLAB \u00e4r ett v\u00e4xande forsknings- och utvecklingsbolag som utvecklar nya l\u00e4kemedel f\u00f6r behandling av Parkinsons sjukdom. Tillsammans str\u00e4var vi efter att kunna f\u00f6r\u00e4ndra livet f\u00f6r patienter. Jobba hos oss Vi h\u00e5ller alltid \u00f6gonen \u00f6ppna efter drivna och ambiti\u00f6sa personer som kan bidra till v\u00e5r verksamhet. Om du \u00e4r intresserad f\u00e5r du g\u00e4rna skicka en [&hellip;]","og_url":"https:\/\/irlab.se\/sv\/karriar\/","og_site_name":"IRLAB","article_modified_time":"2024-06-25T15:06:02+00:00","twitter_card":"summary_large_image","twitter_misc":{"Ber\u00e4knad l\u00e4stid":"1 minut"},"schema":{"@context":"https:\/\/schema.org","@graph":[{"@type":"WebPage","@id":"https:\/\/irlab.se\/sv\/karriar\/","url":"https:\/\/irlab.se\/sv\/karriar\/","name":"Karri\u00e4r - IRLAB","isPartOf":{"@id":"https:\/\/irlab.se\/#website"},"datePublished":"2021-03-02T09:59:20+00:00","dateModified":"2024-06-25T15:06:02+00:00","breadcrumb":{"@id":"https:\/\/irlab.se\/sv\/karriar\/#breadcrumb"},"inLanguage":"sv-SE","potentialAction":[{"@type":"ReadAction","target":["https:\/\/irlab.se\/sv\/karriar\/"]}]},{"@type":"BreadcrumbList","@id":"https:\/\/irlab.se\/sv\/karriar\/#breadcrumb","itemListElement":[{"@type":"ListItem","position":1,"name":"Home","item":"https:\/\/irlab.se\/sv\/"},{"@type":"ListItem","position":2,"name":"Karri\u00e4r"}]},{"@type":"WebSite","@id":"https:\/\/irlab.se\/#website","url":"https:\/\/irlab.se\/","name":"Irlab","description":"Novel treatments for Parkinson&#039;s disease","potentialAction":[{"@type":"SearchAction","target":{"@type":"EntryPoint","urlTemplate":"https:\/\/irlab.se\/?s={search_term_string}"},"query-input":{"@type":"PropertyValueSpecification","valueRequired":true,"valueName":"search_term_string"}}],"inLanguage":"sv-SE"}]}},"_links":{"self":[{"href":"https:\/\/irlab.se\/sv\/wp-json\/wp\/v2\/pages\/5563","targetHints":{"allow":["GET"]}}],"collection":[{"href":"https:\/\/irlab.se\/sv\/wp-json\/wp\/v2\/pages"}],"about":[{"href":"https:\/\/irlab.se\/sv\/wp-json\/wp\/v2\/types\/page"}],"author":[{"embeddable":true,"href":"https:\/\/irlab.se\/sv\/wp-json\/wp\/v2\/users\/1"}],"replies":[{"embeddable":true,"href":"https:\/\/irlab.se\/sv\/wp-json\/wp\/v2\/comments?post=5563"}],"version-history":[{"count":12,"href":"https:\/\/irlab.se\/sv\/wp-json\/wp\/v2\/pages\/5563\/revisions"}],"predecessor-version":[{"id":11590,"href":"https:\/\/irlab.se\/sv\/wp-json\/wp\/v2\/pages\/5563\/revisions\/11590"}],"wp:attachment":[{"href":"https:\/\/irlab.se\/sv\/wp-json\/wp\/v2\/media?parent=5563"}],"curies":[{"name":"wp","href":"https:\/\/api.w.org\/{rel}","templated":true}]}}