{"id":5178,"date":"2020-09-24T19:10:06","date_gmt":"2020-09-24T17:10:06","guid":{"rendered":"https:\/\/irlab.se\/?page_id=5178"},"modified":"2022-02-16T00:34:23","modified_gmt":"2022-02-15T23:34:23","slug":"notering-pa-nasdaq-stockholms-huvudlista","status":"publish","type":"page","link":"https:\/\/irlab.se\/sv\/notering-pa-nasdaq-stockholms-huvudlista\/","title":{"rendered":"Notering p\u00e5 Nasdaq Stockholms huvudlista"},"content":{"rendered":"\n<h1 class=\"wp-block-heading\" id=\"irlab-s-notering-pa-nasdaq-stockholms-huvudlista\">IRLAB\u2019s notering p\u00e5 Nasdaq Stockholms huvudlista<\/h1>\n\n\n\n<p>Nasdaq Stockholms bolagskommitt\u00e9 godk\u00e4nde IRLAB:s ans\u00f6kan om upptagande till handel av Bolagets aktier av serie A p\u00e5 Nasdaq Stockholms huvudlista den 22 september 2020. Godk\u00e4nnandet \u00e4r villkorat av att sedvanliga villkor uppfylls, d\u00e4ribland att ett prospekt godk\u00e4nns och registreras av Finansinspektionen (beviljat den 25 september 2020).<\/p>\n\n\n<p><iframe loading=\"lazy\" title=\"IRLAB Therapeutics rings the bell on Nasdaq Stockholm Main Market (Sep 2020)\" width=\"500\" height=\"281\" src=\"https:\/\/www.youtube.com\/embed\/y36KrSxXkls?feature=oembed\" frameborder=\"0\" allow=\"accelerometer; autoplay; clipboard-write; encrypted-media; gyroscope; picture-in-picture; web-share\" referrerpolicy=\"strict-origin-when-cross-origin\" allowfullscreen><\/iframe><\/p>\n\n\n\n<h3 class=\"wp-block-heading\" id=\"i-korthet\">I korthet<\/h3>\n\n\n\n<ul class=\"wp-block-list\"><li>F\u00f6rsta dag f\u00f6r handel p\u00e5 Nasdaq Stockholms huvudlista f\u00f6rv\u00e4ntas bli onsdagen den 30 september 2020.<\/li><li>Sista dagen f\u00f6r handel p\u00e5 Nasdaq First North Premier Growth Market f\u00f6rv\u00e4ntas bli tisdagen den 29 september 2020.<\/li><li>Bolagets aktier av serie A kommer att handlas med of\u00f6r\u00e4ndrat kortnamn (IRLAB A) och ISIN-kod (SE0012675361).<\/li><li>Inga nya aktier kommer att emitteras i samband med listbytet.<\/li><li>Bolagets aktie\u00e4gare beh\u00f6ver inte vidta n\u00e5gra \u00e5tg\u00e4rder med anledning av listbytet.<\/li><\/ul>\n\n\n\n<h3 class=\"wp-block-heading\" id=\"pressmeddelanden\">Pressmeddelanden<\/h3>\n\n\n\n<p>23 september 2020: <a href=\"https:\/\/irlab.se\/sv\/irlab-therapeutics-har-godkants-for-notering-pa-nasdaq-stockholms-huvudlista\/\" target=\"_blank\" rel=\"noreferrer noopener\">IRLAB Therapeutics har godk\u00e4nts f\u00f6r notering p\u00e5 Nasdaq Stockholms huvudlista<\/a><\/p>\n\n\n\n<h3 class=\"wp-block-heading\" id=\"prospekt\">Prospekt<\/h3>\n\n\n\n<div class=\"wp-block-file\"><a id=\"wp-block-file--media-a0ca8303-55ac-4a1b-9568-e51c82f96672\" href=\"https:\/\/irlab.se\/wp-content\/uploads\/2020\/09\/IRLAB-Prospekt-Sept-2020.pdf\">IRLAB Prospekt Sept 2020<\/a><a href=\"https:\/\/irlab.se\/wp-content\/uploads\/2020\/09\/IRLAB-Prospekt-Sept-2020.pdf\" class=\"wp-block-file__button\" download aria-describedby=\"wp-block-file--media-a0ca8303-55ac-4a1b-9568-e51c82f96672\">Download<\/a><\/div>\n","protected":false},"excerpt":{"rendered":"<p>IRLAB\u2019s notering p\u00e5 Nasdaq Stockholms huvudlista Nasdaq Stockholms bolagskommitt\u00e9 godk\u00e4nde IRLAB:s ans\u00f6kan om upptagande till handel av Bolagets aktier av serie A p\u00e5 Nasdaq Stockholms huvudlista den 22 september 2020. Godk\u00e4nnandet \u00e4r villkorat av att sedvanliga villkor uppfylls, d\u00e4ribland att ett prospekt godk\u00e4nns och registreras av Finansinspektionen (beviljat den 25 september 2020). I korthet F\u00f6rsta [&hellip;]<\/p>\n","protected":false},"author":1,"featured_media":0,"parent":0,"menu_order":0,"comment_status":"closed","ping_status":"closed","template":"","meta":{"_acf_changed":false,"footnotes":""},"class_list":["post-5178","page","type-page","status-publish","hentry"],"acf":[],"yoast_head":"<!-- This site is optimized with the Yoast SEO plugin v26.7 - https:\/\/yoast.com\/wordpress\/plugins\/seo\/ -->\n<title>Notering p\u00e5 Nasdaq Stockholms huvudlista - IRLAB<\/title>\n<meta name=\"robots\" content=\"index, follow, max-snippet:-1, max-image-preview:large, max-video-preview:-1\" \/>\n<link rel=\"canonical\" href=\"https:\/\/irlab.se\/sv\/notering-pa-nasdaq-stockholms-huvudlista\/\" \/>\n<meta property=\"og:locale\" content=\"sv_SE\" \/>\n<meta property=\"og:type\" content=\"article\" \/>\n<meta property=\"og:title\" content=\"Notering p\u00e5 Nasdaq Stockholms huvudlista - IRLAB\" \/>\n<meta property=\"og:description\" content=\"IRLAB\u2019s notering p\u00e5 Nasdaq Stockholms huvudlista Nasdaq Stockholms bolagskommitt\u00e9 godk\u00e4nde IRLAB:s ans\u00f6kan om upptagande till handel av Bolagets aktier av serie A p\u00e5 Nasdaq Stockholms huvudlista den 22 september 2020. Godk\u00e4nnandet \u00e4r villkorat av att sedvanliga villkor uppfylls, d\u00e4ribland att ett prospekt godk\u00e4nns och registreras av Finansinspektionen (beviljat den 25 september 2020). I korthet F\u00f6rsta [&hellip;]\" \/>\n<meta property=\"og:url\" content=\"https:\/\/irlab.se\/sv\/notering-pa-nasdaq-stockholms-huvudlista\/\" \/>\n<meta property=\"og:site_name\" content=\"IRLAB\" \/>\n<meta property=\"article:modified_time\" content=\"2022-02-15T23:34:23+00:00\" \/>\n<meta name=\"twitter:card\" content=\"summary_large_image\" \/>\n<meta name=\"twitter:label1\" content=\"Ber\u00e4knad l\u00e4stid\" \/>\n\t<meta name=\"twitter:data1\" content=\"1 minut\" \/>\n<script type=\"application\/ld+json\" class=\"yoast-schema-graph\">{\"@context\":\"https:\/\/schema.org\",\"@graph\":[{\"@type\":\"WebPage\",\"@id\":\"https:\/\/irlab.se\/sv\/notering-pa-nasdaq-stockholms-huvudlista\/\",\"url\":\"https:\/\/irlab.se\/sv\/notering-pa-nasdaq-stockholms-huvudlista\/\",\"name\":\"Notering p\u00e5 Nasdaq Stockholms huvudlista - IRLAB\",\"isPartOf\":{\"@id\":\"https:\/\/irlab.se\/#website\"},\"datePublished\":\"2020-09-24T17:10:06+00:00\",\"dateModified\":\"2022-02-15T23:34:23+00:00\",\"breadcrumb\":{\"@id\":\"https:\/\/irlab.se\/sv\/notering-pa-nasdaq-stockholms-huvudlista\/#breadcrumb\"},\"inLanguage\":\"sv-SE\",\"potentialAction\":[{\"@type\":\"ReadAction\",\"target\":[\"https:\/\/irlab.se\/sv\/notering-pa-nasdaq-stockholms-huvudlista\/\"]}]},{\"@type\":\"BreadcrumbList\",\"@id\":\"https:\/\/irlab.se\/sv\/notering-pa-nasdaq-stockholms-huvudlista\/#breadcrumb\",\"itemListElement\":[{\"@type\":\"ListItem\",\"position\":1,\"name\":\"Home\",\"item\":\"https:\/\/irlab.se\/sv\/\"},{\"@type\":\"ListItem\",\"position\":2,\"name\":\"Notering p\u00e5 Nasdaq Stockholms huvudlista\"}]},{\"@type\":\"WebSite\",\"@id\":\"https:\/\/irlab.se\/#website\",\"url\":\"https:\/\/irlab.se\/\",\"name\":\"Irlab\",\"description\":\"Novel treatments for Parkinson&#039;s disease\",\"potentialAction\":[{\"@type\":\"SearchAction\",\"target\":{\"@type\":\"EntryPoint\",\"urlTemplate\":\"https:\/\/irlab.se\/?s={search_term_string}\"},\"query-input\":{\"@type\":\"PropertyValueSpecification\",\"valueRequired\":true,\"valueName\":\"search_term_string\"}}],\"inLanguage\":\"sv-SE\"}]}<\/script>\n<!-- \/ Yoast SEO plugin. -->","yoast_head_json":{"title":"Notering p\u00e5 Nasdaq Stockholms huvudlista - IRLAB","robots":{"index":"index","follow":"follow","max-snippet":"max-snippet:-1","max-image-preview":"max-image-preview:large","max-video-preview":"max-video-preview:-1"},"canonical":"https:\/\/irlab.se\/sv\/notering-pa-nasdaq-stockholms-huvudlista\/","og_locale":"sv_SE","og_type":"article","og_title":"Notering p\u00e5 Nasdaq Stockholms huvudlista - IRLAB","og_description":"IRLAB\u2019s notering p\u00e5 Nasdaq Stockholms huvudlista Nasdaq Stockholms bolagskommitt\u00e9 godk\u00e4nde IRLAB:s ans\u00f6kan om upptagande till handel av Bolagets aktier av serie A p\u00e5 Nasdaq Stockholms huvudlista den 22 september 2020. Godk\u00e4nnandet \u00e4r villkorat av att sedvanliga villkor uppfylls, d\u00e4ribland att ett prospekt godk\u00e4nns och registreras av Finansinspektionen (beviljat den 25 september 2020). I korthet F\u00f6rsta [&hellip;]","og_url":"https:\/\/irlab.se\/sv\/notering-pa-nasdaq-stockholms-huvudlista\/","og_site_name":"IRLAB","article_modified_time":"2022-02-15T23:34:23+00:00","twitter_card":"summary_large_image","twitter_misc":{"Ber\u00e4knad l\u00e4stid":"1 minut"},"schema":{"@context":"https:\/\/schema.org","@graph":[{"@type":"WebPage","@id":"https:\/\/irlab.se\/sv\/notering-pa-nasdaq-stockholms-huvudlista\/","url":"https:\/\/irlab.se\/sv\/notering-pa-nasdaq-stockholms-huvudlista\/","name":"Notering p\u00e5 Nasdaq Stockholms huvudlista - IRLAB","isPartOf":{"@id":"https:\/\/irlab.se\/#website"},"datePublished":"2020-09-24T17:10:06+00:00","dateModified":"2022-02-15T23:34:23+00:00","breadcrumb":{"@id":"https:\/\/irlab.se\/sv\/notering-pa-nasdaq-stockholms-huvudlista\/#breadcrumb"},"inLanguage":"sv-SE","potentialAction":[{"@type":"ReadAction","target":["https:\/\/irlab.se\/sv\/notering-pa-nasdaq-stockholms-huvudlista\/"]}]},{"@type":"BreadcrumbList","@id":"https:\/\/irlab.se\/sv\/notering-pa-nasdaq-stockholms-huvudlista\/#breadcrumb","itemListElement":[{"@type":"ListItem","position":1,"name":"Home","item":"https:\/\/irlab.se\/sv\/"},{"@type":"ListItem","position":2,"name":"Notering p\u00e5 Nasdaq Stockholms huvudlista"}]},{"@type":"WebSite","@id":"https:\/\/irlab.se\/#website","url":"https:\/\/irlab.se\/","name":"Irlab","description":"Novel treatments for Parkinson&#039;s disease","potentialAction":[{"@type":"SearchAction","target":{"@type":"EntryPoint","urlTemplate":"https:\/\/irlab.se\/?s={search_term_string}"},"query-input":{"@type":"PropertyValueSpecification","valueRequired":true,"valueName":"search_term_string"}}],"inLanguage":"sv-SE"}]}},"_links":{"self":[{"href":"https:\/\/irlab.se\/sv\/wp-json\/wp\/v2\/pages\/5178","targetHints":{"allow":["GET"]}}],"collection":[{"href":"https:\/\/irlab.se\/sv\/wp-json\/wp\/v2\/pages"}],"about":[{"href":"https:\/\/irlab.se\/sv\/wp-json\/wp\/v2\/types\/page"}],"author":[{"embeddable":true,"href":"https:\/\/irlab.se\/sv\/wp-json\/wp\/v2\/users\/1"}],"replies":[{"embeddable":true,"href":"https:\/\/irlab.se\/sv\/wp-json\/wp\/v2\/comments?post=5178"}],"version-history":[{"count":7,"href":"https:\/\/irlab.se\/sv\/wp-json\/wp\/v2\/pages\/5178\/revisions"}],"predecessor-version":[{"id":7922,"href":"https:\/\/irlab.se\/sv\/wp-json\/wp\/v2\/pages\/5178\/revisions\/7922"}],"wp:attachment":[{"href":"https:\/\/irlab.se\/sv\/wp-json\/wp\/v2\/media?parent=5178"}],"curies":[{"name":"wp","href":"https:\/\/api.w.org\/{rel}","templated":true}]}}