{"id":4867,"date":"2020-08-10T17:02:48","date_gmt":"2020-08-10T15:02:48","guid":{"rendered":"https:\/\/irlab.se\/?page_id=4867"},"modified":"2025-05-22T11:22:11","modified_gmt":"2025-05-22T09:22:11","slug":"pd-fall","status":"publish","type":"page","link":"https:\/\/irlab.se\/sv\/terapeutiskt-fokus\/pd-fall\/","title":{"rendered":"PD-Fall"},"content":{"rendered":"\n<h1 class=\"wp-block-heading\" id=\"pd-fall\">PD-Fall<\/h1>\n\n\n\n<p class=\"is-style-intro-text-style\">Skador relaterade till fall \u00e4r en stor orsak till sjukhusvistelser f\u00f6r patienter med Parkinsons sjukdom. Tv\u00e5 av de allra viktigaste bidragande faktorerna till den \u00f6kade risken f\u00f6r fall \u00e4r f\u00f6rs\u00e4mrad balans och kognitiv neds\u00e4ttning.<\/p>\n\n\n\n<p><strong>Ca 60% av alla parkinsonpatienter faller varje \u00e5r<br><\/strong>Personer med Parkinsons sjukdom har f\u00f6rs\u00e4mrad balans, \u00e4ven kallat postural dysfunktion. Balansen f\u00f6rs\u00e4mras p\u00e5tagligt i samband med kognitiv neds\u00e4ttning, vilket \u00f6kar risken f\u00f6r fall. Fall vid Parkinsons sjukdom orsakar komplikationer som frakturer, begr\u00e4nsad mobilitet och l\u00e4gre livskvalitet. Cirka 60% av alla drabbade av Parkinsons sjukdom har fallit n\u00e5gon g\u00e5ng och ungef\u00e4r 70% av dessa faller regelbundet.<\/p>\n\n\n\n<blockquote class=\"wp-block-quote is-layout-flow wp-block-quote-is-layout-flow\">\n<p><strong>Fallrisken f\u00f6r parkinsonpatienter \u00e4r 2-3 g\u00e5nger h\u00f6gre \u00e4n hos j\u00e4mn\u00e5riga, friska personer.<\/strong><\/p>\n<\/blockquote>\n\n\n\n<p>Levodopa och andra liknande parkinsonmediciner har d\u00e5lig effekt p\u00e5 postural dysfunktion och har d\u00e4rf\u00f6r ingen st\u00f6rre p\u00e5verkan p\u00e5 risken att falla.<\/p>\n\n\n\n<p><strong>Fall \u00e4r l\u00e4nkat till minskad kognitiv funktion<br><\/strong>Allteftersom Parkinsons sjukdom fortskrider p\u00e5verkas de kortikala omr\u00e5dena i hj\u00e4rnan (hj\u00e4rnbarken), vilket kan bidra till kognitiv neds\u00e4ttning och leda till demens. 25\u201330% av patienter med Parkinsons sjukdom visar tecken p\u00e5 demens och ett lika stort antal har det som kallas mild kognitiv neds\u00e4ttning. Fallrisken \u00e4r t\u00e4tt associerad med kognitiv neds\u00e4ttning och demens.<\/p>\n\n\n\n<p><strong>En helt ny behandling p\u00e5 en helt ny marknad<br><\/strong>Postural instabilitet och fall vid Parkinsons sjukdom \u00e4r vanligt f\u00f6rekommande symtom som idag saknar behandling. Det finns ocks\u00e5 begr\u00e4nsat med globala utvecklingsprojekt med m\u00e5l att behandla dessa symtom. L\u00e4kemedel som minskar risken f\u00f6r fall representerar ett av de st\u00f6rsta medicinska behoven i behandlingen av Parkinsons sjukdom.<\/p>\n\n\n\n<p>IRLAB k\u00e4nner inte till n\u00e5gra utvecklingsprojekt i klinisk fas inom indikationerna som kan komma att konkurrera med IRLAB:s l\u00e4kemedelskandidater. Droxidopa, som marknadsf\u00f6rs i USA f\u00f6r behandling av ortostatisk hypotension har studerats f\u00f6r behandling av fall vid ortostatisk hypotension och Parkinson.<\/p>\n\n\n\n<p><\/p>\n","protected":false},"excerpt":{"rendered":"<p>PD-Fall Skador relaterade till fall \u00e4r en stor orsak till sjukhusvistelser f\u00f6r patienter med Parkinsons sjukdom. Tv\u00e5 av de allra viktigaste bidragande faktorerna till den \u00f6kade risken f\u00f6r fall \u00e4r f\u00f6rs\u00e4mrad balans och kognitiv neds\u00e4ttning. Ca 60% av alla parkinsonpatienter faller varje \u00e5rPersoner med Parkinsons sjukdom har f\u00f6rs\u00e4mrad balans, \u00e4ven kallat postural dysfunktion. Balansen f\u00f6rs\u00e4mras [&hellip;]<\/p>\n","protected":false},"author":1,"featured_media":0,"parent":2081,"menu_order":0,"comment_status":"closed","ping_status":"closed","template":"","meta":{"_acf_changed":false,"footnotes":""},"class_list":["post-4867","page","type-page","status-publish","hentry"],"acf":[],"yoast_head":"<!-- This site is optimized with the Yoast SEO plugin v26.7 - https:\/\/yoast.com\/wordpress\/plugins\/seo\/ -->\n<title>PD-Fall - IRLAB<\/title>\n<meta name=\"robots\" content=\"index, follow, max-snippet:-1, max-image-preview:large, max-video-preview:-1\" \/>\n<link rel=\"canonical\" href=\"https:\/\/irlab.se\/sv\/terapeutiskt-fokus\/pd-fall\/\" \/>\n<meta property=\"og:locale\" content=\"sv_SE\" \/>\n<meta property=\"og:type\" content=\"article\" \/>\n<meta property=\"og:title\" content=\"PD-Fall - IRLAB\" \/>\n<meta property=\"og:description\" content=\"PD-Fall Skador relaterade till fall \u00e4r en stor orsak till sjukhusvistelser f\u00f6r patienter med Parkinsons sjukdom. Tv\u00e5 av de allra viktigaste bidragande faktorerna till den \u00f6kade risken f\u00f6r fall \u00e4r f\u00f6rs\u00e4mrad balans och kognitiv neds\u00e4ttning. Ca 60% av alla parkinsonpatienter faller varje \u00e5rPersoner med Parkinsons sjukdom har f\u00f6rs\u00e4mrad balans, \u00e4ven kallat postural dysfunktion. Balansen f\u00f6rs\u00e4mras [&hellip;]\" \/>\n<meta property=\"og:url\" content=\"https:\/\/irlab.se\/sv\/terapeutiskt-fokus\/pd-fall\/\" \/>\n<meta property=\"og:site_name\" content=\"IRLAB\" \/>\n<meta property=\"article:modified_time\" content=\"2025-05-22T09:22:11+00:00\" \/>\n<meta name=\"twitter:card\" content=\"summary_large_image\" \/>\n<meta name=\"twitter:label1\" content=\"Ber\u00e4knad l\u00e4stid\" \/>\n\t<meta name=\"twitter:data1\" content=\"2 minuter\" \/>\n<script type=\"application\/ld+json\" class=\"yoast-schema-graph\">{\"@context\":\"https:\/\/schema.org\",\"@graph\":[{\"@type\":\"WebPage\",\"@id\":\"https:\/\/irlab.se\/sv\/terapeutiskt-fokus\/pd-fall\/\",\"url\":\"https:\/\/irlab.se\/sv\/terapeutiskt-fokus\/pd-fall\/\",\"name\":\"PD-Fall - IRLAB\",\"isPartOf\":{\"@id\":\"https:\/\/irlab.se\/#website\"},\"datePublished\":\"2020-08-10T15:02:48+00:00\",\"dateModified\":\"2025-05-22T09:22:11+00:00\",\"breadcrumb\":{\"@id\":\"https:\/\/irlab.se\/sv\/terapeutiskt-fokus\/pd-fall\/#breadcrumb\"},\"inLanguage\":\"sv-SE\",\"potentialAction\":[{\"@type\":\"ReadAction\",\"target\":[\"https:\/\/irlab.se\/sv\/terapeutiskt-fokus\/pd-fall\/\"]}]},{\"@type\":\"BreadcrumbList\",\"@id\":\"https:\/\/irlab.se\/sv\/terapeutiskt-fokus\/pd-fall\/#breadcrumb\",\"itemListElement\":[{\"@type\":\"ListItem\",\"position\":1,\"name\":\"Home\",\"item\":\"https:\/\/irlab.se\/sv\/\"},{\"@type\":\"ListItem\",\"position\":2,\"name\":\"Terapeutiskt fokus\",\"item\":\"https:\/\/irlab.se\/sv\/terapeutiskt-fokus\/\"},{\"@type\":\"ListItem\",\"position\":3,\"name\":\"PD-Fall\"}]},{\"@type\":\"WebSite\",\"@id\":\"https:\/\/irlab.se\/#website\",\"url\":\"https:\/\/irlab.se\/\",\"name\":\"Irlab\",\"description\":\"Novel treatments for Parkinson&#039;s disease\",\"potentialAction\":[{\"@type\":\"SearchAction\",\"target\":{\"@type\":\"EntryPoint\",\"urlTemplate\":\"https:\/\/irlab.se\/?s={search_term_string}\"},\"query-input\":{\"@type\":\"PropertyValueSpecification\",\"valueRequired\":true,\"valueName\":\"search_term_string\"}}],\"inLanguage\":\"sv-SE\"}]}<\/script>\n<!-- \/ Yoast SEO plugin. -->","yoast_head_json":{"title":"PD-Fall - IRLAB","robots":{"index":"index","follow":"follow","max-snippet":"max-snippet:-1","max-image-preview":"max-image-preview:large","max-video-preview":"max-video-preview:-1"},"canonical":"https:\/\/irlab.se\/sv\/terapeutiskt-fokus\/pd-fall\/","og_locale":"sv_SE","og_type":"article","og_title":"PD-Fall - IRLAB","og_description":"PD-Fall Skador relaterade till fall \u00e4r en stor orsak till sjukhusvistelser f\u00f6r patienter med Parkinsons sjukdom. Tv\u00e5 av de allra viktigaste bidragande faktorerna till den \u00f6kade risken f\u00f6r fall \u00e4r f\u00f6rs\u00e4mrad balans och kognitiv neds\u00e4ttning. Ca 60% av alla parkinsonpatienter faller varje \u00e5rPersoner med Parkinsons sjukdom har f\u00f6rs\u00e4mrad balans, \u00e4ven kallat postural dysfunktion. Balansen f\u00f6rs\u00e4mras [&hellip;]","og_url":"https:\/\/irlab.se\/sv\/terapeutiskt-fokus\/pd-fall\/","og_site_name":"IRLAB","article_modified_time":"2025-05-22T09:22:11+00:00","twitter_card":"summary_large_image","twitter_misc":{"Ber\u00e4knad l\u00e4stid":"2 minuter"},"schema":{"@context":"https:\/\/schema.org","@graph":[{"@type":"WebPage","@id":"https:\/\/irlab.se\/sv\/terapeutiskt-fokus\/pd-fall\/","url":"https:\/\/irlab.se\/sv\/terapeutiskt-fokus\/pd-fall\/","name":"PD-Fall - IRLAB","isPartOf":{"@id":"https:\/\/irlab.se\/#website"},"datePublished":"2020-08-10T15:02:48+00:00","dateModified":"2025-05-22T09:22:11+00:00","breadcrumb":{"@id":"https:\/\/irlab.se\/sv\/terapeutiskt-fokus\/pd-fall\/#breadcrumb"},"inLanguage":"sv-SE","potentialAction":[{"@type":"ReadAction","target":["https:\/\/irlab.se\/sv\/terapeutiskt-fokus\/pd-fall\/"]}]},{"@type":"BreadcrumbList","@id":"https:\/\/irlab.se\/sv\/terapeutiskt-fokus\/pd-fall\/#breadcrumb","itemListElement":[{"@type":"ListItem","position":1,"name":"Home","item":"https:\/\/irlab.se\/sv\/"},{"@type":"ListItem","position":2,"name":"Terapeutiskt fokus","item":"https:\/\/irlab.se\/sv\/terapeutiskt-fokus\/"},{"@type":"ListItem","position":3,"name":"PD-Fall"}]},{"@type":"WebSite","@id":"https:\/\/irlab.se\/#website","url":"https:\/\/irlab.se\/","name":"Irlab","description":"Novel treatments for Parkinson&#039;s disease","potentialAction":[{"@type":"SearchAction","target":{"@type":"EntryPoint","urlTemplate":"https:\/\/irlab.se\/?s={search_term_string}"},"query-input":{"@type":"PropertyValueSpecification","valueRequired":true,"valueName":"search_term_string"}}],"inLanguage":"sv-SE"}]}},"_links":{"self":[{"href":"https:\/\/irlab.se\/sv\/wp-json\/wp\/v2\/pages\/4867","targetHints":{"allow":["GET"]}}],"collection":[{"href":"https:\/\/irlab.se\/sv\/wp-json\/wp\/v2\/pages"}],"about":[{"href":"https:\/\/irlab.se\/sv\/wp-json\/wp\/v2\/types\/page"}],"author":[{"embeddable":true,"href":"https:\/\/irlab.se\/sv\/wp-json\/wp\/v2\/users\/1"}],"replies":[{"embeddable":true,"href":"https:\/\/irlab.se\/sv\/wp-json\/wp\/v2\/comments?post=4867"}],"version-history":[{"count":10,"href":"https:\/\/irlab.se\/sv\/wp-json\/wp\/v2\/pages\/4867\/revisions"}],"predecessor-version":[{"id":12027,"href":"https:\/\/irlab.se\/sv\/wp-json\/wp\/v2\/pages\/4867\/revisions\/12027"}],"up":[{"embeddable":true,"href":"https:\/\/irlab.se\/sv\/wp-json\/wp\/v2\/pages\/2081"}],"wp:attachment":[{"href":"https:\/\/irlab.se\/sv\/wp-json\/wp\/v2\/media?parent=4867"}],"curies":[{"name":"wp","href":"https:\/\/api.w.org\/{rel}","templated":true}]}}