{"id":4824,"date":"2020-06-29T00:14:32","date_gmt":"2020-06-28T22:14:32","guid":{"rendered":"https:\/\/irlab.se\/?page_id=4824"},"modified":"2025-10-29T15:28:26","modified_gmt":"2025-10-29T14:28:26","slug":"irl942","status":"publish","type":"page","link":"https:\/\/irlab.se\/sv\/projektportfolj\/irl942\/","title":{"rendered":"IRL942"},"content":{"rendered":"\n<h1 class=\"wp-block-heading\" id=\"irl942-irl1009\">IRL942<\/h1>\n\n\n\n<p class=\"is-style-intro-text-style\">L\u00e4kemedelskandidaten IRL942 \u00e4r sprungen ur forskningsprogrammet P001 och avser att f\u00f6rb\u00e4ttra den kognitiva funktionen och hj\u00e4rnh\u00e4lsa hos personer med CNS-sjukdomar. Ungef\u00e4r 12 procent av vuxna \u00f6ver 65 \u00e5rs \u00e5lder upplever kognitiv f\u00f6rs\u00e4mring, vilken i h\u00f6g grad p\u00e5verkar deras livskvalitet. L\u00e4kemedelskandidaten \u00e4r i preklinisk utvecklingsfas.<\/p>\n\n\n\n<p>M\u00e5let med den prekliniska l\u00e4kemedelskandidaten IRL942 \u00e4r en oral tablett som skall f\u00f6rb\u00e4ttra den kognitiva funktionen hos personer med Parkinson och andra neurologiska sjukdomar. Ungef\u00e4r 12 procent av vuxna i \u00e5ldern 65 \u00e5r eller \u00e4ldre upplever kognitiv f\u00f6rs\u00e4mring, vilket i h\u00f6g grad p\u00e5verkar livskvaliteten och det \u00e4r vanligare hos personer som lever med neurologiska st\u00f6rningar. <\/p>\n\n\n\n<p>F\u00f6rsvagning av nervsignalering i hj\u00e4rnbarken antas vara en orsak till kognitiv f\u00f6rs\u00e4mring och neuropsykiatriska symtom vid Parkinson och andra neurologiska sjukdomar. IRL942 har en unik f\u00f6rm\u00e5ga att f\u00f6rst\u00e4rka frontala hj\u00e4rnbarkens nervsignalering, aktivera gener viktiga f\u00f6r nervkopplingars funktion och de  associerade nervbanorna i hj\u00e4rnbarken, vilket motverkar nedsatt kognitiv funktion i flera prekliniska modeller.<\/p>\n\n\n\n<p>Utvecklingen av GMP-tillverkning av l\u00e4kemedelssubstans och utvecklingen av drug product, dvs den farmaceutiska formuleringen, har genomf\u00f6rts.\u00a0Utvecklingstakten f\u00f6r IRL942 har dragits ned under 2025 och genomf\u00f6rande av de prekliniska regulatoriska toxikologi- och s\u00e4kerhetsstudier som kr\u00e4vs f\u00f6r att \u00a0p\u00e5b\u00f6rja klinisk utveckling i Fas I kommer tidigast ske under andra halv\u00e5ret 2026.<\/p>\n\n\n\n<p><\/p>\n\n\n\n<p><\/p>\n","protected":false},"excerpt":{"rendered":"<p>IRL942 L\u00e4kemedelskandidaten IRL942 \u00e4r sprungen ur forskningsprogrammet P001 och avser att f\u00f6rb\u00e4ttra den kognitiva funktionen och hj\u00e4rnh\u00e4lsa hos personer med CNS-sjukdomar. Ungef\u00e4r 12 procent av vuxna \u00f6ver 65 \u00e5rs \u00e5lder upplever kognitiv f\u00f6rs\u00e4mring, vilken i h\u00f6g grad p\u00e5verkar deras livskvalitet. L\u00e4kemedelskandidaten \u00e4r i preklinisk utvecklingsfas. M\u00e5let med den prekliniska l\u00e4kemedelskandidaten IRL942 \u00e4r en oral tablett [&hellip;]<\/p>\n","protected":false},"author":1,"featured_media":0,"parent":634,"menu_order":0,"comment_status":"closed","ping_status":"closed","template":"","meta":{"_acf_changed":false,"footnotes":""},"class_list":["post-4824","page","type-page","status-publish","hentry"],"acf":[],"yoast_head":"<!-- This site is optimized with the Yoast SEO plugin v26.7 - https:\/\/yoast.com\/wordpress\/plugins\/seo\/ -->\n<title>IRL942 - IRLAB<\/title>\n<meta name=\"robots\" content=\"index, follow, max-snippet:-1, max-image-preview:large, max-video-preview:-1\" \/>\n<link rel=\"canonical\" href=\"https:\/\/irlab.se\/sv\/projektportfolj\/irl942\/\" \/>\n<meta property=\"og:locale\" content=\"sv_SE\" \/>\n<meta property=\"og:type\" content=\"article\" \/>\n<meta property=\"og:title\" content=\"IRL942 - IRLAB\" \/>\n<meta property=\"og:description\" content=\"IRL942 L\u00e4kemedelskandidaten IRL942 \u00e4r sprungen ur forskningsprogrammet P001 och avser att f\u00f6rb\u00e4ttra den kognitiva funktionen och hj\u00e4rnh\u00e4lsa hos personer med CNS-sjukdomar. Ungef\u00e4r 12 procent av vuxna \u00f6ver 65 \u00e5rs \u00e5lder upplever kognitiv f\u00f6rs\u00e4mring, vilken i h\u00f6g grad p\u00e5verkar deras livskvalitet. L\u00e4kemedelskandidaten \u00e4r i preklinisk utvecklingsfas. M\u00e5let med den prekliniska l\u00e4kemedelskandidaten IRL942 \u00e4r en oral tablett [&hellip;]\" \/>\n<meta property=\"og:url\" content=\"https:\/\/irlab.se\/sv\/projektportfolj\/irl942\/\" \/>\n<meta property=\"og:site_name\" content=\"IRLAB\" \/>\n<meta property=\"article:modified_time\" content=\"2025-10-29T14:28:26+00:00\" \/>\n<meta name=\"twitter:card\" content=\"summary_large_image\" \/>\n<meta name=\"twitter:label1\" content=\"Ber\u00e4knad l\u00e4stid\" \/>\n\t<meta name=\"twitter:data1\" content=\"1 minut\" \/>\n<script type=\"application\/ld+json\" class=\"yoast-schema-graph\">{\"@context\":\"https:\/\/schema.org\",\"@graph\":[{\"@type\":\"WebPage\",\"@id\":\"https:\/\/irlab.se\/sv\/projektportfolj\/irl942\/\",\"url\":\"https:\/\/irlab.se\/sv\/projektportfolj\/irl942\/\",\"name\":\"IRL942 - IRLAB\",\"isPartOf\":{\"@id\":\"https:\/\/irlab.se\/#website\"},\"datePublished\":\"2020-06-28T22:14:32+00:00\",\"dateModified\":\"2025-10-29T14:28:26+00:00\",\"breadcrumb\":{\"@id\":\"https:\/\/irlab.se\/sv\/projektportfolj\/irl942\/#breadcrumb\"},\"inLanguage\":\"sv-SE\",\"potentialAction\":[{\"@type\":\"ReadAction\",\"target\":[\"https:\/\/irlab.se\/sv\/projektportfolj\/irl942\/\"]}]},{\"@type\":\"BreadcrumbList\",\"@id\":\"https:\/\/irlab.se\/sv\/projektportfolj\/irl942\/#breadcrumb\",\"itemListElement\":[{\"@type\":\"ListItem\",\"position\":1,\"name\":\"Home\",\"item\":\"https:\/\/irlab.se\/sv\/\"},{\"@type\":\"ListItem\",\"position\":2,\"name\":\"Projektportf\u00f6lj\",\"item\":\"https:\/\/irlab.se\/sv\/projektportfolj\/\"},{\"@type\":\"ListItem\",\"position\":3,\"name\":\"IRL942\"}]},{\"@type\":\"WebSite\",\"@id\":\"https:\/\/irlab.se\/#website\",\"url\":\"https:\/\/irlab.se\/\",\"name\":\"Irlab\",\"description\":\"Novel treatments for Parkinson&#039;s disease\",\"potentialAction\":[{\"@type\":\"SearchAction\",\"target\":{\"@type\":\"EntryPoint\",\"urlTemplate\":\"https:\/\/irlab.se\/?s={search_term_string}\"},\"query-input\":{\"@type\":\"PropertyValueSpecification\",\"valueRequired\":true,\"valueName\":\"search_term_string\"}}],\"inLanguage\":\"sv-SE\"}]}<\/script>\n<!-- \/ Yoast SEO plugin. -->","yoast_head_json":{"title":"IRL942 - IRLAB","robots":{"index":"index","follow":"follow","max-snippet":"max-snippet:-1","max-image-preview":"max-image-preview:large","max-video-preview":"max-video-preview:-1"},"canonical":"https:\/\/irlab.se\/sv\/projektportfolj\/irl942\/","og_locale":"sv_SE","og_type":"article","og_title":"IRL942 - IRLAB","og_description":"IRL942 L\u00e4kemedelskandidaten IRL942 \u00e4r sprungen ur forskningsprogrammet P001 och avser att f\u00f6rb\u00e4ttra den kognitiva funktionen och hj\u00e4rnh\u00e4lsa hos personer med CNS-sjukdomar. Ungef\u00e4r 12 procent av vuxna \u00f6ver 65 \u00e5rs \u00e5lder upplever kognitiv f\u00f6rs\u00e4mring, vilken i h\u00f6g grad p\u00e5verkar deras livskvalitet. L\u00e4kemedelskandidaten \u00e4r i preklinisk utvecklingsfas. M\u00e5let med den prekliniska l\u00e4kemedelskandidaten IRL942 \u00e4r en oral tablett [&hellip;]","og_url":"https:\/\/irlab.se\/sv\/projektportfolj\/irl942\/","og_site_name":"IRLAB","article_modified_time":"2025-10-29T14:28:26+00:00","twitter_card":"summary_large_image","twitter_misc":{"Ber\u00e4knad l\u00e4stid":"1 minut"},"schema":{"@context":"https:\/\/schema.org","@graph":[{"@type":"WebPage","@id":"https:\/\/irlab.se\/sv\/projektportfolj\/irl942\/","url":"https:\/\/irlab.se\/sv\/projektportfolj\/irl942\/","name":"IRL942 - IRLAB","isPartOf":{"@id":"https:\/\/irlab.se\/#website"},"datePublished":"2020-06-28T22:14:32+00:00","dateModified":"2025-10-29T14:28:26+00:00","breadcrumb":{"@id":"https:\/\/irlab.se\/sv\/projektportfolj\/irl942\/#breadcrumb"},"inLanguage":"sv-SE","potentialAction":[{"@type":"ReadAction","target":["https:\/\/irlab.se\/sv\/projektportfolj\/irl942\/"]}]},{"@type":"BreadcrumbList","@id":"https:\/\/irlab.se\/sv\/projektportfolj\/irl942\/#breadcrumb","itemListElement":[{"@type":"ListItem","position":1,"name":"Home","item":"https:\/\/irlab.se\/sv\/"},{"@type":"ListItem","position":2,"name":"Projektportf\u00f6lj","item":"https:\/\/irlab.se\/sv\/projektportfolj\/"},{"@type":"ListItem","position":3,"name":"IRL942"}]},{"@type":"WebSite","@id":"https:\/\/irlab.se\/#website","url":"https:\/\/irlab.se\/","name":"Irlab","description":"Novel treatments for Parkinson&#039;s disease","potentialAction":[{"@type":"SearchAction","target":{"@type":"EntryPoint","urlTemplate":"https:\/\/irlab.se\/?s={search_term_string}"},"query-input":{"@type":"PropertyValueSpecification","valueRequired":true,"valueName":"search_term_string"}}],"inLanguage":"sv-SE"}]}},"_links":{"self":[{"href":"https:\/\/irlab.se\/sv\/wp-json\/wp\/v2\/pages\/4824","targetHints":{"allow":["GET"]}}],"collection":[{"href":"https:\/\/irlab.se\/sv\/wp-json\/wp\/v2\/pages"}],"about":[{"href":"https:\/\/irlab.se\/sv\/wp-json\/wp\/v2\/types\/page"}],"author":[{"embeddable":true,"href":"https:\/\/irlab.se\/sv\/wp-json\/wp\/v2\/users\/1"}],"replies":[{"embeddable":true,"href":"https:\/\/irlab.se\/sv\/wp-json\/wp\/v2\/comments?post=4824"}],"version-history":[{"count":23,"href":"https:\/\/irlab.se\/sv\/wp-json\/wp\/v2\/pages\/4824\/revisions"}],"predecessor-version":[{"id":12534,"href":"https:\/\/irlab.se\/sv\/wp-json\/wp\/v2\/pages\/4824\/revisions\/12534"}],"up":[{"embeddable":true,"href":"https:\/\/irlab.se\/sv\/wp-json\/wp\/v2\/pages\/634"}],"wp:attachment":[{"href":"https:\/\/irlab.se\/sv\/wp-json\/wp\/v2\/media?parent=4824"}],"curies":[{"name":"wp","href":"https:\/\/api.w.org\/{rel}","templated":true}]}}