{"id":4577,"date":"2020-05-28T10:20:27","date_gmt":"2020-05-28T08:20:27","guid":{"rendered":"https:\/\/irlab.se\/?page_id=4577"},"modified":"2022-02-14T14:20:01","modified_gmt":"2022-02-14T13:20:01","slug":"mangfald","status":"publish","type":"page","link":"https:\/\/irlab.se\/sv\/bolagsstyrning\/mangfald\/","title":{"rendered":"M\u00e5ngfald"},"content":{"rendered":"\n<h1 class=\"wp-block-heading\" id=\"mangfald\">M\u00e5ngfald<\/h1>\n\n\n\n<p class=\"is-style-intro-text-style\">IRLAB:s organisation fr\u00e4mjar en inkluderande f\u00f6retagskultur p\u00e5 alla niv\u00e5er. Bolaget som bedriver forsknings- och utvecklingsverksamhet beh\u00f6ver vanligen specifik kompetens och utbildning, men huvudprincipen \u00e4r att alla ska ha samma m\u00f6jlighet vid rekrytering och till utveckling i arbetet.<\/p>\n\n\n\n<p>Genom att investera i m\u00e5ngfald och st\u00f6da anst\u00e4llda med olika k\u00f6n, \u00e5lder, etnisk bakgrund, religion och personlighet blir IRLAB en b\u00e4ttre verksamhet d\u00e4r m\u00e5ng\u00e5rig erfarenhet kombineras med nya id\u00e9er och perspektiv f\u00f6r att p\u00e5 b\u00e4sta s\u00e4tt hj\u00e4lpa patienter som \u00e4r i behov av effektiva behandlingar.<\/p>\n","protected":false},"excerpt":{"rendered":"<p>M\u00e5ngfald IRLAB:s organisation fr\u00e4mjar en inkluderande f\u00f6retagskultur p\u00e5 alla niv\u00e5er. Bolaget som bedriver forsknings- och utvecklingsverksamhet beh\u00f6ver vanligen specifik kompetens och utbildning, men huvudprincipen \u00e4r att alla ska ha samma m\u00f6jlighet vid rekrytering och till utveckling i arbetet. Genom att investera i m\u00e5ngfald och st\u00f6da anst\u00e4llda med olika k\u00f6n, \u00e5lder, etnisk bakgrund, religion och personlighet [&hellip;]<\/p>\n","protected":false},"author":1,"featured_media":0,"parent":568,"menu_order":0,"comment_status":"closed","ping_status":"closed","template":"","meta":{"_acf_changed":false,"footnotes":""},"class_list":["post-4577","page","type-page","status-publish","hentry"],"acf":[],"yoast_head":"<!-- This site is optimized with the Yoast SEO plugin v26.7 - https:\/\/yoast.com\/wordpress\/plugins\/seo\/ -->\n<title>M\u00e5ngfald - IRLAB<\/title>\n<meta name=\"robots\" content=\"index, follow, max-snippet:-1, max-image-preview:large, max-video-preview:-1\" \/>\n<link rel=\"canonical\" href=\"https:\/\/irlab.se\/sv\/bolagsstyrning\/mangfald\/\" \/>\n<meta property=\"og:locale\" content=\"sv_SE\" \/>\n<meta property=\"og:type\" content=\"article\" \/>\n<meta property=\"og:title\" content=\"M\u00e5ngfald - IRLAB\" \/>\n<meta property=\"og:description\" content=\"M\u00e5ngfald IRLAB:s organisation fr\u00e4mjar en inkluderande f\u00f6retagskultur p\u00e5 alla niv\u00e5er. Bolaget som bedriver forsknings- och utvecklingsverksamhet beh\u00f6ver vanligen specifik kompetens och utbildning, men huvudprincipen \u00e4r att alla ska ha samma m\u00f6jlighet vid rekrytering och till utveckling i arbetet. Genom att investera i m\u00e5ngfald och st\u00f6da anst\u00e4llda med olika k\u00f6n, \u00e5lder, etnisk bakgrund, religion och personlighet [&hellip;]\" \/>\n<meta property=\"og:url\" content=\"https:\/\/irlab.se\/sv\/bolagsstyrning\/mangfald\/\" \/>\n<meta property=\"og:site_name\" content=\"IRLAB\" \/>\n<meta property=\"article:modified_time\" content=\"2022-02-14T13:20:01+00:00\" \/>\n<meta name=\"twitter:card\" content=\"summary_large_image\" \/>\n<meta name=\"twitter:label1\" content=\"Ber\u00e4knad l\u00e4stid\" \/>\n\t<meta name=\"twitter:data1\" content=\"1 minut\" \/>\n<script type=\"application\/ld+json\" class=\"yoast-schema-graph\">{\"@context\":\"https:\/\/schema.org\",\"@graph\":[{\"@type\":\"WebPage\",\"@id\":\"https:\/\/irlab.se\/sv\/bolagsstyrning\/mangfald\/\",\"url\":\"https:\/\/irlab.se\/sv\/bolagsstyrning\/mangfald\/\",\"name\":\"M\u00e5ngfald - IRLAB\",\"isPartOf\":{\"@id\":\"https:\/\/irlab.se\/#website\"},\"datePublished\":\"2020-05-28T08:20:27+00:00\",\"dateModified\":\"2022-02-14T13:20:01+00:00\",\"breadcrumb\":{\"@id\":\"https:\/\/irlab.se\/sv\/bolagsstyrning\/mangfald\/#breadcrumb\"},\"inLanguage\":\"sv-SE\",\"potentialAction\":[{\"@type\":\"ReadAction\",\"target\":[\"https:\/\/irlab.se\/sv\/bolagsstyrning\/mangfald\/\"]}]},{\"@type\":\"BreadcrumbList\",\"@id\":\"https:\/\/irlab.se\/sv\/bolagsstyrning\/mangfald\/#breadcrumb\",\"itemListElement\":[{\"@type\":\"ListItem\",\"position\":1,\"name\":\"Home\",\"item\":\"https:\/\/irlab.se\/sv\/\"},{\"@type\":\"ListItem\",\"position\":2,\"name\":\"Bolagsstyrning\",\"item\":\"https:\/\/irlab.se\/sv\/bolagsstyrning\/\"},{\"@type\":\"ListItem\",\"position\":3,\"name\":\"M\u00e5ngfald\"}]},{\"@type\":\"WebSite\",\"@id\":\"https:\/\/irlab.se\/#website\",\"url\":\"https:\/\/irlab.se\/\",\"name\":\"Irlab\",\"description\":\"Novel treatments for Parkinson&#039;s disease\",\"potentialAction\":[{\"@type\":\"SearchAction\",\"target\":{\"@type\":\"EntryPoint\",\"urlTemplate\":\"https:\/\/irlab.se\/?s={search_term_string}\"},\"query-input\":{\"@type\":\"PropertyValueSpecification\",\"valueRequired\":true,\"valueName\":\"search_term_string\"}}],\"inLanguage\":\"sv-SE\"}]}<\/script>\n<!-- \/ Yoast SEO plugin. -->","yoast_head_json":{"title":"M\u00e5ngfald - IRLAB","robots":{"index":"index","follow":"follow","max-snippet":"max-snippet:-1","max-image-preview":"max-image-preview:large","max-video-preview":"max-video-preview:-1"},"canonical":"https:\/\/irlab.se\/sv\/bolagsstyrning\/mangfald\/","og_locale":"sv_SE","og_type":"article","og_title":"M\u00e5ngfald - IRLAB","og_description":"M\u00e5ngfald IRLAB:s organisation fr\u00e4mjar en inkluderande f\u00f6retagskultur p\u00e5 alla niv\u00e5er. Bolaget som bedriver forsknings- och utvecklingsverksamhet beh\u00f6ver vanligen specifik kompetens och utbildning, men huvudprincipen \u00e4r att alla ska ha samma m\u00f6jlighet vid rekrytering och till utveckling i arbetet. Genom att investera i m\u00e5ngfald och st\u00f6da anst\u00e4llda med olika k\u00f6n, \u00e5lder, etnisk bakgrund, religion och personlighet [&hellip;]","og_url":"https:\/\/irlab.se\/sv\/bolagsstyrning\/mangfald\/","og_site_name":"IRLAB","article_modified_time":"2022-02-14T13:20:01+00:00","twitter_card":"summary_large_image","twitter_misc":{"Ber\u00e4knad l\u00e4stid":"1 minut"},"schema":{"@context":"https:\/\/schema.org","@graph":[{"@type":"WebPage","@id":"https:\/\/irlab.se\/sv\/bolagsstyrning\/mangfald\/","url":"https:\/\/irlab.se\/sv\/bolagsstyrning\/mangfald\/","name":"M\u00e5ngfald - IRLAB","isPartOf":{"@id":"https:\/\/irlab.se\/#website"},"datePublished":"2020-05-28T08:20:27+00:00","dateModified":"2022-02-14T13:20:01+00:00","breadcrumb":{"@id":"https:\/\/irlab.se\/sv\/bolagsstyrning\/mangfald\/#breadcrumb"},"inLanguage":"sv-SE","potentialAction":[{"@type":"ReadAction","target":["https:\/\/irlab.se\/sv\/bolagsstyrning\/mangfald\/"]}]},{"@type":"BreadcrumbList","@id":"https:\/\/irlab.se\/sv\/bolagsstyrning\/mangfald\/#breadcrumb","itemListElement":[{"@type":"ListItem","position":1,"name":"Home","item":"https:\/\/irlab.se\/sv\/"},{"@type":"ListItem","position":2,"name":"Bolagsstyrning","item":"https:\/\/irlab.se\/sv\/bolagsstyrning\/"},{"@type":"ListItem","position":3,"name":"M\u00e5ngfald"}]},{"@type":"WebSite","@id":"https:\/\/irlab.se\/#website","url":"https:\/\/irlab.se\/","name":"Irlab","description":"Novel treatments for Parkinson&#039;s disease","potentialAction":[{"@type":"SearchAction","target":{"@type":"EntryPoint","urlTemplate":"https:\/\/irlab.se\/?s={search_term_string}"},"query-input":{"@type":"PropertyValueSpecification","valueRequired":true,"valueName":"search_term_string"}}],"inLanguage":"sv-SE"}]}},"_links":{"self":[{"href":"https:\/\/irlab.se\/sv\/wp-json\/wp\/v2\/pages\/4577","targetHints":{"allow":["GET"]}}],"collection":[{"href":"https:\/\/irlab.se\/sv\/wp-json\/wp\/v2\/pages"}],"about":[{"href":"https:\/\/irlab.se\/sv\/wp-json\/wp\/v2\/types\/page"}],"author":[{"embeddable":true,"href":"https:\/\/irlab.se\/sv\/wp-json\/wp\/v2\/users\/1"}],"replies":[{"embeddable":true,"href":"https:\/\/irlab.se\/sv\/wp-json\/wp\/v2\/comments?post=4577"}],"version-history":[{"count":4,"href":"https:\/\/irlab.se\/sv\/wp-json\/wp\/v2\/pages\/4577\/revisions"}],"predecessor-version":[{"id":7687,"href":"https:\/\/irlab.se\/sv\/wp-json\/wp\/v2\/pages\/4577\/revisions\/7687"}],"up":[{"embeddable":true,"href":"https:\/\/irlab.se\/sv\/wp-json\/wp\/v2\/pages\/568"}],"wp:attachment":[{"href":"https:\/\/irlab.se\/sv\/wp-json\/wp\/v2\/media?parent=4577"}],"curies":[{"name":"wp","href":"https:\/\/api.w.org\/{rel}","templated":true}]}}