{"id":3945,"date":"2020-06-28T10:14:14","date_gmt":"2020-06-28T08:14:14","guid":{"rendered":"http:\/\/www.irlab.se\/?page_id=3945"},"modified":"2025-09-11T11:03:48","modified_gmt":"2025-09-11T09:03:48","slug":"nyemission-februari-2020","status":"publish","type":"page","link":"https:\/\/irlab.se\/sv\/nyemission-februari-2020\/","title":{"rendered":"Nyemission 2020"},"content":{"rendered":"\n<h2 class=\"wp-block-heading\">IRLAB forts\u00e4tter utvecklingen av l\u00e4kemedelskandidaterna IRL752 och IRL790 via en fullt s\u00e4kerst\u00e4lld f\u00f6retr\u00e4desemission om 145 MSEK<\/h2>\n\n\n\n<p>Styrelsen f\u00f6r IRLAB Therapeutics AB (publ) (\u201dIRLAB\u201d eller \u201dBolaget\u201d) (Nasdaq First North Premier Growth Market, IRLAB A) har beslutat att genomf\u00f6ra en nyemission av aktier om 145 MSEK med f\u00f6retr\u00e4desr\u00e4tt f\u00f6r Bolagets aktie\u00e4gare (\u201dF\u00f6retr\u00e4desemissionen\u201d).<\/p>\n\n\n\n<p><em>F\u00f6r dig som har dep\u00e5 i bank, kontakta din bank f\u00f6r teckning.<\/em><\/p>\n\n\n\n<h3 class=\"wp-block-heading\"><strong>Sammanfattning<\/strong><\/h3>\n\n\n\n<ul class=\"wp-block-list\">\n<li>F\u00f6retr\u00e4desemissionen kommer att finansiera den planerade Fas IIb\/III-studien av IRL790 i sin helhet samt f\u00f6r att finansiera Bolagets l\u00f6pande verksamhet fram till slutet av andra kvartalet 2022, inklusive f\u00f6rberedelser och genomf\u00f6rande av Fas IIb-studien av IRL752 och forskning genom Bolagets plattform f\u00f6r l\u00e4kemedelsutveckling ISP.<\/li>\n\n\n\n<li>F\u00f6retr\u00e4desemissionen \u00e4r 100 procent s\u00e4kerst\u00e4lld genom teckningsf\u00f6rbindelser, garanti\u00e5taganden samt avsiktsf\u00f6rklaringar. Teckningsf\u00f6rbindelser har l\u00e4mnats av Bolagets st\u00f6rre aktie\u00e4gare, bland andra, Daniel Johnsson, FV Group, Ancoria, Handelsbanken Fonder, Fj\u00e4rde AP Fonden, Tredje AP Fonden och Andra AP Fonden uppg\u00e5ende till cirka 43 procent av F\u00f6retr\u00e4desemissionen. D\u00e4rtill har delar av Bolagets st\u00f6rre aktie\u00e4gare och ett antal andra aktie\u00e4gare l\u00e4mnat garanti\u00e5taganden och avsiktsf\u00f6rklaringar motsvarande cirka 57 procent av F\u00f6retr\u00e4desemissionen.<\/li>\n\n\n\n<li>Teckningsperioden l\u00f6per fr\u00e5n och med 11 februari 2020 till och med 25 februari 2020.<\/li>\n<\/ul>\n\n\n\n<h3 class=\"wp-block-heading\"><strong>F\u00f6retr\u00e4desemission av aktier i IRLAB<\/strong><\/h3>\n\n\n\n<p>Under 2016 \u2013 2019 har Bolaget genomf\u00f6rt kliniska Fas I- och Fas IIa-studier med de tv\u00e5 l\u00e4kemedelskandidaterna IRL790 och IRL752. Studierna har visat att b\u00e5da substanserna tolererades v\u00e4l, b\u00e5de av friska studiedeltagare och patienter med Parkinsons sjukdom. IRL790 och IRL752 uppvisade i respektive Fas IIa-studie tydliga indikationer p\u00e5 behandlingseffekt f\u00f6r de symtom de \u00e4r avsedda att behandla. Bolaget planerar nu att genomf\u00f6ra Fas IIb-studier med b\u00e5da l\u00e4kemedelskandidaterna (avseende IRL790 \u00e4r studien en Fas IIb\/III) med start under 2020. Dessa syftar till att bekr\u00e4fta och s\u00e4kerst\u00e4lla de effekter i patienter som de tidigare studierna indikerat, samt att vidare bekr\u00e4fta s\u00e4kerhet och tolerabilitet i ett st\u00f6rre antal patienter.<\/p>\n\n\n\n<p>Parallellt med de kliniska Fas IIb respektive Fas IIb\/III-studierna planerar Bolaget att genomf\u00f6ra flera aktiviteter och sammanst\u00e4lla delar av den dokumentation som regulatoriska myndigheter kr\u00e4ver inf\u00f6r start av kommande Fas III-program med de b\u00e5da l\u00e4kemedelskandidaterna. N\u00e4rmast inneb\u00e4r det regulatoriska 6 och 9 m\u00e5naders toxicitetsstudier i tv\u00e5 djurslag med start under 2020. Hittills har regulatoriska 1 och 3 m\u00e5naders toxicitetsstudier genomf\u00f6rts framg\u00e5ngsrikt. Ett Fas III-program har som huvudsyfte att bekr\u00e4fta effektens storlek fr\u00e5n Fas IIb men ger ocks\u00e5 ytterligare grund f\u00f6r s\u00e4kerheten genom att fler patienter ing\u00e5r och \u00e4r \u00e4ven det slutliga steget inf\u00f6r ett marknadsgodk\u00e4nnande.<\/p>\n\n\n\n<p>Mot bakgrund av det kapitalbehov som den aktuella utvecklingsplanen ger upphov till har IRLAB:s styrelse beslutat att genomf\u00f6ra en F\u00f6retr\u00e4desemission med f\u00f6retr\u00e4desr\u00e4tt f\u00f6r Bolagets aktie\u00e4gare i syfte att finansiera kliniska Fas IIb-studier av IRL752 och IRL790 samt Fas III-f\u00f6rberedande aktiviteter f\u00f6r b\u00e5da dessa l\u00e4kemedelskandidater och d\u00e4rtill ge utrymme f\u00f6r \u00f6vrig operativ verksamhet, bland annat f\u00f6r att skapa nya projekt f\u00f6r framtiden. Bolaget avser vidare att genomf\u00f6ra en notering av IRLAB p\u00e5 Nasdaq Stockholm, vilket fordrar en starkare finansiell st\u00e4llning.<\/p>\n\n\n\n<p>F\u00f6r mer information, se prospektet som offentliggjordes den 7 februari 2020 och som finns tillg\u00e4ngligt nedan.<\/p>\n\n\n\n<table id=\"tablepress-7\" class=\"tablepress tablepress-id-7\">\n<thead>\n<tr class=\"row-1\">\n\t<th colspan=\"2\" class=\"column-1\">Prelimin\u00e4r tidplan<\/th>\n<\/tr>\n<\/thead>\n<tbody class=\"row-striping row-hover\">\n<tr class=\"row-2\">\n\t<td class=\"column-1\">7 februari<\/td><td class=\"column-2\">Publicering av prospektet<\/td>\n<\/tr>\n<tr class=\"row-3\">\n\t<td class=\"column-1\">11-21 februari<\/td><td class=\"column-2\">Handel med teckningsr\u00e4tter<\/td>\n<\/tr>\n<tr class=\"row-4\">\n\t<td class=\"column-1\">11-25 feb<\/td><td class=\"column-2\">Teckningsperiod<\/td>\n<\/tr>\n<tr class=\"row-5\">\n\t<td class=\"column-1\">27 feb<\/td><td class=\"column-2\">Ber\u00e4knad dag f\u00f6r offentligg\u00f6rande av utfall i F\u00f6retr\u00e4desemissionen<\/td>\n<\/tr>\n<\/tbody>\n<\/table>\n<!-- #tablepress-7 from cache -->\n\n\n<h3 class=\"wp-block-heading\">Pressmeddelanden<\/h3>\n\n\n\n<p>2020-02-27&nbsp;<a href=\"https:\/\/irlab.se\/irlabs-foretradesemission-overtecknad\/\">IRLAB:s f\u00f6retr\u00e4desemission \u00f6vertecknad<\/a><br>2020-02-27&nbsp;<a href=\"https:\/\/irlab.se\/irlabs-rights-issue-oversubscribed\/\">IRLAB\u2019s rights issue oversubscribed<\/a><\/p>\n\n\n\n<p>2020-02-07&nbsp;<a href=\"https:\/\/irlab.se\/irlab-offentliggor-prospekt-avseende-foretradesemissionen\/\">IRLAB offentligg\u00f6r prospekt avseende f\u00f6retr\u00e4desemissionen<\/a><br>2020-02-07&nbsp;<a href=\"https:\/\/irlab.se\/irlab-publishes-prospectus-relating-to-the-rights-issue\/\">IRLAB publishes prospectus relating to the rights issue<\/a><\/p>\n\n\n\n<p>2019-12-12&nbsp;<a href=\"https:\/\/irlab.se\/irlab-har-genomfort-en-riktad-emission-om-70-msek-och-beslutar-om-foretradesemission-om-cirka-145-msek\/\">IRLAB har genomf\u00f6rt en riktad emission om 70 MSEK och beslutar om f\u00f6retr\u00e4desemission om cirka 145 MSEK<\/a><br>2019-12-12&nbsp;<a href=\"https:\/\/irlab.se\/irlab-has-carried-out-a-directed-issue-of-sek-70-million-and-resolves-on-a-rights-issue-of-approximately-sek-145-million\/\">IRLAB has carried out a directed issue of SEK 70 million and resolves on a rights issue of approximately SEK 145 million<\/a><\/p>\n\n\n\n<p>2019-12-12&nbsp;<a href=\"https:\/\/irlab.se\/irlab-avser-att-genomfora-en-kapitalanskaffning-om-cirka-215-msek\/\">IRLAB avser att g\u00f6ra en kapitalanskaffning om ca 215 MSEK<\/a><br>2019-12-12&nbsp;<a href=\"https:\/\/irlab.se\/irlab-intends-to-make-a-capital-raise-of-approximately-sek-215-million\/\">IRLAB intends to make a capital raise of approximately SEK 215 million<\/a><\/p>\n\n\n\n<h3 class=\"wp-block-heading\">Investerartr\u00e4ffar<\/h3>\n\n\n\n<p>RedEye Investor After Work Special, 4 feb, G\u00f6teborg.&nbsp;<a href=\"https:\/\/www.redeye.se\/events#\/event\/585137\">Anm\u00e4lan &gt;<\/a><br>B\u00f6rsveckans Sm\u00e5bolagsdag 19 feb, Stockholm.&nbsp;<a href=\"https:\/\/financialhearings.com\/article\/2020\/borsveckans-smabolagsdag-19-feb-2020\">Anm\u00e4lan &gt;<\/a><\/p>\n\n\n\n<p><strong>F\u00f6r dig som \u00e4ger aktie i en dep\u00e5<br><\/strong>F\u00f6r att utnyttja dina teckningsr\u00e4tter m\u00e5ste du kontakta din bank eller f\u00f6lja instruktioner du f\u00e5tt fr\u00e5n banken.<\/p>\n\n\n\n<p>Om du vill teckna&nbsp;<strong>utan<\/strong>&nbsp;st\u00f6d av teckningsr\u00e4tter kan du ladda ned teckningssedeln nedan och skicka till Carnegie enligt instruktioner p\u00e5 teckningssedeln.<\/p>\n\n\n\n<div class=\"wp-block-columns is-layout-flex wp-container-core-columns-is-layout-9d6595d7 wp-block-columns-is-layout-flex\">\n<div class=\"wp-block-column is-layout-flow wp-block-column-is-layout-flow\">\n<h3 class=\"wp-block-heading\">Prospekt och annan information<\/h3>\n\n\n\n<div class=\"wp-block-file\"><a id=\"wp-block-file--media-c334c489-da88-4131-8bf8-c9bc8f96b4f8\" href=\"https:\/\/irlab.se\/wp-content\/uploads\/2020\/02\/IRLAB_prospekt_feb2020.pdf\">IRLAB_prospekt_feb2020<\/a><a href=\"https:\/\/irlab.se\/wp-content\/uploads\/2020\/02\/IRLAB_prospekt_feb2020.pdf\" class=\"wp-block-file__button wp-element-button\" download aria-describedby=\"wp-block-file--media-c334c489-da88-4131-8bf8-c9bc8f96b4f8\">Download<\/a><\/div>\n\n\n\n<div class=\"wp-block-file\"><a id=\"wp-block-file--media-1c0fe1f6-a5c0-4f27-9d2d-d553f46633ca\" href=\"https:\/\/irlab.se\/wp-content\/uploads\/2020\/02\/IRLAB-Q4-2019.pdf\">IRLAB Q4 2019<\/a><a href=\"https:\/\/irlab.se\/wp-content\/uploads\/2020\/02\/IRLAB-Q4-2019.pdf\" class=\"wp-block-file__button wp-element-button\" download aria-describedby=\"wp-block-file--media-1c0fe1f6-a5c0-4f27-9d2d-d553f46633ca\">Download<\/a><\/div>\n\n\n\n<div class=\"wp-block-file\"><a id=\"wp-block-file--media-31965021-2cbc-4421-8388-aae9328c676d\" href=\"https:\/\/irlab.se\/wp-content\/uploads\/2020\/02\/5569314692_Registreringsbevis_2020-02-07.pdf\">5569314692_Registreringsbevis_2020-02-07<\/a><a href=\"https:\/\/irlab.se\/wp-content\/uploads\/2020\/02\/5569314692_Registreringsbevis_2020-02-07.pdf\" class=\"wp-block-file__button wp-element-button\" download aria-describedby=\"wp-block-file--media-31965021-2cbc-4421-8388-aae9328c676d\">Download<\/a><\/div>\n<\/div>\n\n\n\n<div class=\"wp-block-column is-layout-flow wp-block-column-is-layout-flow\">\n<h3 class=\"wp-block-heading\">Fr\u00e5gor och svar<\/h3>\n\n\n\n<div class=\"wp-block-file\"><a id=\"wp-block-file--media-1af38385-5e9d-469b-88dd-b37b37224250\" href=\"https:\/\/irlab.se\/wp-content\/uploads\/2020\/02\/IRLAB-F\u00f6retr\u00e4desemission-Fr\u00e5gor-Svar.pdf\">IRLAB F\u00f6retr\u00e4desemission &#8211; Fr\u00e5gor &amp; Svar<\/a><a href=\"https:\/\/irlab.se\/wp-content\/uploads\/2020\/02\/IRLAB-F\u00f6retr\u00e4desemission-Fr\u00e5gor-Svar.pdf\" class=\"wp-block-file__button wp-element-button\" download aria-describedby=\"wp-block-file--media-1af38385-5e9d-469b-88dd-b37b37224250\">Download<\/a><\/div>\n<\/div>\n<\/div>\n\n\n\n<h3 class=\"wp-block-heading\">Anm\u00e4lningssedel<\/h3>\n\n\n\n<div class=\"wp-block-file\"><a id=\"wp-block-file--media-45d467e0-7ba2-457a-8a66-5e942cd9266d\" href=\"https:\/\/irlab.se\/wp-content\/uploads\/2020\/02\/Teckning-av-aktier-i-IRLAB-Therapeutics-AB-publ-\u201dIRLAB\u201d-Teckning-MED-fo\u0308retra\u0308desra\u0308tt.pdf\">Teckning av aktier i IRLAB Therapeutics AB (publ) (\u201dIRLAB\u201d) Teckning MED fo\u0308retra\u0308desra\u0308tt<\/a><a href=\"https:\/\/irlab.se\/wp-content\/uploads\/2020\/02\/Teckning-av-aktier-i-IRLAB-Therapeutics-AB-publ-\u201dIRLAB\u201d-Teckning-MED-fo\u0308retra\u0308desra\u0308tt.pdf\" class=\"wp-block-file__button wp-element-button\" download aria-describedby=\"wp-block-file--media-45d467e0-7ba2-457a-8a66-5e942cd9266d\">Download<\/a><\/div>\n\n\n\n<div class=\"wp-block-file\"><a id=\"wp-block-file--media-0fd09498-4fc9-4206-90a6-ea4f2a947b8f\" href=\"https:\/\/irlab.se\/wp-content\/uploads\/2020\/02\/Teckning-av-aktier-i-IRLAB-Therapeutics-AB-publ-\u201dIRLAB\u201d-Teckning-UTAN-f\u00f6retr\u00e4desr\u00e4tt.pdf\">Teckning av aktier i IRLAB Therapeutics AB (publ) (\u201dIRLAB\u201d) Teckning UTAN f\u00f6retr\u00e4desr\u00e4tt<\/a><a href=\"https:\/\/irlab.se\/wp-content\/uploads\/2020\/02\/Teckning-av-aktier-i-IRLAB-Therapeutics-AB-publ-\u201dIRLAB\u201d-Teckning-UTAN-f\u00f6retr\u00e4desr\u00e4tt.pdf\" class=\"wp-block-file__button wp-element-button\" download aria-describedby=\"wp-block-file--media-0fd09498-4fc9-4206-90a6-ea4f2a947b8f\">Download<\/a><\/div>\n","protected":false},"excerpt":{"rendered":"<p>IRLAB forts\u00e4tter utvecklingen av l\u00e4kemedelskandidaterna IRL752 och IRL790 via en fullt s\u00e4kerst\u00e4lld f\u00f6retr\u00e4desemission om 145 MSEK Styrelsen f\u00f6r IRLAB Therapeutics AB (publ) (\u201dIRLAB\u201d eller \u201dBolaget\u201d) (Nasdaq First North Premier Growth Market, IRLAB A) har beslutat att genomf\u00f6ra en nyemission av aktier om 145 MSEK med f\u00f6retr\u00e4desr\u00e4tt f\u00f6r Bolagets aktie\u00e4gare (\u201dF\u00f6retr\u00e4desemissionen\u201d). F\u00f6r dig som har dep\u00e5 [&hellip;]<\/p>\n","protected":false},"author":1,"featured_media":0,"parent":0,"menu_order":0,"comment_status":"closed","ping_status":"closed","template":"page__disclaimer.php","meta":{"_acf_changed":false,"footnotes":""},"class_list":["post-3945","page","type-page","status-publish","hentry"],"acf":[],"yoast_head":"<!-- This site is optimized with the Yoast SEO plugin v26.7 - https:\/\/yoast.com\/wordpress\/plugins\/seo\/ -->\n<title>Nyemission 2020 - IRLAB<\/title>\n<meta name=\"robots\" content=\"index, follow, max-snippet:-1, max-image-preview:large, max-video-preview:-1\" \/>\n<link rel=\"canonical\" href=\"https:\/\/irlab.se\/sv\/nyemission-februari-2020\/\" \/>\n<meta property=\"og:locale\" content=\"sv_SE\" \/>\n<meta property=\"og:type\" content=\"article\" \/>\n<meta property=\"og:title\" content=\"Nyemission 2020 - IRLAB\" \/>\n<meta property=\"og:description\" content=\"IRLAB forts\u00e4tter utvecklingen av l\u00e4kemedelskandidaterna IRL752 och IRL790 via en fullt s\u00e4kerst\u00e4lld f\u00f6retr\u00e4desemission om 145 MSEK Styrelsen f\u00f6r IRLAB Therapeutics AB (publ) (\u201dIRLAB\u201d eller \u201dBolaget\u201d) (Nasdaq First North Premier Growth Market, IRLAB A) har beslutat att genomf\u00f6ra en nyemission av aktier om 145 MSEK med f\u00f6retr\u00e4desr\u00e4tt f\u00f6r Bolagets aktie\u00e4gare (\u201dF\u00f6retr\u00e4desemissionen\u201d). F\u00f6r dig som har dep\u00e5 [&hellip;]\" \/>\n<meta property=\"og:url\" content=\"https:\/\/irlab.se\/sv\/nyemission-februari-2020\/\" \/>\n<meta property=\"og:site_name\" content=\"IRLAB\" \/>\n<meta property=\"article:modified_time\" content=\"2025-09-11T09:03:48+00:00\" \/>\n<meta name=\"twitter:card\" content=\"summary_large_image\" \/>\n<meta name=\"twitter:label1\" content=\"Ber\u00e4knad l\u00e4stid\" \/>\n\t<meta name=\"twitter:data1\" content=\"4 minuter\" \/>\n<script type=\"application\/ld+json\" class=\"yoast-schema-graph\">{\"@context\":\"https:\/\/schema.org\",\"@graph\":[{\"@type\":\"WebPage\",\"@id\":\"https:\/\/irlab.se\/sv\/nyemission-februari-2020\/\",\"url\":\"https:\/\/irlab.se\/sv\/nyemission-februari-2020\/\",\"name\":\"Nyemission 2020 - IRLAB\",\"isPartOf\":{\"@id\":\"https:\/\/irlab.se\/#website\"},\"datePublished\":\"2020-06-28T08:14:14+00:00\",\"dateModified\":\"2025-09-11T09:03:48+00:00\",\"breadcrumb\":{\"@id\":\"https:\/\/irlab.se\/sv\/nyemission-februari-2020\/#breadcrumb\"},\"inLanguage\":\"sv-SE\",\"potentialAction\":[{\"@type\":\"ReadAction\",\"target\":[\"https:\/\/irlab.se\/sv\/nyemission-februari-2020\/\"]}]},{\"@type\":\"BreadcrumbList\",\"@id\":\"https:\/\/irlab.se\/sv\/nyemission-februari-2020\/#breadcrumb\",\"itemListElement\":[{\"@type\":\"ListItem\",\"position\":1,\"name\":\"Home\",\"item\":\"https:\/\/irlab.se\/sv\/\"},{\"@type\":\"ListItem\",\"position\":2,\"name\":\"Nyemission 2020\"}]},{\"@type\":\"WebSite\",\"@id\":\"https:\/\/irlab.se\/#website\",\"url\":\"https:\/\/irlab.se\/\",\"name\":\"Irlab\",\"description\":\"Novel treatments for Parkinson&#039;s disease\",\"potentialAction\":[{\"@type\":\"SearchAction\",\"target\":{\"@type\":\"EntryPoint\",\"urlTemplate\":\"https:\/\/irlab.se\/?s={search_term_string}\"},\"query-input\":{\"@type\":\"PropertyValueSpecification\",\"valueRequired\":true,\"valueName\":\"search_term_string\"}}],\"inLanguage\":\"sv-SE\"}]}<\/script>\n<!-- \/ Yoast SEO plugin. -->","yoast_head_json":{"title":"Nyemission 2020 - IRLAB","robots":{"index":"index","follow":"follow","max-snippet":"max-snippet:-1","max-image-preview":"max-image-preview:large","max-video-preview":"max-video-preview:-1"},"canonical":"https:\/\/irlab.se\/sv\/nyemission-februari-2020\/","og_locale":"sv_SE","og_type":"article","og_title":"Nyemission 2020 - IRLAB","og_description":"IRLAB forts\u00e4tter utvecklingen av l\u00e4kemedelskandidaterna IRL752 och IRL790 via en fullt s\u00e4kerst\u00e4lld f\u00f6retr\u00e4desemission om 145 MSEK Styrelsen f\u00f6r IRLAB Therapeutics AB (publ) (\u201dIRLAB\u201d eller \u201dBolaget\u201d) (Nasdaq First North Premier Growth Market, IRLAB A) har beslutat att genomf\u00f6ra en nyemission av aktier om 145 MSEK med f\u00f6retr\u00e4desr\u00e4tt f\u00f6r Bolagets aktie\u00e4gare (\u201dF\u00f6retr\u00e4desemissionen\u201d). F\u00f6r dig som har dep\u00e5 [&hellip;]","og_url":"https:\/\/irlab.se\/sv\/nyemission-februari-2020\/","og_site_name":"IRLAB","article_modified_time":"2025-09-11T09:03:48+00:00","twitter_card":"summary_large_image","twitter_misc":{"Ber\u00e4knad l\u00e4stid":"4 minuter"},"schema":{"@context":"https:\/\/schema.org","@graph":[{"@type":"WebPage","@id":"https:\/\/irlab.se\/sv\/nyemission-februari-2020\/","url":"https:\/\/irlab.se\/sv\/nyemission-februari-2020\/","name":"Nyemission 2020 - IRLAB","isPartOf":{"@id":"https:\/\/irlab.se\/#website"},"datePublished":"2020-06-28T08:14:14+00:00","dateModified":"2025-09-11T09:03:48+00:00","breadcrumb":{"@id":"https:\/\/irlab.se\/sv\/nyemission-februari-2020\/#breadcrumb"},"inLanguage":"sv-SE","potentialAction":[{"@type":"ReadAction","target":["https:\/\/irlab.se\/sv\/nyemission-februari-2020\/"]}]},{"@type":"BreadcrumbList","@id":"https:\/\/irlab.se\/sv\/nyemission-februari-2020\/#breadcrumb","itemListElement":[{"@type":"ListItem","position":1,"name":"Home","item":"https:\/\/irlab.se\/sv\/"},{"@type":"ListItem","position":2,"name":"Nyemission 2020"}]},{"@type":"WebSite","@id":"https:\/\/irlab.se\/#website","url":"https:\/\/irlab.se\/","name":"Irlab","description":"Novel treatments for Parkinson&#039;s disease","potentialAction":[{"@type":"SearchAction","target":{"@type":"EntryPoint","urlTemplate":"https:\/\/irlab.se\/?s={search_term_string}"},"query-input":{"@type":"PropertyValueSpecification","valueRequired":true,"valueName":"search_term_string"}}],"inLanguage":"sv-SE"}]}},"_links":{"self":[{"href":"https:\/\/irlab.se\/sv\/wp-json\/wp\/v2\/pages\/3945","targetHints":{"allow":["GET"]}}],"collection":[{"href":"https:\/\/irlab.se\/sv\/wp-json\/wp\/v2\/pages"}],"about":[{"href":"https:\/\/irlab.se\/sv\/wp-json\/wp\/v2\/types\/page"}],"author":[{"embeddable":true,"href":"https:\/\/irlab.se\/sv\/wp-json\/wp\/v2\/users\/1"}],"replies":[{"embeddable":true,"href":"https:\/\/irlab.se\/sv\/wp-json\/wp\/v2\/comments?post=3945"}],"version-history":[{"count":9,"href":"https:\/\/irlab.se\/sv\/wp-json\/wp\/v2\/pages\/3945\/revisions"}],"predecessor-version":[{"id":12396,"href":"https:\/\/irlab.se\/sv\/wp-json\/wp\/v2\/pages\/3945\/revisions\/12396"}],"wp:attachment":[{"href":"https:\/\/irlab.se\/sv\/wp-json\/wp\/v2\/media?parent=3945"}],"curies":[{"name":"wp","href":"https:\/\/api.w.org\/{rel}","templated":true}]}}