{"id":2641,"date":"2019-02-11T15:58:10","date_gmt":"2019-02-11T15:58:10","guid":{"rendered":"http:\/\/www.irlab.se\/?page_id=2641"},"modified":"2024-05-24T11:10:22","modified_gmt":"2024-05-24T09:10:22","slug":"ersattning","status":"publish","type":"page","link":"https:\/\/irlab.se\/sv\/bolagsstyrning\/ersattning\/","title":{"rendered":"Ers\u00e4ttning"},"content":{"rendered":"\n<h1 class=\"wp-block-heading\" id=\"ersattning\">Ers\u00e4ttning<\/h1>\n\n\n\n<h2 class=\"wp-block-heading\" id=\"ersattning-till-styrelse\"><strong>Ers\u00e4ttning till styrelse<\/strong><\/h2>\n\n\n\n<p>P\u00e5 \u00e5rsst\u00e4mman 2024 beslutades, i enlighet med valberedningens f\u00f6rslag, arvode till styrelsen att utg\u00e5 med 550 000 kronor till styrelsens ordf\u00f6rande och 265 000 kronor till envar av \u00f6vriga ledam\u00f6ter. Vidare beslutades att arvode ska utg\u00e5 till styrelsens revisionsutskott med 85 000 kronor till utskottets ordf\u00f6rande och 55 000 kronor till envar av \u00f6vriga utskottets ledam\u00f6ter samt att arvode ska utg\u00e5 till styrelsens ers\u00e4ttningsutskott med 50 000 kronor till utskottets ordf\u00f6rande och 30 000 kronor till envar av \u00f6vriga utskottets ledam\u00f6ter. Revisorsarvode ska utg\u00e5 enligt av bolaget godk\u00e4nd r\u00e4kning.<\/p>\n\n\n\n<table id=\"tablepress-3\" class=\"tablepress tablepress-id-3\">\n<thead>\n<tr class=\"row-1\">\n\t<th class=\"column-1\">Namn<\/th><th class=\"column-2\">Befattning i styrelse<\/th><th class=\"column-3\">Revisionsutskott<\/th><th class=\"column-4\">Ers\u00e4ttningsutskott<\/th>\n<\/tr>\n<\/thead>\n<tbody class=\"row-striping row-hover\">\n<tr class=\"row-2\">\n\t<td class=\"column-1\">Carola Lemne<\/td><td class=\"column-2\">Ordf\u00f6rande<\/td><td class=\"column-3\"><\/td><td class=\"column-4\">Ordf\u00f6rande<\/td>\n<\/tr>\n<tr class=\"row-3\">\n\t<td class=\"column-1\">Christer Nordstedt<\/td><td class=\"column-2\">Ledamot<\/td><td class=\"column-3\"><\/td><td class=\"column-4\">Ledamot<\/td>\n<\/tr>\n<tr class=\"row-4\">\n\t<td class=\"column-1\">Gunnar Olsson<\/td><td class=\"column-2\">Ledamot<\/td><td class=\"column-3\"><\/td><td class=\"column-4\"><\/td>\n<\/tr>\n<tr class=\"row-5\">\n\t<td class=\"column-1\">Rein Piir<\/td><td class=\"column-2\">Ledamot<\/td><td class=\"column-3\">Ledamot<\/td><td class=\"column-4\"><\/td>\n<\/tr>\n<tr class=\"row-6\">\n\t<td class=\"column-1\">Veronica Wallin<\/td><td class=\"column-2\">Ledamot<\/td><td class=\"column-3\">Ordf\u00f6rande<\/td><td class=\"column-4\"><\/td>\n<\/tr>\n<\/tbody>\n<\/table>\n<!-- #tablepress-3 from cache -->\n\n\n\n<p><\/p>\n\n\n\n<p><strong><br>Riktlinjer f\u00f6r ers\u00e4ttning till ledande befattningshavare<\/strong><\/p>\n\n\n\n<p><strong>Ers\u00e4ttningspolicy antagen p\u00e5 \u00e5rsst\u00e4mman 7 maj 2020<\/strong> (och fortfarande g\u00e4llande efter \u00e5rsst\u00e4mman 2024)<\/p>\n\n\n\n<p>Riktlinjerna inneb\u00e4r huvudsakligen att ledande befattningshavare ska erbjudas en marknadsm\u00e4ssig kompensation.<\/p>\n\n\n\n<p><a href=\"https:\/\/irlab.se\/wp-content\/uploads\/2020\/06\/Riktlinjer-f%C3%B6r-l%C3%B6n-och-annan-ers%C3%A4ttning-till-ledande-befattningshavare-St%C3%A4mma-2020-05-07.pdf\" target=\"_blank\" rel=\"noreferrer noopener\">L\u00e4s hela ers\u00e4ttningspolicyn &gt;<\/a><\/p>\n\n\n\n<p><strong>Ers\u00e4ttningspolicy antagen p\u00e5 \u00e5rsst\u00e4mman 25 april 2019<\/strong><\/p>\n\n\n\n<p>Ers\u00e4ttningsfr\u00e5gor behandlas av styrelsens ers\u00e4ttningsutskott och beslutas av styrelsen i sin helhet. Bolaget \u00e4r kollektivanslutet och f\u00f6ljer d\u00e4rmed g\u00e4llande avtal och regler. VD och Bolagets ledningsgrupp utg\u00f6r Bolagets ledande befattningshavare. Dessa ska erbjudas en marknadsm\u00e4ssig kompensation, som ska beakta den enskildes ansvarsomr\u00e5den och erfarenhet. Ers\u00e4ttningen ska best\u00e5 av fast l\u00f6n och pension, med syfte att fr\u00e4mja Bolagets l\u00e5ngsiktiga v\u00e4rdeskapande. F\u00f6r VD g\u00e4ller en \u00f6msesidig upps\u00e4gningstid om 18 m\u00e5nader och f\u00f6r \u00f6vriga ledande befattningshavare ska upps\u00e4gningstid enligt g\u00e4llande kollektivavtal till\u00e4mpas. Inget avg\u00e5ngsvederlag ut\u00f6ver l\u00f6n under upps\u00e4gningstiden f\u00f6rekommer.<\/p>\n\n\n\n<p>Styrelsen har r\u00e4tt att fr\u00e5ng\u00e5 ovanst\u00e5ende riktlinjer om styrelsen bed\u00f6mer att det i ett enskilt fall finns s\u00e4rskilda sk\u00e4l som motiverar det.<\/p>\n\n\n\n<p><strong>Ers\u00e4ttningspolicy antagen p\u00e5 \u00e5rsst\u00e4mman 16 maj 2018<\/strong><\/p>\n\n\n\n<p>Ers\u00e4ttningsfr\u00e5gor behandlas av styrelsens ers\u00e4ttningsutskott och beslutas av styrelsen i sin helhet. Bolaget \u00e4r kollektivanslutet och f\u00f6ljer d\u00e4rmed g\u00e4llande avtal och regler. VD och Bolagets ledningsgrupp utg\u00f6r Bolagets ledande befattningshavare. Dessa ska erbjudas en marknadsm\u00e4ssig kompensation, som ska beakta den enskildes ansvarsomr\u00e5den och erfarenhet. Ers\u00e4ttningen ska best\u00e5 av fast l\u00f6n och pension, med syfte att fr\u00e4mja Bolagets l\u00e5ngsiktiga v\u00e4rdeskapande. F\u00f6r VD g\u00e4ller en \u00f6msesidig upps\u00e4gningstid om 18 m\u00e5nader och f\u00f6r \u00f6vriga ledande befattningshavare ska upps\u00e4gningstid enligt g\u00e4llande kollektivavtal till\u00e4mpas. Inget avg\u00e5ngsvederlag ut\u00f6ver l\u00f6n under upps\u00e4gningstiden f\u00f6rekommer.<\/p>\n\n\n\n<p>Styrelsen har r\u00e4tt att fr\u00e5ng\u00e5 ovanst\u00e5ende riktlinjer om styrelsen bed\u00f6mer att det i ett enskilt fall finns s\u00e4rskilda sk\u00e4l som motiverar det.<\/p>\n\n\n\n<h2 class=\"wp-block-heading\" id=\"aktie-och-aktiepris-relaterade-formansprogram\"><strong>Aktie- och aktieprisrelaterade f\u00f6rm\u00e5nsprogram<\/strong><\/h2>\n\n\n\n<p><strong>Optioner<\/strong><br>IRLAB Therapeutics AB har inga utest\u00e5ende optioner.<\/p>\n\n\n\n<p><strong>Serie B-aktier<\/strong><\/p>\n\n\n\n<p>IRLAB Therapeutics har haft ett aktierelaterat f\u00f6rm\u00e5nsprogram best\u00e5ende av Serie B-aktier som kunde konverteras till Serie A-aktier. Samtliga innehavare av Serie B-aktier anv\u00e4nde under juni 2019 r\u00e4ttigheten att konvertera Serie B-aktier till Serie A-aktier . Konverteringen ber\u00f6rde 277 979 Serie B-aktier, vilka konverterades till lika m\u00e5nga Serie A-aktier.<\/p>\n\n\n\n<p>Till f\u00f6ljd av programmet \u00e4ger de ursprungliga \u00e4garna av Serie B-aktier fortfarande Serie B-aktier men de har ingen r\u00e4tt att konvertera fler aktier till Serie A-aktier. Serie B-aktierna har en r\u00f6st per aktie (samma som Serie A-aktier) men ger inte \u00e4garen n\u00e5gra ekonomiska r\u00e4ttigheter s\u00e5som utdelning, prioritet vid likvidation eller liknande.<\/p>\n\n\n\n<p><a href=\"https:\/\/irlab.se\/sv\/bolagsstyrning\/articles-of-association\/\" target=\"_blank\" rel=\"noreferrer noopener\">L\u00e4s Bolagsordningen f\u00f6r alla villkor &gt;<\/a><\/p>\n","protected":false},"excerpt":{"rendered":"<p>Ers\u00e4ttning Ers\u00e4ttning till styrelse P\u00e5 \u00e5rsst\u00e4mman 2024 beslutades, i enlighet med valberedningens f\u00f6rslag, arvode till styrelsen att utg\u00e5 med 550 000 kronor till styrelsens ordf\u00f6rande och 265 000 kronor till envar av \u00f6vriga ledam\u00f6ter. Vidare beslutades att arvode ska utg\u00e5 till styrelsens revisionsutskott med 85 000 kronor till utskottets ordf\u00f6rande och 55 000 kronor till [&hellip;]<\/p>\n","protected":false},"author":1,"featured_media":0,"parent":568,"menu_order":0,"comment_status":"closed","ping_status":"closed","template":"","meta":{"_acf_changed":false,"footnotes":""},"class_list":["post-2641","page","type-page","status-publish","hentry"],"acf":[],"yoast_head":"<!-- This site is optimized with the Yoast SEO plugin v26.7 - https:\/\/yoast.com\/wordpress\/plugins\/seo\/ -->\n<title>Ers\u00e4ttning - IRLAB<\/title>\n<meta name=\"robots\" content=\"index, follow, max-snippet:-1, max-image-preview:large, max-video-preview:-1\" \/>\n<link rel=\"canonical\" href=\"https:\/\/irlab.se\/sv\/bolagsstyrning\/ersattning\/\" \/>\n<meta property=\"og:locale\" content=\"sv_SE\" \/>\n<meta property=\"og:type\" content=\"article\" \/>\n<meta property=\"og:title\" content=\"Ers\u00e4ttning - IRLAB\" \/>\n<meta property=\"og:description\" content=\"Ers\u00e4ttning Ers\u00e4ttning till styrelse P\u00e5 \u00e5rsst\u00e4mman 2024 beslutades, i enlighet med valberedningens f\u00f6rslag, arvode till styrelsen att utg\u00e5 med 550 000 kronor till styrelsens ordf\u00f6rande och 265 000 kronor till envar av \u00f6vriga ledam\u00f6ter. Vidare beslutades att arvode ska utg\u00e5 till styrelsens revisionsutskott med 85 000 kronor till utskottets ordf\u00f6rande och 55 000 kronor till [&hellip;]\" \/>\n<meta property=\"og:url\" content=\"https:\/\/irlab.se\/sv\/bolagsstyrning\/ersattning\/\" \/>\n<meta property=\"og:site_name\" content=\"IRLAB\" \/>\n<meta property=\"article:modified_time\" content=\"2024-05-24T09:10:22+00:00\" \/>\n<meta name=\"twitter:card\" content=\"summary_large_image\" \/>\n<meta name=\"twitter:label1\" content=\"Ber\u00e4knad l\u00e4stid\" \/>\n\t<meta name=\"twitter:data1\" content=\"3 minuter\" \/>\n<script type=\"application\/ld+json\" class=\"yoast-schema-graph\">{\"@context\":\"https:\/\/schema.org\",\"@graph\":[{\"@type\":\"WebPage\",\"@id\":\"https:\/\/irlab.se\/sv\/bolagsstyrning\/ersattning\/\",\"url\":\"https:\/\/irlab.se\/sv\/bolagsstyrning\/ersattning\/\",\"name\":\"Ers\u00e4ttning - IRLAB\",\"isPartOf\":{\"@id\":\"https:\/\/irlab.se\/#website\"},\"datePublished\":\"2019-02-11T15:58:10+00:00\",\"dateModified\":\"2024-05-24T09:10:22+00:00\",\"breadcrumb\":{\"@id\":\"https:\/\/irlab.se\/sv\/bolagsstyrning\/ersattning\/#breadcrumb\"},\"inLanguage\":\"sv-SE\",\"potentialAction\":[{\"@type\":\"ReadAction\",\"target\":[\"https:\/\/irlab.se\/sv\/bolagsstyrning\/ersattning\/\"]}]},{\"@type\":\"BreadcrumbList\",\"@id\":\"https:\/\/irlab.se\/sv\/bolagsstyrning\/ersattning\/#breadcrumb\",\"itemListElement\":[{\"@type\":\"ListItem\",\"position\":1,\"name\":\"Home\",\"item\":\"https:\/\/irlab.se\/sv\/\"},{\"@type\":\"ListItem\",\"position\":2,\"name\":\"Bolagsstyrning\",\"item\":\"https:\/\/irlab.se\/sv\/bolagsstyrning\/\"},{\"@type\":\"ListItem\",\"position\":3,\"name\":\"Ers\u00e4ttning\"}]},{\"@type\":\"WebSite\",\"@id\":\"https:\/\/irlab.se\/#website\",\"url\":\"https:\/\/irlab.se\/\",\"name\":\"Irlab\",\"description\":\"Novel treatments for Parkinson&#039;s disease\",\"potentialAction\":[{\"@type\":\"SearchAction\",\"target\":{\"@type\":\"EntryPoint\",\"urlTemplate\":\"https:\/\/irlab.se\/?s={search_term_string}\"},\"query-input\":{\"@type\":\"PropertyValueSpecification\",\"valueRequired\":true,\"valueName\":\"search_term_string\"}}],\"inLanguage\":\"sv-SE\"}]}<\/script>\n<!-- \/ Yoast SEO plugin. -->","yoast_head_json":{"title":"Ers\u00e4ttning - IRLAB","robots":{"index":"index","follow":"follow","max-snippet":"max-snippet:-1","max-image-preview":"max-image-preview:large","max-video-preview":"max-video-preview:-1"},"canonical":"https:\/\/irlab.se\/sv\/bolagsstyrning\/ersattning\/","og_locale":"sv_SE","og_type":"article","og_title":"Ers\u00e4ttning - IRLAB","og_description":"Ers\u00e4ttning Ers\u00e4ttning till styrelse P\u00e5 \u00e5rsst\u00e4mman 2024 beslutades, i enlighet med valberedningens f\u00f6rslag, arvode till styrelsen att utg\u00e5 med 550 000 kronor till styrelsens ordf\u00f6rande och 265 000 kronor till envar av \u00f6vriga ledam\u00f6ter. Vidare beslutades att arvode ska utg\u00e5 till styrelsens revisionsutskott med 85 000 kronor till utskottets ordf\u00f6rande och 55 000 kronor till [&hellip;]","og_url":"https:\/\/irlab.se\/sv\/bolagsstyrning\/ersattning\/","og_site_name":"IRLAB","article_modified_time":"2024-05-24T09:10:22+00:00","twitter_card":"summary_large_image","twitter_misc":{"Ber\u00e4knad l\u00e4stid":"3 minuter"},"schema":{"@context":"https:\/\/schema.org","@graph":[{"@type":"WebPage","@id":"https:\/\/irlab.se\/sv\/bolagsstyrning\/ersattning\/","url":"https:\/\/irlab.se\/sv\/bolagsstyrning\/ersattning\/","name":"Ers\u00e4ttning - IRLAB","isPartOf":{"@id":"https:\/\/irlab.se\/#website"},"datePublished":"2019-02-11T15:58:10+00:00","dateModified":"2024-05-24T09:10:22+00:00","breadcrumb":{"@id":"https:\/\/irlab.se\/sv\/bolagsstyrning\/ersattning\/#breadcrumb"},"inLanguage":"sv-SE","potentialAction":[{"@type":"ReadAction","target":["https:\/\/irlab.se\/sv\/bolagsstyrning\/ersattning\/"]}]},{"@type":"BreadcrumbList","@id":"https:\/\/irlab.se\/sv\/bolagsstyrning\/ersattning\/#breadcrumb","itemListElement":[{"@type":"ListItem","position":1,"name":"Home","item":"https:\/\/irlab.se\/sv\/"},{"@type":"ListItem","position":2,"name":"Bolagsstyrning","item":"https:\/\/irlab.se\/sv\/bolagsstyrning\/"},{"@type":"ListItem","position":3,"name":"Ers\u00e4ttning"}]},{"@type":"WebSite","@id":"https:\/\/irlab.se\/#website","url":"https:\/\/irlab.se\/","name":"Irlab","description":"Novel treatments for Parkinson&#039;s disease","potentialAction":[{"@type":"SearchAction","target":{"@type":"EntryPoint","urlTemplate":"https:\/\/irlab.se\/?s={search_term_string}"},"query-input":{"@type":"PropertyValueSpecification","valueRequired":true,"valueName":"search_term_string"}}],"inLanguage":"sv-SE"}]}},"_links":{"self":[{"href":"https:\/\/irlab.se\/sv\/wp-json\/wp\/v2\/pages\/2641","targetHints":{"allow":["GET"]}}],"collection":[{"href":"https:\/\/irlab.se\/sv\/wp-json\/wp\/v2\/pages"}],"about":[{"href":"https:\/\/irlab.se\/sv\/wp-json\/wp\/v2\/types\/page"}],"author":[{"embeddable":true,"href":"https:\/\/irlab.se\/sv\/wp-json\/wp\/v2\/users\/1"}],"replies":[{"embeddable":true,"href":"https:\/\/irlab.se\/sv\/wp-json\/wp\/v2\/comments?post=2641"}],"version-history":[{"count":16,"href":"https:\/\/irlab.se\/sv\/wp-json\/wp\/v2\/pages\/2641\/revisions"}],"predecessor-version":[{"id":11551,"href":"https:\/\/irlab.se\/sv\/wp-json\/wp\/v2\/pages\/2641\/revisions\/11551"}],"up":[{"embeddable":true,"href":"https:\/\/irlab.se\/sv\/wp-json\/wp\/v2\/pages\/568"}],"wp:attachment":[{"href":"https:\/\/irlab.se\/sv\/wp-json\/wp\/v2\/media?parent=2641"}],"curies":[{"name":"wp","href":"https:\/\/api.w.org\/{rel}","templated":true}]}}