{"id":2627,"date":"2019-02-11T14:34:44","date_gmt":"2019-02-11T14:34:44","guid":{"rendered":"http:\/\/www.irlab.se\/?page_id=2627"},"modified":"2022-02-14T14:19:06","modified_gmt":"2022-02-14T13:19:06","slug":"intern-kontroll","status":"publish","type":"page","link":"https:\/\/irlab.se\/sv\/bolagsstyrning\/intern-kontroll\/","title":{"rendered":"Intern kontroll"},"content":{"rendered":"\n<h1 class=\"wp-block-heading\" id=\"intern-kontroll\">Intern kontroll<\/h1>\n\n\n\n<p class=\"is-style-intro-text-style\">IRLAB:s styrelse ansvarar f\u00f6r processerna runt intern kontroll i bolaget, vilket bland annat inkluderar riskhantering och finansiell rapportering. Detta regleras enligt aktiebolagslagen, \u00e5rsredovisningslagen samt svenska koden f\u00f6r bolagsstyrning (Koden).\u00a0<\/p>\n\n\n\n<p>Styrelsen ska bland annat se till att IRLAB har god intern kontroll och formaliserade rutiner som s\u00e4kerst\u00e4ller att fastlagda principer f\u00f6r finansiell rapportering och intern kontroll efterlevs samt att det finns \u00e4ndam\u00e5lsenliga system f\u00f6r uppf\u00f6ljning och kontroll av Bolagets verksamhet och de risker som Bolaget och dess verksamhet \u00e4r f\u00f6rknippad med.<\/p>\n\n\n\n<p>Den interna kontrollens \u00f6vergripande syfte \u00e4r att i rimlig grad s\u00e4kerst\u00e4lla att Bolagets operativa strategier och m\u00e5l f\u00f6ljs upp och att \u00e4garnas investering skyddas. Den interna kontrollen ska vidare s\u00e4kerst\u00e4lla att den externa finansiella rapporteringen med rimlig s\u00e4kerhet \u00e4r tillf\u00f6rlitlig och uppr\u00e4ttad i \u00f6verensst\u00e4mmelse med god redovisningssed, att till\u00e4mpliga lagar och f\u00f6rordningar f\u00f6ljs samt att krav p\u00e5 noterade bolag efterlevs.<\/p>\n\n\n\n<p>Den interna kontrollen omfattar huvudsakligen f\u00f6ljande fem komponenter.<\/p>\n\n\n\n<h2 class=\"wp-block-heading\" id=\"1-kontrollmiljo\">1. Kontrollmilj\u00f6<\/h2>\n\n\n\n<p>En god intern kontroll bygger p\u00e5 en fungerande kontrollmilj\u00f6. Hos IRLAB utg\u00f6rs kontrollmilj\u00f6n bland annat av organisationsstruktur, policies, riktlinjer, instruktioner, rapportering och definierade ansvarsomr\u00e5den.<\/p>\n\n\n\n<p>Styrelsen har det \u00f6vergripande ansvaret f\u00f6r den interna kontrollen och har utvecklat rapporteringsrutiner f\u00f6r att bibeh\u00e5lla l\u00e4mplig \u00f6versikt.<\/p>\n\n\n\n<p>Avseende den finansiella rapporteringen har styrelsen antagit ett antal policys och styrdokument som reglerar den finansiella rapporteringen. Dessa utg\u00f6rs huvudsakligen av styrelsens arbetsordning, VD-instruktion samt Rapporteringsinstruktion. Styrelsen har ocks\u00e5 antagit en s\u00e4rskild attestordning samt en finanspolicy.<\/p>\n\n\n\n<p>Styrelsen har vidare inr\u00e4ttat ett revisionsutskott som har som huvudsaklig uppgift att \u00f6vervaka effektiviteten i bolagets interna kontroll, vilket \u00e4ven inkluderar den finansiella st\u00e4llningen.<\/p>\n\n\n\n<p>Ansvaret f\u00f6r det l\u00f6pande arbetet med den interna kontrollen har delegerats till bolagets VD. VD rapporterar regelbundet till styrelsen i enlighet med de fastlagda arbetsrutinerna. Styrelsen f\u00e5r \u00e4ven rapporter fr\u00e5n bolagets revisor.<\/p>\n\n\n\n<h2 class=\"wp-block-heading\" id=\"2-riskbedomning\">2. Riskbed\u00f6mning<\/h2>\n\n\n\n<p>IRLAB:s process f\u00f6r riskbed\u00f6mning syftar till att identifiera, utv\u00e4rdera och hantera de mest v\u00e4sentliga risker som p\u00e5verkar f\u00f6rm\u00e5ga att n\u00e5 bolagets uppsatta m\u00e5l. Detta inkluderar \u00e4ven regelbunden utv\u00e4rdering av \u00e4ndringar inom och runt bolaget som kan ha betydande p\u00e5verkan p\u00e5 processerna i den interna kontrollen.<\/p>\n\n\n\n<p>Inom styrelsen \u00e4r det huvudsakligen revisionsutskottets ansvar att kontinuerligt utv\u00e4rdera bolagets risksituation. Ut\u00f6ver detta utf\u00f6r styrelsen en \u00e5rlig granskning av risksituationen.<\/p>\n\n\n\n<h2 class=\"wp-block-heading\" id=\"3-kontrollaktiviteter\">3. Kontrollaktiviteter<\/h2>\n\n\n\n<p>Utformningen av kontrollaktiviteter hos IRLAB bygger p\u00e5 tydliga roller i organisationen som m\u00f6jligg\u00f6r en effektiv ansvarsf\u00f6rdelning av specifika kontrollaktiviteter som bland annat inkluderar beh\u00f6righetskontroller i IT-system, aff\u00e4rssystem och attesteringsrutiner. Den kontinuerliga analys som g\u00f6rs av den finansiella rapporteringen \u00e4r mycket viktig f\u00f6r att s\u00e4kerst\u00e4lla att den finansiella rapporteringen inte inneh\u00e5ller n\u00e5gra v\u00e4sentliga felaktigheter.<\/p>\n\n\n\n<p>Kontrollaktiviteter begr\u00e4nsar de identifierade riskerna och s\u00e4kerst\u00e4ller att den finansiella rapporteringen \u00e4r korrekt och tillf\u00f6rlitlig. En central del av kontrollaktiviteterna inom IRLAB \u00e4r kvalitetsledningssystemet som inkluderar policies, SOPs (standard operating procedures) och arbetsinstruktioner som st\u00f6ttar bolagets arbete genom att b\u00e5de f\u00f6rebygga och uppt\u00e4cka potentiella brister.<\/p>\n\n\n\n<h2 class=\"wp-block-heading\" id=\"4-information-och-kommunikation\">4. Information och kommunikation<\/h2>\n\n\n\n<p>IRLAB har information och kommunikationskanaler f\u00f6r att fr\u00e4mja noggrannheten av rapportering och f\u00f6r att underl\u00e4tta rapportering och \u00e5terkoppling fr\u00e5n verksamhet till ledning och styrelse. Detta g\u00f6rs till exempel genom att tillhandah\u00e5lla dokument g\u00e4llande bolagsstyrning s\u00e5som interna policys, riktlinjer och instruktioner till anst\u00e4llda. Styrelsen har \u00e4ven inf\u00f6rt en informationspolicy som styr bolagets publicering av information.<\/p>\n\n\n\n<p>Den interna informationen och kommunikationen handlar om att tillf\u00f6rs\u00e4kra att de av bolagets medarbetare som har m\u00f6jlighet att p\u00e5verka den finansiella informationen eller som hanterar identifierade risker h\u00e5lls uppdaterade avseende \u00e4ndringar av relevanta policys, riktlinjer, lagar eller regler. Bolagets ledning hanterar, vid behov, dessa fr\u00e5gor p\u00e5 ledningsgruppsm\u00f6ten och \u00f6vriga anst\u00e4llda informeras l\u00f6pande om relevanta \u00e4ndringar.<\/p>\n\n\n\n<p>Den externa informationen syftar till att h\u00e5lla marknaden uppdaterad om utvecklingen av bolagets verksamhet och se till att IRLAB lever upp till kraven p\u00e5 korrekt informationsdelgivning till marknaden. \u00c4ven detta styrs av bolagets fastlagda informationspolicy.<\/p>\n\n\n\n<h2 class=\"wp-block-heading\" id=\"5-uppfoljning-utvardering-och-rapportering\">5. Uppf\u00f6ljning, utv\u00e4rdering och rapportering<\/h2>\n\n\n\n<p>Styrelsen f\u00e5r kontinuerliga rapporter fr\u00e5n bolagets ledning och har uppsikt \u00f6ver utvecklingen av bolaget. Koncernens finansiella och operationella st\u00e4llning, kapitalbehov, investeringar och kostnadsmassa diskuteras vid varje styrelsem\u00f6te. Avst\u00e4mningar mot budget och utfall fr\u00e5n tidigare \u00e5r g\u00f6rs l\u00f6pande och st\u00f6rre avvikelser rapporteras ocks\u00e5 till styrelsen vid varje styrelsem\u00f6te.<\/p>\n\n\n\n<p>Den interna kontrollen utv\u00e4rderas regelbundet och nya rutiner fastst\u00e4lls kontinuerligt f\u00f6r att ytterligare \u00f6ka intern kontroll och f\u00f6r att hantera de risker som identifierats.<\/p>\n\n\n\n<p>De externa revisorerna, bolagets redovisningsfunktion och revisionsutskottet har l\u00f6pande kontakt under hela r\u00e4kenskaps\u00e5ret i syfte att tidigt f\u00e5nga eventuella risker och f\u00f6r att hantera potentiella fr\u00e5gest\u00e4llningar. Revisorerna rapporterar \u00e4ven regelbundet till styrelsen.<\/p>\n","protected":false},"excerpt":{"rendered":"<p>Intern kontroll IRLAB:s styrelse ansvarar f\u00f6r processerna runt intern kontroll i bolaget, vilket bland annat inkluderar riskhantering och finansiell rapportering. Detta regleras enligt aktiebolagslagen, \u00e5rsredovisningslagen samt svenska koden f\u00f6r bolagsstyrning (Koden).\u00a0 Styrelsen ska bland annat se till att IRLAB har god intern kontroll och formaliserade rutiner som s\u00e4kerst\u00e4ller att fastlagda principer f\u00f6r finansiell rapportering och [&hellip;]<\/p>\n","protected":false},"author":1,"featured_media":0,"parent":568,"menu_order":0,"comment_status":"closed","ping_status":"closed","template":"","meta":{"_acf_changed":false,"footnotes":""},"class_list":["post-2627","page","type-page","status-publish","hentry"],"acf":[],"yoast_head":"<!-- This site is optimized with the Yoast SEO plugin v26.7 - https:\/\/yoast.com\/wordpress\/plugins\/seo\/ -->\n<title>Intern kontroll - IRLAB<\/title>\n<meta name=\"robots\" content=\"index, follow, max-snippet:-1, max-image-preview:large, max-video-preview:-1\" \/>\n<link rel=\"canonical\" href=\"https:\/\/irlab.se\/sv\/bolagsstyrning\/intern-kontroll\/\" \/>\n<meta property=\"og:locale\" content=\"sv_SE\" \/>\n<meta property=\"og:type\" content=\"article\" \/>\n<meta property=\"og:title\" content=\"Intern kontroll - IRLAB\" \/>\n<meta property=\"og:description\" content=\"Intern kontroll IRLAB:s styrelse ansvarar f\u00f6r processerna runt intern kontroll i bolaget, vilket bland annat inkluderar riskhantering och finansiell rapportering. Detta regleras enligt aktiebolagslagen, \u00e5rsredovisningslagen samt svenska koden f\u00f6r bolagsstyrning (Koden).\u00a0 Styrelsen ska bland annat se till att IRLAB har god intern kontroll och formaliserade rutiner som s\u00e4kerst\u00e4ller att fastlagda principer f\u00f6r finansiell rapportering och [&hellip;]\" \/>\n<meta property=\"og:url\" content=\"https:\/\/irlab.se\/sv\/bolagsstyrning\/intern-kontroll\/\" \/>\n<meta property=\"og:site_name\" content=\"IRLAB\" \/>\n<meta property=\"article:modified_time\" content=\"2022-02-14T13:19:06+00:00\" \/>\n<meta name=\"twitter:card\" content=\"summary_large_image\" \/>\n<meta name=\"twitter:label1\" content=\"Ber\u00e4knad l\u00e4stid\" \/>\n\t<meta name=\"twitter:data1\" content=\"4 minuter\" \/>\n<script type=\"application\/ld+json\" class=\"yoast-schema-graph\">{\"@context\":\"https:\/\/schema.org\",\"@graph\":[{\"@type\":\"WebPage\",\"@id\":\"https:\/\/irlab.se\/sv\/bolagsstyrning\/intern-kontroll\/\",\"url\":\"https:\/\/irlab.se\/sv\/bolagsstyrning\/intern-kontroll\/\",\"name\":\"Intern kontroll - IRLAB\",\"isPartOf\":{\"@id\":\"https:\/\/irlab.se\/#website\"},\"datePublished\":\"2019-02-11T14:34:44+00:00\",\"dateModified\":\"2022-02-14T13:19:06+00:00\",\"breadcrumb\":{\"@id\":\"https:\/\/irlab.se\/sv\/bolagsstyrning\/intern-kontroll\/#breadcrumb\"},\"inLanguage\":\"sv-SE\",\"potentialAction\":[{\"@type\":\"ReadAction\",\"target\":[\"https:\/\/irlab.se\/sv\/bolagsstyrning\/intern-kontroll\/\"]}]},{\"@type\":\"BreadcrumbList\",\"@id\":\"https:\/\/irlab.se\/sv\/bolagsstyrning\/intern-kontroll\/#breadcrumb\",\"itemListElement\":[{\"@type\":\"ListItem\",\"position\":1,\"name\":\"Home\",\"item\":\"https:\/\/irlab.se\/sv\/\"},{\"@type\":\"ListItem\",\"position\":2,\"name\":\"Bolagsstyrning\",\"item\":\"https:\/\/irlab.se\/sv\/bolagsstyrning\/\"},{\"@type\":\"ListItem\",\"position\":3,\"name\":\"Intern kontroll\"}]},{\"@type\":\"WebSite\",\"@id\":\"https:\/\/irlab.se\/#website\",\"url\":\"https:\/\/irlab.se\/\",\"name\":\"Irlab\",\"description\":\"Novel treatments for Parkinson&#039;s disease\",\"potentialAction\":[{\"@type\":\"SearchAction\",\"target\":{\"@type\":\"EntryPoint\",\"urlTemplate\":\"https:\/\/irlab.se\/?s={search_term_string}\"},\"query-input\":{\"@type\":\"PropertyValueSpecification\",\"valueRequired\":true,\"valueName\":\"search_term_string\"}}],\"inLanguage\":\"sv-SE\"}]}<\/script>\n<!-- \/ Yoast SEO plugin. -->","yoast_head_json":{"title":"Intern kontroll - IRLAB","robots":{"index":"index","follow":"follow","max-snippet":"max-snippet:-1","max-image-preview":"max-image-preview:large","max-video-preview":"max-video-preview:-1"},"canonical":"https:\/\/irlab.se\/sv\/bolagsstyrning\/intern-kontroll\/","og_locale":"sv_SE","og_type":"article","og_title":"Intern kontroll - IRLAB","og_description":"Intern kontroll IRLAB:s styrelse ansvarar f\u00f6r processerna runt intern kontroll i bolaget, vilket bland annat inkluderar riskhantering och finansiell rapportering. Detta regleras enligt aktiebolagslagen, \u00e5rsredovisningslagen samt svenska koden f\u00f6r bolagsstyrning (Koden).\u00a0 Styrelsen ska bland annat se till att IRLAB har god intern kontroll och formaliserade rutiner som s\u00e4kerst\u00e4ller att fastlagda principer f\u00f6r finansiell rapportering och [&hellip;]","og_url":"https:\/\/irlab.se\/sv\/bolagsstyrning\/intern-kontroll\/","og_site_name":"IRLAB","article_modified_time":"2022-02-14T13:19:06+00:00","twitter_card":"summary_large_image","twitter_misc":{"Ber\u00e4knad l\u00e4stid":"4 minuter"},"schema":{"@context":"https:\/\/schema.org","@graph":[{"@type":"WebPage","@id":"https:\/\/irlab.se\/sv\/bolagsstyrning\/intern-kontroll\/","url":"https:\/\/irlab.se\/sv\/bolagsstyrning\/intern-kontroll\/","name":"Intern kontroll - IRLAB","isPartOf":{"@id":"https:\/\/irlab.se\/#website"},"datePublished":"2019-02-11T14:34:44+00:00","dateModified":"2022-02-14T13:19:06+00:00","breadcrumb":{"@id":"https:\/\/irlab.se\/sv\/bolagsstyrning\/intern-kontroll\/#breadcrumb"},"inLanguage":"sv-SE","potentialAction":[{"@type":"ReadAction","target":["https:\/\/irlab.se\/sv\/bolagsstyrning\/intern-kontroll\/"]}]},{"@type":"BreadcrumbList","@id":"https:\/\/irlab.se\/sv\/bolagsstyrning\/intern-kontroll\/#breadcrumb","itemListElement":[{"@type":"ListItem","position":1,"name":"Home","item":"https:\/\/irlab.se\/sv\/"},{"@type":"ListItem","position":2,"name":"Bolagsstyrning","item":"https:\/\/irlab.se\/sv\/bolagsstyrning\/"},{"@type":"ListItem","position":3,"name":"Intern kontroll"}]},{"@type":"WebSite","@id":"https:\/\/irlab.se\/#website","url":"https:\/\/irlab.se\/","name":"Irlab","description":"Novel treatments for Parkinson&#039;s disease","potentialAction":[{"@type":"SearchAction","target":{"@type":"EntryPoint","urlTemplate":"https:\/\/irlab.se\/?s={search_term_string}"},"query-input":{"@type":"PropertyValueSpecification","valueRequired":true,"valueName":"search_term_string"}}],"inLanguage":"sv-SE"}]}},"_links":{"self":[{"href":"https:\/\/irlab.se\/sv\/wp-json\/wp\/v2\/pages\/2627","targetHints":{"allow":["GET"]}}],"collection":[{"href":"https:\/\/irlab.se\/sv\/wp-json\/wp\/v2\/pages"}],"about":[{"href":"https:\/\/irlab.se\/sv\/wp-json\/wp\/v2\/types\/page"}],"author":[{"embeddable":true,"href":"https:\/\/irlab.se\/sv\/wp-json\/wp\/v2\/users\/1"}],"replies":[{"embeddable":true,"href":"https:\/\/irlab.se\/sv\/wp-json\/wp\/v2\/comments?post=2627"}],"version-history":[{"count":5,"href":"https:\/\/irlab.se\/sv\/wp-json\/wp\/v2\/pages\/2627\/revisions"}],"predecessor-version":[{"id":7686,"href":"https:\/\/irlab.se\/sv\/wp-json\/wp\/v2\/pages\/2627\/revisions\/7686"}],"up":[{"embeddable":true,"href":"https:\/\/irlab.se\/sv\/wp-json\/wp\/v2\/pages\/568"}],"wp:attachment":[{"href":"https:\/\/irlab.se\/sv\/wp-json\/wp\/v2\/media?parent=2627"}],"curies":[{"name":"wp","href":"https:\/\/api.w.org\/{rel}","templated":true}]}}