{"id":2586,"date":"2019-02-11T12:03:07","date_gmt":"2019-02-11T12:03:07","guid":{"rendered":"http:\/\/www.irlab.se\/?page_id=2586"},"modified":"2022-02-14T14:28:15","modified_gmt":"2022-02-14T13:28:15","slug":"arsstamma-2017","status":"publish","type":"page","link":"https:\/\/irlab.se\/sv\/bolagsstyrning\/bolagsstamma\/tidigare-bolagsstammor\/arsstamma-2017\/","title":{"rendered":"\u00c5rsst\u00e4mma 2017"},"content":{"rendered":"\n<h1 class=\"wp-block-heading\" id=\"arsstamma-2017\">\u00c5rsst\u00e4mma 2017<\/h1>\n\n\n\n<p class=\"is-style-intro-text-style\">\u00c5rsst\u00e4mman f\u00f6r 2017 h\u00f6lls den 16 maj i G\u00f6teborg, Sverige.&nbsp;Nedan finns dokument relaterade till \u00e5rsst\u00e4mman.<\/p>\n\n\n\n<h3 class=\"wp-block-heading\" id=\"dokument-fran-arsstamman\">Dokument fr\u00e5n \u00e5rsst\u00e4mman:<\/h3>\n\n\n\n<p><a href=\"https:\/\/irlab.se\/wp-content\/uploads\/2017\/01\/IRLAB-Protokoll-%C3%A5rsst%C3%A4mma-2017-05-16.pdf\" target=\"_blank\" rel=\"noreferrer noopener\">Protokoll fr\u00e5n \u00e5rsst\u00e4mma 2017-05-16<\/a><\/p>\n\n\n\n<h3 class=\"wp-block-heading\" id=\"dokument-tillgangliga-fore-arsstamman\">Dokument tillg\u00e4ngliga f\u00f6re&nbsp;\u00e5rsst\u00e4mman:<\/h3>\n\n\n\n<p><a href=\"https:\/\/irlab.se\/wp-content\/uploads\/2017\/01\/IRLAB-Summoning-Kallelse-AGM-2017.pdf\" target=\"_blank\" rel=\"noreferrer noopener\">Kallelse till \u00e5rsst\u00e4mma 2017<\/a><\/p>\n","protected":false},"excerpt":{"rendered":"<p>\u00c5rsst\u00e4mma 2017 \u00c5rsst\u00e4mman f\u00f6r 2017 h\u00f6lls den 16 maj i G\u00f6teborg, Sverige.&nbsp;Nedan finns dokument relaterade till \u00e5rsst\u00e4mman. Dokument fr\u00e5n \u00e5rsst\u00e4mman: Protokoll fr\u00e5n \u00e5rsst\u00e4mma 2017-05-16 Dokument tillg\u00e4ngliga f\u00f6re&nbsp;\u00e5rsst\u00e4mman: Kallelse till \u00e5rsst\u00e4mma 2017<\/p>\n","protected":false},"author":1,"featured_media":0,"parent":2350,"menu_order":0,"comment_status":"closed","ping_status":"closed","template":"","meta":{"_acf_changed":false,"footnotes":""},"class_list":["post-2586","page","type-page","status-publish","hentry"],"acf":[],"yoast_head":"<!-- This site is optimized with the Yoast SEO plugin v26.7 - https:\/\/yoast.com\/wordpress\/plugins\/seo\/ -->\n<title>\u00c5rsst\u00e4mma 2017 - IRLAB<\/title>\n<meta name=\"robots\" content=\"index, follow, max-snippet:-1, max-image-preview:large, max-video-preview:-1\" \/>\n<link rel=\"canonical\" href=\"https:\/\/irlab.se\/sv\/bolagsstyrning\/bolagsstamma\/tidigare-bolagsstammor\/arsstamma-2017\/\" \/>\n<meta property=\"og:locale\" content=\"sv_SE\" \/>\n<meta property=\"og:type\" content=\"article\" \/>\n<meta property=\"og:title\" content=\"\u00c5rsst\u00e4mma 2017 - IRLAB\" \/>\n<meta property=\"og:description\" content=\"\u00c5rsst\u00e4mma 2017 \u00c5rsst\u00e4mman f\u00f6r 2017 h\u00f6lls den 16 maj i G\u00f6teborg, Sverige.&nbsp;Nedan finns dokument relaterade till \u00e5rsst\u00e4mman. Dokument fr\u00e5n \u00e5rsst\u00e4mman: Protokoll fr\u00e5n \u00e5rsst\u00e4mma 2017-05-16 Dokument tillg\u00e4ngliga f\u00f6re&nbsp;\u00e5rsst\u00e4mman: Kallelse till \u00e5rsst\u00e4mma 2017\" \/>\n<meta property=\"og:url\" content=\"https:\/\/irlab.se\/sv\/bolagsstyrning\/bolagsstamma\/tidigare-bolagsstammor\/arsstamma-2017\/\" \/>\n<meta property=\"og:site_name\" content=\"IRLAB\" \/>\n<meta property=\"article:modified_time\" content=\"2022-02-14T13:28:15+00:00\" \/>\n<meta name=\"twitter:card\" content=\"summary_large_image\" \/>\n<meta name=\"twitter:label1\" content=\"Ber\u00e4knad l\u00e4stid\" \/>\n\t<meta name=\"twitter:data1\" content=\"1 minut\" \/>\n<script type=\"application\/ld+json\" class=\"yoast-schema-graph\">{\"@context\":\"https:\/\/schema.org\",\"@graph\":[{\"@type\":\"WebPage\",\"@id\":\"https:\/\/irlab.se\/sv\/bolagsstyrning\/bolagsstamma\/tidigare-bolagsstammor\/arsstamma-2017\/\",\"url\":\"https:\/\/irlab.se\/sv\/bolagsstyrning\/bolagsstamma\/tidigare-bolagsstammor\/arsstamma-2017\/\",\"name\":\"\u00c5rsst\u00e4mma 2017 - IRLAB\",\"isPartOf\":{\"@id\":\"https:\/\/irlab.se\/#website\"},\"datePublished\":\"2019-02-11T12:03:07+00:00\",\"dateModified\":\"2022-02-14T13:28:15+00:00\",\"breadcrumb\":{\"@id\":\"https:\/\/irlab.se\/sv\/bolagsstyrning\/bolagsstamma\/tidigare-bolagsstammor\/arsstamma-2017\/#breadcrumb\"},\"inLanguage\":\"sv-SE\",\"potentialAction\":[{\"@type\":\"ReadAction\",\"target\":[\"https:\/\/irlab.se\/sv\/bolagsstyrning\/bolagsstamma\/tidigare-bolagsstammor\/arsstamma-2017\/\"]}]},{\"@type\":\"BreadcrumbList\",\"@id\":\"https:\/\/irlab.se\/sv\/bolagsstyrning\/bolagsstamma\/tidigare-bolagsstammor\/arsstamma-2017\/#breadcrumb\",\"itemListElement\":[{\"@type\":\"ListItem\",\"position\":1,\"name\":\"Home\",\"item\":\"https:\/\/irlab.se\/sv\/\"},{\"@type\":\"ListItem\",\"position\":2,\"name\":\"Bolagsstyrning\",\"item\":\"https:\/\/irlab.se\/sv\/bolagsstyrning\/\"},{\"@type\":\"ListItem\",\"position\":3,\"name\":\"Bolagsst\u00e4mmor\",\"item\":\"https:\/\/irlab.se\/sv\/bolagsstyrning\/bolagsstamma\/\"},{\"@type\":\"ListItem\",\"position\":4,\"name\":\"Tidigare bolagsst\u00e4mmor\",\"item\":\"https:\/\/irlab.se\/sv\/bolagsstyrning\/bolagsstamma\/tidigare-bolagsstammor\/\"},{\"@type\":\"ListItem\",\"position\":5,\"name\":\"\u00c5rsst\u00e4mma 2017\"}]},{\"@type\":\"WebSite\",\"@id\":\"https:\/\/irlab.se\/#website\",\"url\":\"https:\/\/irlab.se\/\",\"name\":\"Irlab\",\"description\":\"Novel treatments for Parkinson&#039;s disease\",\"potentialAction\":[{\"@type\":\"SearchAction\",\"target\":{\"@type\":\"EntryPoint\",\"urlTemplate\":\"https:\/\/irlab.se\/?s={search_term_string}\"},\"query-input\":{\"@type\":\"PropertyValueSpecification\",\"valueRequired\":true,\"valueName\":\"search_term_string\"}}],\"inLanguage\":\"sv-SE\"}]}<\/script>\n<!-- \/ Yoast SEO plugin. -->","yoast_head_json":{"title":"\u00c5rsst\u00e4mma 2017 - IRLAB","robots":{"index":"index","follow":"follow","max-snippet":"max-snippet:-1","max-image-preview":"max-image-preview:large","max-video-preview":"max-video-preview:-1"},"canonical":"https:\/\/irlab.se\/sv\/bolagsstyrning\/bolagsstamma\/tidigare-bolagsstammor\/arsstamma-2017\/","og_locale":"sv_SE","og_type":"article","og_title":"\u00c5rsst\u00e4mma 2017 - IRLAB","og_description":"\u00c5rsst\u00e4mma 2017 \u00c5rsst\u00e4mman f\u00f6r 2017 h\u00f6lls den 16 maj i G\u00f6teborg, Sverige.&nbsp;Nedan finns dokument relaterade till \u00e5rsst\u00e4mman. Dokument fr\u00e5n \u00e5rsst\u00e4mman: Protokoll fr\u00e5n \u00e5rsst\u00e4mma 2017-05-16 Dokument tillg\u00e4ngliga f\u00f6re&nbsp;\u00e5rsst\u00e4mman: Kallelse till \u00e5rsst\u00e4mma 2017","og_url":"https:\/\/irlab.se\/sv\/bolagsstyrning\/bolagsstamma\/tidigare-bolagsstammor\/arsstamma-2017\/","og_site_name":"IRLAB","article_modified_time":"2022-02-14T13:28:15+00:00","twitter_card":"summary_large_image","twitter_misc":{"Ber\u00e4knad l\u00e4stid":"1 minut"},"schema":{"@context":"https:\/\/schema.org","@graph":[{"@type":"WebPage","@id":"https:\/\/irlab.se\/sv\/bolagsstyrning\/bolagsstamma\/tidigare-bolagsstammor\/arsstamma-2017\/","url":"https:\/\/irlab.se\/sv\/bolagsstyrning\/bolagsstamma\/tidigare-bolagsstammor\/arsstamma-2017\/","name":"\u00c5rsst\u00e4mma 2017 - IRLAB","isPartOf":{"@id":"https:\/\/irlab.se\/#website"},"datePublished":"2019-02-11T12:03:07+00:00","dateModified":"2022-02-14T13:28:15+00:00","breadcrumb":{"@id":"https:\/\/irlab.se\/sv\/bolagsstyrning\/bolagsstamma\/tidigare-bolagsstammor\/arsstamma-2017\/#breadcrumb"},"inLanguage":"sv-SE","potentialAction":[{"@type":"ReadAction","target":["https:\/\/irlab.se\/sv\/bolagsstyrning\/bolagsstamma\/tidigare-bolagsstammor\/arsstamma-2017\/"]}]},{"@type":"BreadcrumbList","@id":"https:\/\/irlab.se\/sv\/bolagsstyrning\/bolagsstamma\/tidigare-bolagsstammor\/arsstamma-2017\/#breadcrumb","itemListElement":[{"@type":"ListItem","position":1,"name":"Home","item":"https:\/\/irlab.se\/sv\/"},{"@type":"ListItem","position":2,"name":"Bolagsstyrning","item":"https:\/\/irlab.se\/sv\/bolagsstyrning\/"},{"@type":"ListItem","position":3,"name":"Bolagsst\u00e4mmor","item":"https:\/\/irlab.se\/sv\/bolagsstyrning\/bolagsstamma\/"},{"@type":"ListItem","position":4,"name":"Tidigare bolagsst\u00e4mmor","item":"https:\/\/irlab.se\/sv\/bolagsstyrning\/bolagsstamma\/tidigare-bolagsstammor\/"},{"@type":"ListItem","position":5,"name":"\u00c5rsst\u00e4mma 2017"}]},{"@type":"WebSite","@id":"https:\/\/irlab.se\/#website","url":"https:\/\/irlab.se\/","name":"Irlab","description":"Novel treatments for Parkinson&#039;s disease","potentialAction":[{"@type":"SearchAction","target":{"@type":"EntryPoint","urlTemplate":"https:\/\/irlab.se\/?s={search_term_string}"},"query-input":{"@type":"PropertyValueSpecification","valueRequired":true,"valueName":"search_term_string"}}],"inLanguage":"sv-SE"}]}},"_links":{"self":[{"href":"https:\/\/irlab.se\/sv\/wp-json\/wp\/v2\/pages\/2586","targetHints":{"allow":["GET"]}}],"collection":[{"href":"https:\/\/irlab.se\/sv\/wp-json\/wp\/v2\/pages"}],"about":[{"href":"https:\/\/irlab.se\/sv\/wp-json\/wp\/v2\/types\/page"}],"author":[{"embeddable":true,"href":"https:\/\/irlab.se\/sv\/wp-json\/wp\/v2\/users\/1"}],"replies":[{"embeddable":true,"href":"https:\/\/irlab.se\/sv\/wp-json\/wp\/v2\/comments?post=2586"}],"version-history":[{"count":6,"href":"https:\/\/irlab.se\/sv\/wp-json\/wp\/v2\/pages\/2586\/revisions"}],"predecessor-version":[{"id":7692,"href":"https:\/\/irlab.se\/sv\/wp-json\/wp\/v2\/pages\/2586\/revisions\/7692"}],"up":[{"embeddable":true,"href":"https:\/\/irlab.se\/sv\/wp-json\/wp\/v2\/pages\/2350"}],"wp:attachment":[{"href":"https:\/\/irlab.se\/sv\/wp-json\/wp\/v2\/media?parent=2586"}],"curies":[{"name":"wp","href":"https:\/\/api.w.org\/{rel}","templated":true}]}}