{"id":2554,"date":"2019-01-28T08:25:56","date_gmt":"2019-01-28T08:25:56","guid":{"rendered":"http:\/\/www.irlab.se\/bolagsstyrning\/nomination-committee\/nomination-committees\/"},"modified":"2025-11-19T10:46:52","modified_gmt":"2025-11-19T09:46:52","slug":"nomination-committees","status":"publish","type":"page","link":"https:\/\/irlab.se\/sv\/bolagsstyrning\/nomination-committee\/nomination-committees\/","title":{"rendered":"F\u00f6reg\u00e5ende valberedningar"},"content":{"rendered":"\n<h1 class=\"wp-block-heading\" id=\"foregaende-valberedning\">F\u00f6reg\u00e5ende valberedningar<\/h1>\n\n\n\n<p><\/p>\n\n\n\n<h2 class=\"wp-block-heading\" id=\"valberedning-infor-arsstamma-2020\">Valberedning inf\u00f6r \u00e5rsst\u00e4mma 2025<\/h2>\n\n\n\n<p>Valberedningen inf\u00f6r \u00e5rsst\u00e4mman 2025 bestod av f\u00f6ljande medlemmar:<\/p>\n\n\n\n<ul class=\"wp-block-list\">\n<li><strong>Daniel Johnsson<\/strong>, entrepren\u00f6r, bolagsutvecklare och investerare samt styrelseledamot i IRLAB, utsedd av en \u00e4gargrupp som representerar cirka 22 procent av aktier och r\u00f6ster;<\/li>\n\n\n\n<li><strong>Patrik Mossberg<\/strong>, vd och ordf\u00f6rande i Marinvest. Utsedd av en \u00e4gargrupp som representerar cirka 15 procent av aktier och r\u00f6ster;<\/li>\n\n\n\n<li><strong>Clas Sonesson<\/strong>, forskningschef (CSO) p\u00e5 IRLAB och en av IRLAB:s grundare. Utsedd av en \u00e4gargrupp best\u00e5ende av bolagets grundare m. fl. som representerar cirka 11 procent av aktier och r\u00f6ster;; samt<\/li>\n\n\n\n<li><strong>Carola Lemne<\/strong>, styrelseordf\u00f6rande i IRLAB Therapeutics AB.<\/li>\n<\/ul>\n\n\n\n<h2 class=\"wp-block-heading\" id=\"valberedning-infor-arsstamma-2020\">Valberedning inf\u00f6r \u00e5rsst\u00e4mma 2024<\/h2>\n\n\n\n<p>Valberedningen inf\u00f6r \u00e5rsst\u00e4mman 2024 bestod av f\u00f6ljande medlemmar:<\/p>\n\n\n\n<ul class=\"wp-block-list\">\n<li><strong>Clas Sonesson<\/strong>, forskningschef (CSO) p\u00e5 IRLAB och en av IRLAB:s grundare. Utsedd av en \u00e4gargrupp best\u00e5ende av bolagets grundare m. fl. som representerar cirka 14 procent av aktier och r\u00f6ster;<\/li>\n\n\n\n<li><strong>Daniel Johnsson<\/strong>, entrepren\u00f6r, bolagsutvecklare och investerare samt styrelseledamot i IRLAB, utsedd av en \u00e4gargrupp som representerar cirka 13 procent av aktier och r\u00f6ster;<\/li>\n\n\n\n<li><strong>Anders Vedin<\/strong>, bakgrund fr\u00e5n ledande positioner inom globala l\u00e4kemedelsf\u00f6retag samt tidigare styrelseordf\u00f6rande i IRLAB, utsedd av en \u00e4gargrupp som representerar cirka 13 procent av aktier och r\u00f6ster; samt<\/li>\n\n\n\n<li><strong>Carola Lemne<\/strong>, styrelseordf\u00f6rande i IRLAB Therapeutics AB.<\/li>\n<\/ul>\n\n\n\n<h2 class=\"wp-block-heading\" id=\"valberedning-infor-arsstamma-2020\">Valberedning inf\u00f6r \u00e5rsst\u00e4mma 2023<\/h2>\n\n\n\n<p>Valberedningen inf\u00f6r \u00e5rsst\u00e4mman 2023 bestod av f\u00f6ljande medlemmar:<\/p>\n\n\n\n<ul class=\"wp-block-list\">\n<li><strong>Clas Sonesson<\/strong>, forskningschef (CSO) p\u00e5 IRLAB och en av IRLAB:s grundare. Utsedd av en \u00e4gargrupp best\u00e5ende av bolagets grundare som representerar knappt 14 procent av aktier och r\u00f6ster;<\/li>\n\n\n\n<li><strong>Hans-Peter Ostler<\/strong>, bakgrund fr\u00e5n bank och investeringsr\u00e5dgivning, utsedd av en \u00e4gargrupp som representerar drygt 13 procent av aktier och r\u00f6ster; <\/li>\n\n\n\n<li><strong>Anders Vedin<\/strong>, bakgrund fr\u00e5n ledande positioner inom globala l\u00e4kemedelsf\u00f6retag, utsedd av en \u00e4gargrupp som representerar drygt 13 procent av aktier och r\u00f6ster; samt<\/li>\n\n\n\n<li><strong>Carola Lemne<\/strong>, styrelseordf\u00f6rande i IRLAB Therapeutics AB.<\/li>\n<\/ul>\n\n\n\n<h2 class=\"wp-block-heading\" id=\"valberedning-infor-arsstamma-2020\">Valberedning inf\u00f6r \u00e5rsst\u00e4mma 2022<\/h2>\n\n\n\n<p>Valberedningen inf\u00f6r \u00e5rsst\u00e4mman 2022 bestod av f\u00f6ljande medlemmar:<\/p>\n\n\n\n<ul class=\"wp-block-list\">\n<li>Daniel Johnsson, valberedningens ordf\u00f6rande, entrepren\u00f6r, bolagsutvecklare och investerare, utsedd av en \u00e4gargrupp som representerar cirka 21 procent av aktier och r\u00f6ster;<\/li>\n\n\n\n<li>Bo Rydlinger, bakgrund fr\u00e5n bank- och investeringsverksamhet, utsedd av en \u00e4gargrupp som representerar cirka 15 procent av aktier och r\u00f6ster;<\/li>\n\n\n\n<li>Clas Sonesson, forskningschef (CSO) p\u00e5 IRLAB och en av IRLAB:s grundare. Utsedd av en \u00e4gargrupp best\u00e5ende av bolagets grundare som representerar cirka 10 procent av aktier och r\u00f6ster; samt<\/li>\n\n\n\n<li>Gunnar Olsson, styrelseordf\u00f6rande i IRLAB Therapeutics AB.<\/li>\n<\/ul>\n\n\n\n<h2 class=\"wp-block-heading\" id=\"valberedning-infor-arsstamma-2020\">Valberedning inf\u00f6r \u00e5rsst\u00e4mma 2021<\/h2>\n\n\n\n<p>Valberedningen inf\u00f6r \u00e5rsst\u00e4mman 2021 bestod av f\u00f6ljande medlemmar:<\/p>\n\n\n\n<ul class=\"wp-block-list\">\n<li>Daniel Johnsson, entrepren\u00f6r, bolagsutvecklare och investerare, utsedd av en \u00e4gargrupp som representerar cirka 23 procent av aktier och r\u00f6ster;<\/li>\n\n\n\n<li>Bo Rydlinger, valberedningens ordf\u00f6rande, bakgrund fr\u00e5n bank- och investeringsverksamhet, utsedd av en \u00e4gargrupp som representerar cirka 19 procent av aktier och r\u00f6ster;<\/li>\n\n\n\n<li>Clas Sonesson, forskningschef (CSO) p\u00e5 IRLAB och en av IRLAB:s grundare. Utsedd av en \u00e4gargrupp best\u00e5ende av bolagets grundare som representerar cirka 11 procent av aktier och r\u00f6ster; samt<\/li>\n\n\n\n<li>Gunnar Olsson, styrelseordf\u00f6rande i IRLAB Therapeutics AB.<\/li>\n<\/ul>\n\n\n\n<h2 class=\"wp-block-heading\" id=\"valberedning-infor-arsstamma-2020\">Valberedning inf\u00f6r \u00e5rsst\u00e4mma 2020<\/h2>\n\n\n\n<p>Valberedningen inf\u00f6r \u00e5rsst\u00e4mman 2020 bestod av f\u00f6ljande medlemmar:<\/p>\n\n\n\n<ul class=\"wp-block-list\">\n<li>Bo Rydlinger, valberedningens ordf\u00f6rande, bakgrund fr\u00e5n bank- och investeringsverksamhet, utsedd av en \u00e4gargrupp som representerar cirka 21 procent av aktier och r\u00f6ster;<\/li>\n\n\n\n<li>Daniel Johnsson, entrepren\u00f6r, bolagsutvecklare och investerare, utsedd av en \u00e4gargrupp som representerar cirka 24 procent av aktier och r\u00f6ster;<\/li>\n\n\n\n<li>Clas Sonesson, forskningschef (CSO) p\u00e5 IRLAB och en av IRLAB:s grundare. Utsedd av en \u00e4gargrupp best\u00e5ende av bolagets grundare som representerar cirka 13 procent av aktier och r\u00f6ster; samt<\/li>\n\n\n\n<li>Anders Vedin, styrelseordf\u00f6rande i IRLAB Therapeutics AB.<\/li>\n<\/ul>\n\n\n\n<div style=\"height:40px\" aria-hidden=\"true\" class=\"wp-block-spacer\"><\/div>\n\n\n\n<h2 class=\"wp-block-heading\" id=\"valberedning-infor-arsstamma-2019\">Valberedning inf\u00f6r \u00e5rsst\u00e4mma 2019<\/h2>\n\n\n\n<p>Valberedningen inf\u00f6r \u00e5rsst\u00e4mman 2019 bestod av f\u00f6ljande medlemmar:<\/p>\n\n\n\n<ul class=\"wp-block-list\">\n<li>Bo Rydlinger, erfarenhet fr\u00e5n bank och investeringar, uts\u00e5gs av en aktie\u00e4gargrupp som representerade knappt 24 procent av aktier och r\u00f6ster.<\/li>\n\n\n\n<li>Daniel Johnsson, entrepren\u00f6r, aff\u00e4rsutvecklare och investerare som aktie\u00e4gargrupp som representerade drygt 21 procent av aktier och r\u00f6ster.<\/li>\n\n\n\n<li>Olle Stenberg, erfarenhet fr\u00e5n aff\u00e4rsutveckling och ledarskap, uts\u00e5gs av en aktie\u00e4gargrupp best\u00e5ende av bolagets grundare som representerar drygt 13 procent av aktier och r\u00f6ster.<\/li>\n\n\n\n<li>Anders Vedin \u00e4r styrelseordf\u00f6rande p\u00e5 IRLAB Therapeutics AB.<\/li>\n<\/ul>\n\n\n\n<div style=\"height:40px\" aria-hidden=\"true\" class=\"wp-block-spacer\"><\/div>\n\n\n\n<h2 class=\"wp-block-heading\" id=\"valberedning-infor-arsstamma-2018\">Valberedning inf\u00f6r \u00e5rsst\u00e4mma 2018<\/h2>\n\n\n\n<p>Valberedningen inf\u00f6r \u00e5rsst\u00e4mman 2018 bestod av f\u00f6ljande medlemmar:<\/p>\n\n\n\n<ul class=\"wp-block-list\">\n<li>Bo Rydlinger, erfarenhet fr\u00e5n bank och investeringar, uts\u00e5gs av en aktie\u00e4gargrupp som representerade drygt 17 procent av aktier och r\u00f6ster.<\/li>\n\n\n\n<li>Erik Klinton, specialiserad i skatter\u00e4tt, uts\u00e5gs av en aktie\u00e4gargrupp best\u00e5ende av bolagets grundare som representerar drygt 13 procent av aktier och r\u00f6ster.<\/li>\n\n\n\n<li>John D. Wakely, baserad i Storbritannien med l\u00e5ng erfarenhet inom internationella finansmarknader, uts\u00e5gs av Sievert Larsson Scholarship Foundation som \u00e4ger 10 procent av aktier och r\u00f6ster.<\/li>\n\n\n\n<li>Anders Vedin \u00e4r styrelseordf\u00f6rande p\u00e5 IRLAB Therapeutics AB.<\/li>\n<\/ul>\n\n\n\n<div style=\"height:40px\" aria-hidden=\"true\" class=\"wp-block-spacer\"><\/div>\n\n\n\n<h2 class=\"wp-block-heading\" id=\"valberedning-infor-arsstamma-2017\">Valberedning inf\u00f6r \u00e5rsst\u00e4mma 2017<\/h2>\n\n\n\n<p>Valberedningen inf\u00f6r \u00e5rsst\u00e4mman 2017 bestod av f\u00f6ljande medlemmar:<\/p>\n\n\n\n<ul class=\"wp-block-list\">\n<li>Bo Rydlinger, representerar FV Group AB och Sofama AB.<\/li>\n\n\n\n<li>Hand-Peter Ostler, representerar Sievert Larsson Scholarship Foundation.<\/li>\n\n\n\n<li>Susanna Holm Waters, representerar IRLAB:s grundare.<\/li>\n\n\n\n<li>Anders Vedin \u00e4r styrelseordf\u00f6rande p\u00e5 IRLAB Therapeutics AB.<\/li>\n<\/ul>\n","protected":false},"excerpt":{"rendered":"<p>F\u00f6reg\u00e5ende valberedningar Valberedning inf\u00f6r \u00e5rsst\u00e4mma 2025 Valberedningen inf\u00f6r \u00e5rsst\u00e4mman 2025 bestod av f\u00f6ljande medlemmar: Valberedning inf\u00f6r \u00e5rsst\u00e4mma 2024 Valberedningen inf\u00f6r \u00e5rsst\u00e4mman 2024 bestod av f\u00f6ljande medlemmar: Valberedning inf\u00f6r \u00e5rsst\u00e4mma 2023 Valberedningen inf\u00f6r \u00e5rsst\u00e4mman 2023 bestod av f\u00f6ljande medlemmar: Valberedning inf\u00f6r \u00e5rsst\u00e4mma 2022 Valberedningen inf\u00f6r \u00e5rsst\u00e4mman 2022 bestod av f\u00f6ljande medlemmar: Valberedning inf\u00f6r \u00e5rsst\u00e4mma 2021 Valberedningen [&hellip;]<\/p>\n","protected":false},"author":1,"featured_media":0,"parent":578,"menu_order":0,"comment_status":"closed","ping_status":"closed","template":"","meta":{"_acf_changed":false,"footnotes":""},"class_list":["post-2554","page","type-page","status-publish","hentry"],"acf":[],"yoast_head":"<!-- This site is optimized with the Yoast SEO plugin v26.7 - https:\/\/yoast.com\/wordpress\/plugins\/seo\/ -->\n<title>F\u00f6reg\u00e5ende valberedningar - IRLAB<\/title>\n<meta name=\"robots\" content=\"index, follow, max-snippet:-1, max-image-preview:large, max-video-preview:-1\" \/>\n<link rel=\"canonical\" href=\"https:\/\/irlab.se\/sv\/bolagsstyrning\/nomination-committee\/nomination-committees\/\" \/>\n<meta property=\"og:locale\" content=\"sv_SE\" \/>\n<meta property=\"og:type\" content=\"article\" \/>\n<meta property=\"og:title\" content=\"F\u00f6reg\u00e5ende valberedningar - IRLAB\" \/>\n<meta property=\"og:description\" content=\"F\u00f6reg\u00e5ende valberedningar Valberedning inf\u00f6r \u00e5rsst\u00e4mma 2025 Valberedningen inf\u00f6r \u00e5rsst\u00e4mman 2025 bestod av f\u00f6ljande medlemmar: Valberedning inf\u00f6r \u00e5rsst\u00e4mma 2024 Valberedningen inf\u00f6r \u00e5rsst\u00e4mman 2024 bestod av f\u00f6ljande medlemmar: Valberedning inf\u00f6r \u00e5rsst\u00e4mma 2023 Valberedningen inf\u00f6r \u00e5rsst\u00e4mman 2023 bestod av f\u00f6ljande medlemmar: Valberedning inf\u00f6r \u00e5rsst\u00e4mma 2022 Valberedningen inf\u00f6r \u00e5rsst\u00e4mman 2022 bestod av f\u00f6ljande medlemmar: Valberedning inf\u00f6r \u00e5rsst\u00e4mma 2021 Valberedningen [&hellip;]\" \/>\n<meta property=\"og:url\" content=\"https:\/\/irlab.se\/sv\/bolagsstyrning\/nomination-committee\/nomination-committees\/\" \/>\n<meta property=\"og:site_name\" content=\"IRLAB\" \/>\n<meta property=\"article:modified_time\" content=\"2025-11-19T09:46:52+00:00\" \/>\n<meta name=\"twitter:card\" content=\"summary_large_image\" \/>\n<meta name=\"twitter:label1\" content=\"Ber\u00e4knad l\u00e4stid\" \/>\n\t<meta name=\"twitter:data1\" content=\"4 minuter\" \/>\n<script type=\"application\/ld+json\" class=\"yoast-schema-graph\">{\"@context\":\"https:\/\/schema.org\",\"@graph\":[{\"@type\":\"WebPage\",\"@id\":\"https:\/\/irlab.se\/sv\/bolagsstyrning\/nomination-committee\/nomination-committees\/\",\"url\":\"https:\/\/irlab.se\/sv\/bolagsstyrning\/nomination-committee\/nomination-committees\/\",\"name\":\"F\u00f6reg\u00e5ende valberedningar - IRLAB\",\"isPartOf\":{\"@id\":\"https:\/\/irlab.se\/#website\"},\"datePublished\":\"2019-01-28T08:25:56+00:00\",\"dateModified\":\"2025-11-19T09:46:52+00:00\",\"breadcrumb\":{\"@id\":\"https:\/\/irlab.se\/sv\/bolagsstyrning\/nomination-committee\/nomination-committees\/#breadcrumb\"},\"inLanguage\":\"sv-SE\",\"potentialAction\":[{\"@type\":\"ReadAction\",\"target\":[\"https:\/\/irlab.se\/sv\/bolagsstyrning\/nomination-committee\/nomination-committees\/\"]}]},{\"@type\":\"BreadcrumbList\",\"@id\":\"https:\/\/irlab.se\/sv\/bolagsstyrning\/nomination-committee\/nomination-committees\/#breadcrumb\",\"itemListElement\":[{\"@type\":\"ListItem\",\"position\":1,\"name\":\"Home\",\"item\":\"https:\/\/irlab.se\/sv\/\"},{\"@type\":\"ListItem\",\"position\":2,\"name\":\"Bolagsstyrning\",\"item\":\"https:\/\/irlab.se\/sv\/bolagsstyrning\/\"},{\"@type\":\"ListItem\",\"position\":3,\"name\":\"Valberedning\",\"item\":\"https:\/\/irlab.se\/sv\/bolagsstyrning\/nomination-committee\/\"},{\"@type\":\"ListItem\",\"position\":4,\"name\":\"F\u00f6reg\u00e5ende valberedningar\"}]},{\"@type\":\"WebSite\",\"@id\":\"https:\/\/irlab.se\/#website\",\"url\":\"https:\/\/irlab.se\/\",\"name\":\"Irlab\",\"description\":\"Novel treatments for Parkinson&#039;s disease\",\"potentialAction\":[{\"@type\":\"SearchAction\",\"target\":{\"@type\":\"EntryPoint\",\"urlTemplate\":\"https:\/\/irlab.se\/?s={search_term_string}\"},\"query-input\":{\"@type\":\"PropertyValueSpecification\",\"valueRequired\":true,\"valueName\":\"search_term_string\"}}],\"inLanguage\":\"sv-SE\"}]}<\/script>\n<!-- \/ Yoast SEO plugin. -->","yoast_head_json":{"title":"F\u00f6reg\u00e5ende valberedningar - IRLAB","robots":{"index":"index","follow":"follow","max-snippet":"max-snippet:-1","max-image-preview":"max-image-preview:large","max-video-preview":"max-video-preview:-1"},"canonical":"https:\/\/irlab.se\/sv\/bolagsstyrning\/nomination-committee\/nomination-committees\/","og_locale":"sv_SE","og_type":"article","og_title":"F\u00f6reg\u00e5ende valberedningar - IRLAB","og_description":"F\u00f6reg\u00e5ende valberedningar Valberedning inf\u00f6r \u00e5rsst\u00e4mma 2025 Valberedningen inf\u00f6r \u00e5rsst\u00e4mman 2025 bestod av f\u00f6ljande medlemmar: Valberedning inf\u00f6r \u00e5rsst\u00e4mma 2024 Valberedningen inf\u00f6r \u00e5rsst\u00e4mman 2024 bestod av f\u00f6ljande medlemmar: Valberedning inf\u00f6r \u00e5rsst\u00e4mma 2023 Valberedningen inf\u00f6r \u00e5rsst\u00e4mman 2023 bestod av f\u00f6ljande medlemmar: Valberedning inf\u00f6r \u00e5rsst\u00e4mma 2022 Valberedningen inf\u00f6r \u00e5rsst\u00e4mman 2022 bestod av f\u00f6ljande medlemmar: Valberedning inf\u00f6r \u00e5rsst\u00e4mma 2021 Valberedningen [&hellip;]","og_url":"https:\/\/irlab.se\/sv\/bolagsstyrning\/nomination-committee\/nomination-committees\/","og_site_name":"IRLAB","article_modified_time":"2025-11-19T09:46:52+00:00","twitter_card":"summary_large_image","twitter_misc":{"Ber\u00e4knad l\u00e4stid":"4 minuter"},"schema":{"@context":"https:\/\/schema.org","@graph":[{"@type":"WebPage","@id":"https:\/\/irlab.se\/sv\/bolagsstyrning\/nomination-committee\/nomination-committees\/","url":"https:\/\/irlab.se\/sv\/bolagsstyrning\/nomination-committee\/nomination-committees\/","name":"F\u00f6reg\u00e5ende valberedningar - IRLAB","isPartOf":{"@id":"https:\/\/irlab.se\/#website"},"datePublished":"2019-01-28T08:25:56+00:00","dateModified":"2025-11-19T09:46:52+00:00","breadcrumb":{"@id":"https:\/\/irlab.se\/sv\/bolagsstyrning\/nomination-committee\/nomination-committees\/#breadcrumb"},"inLanguage":"sv-SE","potentialAction":[{"@type":"ReadAction","target":["https:\/\/irlab.se\/sv\/bolagsstyrning\/nomination-committee\/nomination-committees\/"]}]},{"@type":"BreadcrumbList","@id":"https:\/\/irlab.se\/sv\/bolagsstyrning\/nomination-committee\/nomination-committees\/#breadcrumb","itemListElement":[{"@type":"ListItem","position":1,"name":"Home","item":"https:\/\/irlab.se\/sv\/"},{"@type":"ListItem","position":2,"name":"Bolagsstyrning","item":"https:\/\/irlab.se\/sv\/bolagsstyrning\/"},{"@type":"ListItem","position":3,"name":"Valberedning","item":"https:\/\/irlab.se\/sv\/bolagsstyrning\/nomination-committee\/"},{"@type":"ListItem","position":4,"name":"F\u00f6reg\u00e5ende valberedningar"}]},{"@type":"WebSite","@id":"https:\/\/irlab.se\/#website","url":"https:\/\/irlab.se\/","name":"Irlab","description":"Novel treatments for Parkinson&#039;s disease","potentialAction":[{"@type":"SearchAction","target":{"@type":"EntryPoint","urlTemplate":"https:\/\/irlab.se\/?s={search_term_string}"},"query-input":{"@type":"PropertyValueSpecification","valueRequired":true,"valueName":"search_term_string"}}],"inLanguage":"sv-SE"}]}},"_links":{"self":[{"href":"https:\/\/irlab.se\/sv\/wp-json\/wp\/v2\/pages\/2554","targetHints":{"allow":["GET"]}}],"collection":[{"href":"https:\/\/irlab.se\/sv\/wp-json\/wp\/v2\/pages"}],"about":[{"href":"https:\/\/irlab.se\/sv\/wp-json\/wp\/v2\/types\/page"}],"author":[{"embeddable":true,"href":"https:\/\/irlab.se\/sv\/wp-json\/wp\/v2\/users\/1"}],"replies":[{"embeddable":true,"href":"https:\/\/irlab.se\/sv\/wp-json\/wp\/v2\/comments?post=2554"}],"version-history":[{"count":17,"href":"https:\/\/irlab.se\/sv\/wp-json\/wp\/v2\/pages\/2554\/revisions"}],"predecessor-version":[{"id":12677,"href":"https:\/\/irlab.se\/sv\/wp-json\/wp\/v2\/pages\/2554\/revisions\/12677"}],"up":[{"embeddable":true,"href":"https:\/\/irlab.se\/sv\/wp-json\/wp\/v2\/pages\/578"}],"wp:attachment":[{"href":"https:\/\/irlab.se\/sv\/wp-json\/wp\/v2\/media?parent=2554"}],"curies":[{"name":"wp","href":"https:\/\/api.w.org\/{rel}","templated":true}]}}