{"id":2350,"date":"2019-01-30T09:45:07","date_gmt":"2019-01-30T09:45:07","guid":{"rendered":"http:\/\/www.irlab.se\/?page_id=2350"},"modified":"2025-05-07T16:46:37","modified_gmt":"2025-05-07T14:46:37","slug":"tidigare-bolagsstammor","status":"publish","type":"page","link":"https:\/\/irlab.se\/sv\/bolagsstyrning\/bolagsstamma\/tidigare-bolagsstammor\/","title":{"rendered":"Tidigare bolagsst\u00e4mmor"},"content":{"rendered":"\n<h1 class=\"wp-block-heading\" id=\"tidigare-bolagsstammor\">Tidigare bolagsst\u00e4mmor<\/h1>\n\n\n\n<div class=\"wp-block-columns is-layout-flex wp-container-core-columns-is-layout-9d6595d7 wp-block-columns-is-layout-flex\">\n<div class=\"wp-block-column is-layout-flow wp-block-column-is-layout-flow\" style=\"flex-basis:60%\">\n<h3 class=\"wp-block-heading\" id=\"arsstamma-2020\"><strong>\u00c5rsst\u00e4mma 2024<\/strong><\/h3>\n\n\n\n<p>\u00c5rsst\u00e4mman 2024 h\u00f6lls den 22 maj i G\u00f6teborg samt med m\u00f6jlighet till f\u00f6rtida postr\u00f6stning. H\u00e4r finns dokument relaterade till \u00e5rsst\u00e4mman.<\/p>\n\n\n\n<div class=\"wp-block-buttons is-layout-flex wp-block-buttons-is-layout-flex\">\n<div class=\"wp-block-button has-custom-width wp-block-button__width-25 has-custom-font-size has-small-font-size\"><a class=\"wp-block-button__link has-white-color has-green-background-color has-text-color has-background wp-element-button\" href=\"https:\/\/irlab.se\/sv\/bolagsstyrning\/bolagsstamma\/arsstamma-2024\/\" style=\"padding-top:5px;padding-right:5px;padding-bottom:5px;padding-left:5px\" target=\"_blank\" rel=\"noreferrer noopener\">L\u00e4s mer &gt;<\/a><\/div>\n<\/div>\n\n\n\n<div style=\"height:33px\" aria-hidden=\"true\" class=\"wp-block-spacer\"><\/div>\n<\/div>\n<\/div>\n\n\n\n<div class=\"wp-block-columns is-layout-flex wp-container-core-columns-is-layout-9d6595d7 wp-block-columns-is-layout-flex\">\n<div class=\"wp-block-column is-layout-flow wp-block-column-is-layout-flow\" style=\"flex-basis:60%\">\n<h3 class=\"wp-block-heading\" id=\"arsstamma-2020\"><strong>\u00c5rsst\u00e4mma 2023<\/strong><\/h3>\n\n\n\n<p>\u00c5rsst\u00e4mman 2023 h\u00f6lls den 20 juni i G\u00f6teborg samt med m\u00f6jlighet till f\u00f6rtida postr\u00f6stning. H\u00e4r finns dokument relaterade till \u00e5rsst\u00e4mman.<\/p>\n\n\n\n<div class=\"wp-block-buttons is-layout-flex wp-block-buttons-is-layout-flex\">\n<div class=\"wp-block-button has-custom-width wp-block-button__width-25 has-custom-font-size has-small-font-size\"><a class=\"wp-block-button__link has-white-color has-green-background-color has-text-color has-background wp-element-button\" href=\"https:\/\/irlab.se\/sv\/bolagsstyrning\/bolagsstamma\/arsstamma-2023\/\" style=\"padding-top:5px;padding-right:5px;padding-bottom:5px;padding-left:5px\">L\u00e4s mer &gt;<\/a><\/div>\n<\/div>\n\n\n\n<div style=\"height:33px\" aria-hidden=\"true\" class=\"wp-block-spacer\"><\/div>\n<\/div>\n<\/div>\n\n\n\n<div class=\"wp-block-columns is-layout-flex wp-container-core-columns-is-layout-9d6595d7 wp-block-columns-is-layout-flex\">\n<div class=\"wp-block-column is-layout-flow wp-block-column-is-layout-flow\" style=\"flex-basis:60%\">\n<h3 class=\"wp-block-heading\" id=\"arsstamma-2020\"><strong>\u00c5rsst\u00e4mma 2022<\/strong><\/h3>\n\n\n\n<p>\u00c5rsst\u00e4mman 2022 h\u00f6lls den 11 maj i G\u00f6teborg samt med m\u00f6jlighet till f\u00f6rtida postr\u00f6stning. H\u00e4r finns dokument relaterade till \u00e5rsst\u00e4mman.<\/p>\n\n\n\n<div class=\"wp-block-buttons is-layout-flex wp-block-buttons-is-layout-flex\">\n<div class=\"wp-block-button has-custom-width wp-block-button__width-25 has-custom-font-size has-small-font-size\"><a class=\"wp-block-button__link has-white-color has-green-background-color has-text-color has-background wp-element-button\" href=\"https:\/\/irlab.se\/sv\/bolagsstyrning\/bolagsstamma\/arsstamma-2022\/\" style=\"padding-top:5px;padding-right:5px;padding-bottom:5px;padding-left:5px\">L\u00e4s mer &gt;<\/a><\/div>\n<\/div>\n\n\n\n<div style=\"height:33px\" aria-hidden=\"true\" class=\"wp-block-spacer\"><\/div>\n<\/div>\n<\/div>\n\n\n\n<div class=\"wp-block-columns is-layout-flex wp-container-core-columns-is-layout-9d6595d7 wp-block-columns-is-layout-flex\">\n<div class=\"wp-block-column is-layout-flow wp-block-column-is-layout-flow\" style=\"flex-basis:60%\">\n<h3 class=\"wp-block-heading\" id=\"arsstamma-2020\"><strong>\u00c5rsst\u00e4mma 2021<\/strong><\/h3>\n\n\n\n<p>\u00c5rsst\u00e4mman f\u00f6r 2021 h\u00f6lls den 6 maj och h\u00f6lls endast digitalt med anledning av covid-19-pandemin. H\u00e4r finns dokument relaterade till \u00e5rsst\u00e4mman.<\/p>\n\n\n\n<div class=\"wp-block-buttons is-layout-flex wp-block-buttons-is-layout-flex\">\n<div class=\"wp-block-button has-custom-width wp-block-button__width-25 has-custom-font-size has-small-font-size\"><a class=\"wp-block-button__link has-white-color has-green-background-color has-text-color has-background wp-element-button\" href=\"https:\/\/irlab.se\/sv\/bolagsstyrning\/bolagsstamma\/arsstamma-2021\/\" style=\"padding-top:5px;padding-right:5px;padding-bottom:5px;padding-left:5px\">L\u00e4s mer&gt;<\/a><\/div>\n<\/div>\n\n\n\n<div style=\"height:33px\" aria-hidden=\"true\" class=\"wp-block-spacer\"><\/div>\n<\/div>\n<\/div>\n\n\n\n<div class=\"wp-block-columns is-layout-flex wp-container-core-columns-is-layout-9d6595d7 wp-block-columns-is-layout-flex\">\n<div class=\"wp-block-column is-layout-flow wp-block-column-is-layout-flow\" style=\"flex-basis:60%\">\n<h3 class=\"wp-block-heading\" id=\"arsstamma-2020\"><strong>\u00c5rsst\u00e4mma 202<\/strong>0<\/h3>\n\n\n\n<p>\u00c5rsst\u00e4mman f\u00f6r 2020 h\u00f6lls den 7 maj i G\u00f6teborg, Sverige. H\u00e4r finns dokument relaterade till \u00e5rsst\u00e4mman.<\/p>\n\n\n\n<div class=\"wp-block-buttons is-layout-flex wp-block-buttons-is-layout-flex\">\n<div class=\"wp-block-button has-custom-width wp-block-button__width-25 has-custom-font-size has-small-font-size\"><a class=\"wp-block-button__link has-white-color has-green-background-color has-text-color has-background wp-element-button\" href=\"https:\/\/irlab.se\/sv\/bolagsstyrning\/bolagsstamma\/tidigare-bolagsstammor\/arsstamma-2020\/\" style=\"padding-top:5px;padding-right:5px;padding-bottom:5px;padding-left:5px\">L\u00e4s mer<\/a><\/div>\n<\/div>\n\n\n\n<div style=\"height:33px\" aria-hidden=\"true\" class=\"wp-block-spacer\"><\/div>\n<\/div>\n<\/div>\n\n\n\n<div class=\"wp-block-columns is-layout-flex wp-container-core-columns-is-layout-9d6595d7 wp-block-columns-is-layout-flex\">\n<div class=\"wp-block-column is-layout-flow wp-block-column-is-layout-flow\" style=\"flex-basis:60%\">\n<h3 class=\"wp-block-heading\" id=\"arsstamma-2020\"><strong>\u00c5rsst\u00e4mma 20<\/strong>19<\/h3>\n\n\n\n<p>\u00c5rsst\u00e4mman f\u00f6r 2019 h\u00f6lls den 25 april i G\u00f6teborg, Sverige. H\u00e4r finns dokument relaterade till \u00e5rsst\u00e4mman.<\/p>\n\n\n\n<div class=\"wp-block-buttons is-layout-flex wp-block-buttons-is-layout-flex\">\n<div class=\"wp-block-button has-custom-width wp-block-button__width-25 has-custom-font-size has-small-font-size\"><a class=\"wp-block-button__link has-white-color has-green-background-color has-text-color has-background wp-element-button\" href=\"https:\/\/irlab.se\/sv\/bolagsstyrning\/bolagsstamma\/tidigare-bolagsstammor\/arsstamma-2019\/\" style=\"padding-top:5px;padding-right:5px;padding-bottom:5px;padding-left:5px\">L\u00e4s mer &gt;<\/a><\/div>\n<\/div>\n\n\n\n<div style=\"height:33px\" aria-hidden=\"true\" class=\"wp-block-spacer\"><\/div>\n<\/div>\n<\/div>\n\n\n\n<div class=\"wp-block-columns is-layout-flex wp-container-core-columns-is-layout-9d6595d7 wp-block-columns-is-layout-flex\">\n<div class=\"wp-block-column is-layout-flow wp-block-column-is-layout-flow\" style=\"flex-basis:60%\">\n<h3 class=\"wp-block-heading\" id=\"arsstamma-2020\"><strong>\u00c5rsst\u00e4mma 20<\/strong>18<\/h3>\n\n\n\n<p>\u00c5rsst\u00e4mman f\u00f6r 2018 h\u00f6lls den 16 maj i G\u00f6teborg, Sverige. H\u00e4r finns dokument relaterade till \u00e5rsst\u00e4mman.<\/p>\n\n\n\n<div class=\"wp-block-buttons is-layout-flex wp-block-buttons-is-layout-flex\">\n<div class=\"wp-block-button has-custom-width wp-block-button__width-25 has-custom-font-size has-small-font-size\"><a class=\"wp-block-button__link has-white-color has-green-background-color has-text-color has-background wp-element-button\" href=\"https:\/\/irlab.se\/sv\/bolagsstyrning\/bolagsstamma\/tidigare-bolagsstammor\/arsstamma-2018\/\" style=\"padding-top:5px;padding-right:5px;padding-bottom:5px;padding-left:5px\">L\u00e4s mer &gt;<\/a><\/div>\n<\/div>\n\n\n\n<div style=\"height:33px\" aria-hidden=\"true\" class=\"wp-block-spacer\"><\/div>\n<\/div>\n<\/div>\n\n\n\n<div class=\"wp-block-columns is-layout-flex wp-container-core-columns-is-layout-9d6595d7 wp-block-columns-is-layout-flex\">\n<div class=\"wp-block-column is-layout-flow wp-block-column-is-layout-flow\" style=\"flex-basis:60%\">\n<h3 class=\"wp-block-heading\" id=\"arsstamma-2020\"><strong>\u00c5rsst\u00e4mma 20<\/strong>17<\/h3>\n\n\n\n<p>\u00c5rsst\u00e4mman f\u00f6r 2017 h\u00f6lls den 16 maj i G\u00f6teborg, Sverige. H\u00e4r finns dokument relaterade till \u00e5rsst\u00e4mman.<\/p>\n\n\n\n<div class=\"wp-block-buttons is-layout-flex wp-block-buttons-is-layout-flex\">\n<div class=\"wp-block-button has-custom-width wp-block-button__width-25 has-custom-font-size has-small-font-size\"><a class=\"wp-block-button__link has-white-color has-green-background-color has-text-color has-background wp-element-button\" href=\"https:\/\/irlab.se\/sv\/bolagsstyrning\/bolagsstamma\/tidigare-bolagsstammor\/arsstamma-2017\/\" style=\"padding-top:5px;padding-right:5px;padding-bottom:5px;padding-left:5px\">L\u00e4s mer &gt;<\/a><\/div>\n<\/div>\n\n\n\n<div style=\"height:33px\" aria-hidden=\"true\" class=\"wp-block-spacer\"><\/div>\n<\/div>\n<\/div>\n","protected":false},"excerpt":{"rendered":"<p>Tidigare bolagsst\u00e4mmor \u00c5rsst\u00e4mma 2024 \u00c5rsst\u00e4mman 2024 h\u00f6lls den 22 maj i G\u00f6teborg samt med m\u00f6jlighet till f\u00f6rtida postr\u00f6stning. H\u00e4r finns dokument relaterade till \u00e5rsst\u00e4mman. \u00c5rsst\u00e4mma 2023 \u00c5rsst\u00e4mman 2023 h\u00f6lls den 20 juni i G\u00f6teborg samt med m\u00f6jlighet till f\u00f6rtida postr\u00f6stning. H\u00e4r finns dokument relaterade till \u00e5rsst\u00e4mman. \u00c5rsst\u00e4mma 2022 \u00c5rsst\u00e4mman 2022 h\u00f6lls den 11 maj i [&hellip;]<\/p>\n","protected":false},"author":1,"featured_media":0,"parent":570,"menu_order":0,"comment_status":"closed","ping_status":"closed","template":"","meta":{"_acf_changed":false,"footnotes":""},"class_list":["post-2350","page","type-page","status-publish","hentry"],"acf":[],"yoast_head":"<!-- This site is optimized with the Yoast SEO plugin v26.7 - https:\/\/yoast.com\/wordpress\/plugins\/seo\/ -->\n<title>Tidigare bolagsst\u00e4mmor - IRLAB<\/title>\n<meta name=\"robots\" content=\"index, follow, max-snippet:-1, max-image-preview:large, max-video-preview:-1\" \/>\n<link rel=\"canonical\" href=\"https:\/\/irlab.se\/sv\/bolagsstyrning\/bolagsstamma\/tidigare-bolagsstammor\/\" \/>\n<meta property=\"og:locale\" content=\"sv_SE\" \/>\n<meta property=\"og:type\" content=\"article\" \/>\n<meta property=\"og:title\" content=\"Tidigare bolagsst\u00e4mmor - IRLAB\" \/>\n<meta property=\"og:description\" content=\"Tidigare bolagsst\u00e4mmor \u00c5rsst\u00e4mma 2024 \u00c5rsst\u00e4mman 2024 h\u00f6lls den 22 maj i G\u00f6teborg samt med m\u00f6jlighet till f\u00f6rtida postr\u00f6stning. H\u00e4r finns dokument relaterade till \u00e5rsst\u00e4mman. \u00c5rsst\u00e4mma 2023 \u00c5rsst\u00e4mman 2023 h\u00f6lls den 20 juni i G\u00f6teborg samt med m\u00f6jlighet till f\u00f6rtida postr\u00f6stning. H\u00e4r finns dokument relaterade till \u00e5rsst\u00e4mman. \u00c5rsst\u00e4mma 2022 \u00c5rsst\u00e4mman 2022 h\u00f6lls den 11 maj i [&hellip;]\" \/>\n<meta property=\"og:url\" content=\"https:\/\/irlab.se\/sv\/bolagsstyrning\/bolagsstamma\/tidigare-bolagsstammor\/\" \/>\n<meta property=\"og:site_name\" content=\"IRLAB\" \/>\n<meta property=\"article:modified_time\" content=\"2025-05-07T14:46:37+00:00\" \/>\n<meta name=\"twitter:card\" content=\"summary_large_image\" \/>\n<meta name=\"twitter:label1\" content=\"Ber\u00e4knad l\u00e4stid\" \/>\n\t<meta name=\"twitter:data1\" content=\"1 minut\" \/>\n<script type=\"application\/ld+json\" class=\"yoast-schema-graph\">{\"@context\":\"https:\/\/schema.org\",\"@graph\":[{\"@type\":\"WebPage\",\"@id\":\"https:\/\/irlab.se\/sv\/bolagsstyrning\/bolagsstamma\/tidigare-bolagsstammor\/\",\"url\":\"https:\/\/irlab.se\/sv\/bolagsstyrning\/bolagsstamma\/tidigare-bolagsstammor\/\",\"name\":\"Tidigare bolagsst\u00e4mmor - IRLAB\",\"isPartOf\":{\"@id\":\"https:\/\/irlab.se\/#website\"},\"datePublished\":\"2019-01-30T09:45:07+00:00\",\"dateModified\":\"2025-05-07T14:46:37+00:00\",\"breadcrumb\":{\"@id\":\"https:\/\/irlab.se\/sv\/bolagsstyrning\/bolagsstamma\/tidigare-bolagsstammor\/#breadcrumb\"},\"inLanguage\":\"sv-SE\",\"potentialAction\":[{\"@type\":\"ReadAction\",\"target\":[\"https:\/\/irlab.se\/sv\/bolagsstyrning\/bolagsstamma\/tidigare-bolagsstammor\/\"]}]},{\"@type\":\"BreadcrumbList\",\"@id\":\"https:\/\/irlab.se\/sv\/bolagsstyrning\/bolagsstamma\/tidigare-bolagsstammor\/#breadcrumb\",\"itemListElement\":[{\"@type\":\"ListItem\",\"position\":1,\"name\":\"Home\",\"item\":\"https:\/\/irlab.se\/sv\/\"},{\"@type\":\"ListItem\",\"position\":2,\"name\":\"Bolagsstyrning\",\"item\":\"https:\/\/irlab.se\/sv\/bolagsstyrning\/\"},{\"@type\":\"ListItem\",\"position\":3,\"name\":\"Bolagsst\u00e4mmor\",\"item\":\"https:\/\/irlab.se\/sv\/bolagsstyrning\/bolagsstamma\/\"},{\"@type\":\"ListItem\",\"position\":4,\"name\":\"Tidigare bolagsst\u00e4mmor\"}]},{\"@type\":\"WebSite\",\"@id\":\"https:\/\/irlab.se\/#website\",\"url\":\"https:\/\/irlab.se\/\",\"name\":\"Irlab\",\"description\":\"Novel treatments for Parkinson&#039;s disease\",\"potentialAction\":[{\"@type\":\"SearchAction\",\"target\":{\"@type\":\"EntryPoint\",\"urlTemplate\":\"https:\/\/irlab.se\/?s={search_term_string}\"},\"query-input\":{\"@type\":\"PropertyValueSpecification\",\"valueRequired\":true,\"valueName\":\"search_term_string\"}}],\"inLanguage\":\"sv-SE\"}]}<\/script>\n<!-- \/ Yoast SEO plugin. -->","yoast_head_json":{"title":"Tidigare bolagsst\u00e4mmor - IRLAB","robots":{"index":"index","follow":"follow","max-snippet":"max-snippet:-1","max-image-preview":"max-image-preview:large","max-video-preview":"max-video-preview:-1"},"canonical":"https:\/\/irlab.se\/sv\/bolagsstyrning\/bolagsstamma\/tidigare-bolagsstammor\/","og_locale":"sv_SE","og_type":"article","og_title":"Tidigare bolagsst\u00e4mmor - IRLAB","og_description":"Tidigare bolagsst\u00e4mmor \u00c5rsst\u00e4mma 2024 \u00c5rsst\u00e4mman 2024 h\u00f6lls den 22 maj i G\u00f6teborg samt med m\u00f6jlighet till f\u00f6rtida postr\u00f6stning. H\u00e4r finns dokument relaterade till \u00e5rsst\u00e4mman. \u00c5rsst\u00e4mma 2023 \u00c5rsst\u00e4mman 2023 h\u00f6lls den 20 juni i G\u00f6teborg samt med m\u00f6jlighet till f\u00f6rtida postr\u00f6stning. H\u00e4r finns dokument relaterade till \u00e5rsst\u00e4mman. \u00c5rsst\u00e4mma 2022 \u00c5rsst\u00e4mman 2022 h\u00f6lls den 11 maj i [&hellip;]","og_url":"https:\/\/irlab.se\/sv\/bolagsstyrning\/bolagsstamma\/tidigare-bolagsstammor\/","og_site_name":"IRLAB","article_modified_time":"2025-05-07T14:46:37+00:00","twitter_card":"summary_large_image","twitter_misc":{"Ber\u00e4knad l\u00e4stid":"1 minut"},"schema":{"@context":"https:\/\/schema.org","@graph":[{"@type":"WebPage","@id":"https:\/\/irlab.se\/sv\/bolagsstyrning\/bolagsstamma\/tidigare-bolagsstammor\/","url":"https:\/\/irlab.se\/sv\/bolagsstyrning\/bolagsstamma\/tidigare-bolagsstammor\/","name":"Tidigare bolagsst\u00e4mmor - IRLAB","isPartOf":{"@id":"https:\/\/irlab.se\/#website"},"datePublished":"2019-01-30T09:45:07+00:00","dateModified":"2025-05-07T14:46:37+00:00","breadcrumb":{"@id":"https:\/\/irlab.se\/sv\/bolagsstyrning\/bolagsstamma\/tidigare-bolagsstammor\/#breadcrumb"},"inLanguage":"sv-SE","potentialAction":[{"@type":"ReadAction","target":["https:\/\/irlab.se\/sv\/bolagsstyrning\/bolagsstamma\/tidigare-bolagsstammor\/"]}]},{"@type":"BreadcrumbList","@id":"https:\/\/irlab.se\/sv\/bolagsstyrning\/bolagsstamma\/tidigare-bolagsstammor\/#breadcrumb","itemListElement":[{"@type":"ListItem","position":1,"name":"Home","item":"https:\/\/irlab.se\/sv\/"},{"@type":"ListItem","position":2,"name":"Bolagsstyrning","item":"https:\/\/irlab.se\/sv\/bolagsstyrning\/"},{"@type":"ListItem","position":3,"name":"Bolagsst\u00e4mmor","item":"https:\/\/irlab.se\/sv\/bolagsstyrning\/bolagsstamma\/"},{"@type":"ListItem","position":4,"name":"Tidigare bolagsst\u00e4mmor"}]},{"@type":"WebSite","@id":"https:\/\/irlab.se\/#website","url":"https:\/\/irlab.se\/","name":"Irlab","description":"Novel treatments for Parkinson&#039;s disease","potentialAction":[{"@type":"SearchAction","target":{"@type":"EntryPoint","urlTemplate":"https:\/\/irlab.se\/?s={search_term_string}"},"query-input":{"@type":"PropertyValueSpecification","valueRequired":true,"valueName":"search_term_string"}}],"inLanguage":"sv-SE"}]}},"_links":{"self":[{"href":"https:\/\/irlab.se\/sv\/wp-json\/wp\/v2\/pages\/2350","targetHints":{"allow":["GET"]}}],"collection":[{"href":"https:\/\/irlab.se\/sv\/wp-json\/wp\/v2\/pages"}],"about":[{"href":"https:\/\/irlab.se\/sv\/wp-json\/wp\/v2\/types\/page"}],"author":[{"embeddable":true,"href":"https:\/\/irlab.se\/sv\/wp-json\/wp\/v2\/users\/1"}],"replies":[{"embeddable":true,"href":"https:\/\/irlab.se\/sv\/wp-json\/wp\/v2\/comments?post=2350"}],"version-history":[{"count":17,"href":"https:\/\/irlab.se\/sv\/wp-json\/wp\/v2\/pages\/2350\/revisions"}],"predecessor-version":[{"id":11956,"href":"https:\/\/irlab.se\/sv\/wp-json\/wp\/v2\/pages\/2350\/revisions\/11956"}],"up":[{"embeddable":true,"href":"https:\/\/irlab.se\/sv\/wp-json\/wp\/v2\/pages\/570"}],"wp:attachment":[{"href":"https:\/\/irlab.se\/sv\/wp-json\/wp\/v2\/media?parent=2350"}],"curies":[{"name":"wp","href":"https:\/\/api.w.org\/{rel}","templated":true}]}}