{"id":2081,"date":"2019-01-06T14:57:07","date_gmt":"2019-01-06T14:57:07","guid":{"rendered":"http:\/\/www.irlab.se\/?page_id=2081"},"modified":"2022-02-14T13:53:27","modified_gmt":"2022-02-14T12:53:27","slug":"terapeutiskt-fokus","status":"publish","type":"page","link":"https:\/\/irlab.se\/sv\/terapeutiskt-fokus\/","title":{"rendered":"Terapeutiskt fokus"},"content":{"rendered":"\n<h1 class=\"wp-block-heading\" id=\"terapeutiskt-fokus\">Terapeutiskt fokus<\/h1>\n\n\n\n<p class=\"is-style-intro-text-style\">IRLAB:s team fokuserar p\u00e5 det stora och v\u00e4xande medicinska behovet av l\u00e4kemedel f\u00f6r behandling av livsf\u00f6r\u00e4ndrande sjukdomar i hj\u00e4rnan, s\u00e4rskilt Parkinsons sjukdom.<\/p>\n\n\n\n<p><strong>ISP ger konkurrensf\u00f6rdelar<\/strong><br>V\u00e5r unika och egenutvecklade forskningsplattform ISP \u00e4r central i v\u00e5rt arbete och tillf\u00f6r en konkurrensf\u00f6rdel vid identifiering och tidig utveckling av de l\u00e4kemedelskandidater som har h\u00f6gst potential att framg\u00e5ngsrikt genomg\u00e5 omfattande kliniska studier. Hj\u00e4rnan \u00e4r ett av kroppens mest komplexa organ och vi har fortfarande l\u00e5ngt kvar till full f\u00f6rst\u00e5else av dess funktioner och av orsakerna till dess sjukdomar.<\/p>\n\n\n\n<p><strong>Trots det ok\u00e4nda \u2013 eller m\u00f6jligen p\u00e5 grund av det \u2013 arbetar forskarna p\u00e5 IRLAB f\u00f6r att uppt\u00e4cka mer.<\/strong><\/p>\n\n\n\n<p>Genom ISP-plattformen anv\u00e4nder IRLAB en avancerad systembiologisk strategi f\u00f6r att analysera de komplexa interaktioner som p\u00e5g\u00e5r i hj\u00e4rnan. Tillsammans tar IRLAB:s forskare stora steg mot det yttersta m\u00e5let; att f\u00f6rb\u00e4ttra livskvalit\u00e9n f\u00f6r patienter med hj\u00e4rnsjukdomar.<\/p>\n\n\n\n<figure class=\"wp-block-image\"><img loading=\"lazy\" decoding=\"async\" width=\"1024\" height=\"576\" src=\"https:\/\/irlab.se\/wp-content\/uploads\/2019\/09\/web_retina_DSF9101-1024x576.jpg\" alt=\"\" class=\"wp-image-3610\" srcset=\"https:\/\/irlab.se\/wp-content\/uploads\/2019\/09\/web_retina_DSF9101-1024x576.jpg 1024w, https:\/\/irlab.se\/wp-content\/uploads\/2019\/09\/web_retina_DSF9101-300x169.jpg 300w, https:\/\/irlab.se\/wp-content\/uploads\/2019\/09\/web_retina_DSF9101-768x432.jpg 768w, https:\/\/irlab.se\/wp-content\/uploads\/2019\/09\/web_retina_DSF9101.jpg 2048w\" sizes=\"auto, (max-width: 1024px) 100vw, 1024px\" \/><\/figure>\n","protected":false},"excerpt":{"rendered":"<p>Terapeutiskt fokus IRLAB:s team fokuserar p\u00e5 det stora och v\u00e4xande medicinska behovet av l\u00e4kemedel f\u00f6r behandling av livsf\u00f6r\u00e4ndrande sjukdomar i hj\u00e4rnan, s\u00e4rskilt Parkinsons sjukdom. ISP ger konkurrensf\u00f6rdelarV\u00e5r unika och egenutvecklade forskningsplattform ISP \u00e4r central i v\u00e5rt arbete och tillf\u00f6r en konkurrensf\u00f6rdel vid identifiering och tidig utveckling av de l\u00e4kemedelskandidater som har h\u00f6gst potential att framg\u00e5ngsrikt [&hellip;]<\/p>\n","protected":false},"author":1,"featured_media":0,"parent":0,"menu_order":0,"comment_status":"closed","ping_status":"closed","template":"","meta":{"_acf_changed":false,"footnotes":""},"class_list":["post-2081","page","type-page","status-publish","hentry"],"acf":[],"yoast_head":"<!-- This site is optimized with the Yoast SEO plugin v26.7 - https:\/\/yoast.com\/wordpress\/plugins\/seo\/ -->\n<title>Terapeutiskt fokus - IRLAB<\/title>\n<meta name=\"robots\" content=\"index, follow, max-snippet:-1, max-image-preview:large, max-video-preview:-1\" \/>\n<link rel=\"canonical\" href=\"https:\/\/irlab.se\/sv\/terapeutiskt-fokus\/\" \/>\n<meta property=\"og:locale\" content=\"sv_SE\" \/>\n<meta property=\"og:type\" content=\"article\" \/>\n<meta property=\"og:title\" content=\"Terapeutiskt fokus - IRLAB\" \/>\n<meta property=\"og:description\" content=\"Terapeutiskt fokus IRLAB:s team fokuserar p\u00e5 det stora och v\u00e4xande medicinska behovet av l\u00e4kemedel f\u00f6r behandling av livsf\u00f6r\u00e4ndrande sjukdomar i hj\u00e4rnan, s\u00e4rskilt Parkinsons sjukdom. ISP ger konkurrensf\u00f6rdelarV\u00e5r unika och egenutvecklade forskningsplattform ISP \u00e4r central i v\u00e5rt arbete och tillf\u00f6r en konkurrensf\u00f6rdel vid identifiering och tidig utveckling av de l\u00e4kemedelskandidater som har h\u00f6gst potential att framg\u00e5ngsrikt [&hellip;]\" \/>\n<meta property=\"og:url\" content=\"https:\/\/irlab.se\/sv\/terapeutiskt-fokus\/\" \/>\n<meta property=\"og:site_name\" content=\"IRLAB\" \/>\n<meta property=\"article:modified_time\" content=\"2022-02-14T12:53:27+00:00\" \/>\n<meta property=\"og:image\" content=\"https:\/\/irlab.se\/wp-content\/uploads\/2019\/09\/web_retina_DSF9101-1024x576.jpg\" \/>\n<meta name=\"twitter:card\" content=\"summary_large_image\" \/>\n<meta name=\"twitter:label1\" content=\"Ber\u00e4knad l\u00e4stid\" \/>\n\t<meta name=\"twitter:data1\" content=\"1 minut\" \/>\n<script type=\"application\/ld+json\" class=\"yoast-schema-graph\">{\"@context\":\"https:\/\/schema.org\",\"@graph\":[{\"@type\":\"WebPage\",\"@id\":\"https:\/\/irlab.se\/sv\/terapeutiskt-fokus\/\",\"url\":\"https:\/\/irlab.se\/sv\/terapeutiskt-fokus\/\",\"name\":\"Terapeutiskt fokus - IRLAB\",\"isPartOf\":{\"@id\":\"https:\/\/irlab.se\/#website\"},\"primaryImageOfPage\":{\"@id\":\"https:\/\/irlab.se\/sv\/terapeutiskt-fokus\/#primaryimage\"},\"image\":{\"@id\":\"https:\/\/irlab.se\/sv\/terapeutiskt-fokus\/#primaryimage\"},\"thumbnailUrl\":\"https:\/\/irlab.se\/wp-content\/uploads\/2019\/09\/web_retina_DSF9101-1024x576.jpg\",\"datePublished\":\"2019-01-06T14:57:07+00:00\",\"dateModified\":\"2022-02-14T12:53:27+00:00\",\"breadcrumb\":{\"@id\":\"https:\/\/irlab.se\/sv\/terapeutiskt-fokus\/#breadcrumb\"},\"inLanguage\":\"sv-SE\",\"potentialAction\":[{\"@type\":\"ReadAction\",\"target\":[\"https:\/\/irlab.se\/sv\/terapeutiskt-fokus\/\"]}]},{\"@type\":\"ImageObject\",\"inLanguage\":\"sv-SE\",\"@id\":\"https:\/\/irlab.se\/sv\/terapeutiskt-fokus\/#primaryimage\",\"url\":\"https:\/\/irlab.se\/wp-content\/uploads\/2019\/09\/web_retina_DSF9101-1024x576.jpg\",\"contentUrl\":\"https:\/\/irlab.se\/wp-content\/uploads\/2019\/09\/web_retina_DSF9101-1024x576.jpg\"},{\"@type\":\"BreadcrumbList\",\"@id\":\"https:\/\/irlab.se\/sv\/terapeutiskt-fokus\/#breadcrumb\",\"itemListElement\":[{\"@type\":\"ListItem\",\"position\":1,\"name\":\"Home\",\"item\":\"https:\/\/irlab.se\/sv\/\"},{\"@type\":\"ListItem\",\"position\":2,\"name\":\"Terapeutiskt fokus\"}]},{\"@type\":\"WebSite\",\"@id\":\"https:\/\/irlab.se\/#website\",\"url\":\"https:\/\/irlab.se\/\",\"name\":\"Irlab\",\"description\":\"Novel treatments for Parkinson&#039;s disease\",\"potentialAction\":[{\"@type\":\"SearchAction\",\"target\":{\"@type\":\"EntryPoint\",\"urlTemplate\":\"https:\/\/irlab.se\/?s={search_term_string}\"},\"query-input\":{\"@type\":\"PropertyValueSpecification\",\"valueRequired\":true,\"valueName\":\"search_term_string\"}}],\"inLanguage\":\"sv-SE\"}]}<\/script>\n<!-- \/ Yoast SEO plugin. -->","yoast_head_json":{"title":"Terapeutiskt fokus - IRLAB","robots":{"index":"index","follow":"follow","max-snippet":"max-snippet:-1","max-image-preview":"max-image-preview:large","max-video-preview":"max-video-preview:-1"},"canonical":"https:\/\/irlab.se\/sv\/terapeutiskt-fokus\/","og_locale":"sv_SE","og_type":"article","og_title":"Terapeutiskt fokus - IRLAB","og_description":"Terapeutiskt fokus IRLAB:s team fokuserar p\u00e5 det stora och v\u00e4xande medicinska behovet av l\u00e4kemedel f\u00f6r behandling av livsf\u00f6r\u00e4ndrande sjukdomar i hj\u00e4rnan, s\u00e4rskilt Parkinsons sjukdom. ISP ger konkurrensf\u00f6rdelarV\u00e5r unika och egenutvecklade forskningsplattform ISP \u00e4r central i v\u00e5rt arbete och tillf\u00f6r en konkurrensf\u00f6rdel vid identifiering och tidig utveckling av de l\u00e4kemedelskandidater som har h\u00f6gst potential att framg\u00e5ngsrikt [&hellip;]","og_url":"https:\/\/irlab.se\/sv\/terapeutiskt-fokus\/","og_site_name":"IRLAB","article_modified_time":"2022-02-14T12:53:27+00:00","og_image":[{"url":"https:\/\/irlab.se\/wp-content\/uploads\/2019\/09\/web_retina_DSF9101-1024x576.jpg","type":"","width":"","height":""}],"twitter_card":"summary_large_image","twitter_misc":{"Ber\u00e4knad l\u00e4stid":"1 minut"},"schema":{"@context":"https:\/\/schema.org","@graph":[{"@type":"WebPage","@id":"https:\/\/irlab.se\/sv\/terapeutiskt-fokus\/","url":"https:\/\/irlab.se\/sv\/terapeutiskt-fokus\/","name":"Terapeutiskt fokus - IRLAB","isPartOf":{"@id":"https:\/\/irlab.se\/#website"},"primaryImageOfPage":{"@id":"https:\/\/irlab.se\/sv\/terapeutiskt-fokus\/#primaryimage"},"image":{"@id":"https:\/\/irlab.se\/sv\/terapeutiskt-fokus\/#primaryimage"},"thumbnailUrl":"https:\/\/irlab.se\/wp-content\/uploads\/2019\/09\/web_retina_DSF9101-1024x576.jpg","datePublished":"2019-01-06T14:57:07+00:00","dateModified":"2022-02-14T12:53:27+00:00","breadcrumb":{"@id":"https:\/\/irlab.se\/sv\/terapeutiskt-fokus\/#breadcrumb"},"inLanguage":"sv-SE","potentialAction":[{"@type":"ReadAction","target":["https:\/\/irlab.se\/sv\/terapeutiskt-fokus\/"]}]},{"@type":"ImageObject","inLanguage":"sv-SE","@id":"https:\/\/irlab.se\/sv\/terapeutiskt-fokus\/#primaryimage","url":"https:\/\/irlab.se\/wp-content\/uploads\/2019\/09\/web_retina_DSF9101-1024x576.jpg","contentUrl":"https:\/\/irlab.se\/wp-content\/uploads\/2019\/09\/web_retina_DSF9101-1024x576.jpg"},{"@type":"BreadcrumbList","@id":"https:\/\/irlab.se\/sv\/terapeutiskt-fokus\/#breadcrumb","itemListElement":[{"@type":"ListItem","position":1,"name":"Home","item":"https:\/\/irlab.se\/sv\/"},{"@type":"ListItem","position":2,"name":"Terapeutiskt fokus"}]},{"@type":"WebSite","@id":"https:\/\/irlab.se\/#website","url":"https:\/\/irlab.se\/","name":"Irlab","description":"Novel treatments for Parkinson&#039;s disease","potentialAction":[{"@type":"SearchAction","target":{"@type":"EntryPoint","urlTemplate":"https:\/\/irlab.se\/?s={search_term_string}"},"query-input":{"@type":"PropertyValueSpecification","valueRequired":true,"valueName":"search_term_string"}}],"inLanguage":"sv-SE"}]}},"_links":{"self":[{"href":"https:\/\/irlab.se\/sv\/wp-json\/wp\/v2\/pages\/2081","targetHints":{"allow":["GET"]}}],"collection":[{"href":"https:\/\/irlab.se\/sv\/wp-json\/wp\/v2\/pages"}],"about":[{"href":"https:\/\/irlab.se\/sv\/wp-json\/wp\/v2\/types\/page"}],"author":[{"embeddable":true,"href":"https:\/\/irlab.se\/sv\/wp-json\/wp\/v2\/users\/1"}],"replies":[{"embeddable":true,"href":"https:\/\/irlab.se\/sv\/wp-json\/wp\/v2\/comments?post=2081"}],"version-history":[{"count":31,"href":"https:\/\/irlab.se\/sv\/wp-json\/wp\/v2\/pages\/2081\/revisions"}],"predecessor-version":[{"id":7653,"href":"https:\/\/irlab.se\/sv\/wp-json\/wp\/v2\/pages\/2081\/revisions\/7653"}],"wp:attachment":[{"href":"https:\/\/irlab.se\/sv\/wp-json\/wp\/v2\/media?parent=2081"}],"curies":[{"name":"wp","href":"https:\/\/api.w.org\/{rel}","templated":true}]}}