{"id":2002,"date":"2018-11-13T16:17:47","date_gmt":"2018-11-13T16:17:47","guid":{"rendered":"http:\/\/www.irlab.se\/?page_id=2002"},"modified":"2026-04-10T09:22:43","modified_gmt":"2026-04-10T07:22:43","slug":"livet-med-parkinson-ett-andlost-maratonlopp","status":"publish","type":"page","link":"https:\/\/irlab.se\/sv\/terapeutiskt-fokus\/patientberattelser\/livet-med-parkinson-ett-andlost-maratonlopp\/","title":{"rendered":"Ett evigt maratonlopp"},"content":{"rendered":"\n<p class=\"is-style-intro-text-style\">Patientber\u00e4ttelse<\/p>\n\n\n\n<h1 class=\"wp-block-heading\" id=\"livet-med-parkinson-ett-evigt-maratonlopp\">Ett evigt maratonlopp<\/h1>\n\n\n\n<p class=\"is-style-intro-text-style\">N\u00e4r John, tidigare kriminalpolis och passionerad motion\u00e4r, b\u00f6rjade tappa koordinationen under ett maratonlopp, anade han att n\u00e5got var fel. Tv\u00e5 \u00e5r senare fick han diagnosen Parkinsons sjukdom. I dag beskriver han och hustrun Mary hur sjukdomen f\u00f6r\u00e4ndrat deras liv \u2013 fr\u00e5n yrkesliv och tr\u00e4ning till of\u00f6ruts\u00e4gbar vardag. <\/p>\n\n\n\n<figure class=\"wp-block-image size-large\"><img loading=\"lazy\" decoding=\"async\" width=\"1024\" height=\"576\" src=\"https:\/\/irlab.se\/wp-content\/uploads\/2026\/04\/patientberattelse-john-1024x576.jpg\" alt=\"\" class=\"wp-image-12946\" srcset=\"https:\/\/irlab.se\/wp-content\/uploads\/2026\/04\/patientberattelse-john-1024x576.jpg 1024w, https:\/\/irlab.se\/wp-content\/uploads\/2026\/04\/patientberattelse-john-300x169.jpg 300w, https:\/\/irlab.se\/wp-content\/uploads\/2026\/04\/patientberattelse-john-768x432.jpg 768w, https:\/\/irlab.se\/wp-content\/uploads\/2026\/04\/patientberattelse-john-1536x864.jpg 1536w, https:\/\/irlab.se\/wp-content\/uploads\/2026\/04\/patientberattelse-john.jpg 1800w\" sizes=\"auto, (max-width: 1024px) 100vw, 1024px\" \/><figcaption class=\"wp-element-caption\">Middle age man sitting on bench with worried expression at park<\/figcaption><\/figure>\n\n\n\n<p>Jag fick mina f\u00f6rsta aningar att n\u00e5got inte st\u00e4mde&nbsp;vid uppv\u00e4rmningen till ett maratonlopp tv\u00e5 \u00e5r innan jag fick den definitiva diagnosen Parkinsons sjukdom. Koordination och lyft av armar och ben ville sig inte riktigt. Det var en av \u00f6dets ironier, h\u00e4r hade jag slutat r\u00f6ka och var seri\u00f6s motion\u00e4r. \u00c5tta \u00e5r senare tvingade sjukdomen mig att sluta jobba, jag blev vad d\u00e5 kallades f\u00f6r sjukpension\u00e4r, vid 58 \u00e5rs \u00e5lder. Livet tog en tv\u00e4r v\u00e4ndning fr\u00e5n ett sp\u00e4nningsfyllt yrkesliv inom spaningsavdelningen p\u00e5 Polisen i Stockholm.<\/p>\n\n\n\n<p>Mitt tidigare frivilliga motionerande har nu bytts ut mot ett betydligt mer o\u00f6nskat. Jag drabbas emellan\u00e5t av ofrivilliga \u00f6verr\u00f6relser, det k\u00e4nns efter\u00e5t som att ha sprungit ett maratonlopp, man \u00e4r helt slut. Problemet \u00e4r ocks\u00e5 att jag vet inte hur jag kommer att m\u00e5 n\u00e4sta dag. Det kan antingen vara \u00f6verr\u00f6relser och att d\u00e5 bara kunna sitta vid ett dukat bord och \u00e4ta \u00e4r minst sagt en utmaning. Eller s\u00e5 kan jag vara s\u00e5 stel att jag m\u00e5ste krypa till toaletten och Mary, min fru sedan 1971, m\u00e5ste hj\u00e4lpa mig tillr\u00e4tta.<\/p>\n\n\n\n<p>Livskvaliteten p\u00e5verkas helt klart men jag v\u00e4grar att s\u00e4tta mig och deppa. F\u00f6rutom en fantastisk fru f\u00f6rs\u00f6ker jag ocks\u00e5 fylla livet med meningsfulla aktiviteter. Jag \u00e4r aktiv i en patientgrupp och f\u00e5r d\u00e5 hela tiden se andra drabbade medm\u00e4nniskor. Trots att vi drabbade har olika symtom har vi det gemensamma att vi har en kronisk sjukdom som dessv\u00e4rre har sin g\u00e5ng, men jag ska k\u00e4mpa p\u00e5 ett tag till.<\/p>\n\n\n\n<h3 class=\"wp-block-heading\" id=\"mary-gift-med-john-jag-lider-med-honom\">Mary, gift med John: Jag lider med honom<\/h3>\n\n\n\n<p>Det g\u00e5r upp och ner f\u00f6r John och det kan vara lite jobbigt emellan\u00e5t. Vardagen kan bli sv\u00e5r att planera och det h\u00e4nder att vi f\u00e5r st\u00e4lla in en t\u00e4nkt aktivitet. Samtidigt k\u00e4nns det bra att finnas hemma och kunna vara till hj\u00e4lp, till exempel med ett toalettbes\u00f6k n\u00e4r stelheten satt in. Jag lider ocks\u00e5 med John n\u00e4r \u00f6verr\u00f6rligheten satt in, bara att \u00e4ta blir mycket sv\u00e5rt. Men jag tar mig tid att g\u00f6ra egna saker emellan\u00e5t, ig\u00e5r var jag till exempel p\u00e5 min v\u00e4vning. Det kan verka fel d\u00e5 det f\u00f6rsta r\u00e5det till en Parkinsondrabbad var att ta bort mattorna. Vi har skrattat gott \u00e5t det.<\/p>\n\n\n\n<h6 class=\"wp-block-heading\" id=\"detta-ar-ett-individuellt-portratt-skrivet-efter-en-intervju-namnen-i-texten-ar-fiktiva-och-igenkannbara-detaljer-har-blivit-anonymiserade\">Detta \u00e4r ett individuellt portr\u00e4tt skrivet efter en intervju, namnen i texten \u00e4r fiktiva och igenk\u00e4nnbara detaljer har blivit anonymiserade.<\/h6>\n","protected":false},"excerpt":{"rendered":"<p>Patientber\u00e4ttelse Ett evigt maratonlopp N\u00e4r John, tidigare kriminalpolis och passionerad motion\u00e4r, b\u00f6rjade tappa koordinationen under ett maratonlopp, anade han att n\u00e5got var fel. Tv\u00e5 \u00e5r senare fick han diagnosen Parkinsons sjukdom. I dag beskriver han och hustrun Mary hur sjukdomen f\u00f6r\u00e4ndrat deras liv \u2013 fr\u00e5n yrkesliv och tr\u00e4ning till of\u00f6ruts\u00e4gbar vardag. Jag fick mina f\u00f6rsta [&hellip;]<\/p>\n","protected":false},"author":1,"featured_media":0,"parent":12932,"menu_order":0,"comment_status":"closed","ping_status":"closed","template":"","meta":{"_acf_changed":false,"footnotes":""},"class_list":["post-2002","page","type-page","status-publish","hentry"],"acf":[],"yoast_head":"<!-- This site is optimized with the Yoast SEO plugin v26.7 - https:\/\/yoast.com\/wordpress\/plugins\/seo\/ -->\n<title>Ett evigt maratonlopp - IRLAB<\/title>\n<meta name=\"robots\" content=\"index, follow, max-snippet:-1, max-image-preview:large, max-video-preview:-1\" \/>\n<link rel=\"canonical\" href=\"https:\/\/irlab.se\/sv\/terapeutiskt-fokus\/patientberattelser\/livet-med-parkinson-ett-andlost-maratonlopp\/\" \/>\n<meta property=\"og:locale\" content=\"sv_SE\" \/>\n<meta property=\"og:type\" content=\"article\" \/>\n<meta property=\"og:title\" content=\"Ett evigt maratonlopp - IRLAB\" \/>\n<meta property=\"og:description\" content=\"Patientber\u00e4ttelse Ett evigt maratonlopp N\u00e4r John, tidigare kriminalpolis och passionerad motion\u00e4r, b\u00f6rjade tappa koordinationen under ett maratonlopp, anade han att n\u00e5got var fel. Tv\u00e5 \u00e5r senare fick han diagnosen Parkinsons sjukdom. I dag beskriver han och hustrun Mary hur sjukdomen f\u00f6r\u00e4ndrat deras liv \u2013 fr\u00e5n yrkesliv och tr\u00e4ning till of\u00f6ruts\u00e4gbar vardag. Jag fick mina f\u00f6rsta [&hellip;]\" \/>\n<meta property=\"og:url\" content=\"https:\/\/irlab.se\/sv\/terapeutiskt-fokus\/patientberattelser\/livet-med-parkinson-ett-andlost-maratonlopp\/\" \/>\n<meta property=\"og:site_name\" content=\"IRLAB\" \/>\n<meta property=\"article:modified_time\" content=\"2026-04-10T07:22:43+00:00\" \/>\n<meta property=\"og:image\" content=\"https:\/\/irlab.se\/wp-content\/uploads\/2026\/04\/patientberattelse-john.jpg\" \/>\n\t<meta property=\"og:image:width\" content=\"1800\" \/>\n\t<meta property=\"og:image:height\" content=\"1013\" \/>\n\t<meta property=\"og:image:type\" content=\"image\/jpeg\" \/>\n<meta name=\"twitter:card\" content=\"summary_large_image\" \/>\n<meta name=\"twitter:label1\" content=\"Ber\u00e4knad l\u00e4stid\" \/>\n\t<meta name=\"twitter:data1\" content=\"3 minuter\" \/>\n<script type=\"application\/ld+json\" class=\"yoast-schema-graph\">{\"@context\":\"https:\/\/schema.org\",\"@graph\":[{\"@type\":\"WebPage\",\"@id\":\"https:\/\/irlab.se\/sv\/terapeutiskt-fokus\/patientberattelser\/livet-med-parkinson-ett-andlost-maratonlopp\/\",\"url\":\"https:\/\/irlab.se\/sv\/terapeutiskt-fokus\/patientberattelser\/livet-med-parkinson-ett-andlost-maratonlopp\/\",\"name\":\"Ett evigt maratonlopp - IRLAB\",\"isPartOf\":{\"@id\":\"https:\/\/irlab.se\/#website\"},\"primaryImageOfPage\":{\"@id\":\"https:\/\/irlab.se\/sv\/terapeutiskt-fokus\/patientberattelser\/livet-med-parkinson-ett-andlost-maratonlopp\/#primaryimage\"},\"image\":{\"@id\":\"https:\/\/irlab.se\/sv\/terapeutiskt-fokus\/patientberattelser\/livet-med-parkinson-ett-andlost-maratonlopp\/#primaryimage\"},\"thumbnailUrl\":\"https:\/\/irlab.se\/wp-content\/uploads\/2026\/04\/patientberattelse-john-1024x576.jpg\",\"datePublished\":\"2018-11-13T16:17:47+00:00\",\"dateModified\":\"2026-04-10T07:22:43+00:00\",\"breadcrumb\":{\"@id\":\"https:\/\/irlab.se\/sv\/terapeutiskt-fokus\/patientberattelser\/livet-med-parkinson-ett-andlost-maratonlopp\/#breadcrumb\"},\"inLanguage\":\"sv-SE\",\"potentialAction\":[{\"@type\":\"ReadAction\",\"target\":[\"https:\/\/irlab.se\/sv\/terapeutiskt-fokus\/patientberattelser\/livet-med-parkinson-ett-andlost-maratonlopp\/\"]}]},{\"@type\":\"ImageObject\",\"inLanguage\":\"sv-SE\",\"@id\":\"https:\/\/irlab.se\/sv\/terapeutiskt-fokus\/patientberattelser\/livet-med-parkinson-ett-andlost-maratonlopp\/#primaryimage\",\"url\":\"https:\/\/irlab.se\/wp-content\/uploads\/2026\/04\/patientberattelse-john-1024x576.jpg\",\"contentUrl\":\"https:\/\/irlab.se\/wp-content\/uploads\/2026\/04\/patientberattelse-john-1024x576.jpg\"},{\"@type\":\"BreadcrumbList\",\"@id\":\"https:\/\/irlab.se\/sv\/terapeutiskt-fokus\/patientberattelser\/livet-med-parkinson-ett-andlost-maratonlopp\/#breadcrumb\",\"itemListElement\":[{\"@type\":\"ListItem\",\"position\":1,\"name\":\"Home\",\"item\":\"https:\/\/irlab.se\/sv\/\"},{\"@type\":\"ListItem\",\"position\":2,\"name\":\"Terapeutiskt fokus\",\"item\":\"https:\/\/irlab.se\/sv\/terapeutiskt-fokus\/\"},{\"@type\":\"ListItem\",\"position\":3,\"name\":\"Patientber\u00e4ttelser\",\"item\":\"https:\/\/irlab.se\/sv\/terapeutiskt-fokus\/patientberattelser\/\"},{\"@type\":\"ListItem\",\"position\":4,\"name\":\"Ett evigt maratonlopp\"}]},{\"@type\":\"WebSite\",\"@id\":\"https:\/\/irlab.se\/#website\",\"url\":\"https:\/\/irlab.se\/\",\"name\":\"Irlab\",\"description\":\"Novel treatments for Parkinson&#039;s disease\",\"potentialAction\":[{\"@type\":\"SearchAction\",\"target\":{\"@type\":\"EntryPoint\",\"urlTemplate\":\"https:\/\/irlab.se\/?s={search_term_string}\"},\"query-input\":{\"@type\":\"PropertyValueSpecification\",\"valueRequired\":true,\"valueName\":\"search_term_string\"}}],\"inLanguage\":\"sv-SE\"}]}<\/script>\n<!-- \/ Yoast SEO plugin. -->","yoast_head_json":{"title":"Ett evigt maratonlopp - IRLAB","robots":{"index":"index","follow":"follow","max-snippet":"max-snippet:-1","max-image-preview":"max-image-preview:large","max-video-preview":"max-video-preview:-1"},"canonical":"https:\/\/irlab.se\/sv\/terapeutiskt-fokus\/patientberattelser\/livet-med-parkinson-ett-andlost-maratonlopp\/","og_locale":"sv_SE","og_type":"article","og_title":"Ett evigt maratonlopp - IRLAB","og_description":"Patientber\u00e4ttelse Ett evigt maratonlopp N\u00e4r John, tidigare kriminalpolis och passionerad motion\u00e4r, b\u00f6rjade tappa koordinationen under ett maratonlopp, anade han att n\u00e5got var fel. Tv\u00e5 \u00e5r senare fick han diagnosen Parkinsons sjukdom. I dag beskriver han och hustrun Mary hur sjukdomen f\u00f6r\u00e4ndrat deras liv \u2013 fr\u00e5n yrkesliv och tr\u00e4ning till of\u00f6ruts\u00e4gbar vardag. Jag fick mina f\u00f6rsta [&hellip;]","og_url":"https:\/\/irlab.se\/sv\/terapeutiskt-fokus\/patientberattelser\/livet-med-parkinson-ett-andlost-maratonlopp\/","og_site_name":"IRLAB","article_modified_time":"2026-04-10T07:22:43+00:00","og_image":[{"width":1800,"height":1013,"url":"https:\/\/irlab.se\/wp-content\/uploads\/2026\/04\/patientberattelse-john.jpg","type":"image\/jpeg"}],"twitter_card":"summary_large_image","twitter_misc":{"Ber\u00e4knad l\u00e4stid":"3 minuter"},"schema":{"@context":"https:\/\/schema.org","@graph":[{"@type":"WebPage","@id":"https:\/\/irlab.se\/sv\/terapeutiskt-fokus\/patientberattelser\/livet-med-parkinson-ett-andlost-maratonlopp\/","url":"https:\/\/irlab.se\/sv\/terapeutiskt-fokus\/patientberattelser\/livet-med-parkinson-ett-andlost-maratonlopp\/","name":"Ett evigt maratonlopp - IRLAB","isPartOf":{"@id":"https:\/\/irlab.se\/#website"},"primaryImageOfPage":{"@id":"https:\/\/irlab.se\/sv\/terapeutiskt-fokus\/patientberattelser\/livet-med-parkinson-ett-andlost-maratonlopp\/#primaryimage"},"image":{"@id":"https:\/\/irlab.se\/sv\/terapeutiskt-fokus\/patientberattelser\/livet-med-parkinson-ett-andlost-maratonlopp\/#primaryimage"},"thumbnailUrl":"https:\/\/irlab.se\/wp-content\/uploads\/2026\/04\/patientberattelse-john-1024x576.jpg","datePublished":"2018-11-13T16:17:47+00:00","dateModified":"2026-04-10T07:22:43+00:00","breadcrumb":{"@id":"https:\/\/irlab.se\/sv\/terapeutiskt-fokus\/patientberattelser\/livet-med-parkinson-ett-andlost-maratonlopp\/#breadcrumb"},"inLanguage":"sv-SE","potentialAction":[{"@type":"ReadAction","target":["https:\/\/irlab.se\/sv\/terapeutiskt-fokus\/patientberattelser\/livet-med-parkinson-ett-andlost-maratonlopp\/"]}]},{"@type":"ImageObject","inLanguage":"sv-SE","@id":"https:\/\/irlab.se\/sv\/terapeutiskt-fokus\/patientberattelser\/livet-med-parkinson-ett-andlost-maratonlopp\/#primaryimage","url":"https:\/\/irlab.se\/wp-content\/uploads\/2026\/04\/patientberattelse-john-1024x576.jpg","contentUrl":"https:\/\/irlab.se\/wp-content\/uploads\/2026\/04\/patientberattelse-john-1024x576.jpg"},{"@type":"BreadcrumbList","@id":"https:\/\/irlab.se\/sv\/terapeutiskt-fokus\/patientberattelser\/livet-med-parkinson-ett-andlost-maratonlopp\/#breadcrumb","itemListElement":[{"@type":"ListItem","position":1,"name":"Home","item":"https:\/\/irlab.se\/sv\/"},{"@type":"ListItem","position":2,"name":"Terapeutiskt fokus","item":"https:\/\/irlab.se\/sv\/terapeutiskt-fokus\/"},{"@type":"ListItem","position":3,"name":"Patientber\u00e4ttelser","item":"https:\/\/irlab.se\/sv\/terapeutiskt-fokus\/patientberattelser\/"},{"@type":"ListItem","position":4,"name":"Ett evigt maratonlopp"}]},{"@type":"WebSite","@id":"https:\/\/irlab.se\/#website","url":"https:\/\/irlab.se\/","name":"Irlab","description":"Novel treatments for Parkinson&#039;s disease","potentialAction":[{"@type":"SearchAction","target":{"@type":"EntryPoint","urlTemplate":"https:\/\/irlab.se\/?s={search_term_string}"},"query-input":{"@type":"PropertyValueSpecification","valueRequired":true,"valueName":"search_term_string"}}],"inLanguage":"sv-SE"}]}},"_links":{"self":[{"href":"https:\/\/irlab.se\/sv\/wp-json\/wp\/v2\/pages\/2002","targetHints":{"allow":["GET"]}}],"collection":[{"href":"https:\/\/irlab.se\/sv\/wp-json\/wp\/v2\/pages"}],"about":[{"href":"https:\/\/irlab.se\/sv\/wp-json\/wp\/v2\/types\/page"}],"author":[{"embeddable":true,"href":"https:\/\/irlab.se\/sv\/wp-json\/wp\/v2\/users\/1"}],"replies":[{"embeddable":true,"href":"https:\/\/irlab.se\/sv\/wp-json\/wp\/v2\/comments?post=2002"}],"version-history":[{"count":12,"href":"https:\/\/irlab.se\/sv\/wp-json\/wp\/v2\/pages\/2002\/revisions"}],"predecessor-version":[{"id":12962,"href":"https:\/\/irlab.se\/sv\/wp-json\/wp\/v2\/pages\/2002\/revisions\/12962"}],"up":[{"embeddable":true,"href":"https:\/\/irlab.se\/sv\/wp-json\/wp\/v2\/pages\/12932"}],"wp:attachment":[{"href":"https:\/\/irlab.se\/sv\/wp-json\/wp\/v2\/media?parent=2002"}],"curies":[{"name":"wp","href":"https:\/\/api.w.org\/{rel}","templated":true}]}}