{"id":1961,"date":"2018-11-13T14:53:08","date_gmt":"2018-11-13T14:53:08","guid":{"rendered":"http:\/\/www.irlab.se\/?page_id=1961"},"modified":"2022-02-23T09:47:11","modified_gmt":"2022-02-23T08:47:11","slug":"insynshandel","status":"publish","type":"page","link":"https:\/\/irlab.se\/sv\/investerare\/aktien\/insynshandel\/","title":{"rendered":"Insynshandel"},"content":{"rendered":"\n<h2 class=\"wp-block-heading\" id=\"insynshandel\">Insynshandel<\/h2>\n\n\n\n    <script  >\n        (function(widgets) {\n            var url = \"https:\/\/widget.datablocks.se\/api\/rose\";\n            if (!window._MF) {\n                var b = document.createElement(\"script\");\n                b.type = \"text\/javascript\";\n                b.async = true;\n                b.src = url + \"\/assets\/js\/loader-v4.js\";\n                document.getElementsByTagName(\"body\")[0].appendChild(b);\n                }\n                window._MF = window._MF || {\n                data: [],\n                url: url,\n                ready: !!0,\n                render: function() { window._MF.ready = !0 },\n                push: function(w) { window._MF.data.push(w) }\n                };\t\n                window._MF.push(widgets);\n        })([{\n                query:\"#holdings\"\n                ,widget: \"insider-positions\"\n                ,locale: \"sv\"\n                ,token: \"7bc0bdd4-cb3e-4d07-8c29-a30f898bea14\"\n                ,c: \"6607fc49-6c1e-4073-8cf5-132f10d9dada\"\n                ,demo: false \/\/ Only true when you using demo data\n            },\n                {\n                    query:\"#other-transactions\"\n                    ,widget: \"insider-transactions\"\n                    ,locale: \"sv\"\n                    ,token: \"87fe7962-e0b4-4b6c-8265-700e29d376d0\"\n                    ,c: \"6607fc49-6c1e-4073-8cf5-132f10d9dada\"\n                    ,demo: false \/\/ Only true when you using demo data\n                },\n                {\n                    query:\"#buy-and-sells\"\n                    ,widget: \"insider-transactions\"\n                    ,locale: \"sv\"\n                    ,token: \"f6e9f575-38fc-4541-8938-12672c9d1416\"\n                    ,c: \"6607fc49-6c1e-4073-8cf5-132f10d9dada\"\n                    ,demo: false \/\/ Only true when you using demo data\n                }],\n        );\n    <\/script>\n    <div class=\"block block__pdmr\">\n                    <ul class=\"tabs-mf\">\n                \n                    <li><a href=\"#holdings\">Innehav<\/a><\/li>\n                \n                    <li><a href=\"#other-transactions\">Andra transaktioner<\/a><\/li>\n                \n                    <li><a href=\"#buy-and-sells\">K\u00f6p och f\u00f6rs\u00e4ljningar<\/a><\/li>\n                            <\/ul>\n        \n        <div class=\"tabs-content-mf\">\n            <div id=\"holdings\"><\/div>\n            <div id=\"other-transactions\"><\/div>\n            <div id=\"buy-and-sells\"><\/div>\n        <\/div>\n    <\/div>\n","protected":false},"excerpt":{"rendered":"<p>Insynshandel<\/p>\n","protected":false},"author":1,"featured_media":0,"parent":582,"menu_order":30,"comment_status":"closed","ping_status":"closed","template":"page__full-width.php","meta":{"_acf_changed":false,"footnotes":""},"class_list":["post-1961","page","type-page","status-publish","hentry"],"acf":[],"yoast_head":"<!-- This site is optimized with the Yoast SEO plugin v26.7 - https:\/\/yoast.com\/wordpress\/plugins\/seo\/ -->\n<title>Insynshandel - IRLAB<\/title>\n<meta name=\"robots\" content=\"index, follow, max-snippet:-1, max-image-preview:large, max-video-preview:-1\" \/>\n<link rel=\"canonical\" href=\"https:\/\/irlab.se\/sv\/investerare\/aktien\/insynshandel\/\" \/>\n<meta property=\"og:locale\" content=\"sv_SE\" \/>\n<meta property=\"og:type\" content=\"article\" \/>\n<meta property=\"og:title\" content=\"Insynshandel - IRLAB\" \/>\n<meta property=\"og:description\" content=\"Insynshandel\" \/>\n<meta property=\"og:url\" content=\"https:\/\/irlab.se\/sv\/investerare\/aktien\/insynshandel\/\" \/>\n<meta property=\"og:site_name\" content=\"IRLAB\" \/>\n<meta property=\"article:modified_time\" content=\"2022-02-23T08:47:11+00:00\" \/>\n<meta name=\"twitter:card\" content=\"summary_large_image\" \/>\n<meta name=\"twitter:label1\" content=\"Ber\u00e4knad l\u00e4stid\" \/>\n\t<meta name=\"twitter:data1\" content=\"1 minut\" \/>\n<script type=\"application\/ld+json\" class=\"yoast-schema-graph\">{\"@context\":\"https:\/\/schema.org\",\"@graph\":[{\"@type\":\"WebPage\",\"@id\":\"https:\/\/irlab.se\/sv\/investerare\/aktien\/insynshandel\/\",\"url\":\"https:\/\/irlab.se\/sv\/investerare\/aktien\/insynshandel\/\",\"name\":\"Insynshandel - IRLAB\",\"isPartOf\":{\"@id\":\"https:\/\/irlab.se\/#website\"},\"datePublished\":\"2018-11-13T14:53:08+00:00\",\"dateModified\":\"2022-02-23T08:47:11+00:00\",\"breadcrumb\":{\"@id\":\"https:\/\/irlab.se\/sv\/investerare\/aktien\/insynshandel\/#breadcrumb\"},\"inLanguage\":\"sv-SE\",\"potentialAction\":[{\"@type\":\"ReadAction\",\"target\":[\"https:\/\/irlab.se\/sv\/investerare\/aktien\/insynshandel\/\"]}]},{\"@type\":\"BreadcrumbList\",\"@id\":\"https:\/\/irlab.se\/sv\/investerare\/aktien\/insynshandel\/#breadcrumb\",\"itemListElement\":[{\"@type\":\"ListItem\",\"position\":1,\"name\":\"Home\",\"item\":\"https:\/\/irlab.se\/sv\/\"},{\"@type\":\"ListItem\",\"position\":2,\"name\":\"Investerare\",\"item\":\"https:\/\/irlab.se\/sv\/investerare\/\"},{\"@type\":\"ListItem\",\"position\":3,\"name\":\"Aktien\",\"item\":\"https:\/\/irlab.se\/sv\/investerare\/aktien\/\"},{\"@type\":\"ListItem\",\"position\":4,\"name\":\"Insynshandel\"}]},{\"@type\":\"WebSite\",\"@id\":\"https:\/\/irlab.se\/#website\",\"url\":\"https:\/\/irlab.se\/\",\"name\":\"Irlab\",\"description\":\"Novel treatments for Parkinson&#039;s disease\",\"potentialAction\":[{\"@type\":\"SearchAction\",\"target\":{\"@type\":\"EntryPoint\",\"urlTemplate\":\"https:\/\/irlab.se\/?s={search_term_string}\"},\"query-input\":{\"@type\":\"PropertyValueSpecification\",\"valueRequired\":true,\"valueName\":\"search_term_string\"}}],\"inLanguage\":\"sv-SE\"}]}<\/script>\n<!-- \/ Yoast SEO plugin. -->","yoast_head_json":{"title":"Insynshandel - IRLAB","robots":{"index":"index","follow":"follow","max-snippet":"max-snippet:-1","max-image-preview":"max-image-preview:large","max-video-preview":"max-video-preview:-1"},"canonical":"https:\/\/irlab.se\/sv\/investerare\/aktien\/insynshandel\/","og_locale":"sv_SE","og_type":"article","og_title":"Insynshandel - IRLAB","og_description":"Insynshandel","og_url":"https:\/\/irlab.se\/sv\/investerare\/aktien\/insynshandel\/","og_site_name":"IRLAB","article_modified_time":"2022-02-23T08:47:11+00:00","twitter_card":"summary_large_image","twitter_misc":{"Ber\u00e4knad l\u00e4stid":"1 minut"},"schema":{"@context":"https:\/\/schema.org","@graph":[{"@type":"WebPage","@id":"https:\/\/irlab.se\/sv\/investerare\/aktien\/insynshandel\/","url":"https:\/\/irlab.se\/sv\/investerare\/aktien\/insynshandel\/","name":"Insynshandel - IRLAB","isPartOf":{"@id":"https:\/\/irlab.se\/#website"},"datePublished":"2018-11-13T14:53:08+00:00","dateModified":"2022-02-23T08:47:11+00:00","breadcrumb":{"@id":"https:\/\/irlab.se\/sv\/investerare\/aktien\/insynshandel\/#breadcrumb"},"inLanguage":"sv-SE","potentialAction":[{"@type":"ReadAction","target":["https:\/\/irlab.se\/sv\/investerare\/aktien\/insynshandel\/"]}]},{"@type":"BreadcrumbList","@id":"https:\/\/irlab.se\/sv\/investerare\/aktien\/insynshandel\/#breadcrumb","itemListElement":[{"@type":"ListItem","position":1,"name":"Home","item":"https:\/\/irlab.se\/sv\/"},{"@type":"ListItem","position":2,"name":"Investerare","item":"https:\/\/irlab.se\/sv\/investerare\/"},{"@type":"ListItem","position":3,"name":"Aktien","item":"https:\/\/irlab.se\/sv\/investerare\/aktien\/"},{"@type":"ListItem","position":4,"name":"Insynshandel"}]},{"@type":"WebSite","@id":"https:\/\/irlab.se\/#website","url":"https:\/\/irlab.se\/","name":"Irlab","description":"Novel treatments for Parkinson&#039;s disease","potentialAction":[{"@type":"SearchAction","target":{"@type":"EntryPoint","urlTemplate":"https:\/\/irlab.se\/?s={search_term_string}"},"query-input":{"@type":"PropertyValueSpecification","valueRequired":true,"valueName":"search_term_string"}}],"inLanguage":"sv-SE"}]}},"_links":{"self":[{"href":"https:\/\/irlab.se\/sv\/wp-json\/wp\/v2\/pages\/1961","targetHints":{"allow":["GET"]}}],"collection":[{"href":"https:\/\/irlab.se\/sv\/wp-json\/wp\/v2\/pages"}],"about":[{"href":"https:\/\/irlab.se\/sv\/wp-json\/wp\/v2\/types\/page"}],"author":[{"embeddable":true,"href":"https:\/\/irlab.se\/sv\/wp-json\/wp\/v2\/users\/1"}],"replies":[{"embeddable":true,"href":"https:\/\/irlab.se\/sv\/wp-json\/wp\/v2\/comments?post=1961"}],"version-history":[{"count":13,"href":"https:\/\/irlab.se\/sv\/wp-json\/wp\/v2\/pages\/1961\/revisions"}],"predecessor-version":[{"id":8718,"href":"https:\/\/irlab.se\/sv\/wp-json\/wp\/v2\/pages\/1961\/revisions\/8718"}],"up":[{"embeddable":true,"href":"https:\/\/irlab.se\/sv\/wp-json\/wp\/v2\/pages\/582"}],"wp:attachment":[{"href":"https:\/\/irlab.se\/sv\/wp-json\/wp\/v2\/media?parent=1961"}],"curies":[{"name":"wp","href":"https:\/\/api.w.org\/{rel}","templated":true}]}}