{"id":13085,"date":"2026-05-12T13:13:48","date_gmt":"2026-05-12T11:13:48","guid":{"rendered":"https:\/\/irlab.se\/?page_id=13085"},"modified":"2026-05-12T14:38:38","modified_gmt":"2026-05-12T12:38:38","slug":"extra-bolagsstamma-2026","status":"publish","type":"page","link":"https:\/\/irlab.se\/sv\/extra-bolagsstamma-2026\/","title":{"rendered":"Extra bolagsst\u00e4mma 5 juni 2026"},"content":{"rendered":"\n<h1 class=\"wp-block-heading\">Extra bolagst\u00e4mma 5 juni 2026<\/h1>\n\n\n\n<p>Extra bolagsst\u00e4mma&nbsp;h\u00e5lls&nbsp;fredagen den 5 juni 2026 kl. 13.00 i Biotech center med adress Arvid Wallgrens Backe 20 i G\u00f6teborg. Inpassering och registrering b\u00f6rjar kl. 12.30.<\/p>\n\n\n\n<p><strong><strong><strong>Kallelse och tillh\u00f6rande handlingar<\/strong><\/strong><\/strong><\/p>\n\n\n\n<p><a href=\"https:\/\/irlab.se\/wp-content\/uploads\/2026\/05\/kallelse-till-extra-bolagsstamma-260605-i-irlab-therapeutics-ab.pdf\">Kallelse extra bolagsst\u00e4mma &gt;<\/a><\/p>\n\n\n\n<p><strong>Formul\u00e4r<\/strong><\/p>\n\n\n\n<p><a href=\"https:\/\/irlab.se\/wp-content\/uploads\/2026\/05\/IRLAB-fullmaktsformular-EBS-juni-20264705869.1.pdf\">Fullmaktsformul\u00e4r &gt;<\/a><\/p>\n\n\n\n<p><strong>Rapport<\/strong><\/p>\n\n\n\n<p><\/p>\n","protected":false},"excerpt":{"rendered":"<p>Extra bolagst\u00e4mma 5 juni 2026 Extra bolagsst\u00e4mma&nbsp;h\u00e5lls&nbsp;fredagen den 5 juni 2026 kl. 13.00 i Biotech center med adress Arvid Wallgrens Backe 20 i G\u00f6teborg. Inpassering och registrering b\u00f6rjar kl. 12.30. Kallelse och tillh\u00f6rande handlingar Kallelse extra bolagsst\u00e4mma &gt; Formul\u00e4r Fullmaktsformul\u00e4r &gt; Rapport<\/p>\n","protected":false},"author":1,"featured_media":0,"parent":0,"menu_order":0,"comment_status":"closed","ping_status":"closed","template":"","meta":{"_acf_changed":false,"footnotes":""},"class_list":["post-13085","page","type-page","status-publish","hentry"],"acf":[],"yoast_head":"<!-- This site is optimized with the Yoast SEO plugin v26.7 - https:\/\/yoast.com\/wordpress\/plugins\/seo\/ -->\n<title>Extra bolagsst\u00e4mma 5 juni 2026 - IRLAB<\/title>\n<meta name=\"robots\" content=\"index, follow, max-snippet:-1, max-image-preview:large, max-video-preview:-1\" \/>\n<link rel=\"canonical\" href=\"https:\/\/irlab.se\/sv\/extra-bolagsstamma-2026\/\" \/>\n<meta property=\"og:locale\" content=\"sv_SE\" \/>\n<meta property=\"og:type\" content=\"article\" \/>\n<meta property=\"og:title\" content=\"Extra bolagsst\u00e4mma 5 juni 2026 - IRLAB\" \/>\n<meta property=\"og:description\" content=\"Extra bolagst\u00e4mma 5 juni 2026 Extra bolagsst\u00e4mma&nbsp;h\u00e5lls&nbsp;fredagen den 5 juni 2026 kl. 13.00 i Biotech center med adress Arvid Wallgrens Backe 20 i G\u00f6teborg. Inpassering och registrering b\u00f6rjar kl. 12.30. Kallelse och tillh\u00f6rande handlingar Kallelse extra bolagsst\u00e4mma &gt; Formul\u00e4r Fullmaktsformul\u00e4r &gt; Rapport\" \/>\n<meta property=\"og:url\" content=\"https:\/\/irlab.se\/sv\/extra-bolagsstamma-2026\/\" \/>\n<meta property=\"og:site_name\" content=\"IRLAB\" \/>\n<meta property=\"article:modified_time\" content=\"2026-05-12T12:38:38+00:00\" \/>\n<meta name=\"twitter:card\" content=\"summary_large_image\" \/>\n<meta name=\"twitter:label1\" content=\"Ber\u00e4knad l\u00e4stid\" \/>\n\t<meta name=\"twitter:data1\" content=\"1 minut\" \/>\n<script type=\"application\/ld+json\" class=\"yoast-schema-graph\">{\"@context\":\"https:\/\/schema.org\",\"@graph\":[{\"@type\":\"WebPage\",\"@id\":\"https:\/\/irlab.se\/sv\/extra-bolagsstamma-2026\/\",\"url\":\"https:\/\/irlab.se\/sv\/extra-bolagsstamma-2026\/\",\"name\":\"Extra bolagsst\u00e4mma 5 juni 2026 - IRLAB\",\"isPartOf\":{\"@id\":\"https:\/\/irlab.se\/#website\"},\"datePublished\":\"2026-05-12T11:13:48+00:00\",\"dateModified\":\"2026-05-12T12:38:38+00:00\",\"breadcrumb\":{\"@id\":\"https:\/\/irlab.se\/sv\/extra-bolagsstamma-2026\/#breadcrumb\"},\"inLanguage\":\"sv-SE\",\"potentialAction\":[{\"@type\":\"ReadAction\",\"target\":[\"https:\/\/irlab.se\/sv\/extra-bolagsstamma-2026\/\"]}]},{\"@type\":\"BreadcrumbList\",\"@id\":\"https:\/\/irlab.se\/sv\/extra-bolagsstamma-2026\/#breadcrumb\",\"itemListElement\":[{\"@type\":\"ListItem\",\"position\":1,\"name\":\"Home\",\"item\":\"https:\/\/irlab.se\/sv\/\"},{\"@type\":\"ListItem\",\"position\":2,\"name\":\"Extra bolagsst\u00e4mma 5 juni 2026\"}]},{\"@type\":\"WebSite\",\"@id\":\"https:\/\/irlab.se\/#website\",\"url\":\"https:\/\/irlab.se\/\",\"name\":\"Irlab\",\"description\":\"Novel treatments for Parkinson&#039;s disease\",\"potentialAction\":[{\"@type\":\"SearchAction\",\"target\":{\"@type\":\"EntryPoint\",\"urlTemplate\":\"https:\/\/irlab.se\/?s={search_term_string}\"},\"query-input\":{\"@type\":\"PropertyValueSpecification\",\"valueRequired\":true,\"valueName\":\"search_term_string\"}}],\"inLanguage\":\"sv-SE\"}]}<\/script>\n<!-- \/ Yoast SEO plugin. -->","yoast_head_json":{"title":"Extra bolagsst\u00e4mma 5 juni 2026 - IRLAB","robots":{"index":"index","follow":"follow","max-snippet":"max-snippet:-1","max-image-preview":"max-image-preview:large","max-video-preview":"max-video-preview:-1"},"canonical":"https:\/\/irlab.se\/sv\/extra-bolagsstamma-2026\/","og_locale":"sv_SE","og_type":"article","og_title":"Extra bolagsst\u00e4mma 5 juni 2026 - IRLAB","og_description":"Extra bolagst\u00e4mma 5 juni 2026 Extra bolagsst\u00e4mma&nbsp;h\u00e5lls&nbsp;fredagen den 5 juni 2026 kl. 13.00 i Biotech center med adress Arvid Wallgrens Backe 20 i G\u00f6teborg. Inpassering och registrering b\u00f6rjar kl. 12.30. Kallelse och tillh\u00f6rande handlingar Kallelse extra bolagsst\u00e4mma &gt; Formul\u00e4r Fullmaktsformul\u00e4r &gt; Rapport","og_url":"https:\/\/irlab.se\/sv\/extra-bolagsstamma-2026\/","og_site_name":"IRLAB","article_modified_time":"2026-05-12T12:38:38+00:00","twitter_card":"summary_large_image","twitter_misc":{"Ber\u00e4knad l\u00e4stid":"1 minut"},"schema":{"@context":"https:\/\/schema.org","@graph":[{"@type":"WebPage","@id":"https:\/\/irlab.se\/sv\/extra-bolagsstamma-2026\/","url":"https:\/\/irlab.se\/sv\/extra-bolagsstamma-2026\/","name":"Extra bolagsst\u00e4mma 5 juni 2026 - IRLAB","isPartOf":{"@id":"https:\/\/irlab.se\/#website"},"datePublished":"2026-05-12T11:13:48+00:00","dateModified":"2026-05-12T12:38:38+00:00","breadcrumb":{"@id":"https:\/\/irlab.se\/sv\/extra-bolagsstamma-2026\/#breadcrumb"},"inLanguage":"sv-SE","potentialAction":[{"@type":"ReadAction","target":["https:\/\/irlab.se\/sv\/extra-bolagsstamma-2026\/"]}]},{"@type":"BreadcrumbList","@id":"https:\/\/irlab.se\/sv\/extra-bolagsstamma-2026\/#breadcrumb","itemListElement":[{"@type":"ListItem","position":1,"name":"Home","item":"https:\/\/irlab.se\/sv\/"},{"@type":"ListItem","position":2,"name":"Extra bolagsst\u00e4mma 5 juni 2026"}]},{"@type":"WebSite","@id":"https:\/\/irlab.se\/#website","url":"https:\/\/irlab.se\/","name":"Irlab","description":"Novel treatments for Parkinson&#039;s disease","potentialAction":[{"@type":"SearchAction","target":{"@type":"EntryPoint","urlTemplate":"https:\/\/irlab.se\/?s={search_term_string}"},"query-input":{"@type":"PropertyValueSpecification","valueRequired":true,"valueName":"search_term_string"}}],"inLanguage":"sv-SE"}]}},"_links":{"self":[{"href":"https:\/\/irlab.se\/sv\/wp-json\/wp\/v2\/pages\/13085","targetHints":{"allow":["GET"]}}],"collection":[{"href":"https:\/\/irlab.se\/sv\/wp-json\/wp\/v2\/pages"}],"about":[{"href":"https:\/\/irlab.se\/sv\/wp-json\/wp\/v2\/types\/page"}],"author":[{"embeddable":true,"href":"https:\/\/irlab.se\/sv\/wp-json\/wp\/v2\/users\/1"}],"replies":[{"embeddable":true,"href":"https:\/\/irlab.se\/sv\/wp-json\/wp\/v2\/comments?post=13085"}],"version-history":[{"count":8,"href":"https:\/\/irlab.se\/sv\/wp-json\/wp\/v2\/pages\/13085\/revisions"}],"predecessor-version":[{"id":13119,"href":"https:\/\/irlab.se\/sv\/wp-json\/wp\/v2\/pages\/13085\/revisions\/13119"}],"wp:attachment":[{"href":"https:\/\/irlab.se\/sv\/wp-json\/wp\/v2\/media?parent=13085"}],"curies":[{"name":"wp","href":"https:\/\/api.w.org\/{rel}","templated":true}]}}