{"id":13076,"date":"2026-05-12T12:58:01","date_gmt":"2026-05-12T10:58:01","guid":{"rendered":"https:\/\/irlab.se\/?page_id=13076"},"modified":"2026-05-12T13:09:22","modified_gmt":"2026-05-12T11:09:22","slug":"arsstamma-2026","status":"publish","type":"page","link":"https:\/\/irlab.se\/sv\/bolagsstyrning\/bolagsstamma\/arsstamma-2026\/","title":{"rendered":"\u00c5rsst\u00e4mma 2026"},"content":{"rendered":"\n<h1 class=\"wp-block-heading\" id=\"arsstamma-2021\">\u00c5rsst\u00e4mma 2026<\/h1>\n\n\n\n<div style=\"height:20px\" aria-hidden=\"true\" class=\"wp-block-spacer\"><\/div>\n\n\n\n<p>\u00c5rsst\u00e4mman 2026\u00a0h\u00e5lls den\u00a030\u00a0juni 2026\u00a0i Biotech center p\u00e5 Arvid Wallgrens Backe 20 i G\u00f6teborg (konferensrummet p\u00e5 v\u00e5ning 4).<\/p>\n\n\n\n<p><\/p>\n","protected":false},"excerpt":{"rendered":"<p>\u00c5rsst\u00e4mma 2026 \u00c5rsst\u00e4mman 2026\u00a0h\u00e5lls den\u00a030\u00a0juni 2026\u00a0i Biotech center p\u00e5 Arvid Wallgrens Backe 20 i G\u00f6teborg (konferensrummet p\u00e5 v\u00e5ning 4).<\/p>\n","protected":false},"author":1,"featured_media":0,"parent":570,"menu_order":0,"comment_status":"closed","ping_status":"closed","template":"","meta":{"_acf_changed":false,"footnotes":""},"class_list":["post-13076","page","type-page","status-publish","hentry"],"acf":[],"yoast_head":"<!-- This site is optimized with the Yoast SEO plugin v26.7 - https:\/\/yoast.com\/wordpress\/plugins\/seo\/ -->\n<title>\u00c5rsst\u00e4mma 2026 - IRLAB<\/title>\n<meta name=\"robots\" content=\"index, follow, max-snippet:-1, max-image-preview:large, max-video-preview:-1\" \/>\n<link rel=\"canonical\" href=\"https:\/\/irlab.se\/sv\/bolagsstyrning\/bolagsstamma\/arsstamma-2026\/\" \/>\n<meta property=\"og:locale\" content=\"sv_SE\" \/>\n<meta property=\"og:type\" content=\"article\" \/>\n<meta property=\"og:title\" content=\"\u00c5rsst\u00e4mma 2026 - IRLAB\" \/>\n<meta property=\"og:description\" content=\"\u00c5rsst\u00e4mma 2026 \u00c5rsst\u00e4mman 2026\u00a0h\u00e5lls den\u00a030\u00a0juni 2026\u00a0i Biotech center p\u00e5 Arvid Wallgrens Backe 20 i G\u00f6teborg (konferensrummet p\u00e5 v\u00e5ning 4).\" \/>\n<meta property=\"og:url\" content=\"https:\/\/irlab.se\/sv\/bolagsstyrning\/bolagsstamma\/arsstamma-2026\/\" \/>\n<meta property=\"og:site_name\" content=\"IRLAB\" \/>\n<meta property=\"article:modified_time\" content=\"2026-05-12T11:09:22+00:00\" \/>\n<meta name=\"twitter:card\" content=\"summary_large_image\" \/>\n<meta name=\"twitter:label1\" content=\"Ber\u00e4knad l\u00e4stid\" \/>\n\t<meta name=\"twitter:data1\" content=\"1 minut\" \/>\n<script type=\"application\/ld+json\" class=\"yoast-schema-graph\">{\"@context\":\"https:\/\/schema.org\",\"@graph\":[{\"@type\":\"WebPage\",\"@id\":\"https:\/\/irlab.se\/sv\/bolagsstyrning\/bolagsstamma\/arsstamma-2026\/\",\"url\":\"https:\/\/irlab.se\/sv\/bolagsstyrning\/bolagsstamma\/arsstamma-2026\/\",\"name\":\"\u00c5rsst\u00e4mma 2026 - IRLAB\",\"isPartOf\":{\"@id\":\"https:\/\/irlab.se\/#website\"},\"datePublished\":\"2026-05-12T10:58:01+00:00\",\"dateModified\":\"2026-05-12T11:09:22+00:00\",\"breadcrumb\":{\"@id\":\"https:\/\/irlab.se\/sv\/bolagsstyrning\/bolagsstamma\/arsstamma-2026\/#breadcrumb\"},\"inLanguage\":\"sv-SE\",\"potentialAction\":[{\"@type\":\"ReadAction\",\"target\":[\"https:\/\/irlab.se\/sv\/bolagsstyrning\/bolagsstamma\/arsstamma-2026\/\"]}]},{\"@type\":\"BreadcrumbList\",\"@id\":\"https:\/\/irlab.se\/sv\/bolagsstyrning\/bolagsstamma\/arsstamma-2026\/#breadcrumb\",\"itemListElement\":[{\"@type\":\"ListItem\",\"position\":1,\"name\":\"Home\",\"item\":\"https:\/\/irlab.se\/sv\/\"},{\"@type\":\"ListItem\",\"position\":2,\"name\":\"Bolagsstyrning\",\"item\":\"https:\/\/irlab.se\/sv\/bolagsstyrning\/\"},{\"@type\":\"ListItem\",\"position\":3,\"name\":\"Bolagsst\u00e4mmor\",\"item\":\"https:\/\/irlab.se\/sv\/bolagsstyrning\/bolagsstamma\/\"},{\"@type\":\"ListItem\",\"position\":4,\"name\":\"\u00c5rsst\u00e4mma 2026\"}]},{\"@type\":\"WebSite\",\"@id\":\"https:\/\/irlab.se\/#website\",\"url\":\"https:\/\/irlab.se\/\",\"name\":\"Irlab\",\"description\":\"Novel treatments for Parkinson&#039;s disease\",\"potentialAction\":[{\"@type\":\"SearchAction\",\"target\":{\"@type\":\"EntryPoint\",\"urlTemplate\":\"https:\/\/irlab.se\/?s={search_term_string}\"},\"query-input\":{\"@type\":\"PropertyValueSpecification\",\"valueRequired\":true,\"valueName\":\"search_term_string\"}}],\"inLanguage\":\"sv-SE\"}]}<\/script>\n<!-- \/ Yoast SEO plugin. -->","yoast_head_json":{"title":"\u00c5rsst\u00e4mma 2026 - IRLAB","robots":{"index":"index","follow":"follow","max-snippet":"max-snippet:-1","max-image-preview":"max-image-preview:large","max-video-preview":"max-video-preview:-1"},"canonical":"https:\/\/irlab.se\/sv\/bolagsstyrning\/bolagsstamma\/arsstamma-2026\/","og_locale":"sv_SE","og_type":"article","og_title":"\u00c5rsst\u00e4mma 2026 - IRLAB","og_description":"\u00c5rsst\u00e4mma 2026 \u00c5rsst\u00e4mman 2026\u00a0h\u00e5lls den\u00a030\u00a0juni 2026\u00a0i Biotech center p\u00e5 Arvid Wallgrens Backe 20 i G\u00f6teborg (konferensrummet p\u00e5 v\u00e5ning 4).","og_url":"https:\/\/irlab.se\/sv\/bolagsstyrning\/bolagsstamma\/arsstamma-2026\/","og_site_name":"IRLAB","article_modified_time":"2026-05-12T11:09:22+00:00","twitter_card":"summary_large_image","twitter_misc":{"Ber\u00e4knad l\u00e4stid":"1 minut"},"schema":{"@context":"https:\/\/schema.org","@graph":[{"@type":"WebPage","@id":"https:\/\/irlab.se\/sv\/bolagsstyrning\/bolagsstamma\/arsstamma-2026\/","url":"https:\/\/irlab.se\/sv\/bolagsstyrning\/bolagsstamma\/arsstamma-2026\/","name":"\u00c5rsst\u00e4mma 2026 - IRLAB","isPartOf":{"@id":"https:\/\/irlab.se\/#website"},"datePublished":"2026-05-12T10:58:01+00:00","dateModified":"2026-05-12T11:09:22+00:00","breadcrumb":{"@id":"https:\/\/irlab.se\/sv\/bolagsstyrning\/bolagsstamma\/arsstamma-2026\/#breadcrumb"},"inLanguage":"sv-SE","potentialAction":[{"@type":"ReadAction","target":["https:\/\/irlab.se\/sv\/bolagsstyrning\/bolagsstamma\/arsstamma-2026\/"]}]},{"@type":"BreadcrumbList","@id":"https:\/\/irlab.se\/sv\/bolagsstyrning\/bolagsstamma\/arsstamma-2026\/#breadcrumb","itemListElement":[{"@type":"ListItem","position":1,"name":"Home","item":"https:\/\/irlab.se\/sv\/"},{"@type":"ListItem","position":2,"name":"Bolagsstyrning","item":"https:\/\/irlab.se\/sv\/bolagsstyrning\/"},{"@type":"ListItem","position":3,"name":"Bolagsst\u00e4mmor","item":"https:\/\/irlab.se\/sv\/bolagsstyrning\/bolagsstamma\/"},{"@type":"ListItem","position":4,"name":"\u00c5rsst\u00e4mma 2026"}]},{"@type":"WebSite","@id":"https:\/\/irlab.se\/#website","url":"https:\/\/irlab.se\/","name":"Irlab","description":"Novel treatments for Parkinson&#039;s disease","potentialAction":[{"@type":"SearchAction","target":{"@type":"EntryPoint","urlTemplate":"https:\/\/irlab.se\/?s={search_term_string}"},"query-input":{"@type":"PropertyValueSpecification","valueRequired":true,"valueName":"search_term_string"}}],"inLanguage":"sv-SE"}]}},"_links":{"self":[{"href":"https:\/\/irlab.se\/sv\/wp-json\/wp\/v2\/pages\/13076","targetHints":{"allow":["GET"]}}],"collection":[{"href":"https:\/\/irlab.se\/sv\/wp-json\/wp\/v2\/pages"}],"about":[{"href":"https:\/\/irlab.se\/sv\/wp-json\/wp\/v2\/types\/page"}],"author":[{"embeddable":true,"href":"https:\/\/irlab.se\/sv\/wp-json\/wp\/v2\/users\/1"}],"replies":[{"embeddable":true,"href":"https:\/\/irlab.se\/sv\/wp-json\/wp\/v2\/comments?post=13076"}],"version-history":[{"count":2,"href":"https:\/\/irlab.se\/sv\/wp-json\/wp\/v2\/pages\/13076\/revisions"}],"predecessor-version":[{"id":13081,"href":"https:\/\/irlab.se\/sv\/wp-json\/wp\/v2\/pages\/13076\/revisions\/13081"}],"up":[{"embeddable":true,"href":"https:\/\/irlab.se\/sv\/wp-json\/wp\/v2\/pages\/570"}],"wp:attachment":[{"href":"https:\/\/irlab.se\/sv\/wp-json\/wp\/v2\/media?parent=13076"}],"curies":[{"name":"wp","href":"https:\/\/api.w.org\/{rel}","templated":true}]}}