{"id":12932,"date":"2026-04-09T10:40:47","date_gmt":"2026-04-09T08:40:47","guid":{"rendered":"https:\/\/irlab.se\/?page_id=12932"},"modified":"2026-04-09T17:54:04","modified_gmt":"2026-04-09T15:54:04","slug":"patientberattelser","status":"publish","type":"page","link":"https:\/\/irlab.se\/sv\/terapeutiskt-fokus\/patientberattelser\/","title":{"rendered":"Patientber\u00e4ttelser"},"content":{"rendered":"\n<h1 class=\"wp-block-heading\">Patientber\u00e4ttelser<\/h1>\n\n\n\n<p class=\"is-style-intro-text-style\">H\u00e4r har vi samlat patientber\u00e4ttelser d\u00e4r personer med Parkinsons sjukdom beskriver sin livssituation och hur de upplever att sjukdomen p\u00e5verkar deras liv.<\/p>\n\n\n\n<div style=\"height:46px\" aria-hidden=\"true\" class=\"wp-block-spacer\"><\/div>\n\n\n\n<div class=\"wp-block-columns is-layout-flex wp-container-core-columns-is-layout-9d6595d7 wp-block-columns-is-layout-flex\">\n<div class=\"wp-block-column is-layout-flow wp-block-column-is-layout-flow\" style=\"flex-basis:33.33%\">\n<figure class=\"wp-block-image size-medium\"><img loading=\"lazy\" decoding=\"async\" width=\"300\" height=\"200\" src=\"https:\/\/irlab.se\/wp-content\/uploads\/2026\/04\/patentberattelse-lotta-300x200.jpg\" alt=\"\" class=\"wp-image-12920\" style=\"aspect-ratio:1;object-fit:cover\" srcset=\"https:\/\/irlab.se\/wp-content\/uploads\/2026\/04\/patentberattelse-lotta-300x200.jpg 300w, https:\/\/irlab.se\/wp-content\/uploads\/2026\/04\/patentberattelse-lotta-1024x684.jpg 1024w, https:\/\/irlab.se\/wp-content\/uploads\/2026\/04\/patentberattelse-lotta-768x513.jpg 768w, https:\/\/irlab.se\/wp-content\/uploads\/2026\/04\/patentberattelse-lotta-1536x1026.jpg 1536w, https:\/\/irlab.se\/wp-content\/uploads\/2026\/04\/patentberattelse-lotta.jpg 1800w\" sizes=\"auto, (max-width: 300px) 100vw, 300px\" \/><\/figure>\n<\/div>\n\n\n\n<div class=\"wp-block-column is-layout-flow wp-block-column-is-layout-flow\" style=\"flex-basis:66.66%\">\n<h3 class=\"wp-block-heading\">&#8221;Parkinson \u00e4r bara en liten del av mig&#8221;<\/h3>\n\n\n\n<p>Lotta, 69 \u00e5r, lever ett aktivt liv med k\u00f6rs\u00e5ng, tr\u00e4ning och en stor familj. Hon har haft Parkinsons sjukdom i snart tv\u00e5 decennier och \u00e4ven om sjukdomen har stor p\u00e5verkan p\u00e5 hennes vardagsliv \u00e4r det viktigt f\u00f6r Lotta att forts\u00e4tta g\u00f6ra saker hon tycker om.<\/p>\n\n\n\n<div class=\"wp-block-buttons is-layout-flex wp-block-buttons-is-layout-flex\">\n<div class=\"wp-block-button is-style-link-normal-green\"><a class=\"wp-block-button__link wp-element-button\" href=\"https:\/\/irlab.se\/sv\/parkinson-ar-bara-en-liten-del-av-mig\/\">L\u00e4s mer om Lotta<\/a><\/div>\n<\/div>\n<\/div>\n<\/div>\n\n\n\n<div class=\"wp-block-columns is-layout-flex wp-container-core-columns-is-layout-9d6595d7 wp-block-columns-is-layout-flex\">\n<div class=\"wp-block-column is-layout-flow wp-block-column-is-layout-flow\" style=\"flex-basis:33.33%\">\n<figure class=\"wp-block-image size-large\"><img loading=\"lazy\" decoding=\"async\" width=\"1024\" height=\"683\" src=\"https:\/\/irlab.se\/wp-content\/uploads\/2026\/04\/patientberattelse-janne-1024x683.jpg\" alt=\"\" class=\"wp-image-12922\" style=\"aspect-ratio:1;object-fit:cover\" srcset=\"https:\/\/irlab.se\/wp-content\/uploads\/2026\/04\/patientberattelse-janne-1024x683.jpg 1024w, https:\/\/irlab.se\/wp-content\/uploads\/2026\/04\/patientberattelse-janne-300x200.jpg 300w, https:\/\/irlab.se\/wp-content\/uploads\/2026\/04\/patientberattelse-janne-768x512.jpg 768w, https:\/\/irlab.se\/wp-content\/uploads\/2026\/04\/patientberattelse-janne-1536x1024.jpg 1536w, https:\/\/irlab.se\/wp-content\/uploads\/2026\/04\/patientberattelse-janne.jpg 1800w\" sizes=\"auto, (max-width: 1024px) 100vw, 1024px\" \/><\/figure>\n<\/div>\n\n\n\n<div class=\"wp-block-column is-layout-flow wp-block-column-is-layout-flow\" style=\"flex-basis:66.66%\">\n<h3 class=\"wp-block-heading\">&#8221;Parkinsondiagnosen har hj\u00e4lpt mig mer \u00e4n den skadat mig&#8221;<\/h3>\n\n\n\n<p>Jan \u201dYoga-Janne\u201d, 65 \u00e5r, \u00e4r gift och pappa till tre vuxna barn. Sedan n\u00e4stan \u00e5tta \u00e5r lever han med Parkinsons sjukdom \u2013 en utmaning som visserligen f\u00f6r\u00e4ndrat mycket, men inte bara till det s\u00e4mre. Som pension\u00e4r lever han ett aktivt liv d\u00e4r han spelar golf, leder yogapass och ger andra inspiration genom sitt engagemang som h\u00e4lsor\u00e5dgivare.<\/p>\n\n\n\n<div class=\"wp-block-buttons is-layout-flex wp-block-buttons-is-layout-flex\">\n<div class=\"wp-block-button is-style-link-normal-green\"><a class=\"wp-block-button__link wp-element-button\" href=\"https:\/\/irlab.se\/sv\/parkinsondiagnosen-har-hjalpt-mig-mer-an-den-skadat-mig\/\">L\u00e4s mer om Jan<\/a><\/div>\n<\/div>\n<\/div>\n<\/div>\n\n\n\n<div class=\"wp-block-columns is-layout-flex wp-container-core-columns-is-layout-9d6595d7 wp-block-columns-is-layout-flex\">\n<div class=\"wp-block-column is-layout-flow wp-block-column-is-layout-flow\" style=\"flex-basis:33.33%\">\n<figure class=\"wp-block-image size-large\"><img loading=\"lazy\" decoding=\"async\" width=\"1013\" height=\"1013\" src=\"https:\/\/irlab.se\/wp-content\/uploads\/2026\/04\/patientberattelse-john-edited.jpg\" alt=\"\" class=\"wp-image-12950\" style=\"aspect-ratio:1;object-fit:cover\" srcset=\"https:\/\/irlab.se\/wp-content\/uploads\/2026\/04\/patientberattelse-john-edited.jpg 1013w, https:\/\/irlab.se\/wp-content\/uploads\/2026\/04\/patientberattelse-john-edited-300x300.jpg 300w, https:\/\/irlab.se\/wp-content\/uploads\/2026\/04\/patientberattelse-john-edited-150x150.jpg 150w, https:\/\/irlab.se\/wp-content\/uploads\/2026\/04\/patientberattelse-john-edited-768x768.jpg 768w\" sizes=\"auto, (max-width: 1013px) 100vw, 1013px\" \/><\/figure>\n<\/div>\n\n\n\n<div class=\"wp-block-column is-layout-flow wp-block-column-is-layout-flow\" style=\"flex-basis:66.66%\">\n<h3 class=\"wp-block-heading\">&#8221;Ett evigt maratonlopp&#8221;<\/h3>\n\n\n\n<p>N\u00e4r John, tidigare kriminalpolis och passionerad motion\u00e4r, b\u00f6rjade tappa koordinationen under ett maratonlopp, anade han att n\u00e5got var fel. Tv\u00e5 \u00e5r senare fick han diagnosen Parkinsons sjukdom. I dag beskriver han och hustrun Mary hur sjukdomen f\u00f6r\u00e4ndrat deras liv \u2013 fr\u00e5n yrkesliv och tr\u00e4ning till of\u00f6ruts\u00e4gbar vardag.<\/p>\n\n\n\n<div class=\"wp-block-buttons is-layout-flex wp-block-buttons-is-layout-flex\">\n<div class=\"wp-block-button is-style-link-normal-green\"><a class=\"wp-block-button__link wp-element-button\" href=\"https:\/\/irlab.se\/sv\/terapeutiskt-fokus\/parkinsons-sjukdom\/livet-med-parkinson-ett-andlost-maratonlopp\/\">L\u00e4s mer om John<\/a><\/div>\n<\/div>\n<\/div>\n<\/div>\n\n\n\n<p><\/p>\n","protected":false},"excerpt":{"rendered":"<p>Patientber\u00e4ttelser H\u00e4r har vi samlat patientber\u00e4ttelser d\u00e4r personer med Parkinsons sjukdom beskriver sin livssituation och hur de upplever att sjukdomen p\u00e5verkar deras liv. &#8221;Parkinson \u00e4r bara en liten del av mig&#8221; Lotta, 69 \u00e5r, lever ett aktivt liv med k\u00f6rs\u00e5ng, tr\u00e4ning och en stor familj. Hon har haft Parkinsons sjukdom i snart tv\u00e5 decennier och [&hellip;]<\/p>\n","protected":false},"author":1,"featured_media":0,"parent":2081,"menu_order":0,"comment_status":"closed","ping_status":"closed","template":"","meta":{"_acf_changed":false,"footnotes":""},"class_list":["post-12932","page","type-page","status-publish","hentry"],"acf":[],"yoast_head":"<!-- This site is optimized with the Yoast SEO plugin v26.7 - https:\/\/yoast.com\/wordpress\/plugins\/seo\/ -->\n<title>Patientber\u00e4ttelser - IRLAB<\/title>\n<meta name=\"robots\" content=\"index, follow, max-snippet:-1, max-image-preview:large, max-video-preview:-1\" \/>\n<link rel=\"canonical\" href=\"https:\/\/irlab.se\/sv\/terapeutiskt-fokus\/patientberattelser\/\" \/>\n<meta property=\"og:locale\" content=\"sv_SE\" \/>\n<meta property=\"og:type\" content=\"article\" \/>\n<meta property=\"og:title\" content=\"Patientber\u00e4ttelser - IRLAB\" \/>\n<meta property=\"og:description\" content=\"Patientber\u00e4ttelser H\u00e4r har vi samlat patientber\u00e4ttelser d\u00e4r personer med Parkinsons sjukdom beskriver sin livssituation och hur de upplever att sjukdomen p\u00e5verkar deras liv. &#8221;Parkinson \u00e4r bara en liten del av mig&#8221; Lotta, 69 \u00e5r, lever ett aktivt liv med k\u00f6rs\u00e5ng, tr\u00e4ning och en stor familj. Hon har haft Parkinsons sjukdom i snart tv\u00e5 decennier och [&hellip;]\" \/>\n<meta property=\"og:url\" content=\"https:\/\/irlab.se\/sv\/terapeutiskt-fokus\/patientberattelser\/\" \/>\n<meta property=\"og:site_name\" content=\"IRLAB\" \/>\n<meta property=\"article:modified_time\" content=\"2026-04-09T15:54:04+00:00\" \/>\n<meta property=\"og:image\" content=\"https:\/\/irlab.se\/wp-content\/uploads\/2026\/04\/patentberattelse-lotta.jpg\" \/>\n\t<meta property=\"og:image:width\" content=\"1800\" \/>\n\t<meta property=\"og:image:height\" content=\"1202\" \/>\n\t<meta property=\"og:image:type\" content=\"image\/jpeg\" \/>\n<meta name=\"twitter:card\" content=\"summary_large_image\" \/>\n<meta name=\"twitter:label1\" content=\"Ber\u00e4knad l\u00e4stid\" \/>\n\t<meta name=\"twitter:data1\" content=\"2 minuter\" \/>\n<script type=\"application\/ld+json\" class=\"yoast-schema-graph\">{\"@context\":\"https:\/\/schema.org\",\"@graph\":[{\"@type\":\"WebPage\",\"@id\":\"https:\/\/irlab.se\/sv\/terapeutiskt-fokus\/patientberattelser\/\",\"url\":\"https:\/\/irlab.se\/sv\/terapeutiskt-fokus\/patientberattelser\/\",\"name\":\"Patientber\u00e4ttelser - IRLAB\",\"isPartOf\":{\"@id\":\"https:\/\/irlab.se\/#website\"},\"primaryImageOfPage\":{\"@id\":\"https:\/\/irlab.se\/sv\/terapeutiskt-fokus\/patientberattelser\/#primaryimage\"},\"image\":{\"@id\":\"https:\/\/irlab.se\/sv\/terapeutiskt-fokus\/patientberattelser\/#primaryimage\"},\"thumbnailUrl\":\"https:\/\/irlab.se\/wp-content\/uploads\/2026\/04\/patentberattelse-lotta-300x200.jpg\",\"datePublished\":\"2026-04-09T08:40:47+00:00\",\"dateModified\":\"2026-04-09T15:54:04+00:00\",\"breadcrumb\":{\"@id\":\"https:\/\/irlab.se\/sv\/terapeutiskt-fokus\/patientberattelser\/#breadcrumb\"},\"inLanguage\":\"sv-SE\",\"potentialAction\":[{\"@type\":\"ReadAction\",\"target\":[\"https:\/\/irlab.se\/sv\/terapeutiskt-fokus\/patientberattelser\/\"]}]},{\"@type\":\"ImageObject\",\"inLanguage\":\"sv-SE\",\"@id\":\"https:\/\/irlab.se\/sv\/terapeutiskt-fokus\/patientberattelser\/#primaryimage\",\"url\":\"https:\/\/irlab.se\/wp-content\/uploads\/2026\/04\/patentberattelse-lotta-300x200.jpg\",\"contentUrl\":\"https:\/\/irlab.se\/wp-content\/uploads\/2026\/04\/patentberattelse-lotta-300x200.jpg\"},{\"@type\":\"BreadcrumbList\",\"@id\":\"https:\/\/irlab.se\/sv\/terapeutiskt-fokus\/patientberattelser\/#breadcrumb\",\"itemListElement\":[{\"@type\":\"ListItem\",\"position\":1,\"name\":\"Home\",\"item\":\"https:\/\/irlab.se\/sv\/\"},{\"@type\":\"ListItem\",\"position\":2,\"name\":\"Terapeutiskt fokus\",\"item\":\"https:\/\/irlab.se\/sv\/terapeutiskt-fokus\/\"},{\"@type\":\"ListItem\",\"position\":3,\"name\":\"Patientber\u00e4ttelser\"}]},{\"@type\":\"WebSite\",\"@id\":\"https:\/\/irlab.se\/#website\",\"url\":\"https:\/\/irlab.se\/\",\"name\":\"Irlab\",\"description\":\"Novel treatments for Parkinson&#039;s disease\",\"potentialAction\":[{\"@type\":\"SearchAction\",\"target\":{\"@type\":\"EntryPoint\",\"urlTemplate\":\"https:\/\/irlab.se\/?s={search_term_string}\"},\"query-input\":{\"@type\":\"PropertyValueSpecification\",\"valueRequired\":true,\"valueName\":\"search_term_string\"}}],\"inLanguage\":\"sv-SE\"}]}<\/script>\n<!-- \/ Yoast SEO plugin. -->","yoast_head_json":{"title":"Patientber\u00e4ttelser - IRLAB","robots":{"index":"index","follow":"follow","max-snippet":"max-snippet:-1","max-image-preview":"max-image-preview:large","max-video-preview":"max-video-preview:-1"},"canonical":"https:\/\/irlab.se\/sv\/terapeutiskt-fokus\/patientberattelser\/","og_locale":"sv_SE","og_type":"article","og_title":"Patientber\u00e4ttelser - IRLAB","og_description":"Patientber\u00e4ttelser H\u00e4r har vi samlat patientber\u00e4ttelser d\u00e4r personer med Parkinsons sjukdom beskriver sin livssituation och hur de upplever att sjukdomen p\u00e5verkar deras liv. &#8221;Parkinson \u00e4r bara en liten del av mig&#8221; Lotta, 69 \u00e5r, lever ett aktivt liv med k\u00f6rs\u00e5ng, tr\u00e4ning och en stor familj. Hon har haft Parkinsons sjukdom i snart tv\u00e5 decennier och [&hellip;]","og_url":"https:\/\/irlab.se\/sv\/terapeutiskt-fokus\/patientberattelser\/","og_site_name":"IRLAB","article_modified_time":"2026-04-09T15:54:04+00:00","og_image":[{"width":1800,"height":1202,"url":"https:\/\/irlab.se\/wp-content\/uploads\/2026\/04\/patentberattelse-lotta.jpg","type":"image\/jpeg"}],"twitter_card":"summary_large_image","twitter_misc":{"Ber\u00e4knad l\u00e4stid":"2 minuter"},"schema":{"@context":"https:\/\/schema.org","@graph":[{"@type":"WebPage","@id":"https:\/\/irlab.se\/sv\/terapeutiskt-fokus\/patientberattelser\/","url":"https:\/\/irlab.se\/sv\/terapeutiskt-fokus\/patientberattelser\/","name":"Patientber\u00e4ttelser - IRLAB","isPartOf":{"@id":"https:\/\/irlab.se\/#website"},"primaryImageOfPage":{"@id":"https:\/\/irlab.se\/sv\/terapeutiskt-fokus\/patientberattelser\/#primaryimage"},"image":{"@id":"https:\/\/irlab.se\/sv\/terapeutiskt-fokus\/patientberattelser\/#primaryimage"},"thumbnailUrl":"https:\/\/irlab.se\/wp-content\/uploads\/2026\/04\/patentberattelse-lotta-300x200.jpg","datePublished":"2026-04-09T08:40:47+00:00","dateModified":"2026-04-09T15:54:04+00:00","breadcrumb":{"@id":"https:\/\/irlab.se\/sv\/terapeutiskt-fokus\/patientberattelser\/#breadcrumb"},"inLanguage":"sv-SE","potentialAction":[{"@type":"ReadAction","target":["https:\/\/irlab.se\/sv\/terapeutiskt-fokus\/patientberattelser\/"]}]},{"@type":"ImageObject","inLanguage":"sv-SE","@id":"https:\/\/irlab.se\/sv\/terapeutiskt-fokus\/patientberattelser\/#primaryimage","url":"https:\/\/irlab.se\/wp-content\/uploads\/2026\/04\/patentberattelse-lotta-300x200.jpg","contentUrl":"https:\/\/irlab.se\/wp-content\/uploads\/2026\/04\/patentberattelse-lotta-300x200.jpg"},{"@type":"BreadcrumbList","@id":"https:\/\/irlab.se\/sv\/terapeutiskt-fokus\/patientberattelser\/#breadcrumb","itemListElement":[{"@type":"ListItem","position":1,"name":"Home","item":"https:\/\/irlab.se\/sv\/"},{"@type":"ListItem","position":2,"name":"Terapeutiskt fokus","item":"https:\/\/irlab.se\/sv\/terapeutiskt-fokus\/"},{"@type":"ListItem","position":3,"name":"Patientber\u00e4ttelser"}]},{"@type":"WebSite","@id":"https:\/\/irlab.se\/#website","url":"https:\/\/irlab.se\/","name":"Irlab","description":"Novel treatments for Parkinson&#039;s disease","potentialAction":[{"@type":"SearchAction","target":{"@type":"EntryPoint","urlTemplate":"https:\/\/irlab.se\/?s={search_term_string}"},"query-input":{"@type":"PropertyValueSpecification","valueRequired":true,"valueName":"search_term_string"}}],"inLanguage":"sv-SE"}]}},"_links":{"self":[{"href":"https:\/\/irlab.se\/sv\/wp-json\/wp\/v2\/pages\/12932","targetHints":{"allow":["GET"]}}],"collection":[{"href":"https:\/\/irlab.se\/sv\/wp-json\/wp\/v2\/pages"}],"about":[{"href":"https:\/\/irlab.se\/sv\/wp-json\/wp\/v2\/types\/page"}],"author":[{"embeddable":true,"href":"https:\/\/irlab.se\/sv\/wp-json\/wp\/v2\/users\/1"}],"replies":[{"embeddable":true,"href":"https:\/\/irlab.se\/sv\/wp-json\/wp\/v2\/comments?post=12932"}],"version-history":[{"count":10,"href":"https:\/\/irlab.se\/sv\/wp-json\/wp\/v2\/pages\/12932\/revisions"}],"predecessor-version":[{"id":12960,"href":"https:\/\/irlab.se\/sv\/wp-json\/wp\/v2\/pages\/12932\/revisions\/12960"}],"up":[{"embeddable":true,"href":"https:\/\/irlab.se\/sv\/wp-json\/wp\/v2\/pages\/2081"}],"wp:attachment":[{"href":"https:\/\/irlab.se\/sv\/wp-json\/wp\/v2\/media?parent=12932"}],"curies":[{"name":"wp","href":"https:\/\/api.w.org\/{rel}","templated":true}]}}