{"id":12928,"date":"2026-04-09T10:19:55","date_gmt":"2026-04-09T08:19:55","guid":{"rendered":"https:\/\/irlab.se\/?page_id=12928"},"modified":"2026-04-09T10:37:35","modified_gmt":"2026-04-09T08:37:35","slug":"parkinsondiagnosen-har-hjalpt-mig-mer-an-den-skadat-mig","status":"publish","type":"page","link":"https:\/\/irlab.se\/sv\/parkinsondiagnosen-har-hjalpt-mig-mer-an-den-skadat-mig\/","title":{"rendered":"Parkinsondiagnosen har hj\u00e4lpt mig mer \u00e4n den skadat mig"},"content":{"rendered":"\n<p class=\"is-style-intro-text-style\">Patientportr\u00e4tt<\/p>\n\n\n\n<h1 class=\"wp-block-heading\" id=\"livet-med-parkinson-ett-evigt-maratonlopp\">Parkinsondiagnosen har hj\u00e4lpt mig mer \u00e4n den skadat mig<\/h1>\n\n\n\n<p class=\"is-style-intro-text-style\"><strong>Jan \u201dYoga-Janne\u201d, 65 \u00e5r, \u00e4r gift och pappa till tre vuxna barn. Sedan n\u00e4stan \u00e5tta \u00e5r lever han med Parkinsons sjukdom \u2013 en utmaning som visserligen f\u00f6r\u00e4ndrat mycket, men inte bara till det s\u00e4mre. Som pension\u00e4r lever han ett aktivt liv d\u00e4r han spelar golf, leder yogapass och ger andra inspiration genom sitt engagemang som h\u00e4lsor\u00e5dgivare.<\/strong><\/p>\n\n\n\n<figure class=\"wp-block-image size-large\"><img loading=\"lazy\" decoding=\"async\" width=\"1024\" height=\"683\" src=\"https:\/\/irlab.se\/wp-content\/uploads\/2026\/04\/patientberattelse-janne-1024x683.jpg\" alt=\"\" class=\"wp-image-12922\" srcset=\"https:\/\/irlab.se\/wp-content\/uploads\/2026\/04\/patientberattelse-janne-1024x683.jpg 1024w, https:\/\/irlab.se\/wp-content\/uploads\/2026\/04\/patientberattelse-janne-300x200.jpg 300w, https:\/\/irlab.se\/wp-content\/uploads\/2026\/04\/patientberattelse-janne-768x512.jpg 768w, https:\/\/irlab.se\/wp-content\/uploads\/2026\/04\/patientberattelse-janne-1536x1024.jpg 1536w, https:\/\/irlab.se\/wp-content\/uploads\/2026\/04\/patientberattelse-janne.jpg 1800w\" sizes=\"auto, (max-width: 1024px) 100vw, 1024px\" \/><\/figure>\n\n\n\n<p>Symtomen kom smygande och i efterhand kan Janne se att det hela nog b\u00f6rjade med en h\u00f6ft som kr\u00e5nglade.<\/p>\n\n\n\n<p>\u2013 Jag var stel och gick och haltade r\u00e4tt l\u00e4nge innan jag s\u00f6kte v\u00e5rd. De unders\u00f6kte mig och skickade mig p\u00e5 r\u00f6ntgen men d\u00e4r syntes ingenting.<\/p>\n\n\n\n<p>Ett par \u00e5r senare var Janne hos sjukgymnasten som fr\u00e5gade varf\u00f6r han h\u00f6ll armen som om han hade en mitella.<\/p>\n\n\n\n<p>\u2013 Det var ingenting jag hade t\u00e4nkt p\u00e5. Det f\u00e5r du g\u00e5 och kolla, sa hon, men jag sk\u00f6t det ifr\u00e5n mig f\u00f6r det k\u00e4ndes lite obehagligt. Men det fick mig att b\u00f6rja fundera.<\/p>\n\n\n\n<p>Det som fick Janne att s\u00f6ka v\u00e5rd igen var n\u00e4r han st\u00f6tte ihop med en bekant med Parkinsons som lite sk\u00e4mtsamt p\u00e5pekade att Janne s\u00e5g v\u00e4ldigt stel ut och att han kanske borde kolla upp att inte han ocks\u00e5 f\u00e5tt sjukdomen.<\/p>\n\n\n\n<p>\u2013 Jag hoppade in i bilen och b\u00f6rjade direkt att googla symtom p\u00e5 Parkinson. S\u00e5 t\u00e4nkte jag att fasen jag har minst fyra-fem av de vanligaste symtomen, han har kanske r\u00e4tt.<\/p>\n\n\n\n<p>N\u00e4r Janne kom till neurologen s\u00e5 fick han diagnosen direkt, men inte mycket mer.<\/p>\n\n\n\n<p>\u2013 Jag fick ett recept p\u00e5 l\u00e4kemedel, en informationsbroschyr i handen och en tid f\u00f6r \u00e5terbes\u00f6k men inget samtal om vad diagnosen innebar eller vad jag kunde f\u00f6rv\u00e4nta mig. Det k\u00e4ndes v\u00e4ldigt chockartat, jag hade verkligen beh\u00f6vt mer och b\u00e4ttre information, g\u00e4rna tillsammans med en anh\u00f6rig. I efterhand n\u00e4r jag ser tillbaka tycker jag att det var r\u00e4tt svagt gjort faktiskt.<\/p>\n\n\n\n<p>Efter en tid landade Janne i beskedet och de f\u00f6rsta \u00e5ren m\u00e4rkte han inte av sjukdomen s\u00e5 mycket utan fortsatte att jobba p\u00e5 som Key Account Manager p\u00e5 ett stort telekombolag. Men ett och ett halvt \u00e5r efter diagnosen k\u00e4nde han att han inte ville jobba p\u00e5 det s\u00e4ttet mer. Janne fick d\u00e5 hj\u00e4lp av Trygghetsr\u00e5det att utbilda sig till yoga-instrukt\u00f6r och h\u00e4lsor\u00e5dgivare. Idag h\u00e5ller han kurser i yinyoga f\u00f6r stela gubbar och ordnar resor f\u00f6r personer med Parkinson och deras anh\u00f6riga.<\/p>\n\n\n\n<p>\u2013 \u00c4ven om det var v\u00e4ldigt jobbigt i b\u00f6rjan s\u00e5 kan jag \u00e4rligt s\u00e4ga att Parkinsondiagnosen \u00e4n s\u00e5 l\u00e4nge har hj\u00e4lpt mig mer \u00e4n den skadat mig. Det g\u00e5r att g\u00f6ra n\u00e5gonting \u00e5t sin situation och r\u00f6relse \u00e4r en viktig pusselbit. Visst k\u00e4nner jag av sjukdomen och jag f\u00f6rst\u00e5r att den kommer att f\u00f6rv\u00e4rras med tiden men \u00e4n s\u00e5 l\u00e4nge kan jag g\u00f6ra 98 procent av det jag vill. Man f\u00e5r laga efter l\u00e4ge helt enkelt.<\/p>\n\n\n\n<p>F\u00f6r att andra med Parkinson ska f\u00e5 en b\u00e4ttre start \u00e4n han fick deltar Janne ocks\u00e5 i patientutbildningar f\u00f6r nyligen diagnostiserade personer och deras anh\u00f6riga.<\/p>\n\n\n\n<p>\u2013 Folk beh\u00f6ver mycket st\u00f6d i b\u00f6rjan och d\u00e5 \u00e4r det otroligt v\u00e4rdefullt att kunna prata med andra i liknande situation. Parkinsons sjukdom \u00e4r ocks\u00e5 lite speciellt p\u00e5 det s\u00e4ttet att den yttrar sig s\u00e5 olika hos olika personer. Man brukar s\u00e4ga att det finns lika m\u00e5nga varianter som det finns m\u00e4nniskor med sjukdomen.<\/p>\n\n\n\n<p>I framtiden hoppas Janne att den medicinska forskningen ska leda till att man f\u00e5r b\u00e4ttre kunskap om varf\u00f6r man f\u00e5r Parkinsons och b\u00e4ttre mediciner med mindre biverkningar.<\/p>\n\n\n\n<p>\u2013 Forskningen kanske inte kan r\u00e4dda oss som lever med sjukdomen i dag men f\u00f6rhoppningsvis kan man hitta v\u00e4gar fram\u00e5t med l\u00e4kemedel utan s\u00e5 mycket biverkningar.<\/p>\n\n\n\n<p>Viktigast f\u00f6r Jannes v\u00e4lm\u00e5ende har dock varit att acceptera sin livssituation s\u00e5 som den \u00e4r.<\/p>\n\n\n\n<p>\u2013 Jag tror att det \u00e4r det m\u00e5nga som f\u00e5r en diagnos har sv\u00e5rast med, att acceptera att det blir en f\u00f6r\u00e4ndring och sedan ta sig an den och g\u00e5 vidare. Kanske \u00e4r det min bakgrund som s\u00e4ljare som g\u00f6r att jag \u00e4r van att anpassa mig och att inte l\u00e4gga energi p\u00e5 att grubbla p\u00e5 varf\u00f6r detta drabbade mig. Jag k\u00f6r p\u00e5 det nya sp\u00e5ret bara, punkt slut, k\u00f6per l\u00e4get och g\u00e5r vidare. Man brukar ju s\u00e4ga att alla m\u00e4nniskor har tv\u00e5 liv och att det andra b\u00f6rjar f\u00f6rst n\u00e4r man inser att man bara har ett.<\/p>\n\n\n\n<div class=\"wp-block-group has-sand-background-color has-background is-layout-constrained wp-block-group-is-layout-constrained\" style=\"padding-top:var(--wp--preset--spacing--60);padding-bottom:var(--wp--preset--spacing--60)\">\n<p><strong>Jan, 65 \u00e5r<\/strong><\/p>\n\n\n\n<p>Jan \u00e4r pensionerad Key Account Manager inom telekombranschen. Han \u00e4r gift, har tv\u00e5 utflugna barn och bor i Helsingborg. Janne spelar mycket golf, \u00e4r yogaledare och arrangerar resor f\u00f6r personer med Parkinson och deras anh\u00f6riga.<\/p>\n<\/div>\n","protected":false},"excerpt":{"rendered":"<p>Patientportr\u00e4tt Parkinsondiagnosen har hj\u00e4lpt mig mer \u00e4n den skadat mig Jan \u201dYoga-Janne\u201d, 65 \u00e5r, \u00e4r gift och pappa till tre vuxna barn. Sedan n\u00e4stan \u00e5tta \u00e5r lever han med Parkinsons sjukdom \u2013 en utmaning som visserligen f\u00f6r\u00e4ndrat mycket, men inte bara till det s\u00e4mre. Som pension\u00e4r lever han ett aktivt liv d\u00e4r han spelar golf, [&hellip;]<\/p>\n","protected":false},"author":1,"featured_media":0,"parent":0,"menu_order":0,"comment_status":"closed","ping_status":"closed","template":"","meta":{"_acf_changed":false,"footnotes":""},"class_list":["post-12928","page","type-page","status-publish","hentry"],"acf":[],"yoast_head":"<!-- This site is optimized with the Yoast SEO plugin v26.7 - https:\/\/yoast.com\/wordpress\/plugins\/seo\/ -->\n<title>Parkinsondiagnosen har hj\u00e4lpt mig mer \u00e4n den skadat mig - IRLAB<\/title>\n<meta name=\"robots\" content=\"index, follow, max-snippet:-1, max-image-preview:large, max-video-preview:-1\" \/>\n<link rel=\"canonical\" href=\"https:\/\/irlab.se\/sv\/parkinsondiagnosen-har-hjalpt-mig-mer-an-den-skadat-mig\/\" \/>\n<meta property=\"og:locale\" content=\"sv_SE\" \/>\n<meta property=\"og:type\" content=\"article\" \/>\n<meta property=\"og:title\" content=\"Parkinsondiagnosen har hj\u00e4lpt mig mer \u00e4n den skadat mig - IRLAB\" \/>\n<meta property=\"og:description\" content=\"Patientportr\u00e4tt Parkinsondiagnosen har hj\u00e4lpt mig mer \u00e4n den skadat mig Jan \u201dYoga-Janne\u201d, 65 \u00e5r, \u00e4r gift och pappa till tre vuxna barn. Sedan n\u00e4stan \u00e5tta \u00e5r lever han med Parkinsons sjukdom \u2013 en utmaning som visserligen f\u00f6r\u00e4ndrat mycket, men inte bara till det s\u00e4mre. Som pension\u00e4r lever han ett aktivt liv d\u00e4r han spelar golf, [&hellip;]\" \/>\n<meta property=\"og:url\" content=\"https:\/\/irlab.se\/sv\/parkinsondiagnosen-har-hjalpt-mig-mer-an-den-skadat-mig\/\" \/>\n<meta property=\"og:site_name\" content=\"IRLAB\" \/>\n<meta property=\"article:modified_time\" content=\"2026-04-09T08:37:35+00:00\" \/>\n<meta property=\"og:image\" content=\"https:\/\/irlab.se\/wp-content\/uploads\/2026\/04\/patientberattelse-janne.jpg\" \/>\n\t<meta property=\"og:image:width\" content=\"1800\" \/>\n\t<meta property=\"og:image:height\" content=\"1200\" \/>\n\t<meta property=\"og:image:type\" content=\"image\/jpeg\" \/>\n<meta name=\"twitter:card\" content=\"summary_large_image\" \/>\n<meta name=\"twitter:label1\" content=\"Ber\u00e4knad l\u00e4stid\" \/>\n\t<meta name=\"twitter:data1\" content=\"4 minuter\" \/>\n<script type=\"application\/ld+json\" class=\"yoast-schema-graph\">{\"@context\":\"https:\/\/schema.org\",\"@graph\":[{\"@type\":\"WebPage\",\"@id\":\"https:\/\/irlab.se\/sv\/parkinsondiagnosen-har-hjalpt-mig-mer-an-den-skadat-mig\/\",\"url\":\"https:\/\/irlab.se\/sv\/parkinsondiagnosen-har-hjalpt-mig-mer-an-den-skadat-mig\/\",\"name\":\"Parkinsondiagnosen har hj\u00e4lpt mig mer \u00e4n den skadat mig - IRLAB\",\"isPartOf\":{\"@id\":\"https:\/\/irlab.se\/#website\"},\"primaryImageOfPage\":{\"@id\":\"https:\/\/irlab.se\/sv\/parkinsondiagnosen-har-hjalpt-mig-mer-an-den-skadat-mig\/#primaryimage\"},\"image\":{\"@id\":\"https:\/\/irlab.se\/sv\/parkinsondiagnosen-har-hjalpt-mig-mer-an-den-skadat-mig\/#primaryimage\"},\"thumbnailUrl\":\"https:\/\/irlab.se\/wp-content\/uploads\/2026\/04\/patientberattelse-janne-1024x683.jpg\",\"datePublished\":\"2026-04-09T08:19:55+00:00\",\"dateModified\":\"2026-04-09T08:37:35+00:00\",\"breadcrumb\":{\"@id\":\"https:\/\/irlab.se\/sv\/parkinsondiagnosen-har-hjalpt-mig-mer-an-den-skadat-mig\/#breadcrumb\"},\"inLanguage\":\"sv-SE\",\"potentialAction\":[{\"@type\":\"ReadAction\",\"target\":[\"https:\/\/irlab.se\/sv\/parkinsondiagnosen-har-hjalpt-mig-mer-an-den-skadat-mig\/\"]}]},{\"@type\":\"ImageObject\",\"inLanguage\":\"sv-SE\",\"@id\":\"https:\/\/irlab.se\/sv\/parkinsondiagnosen-har-hjalpt-mig-mer-an-den-skadat-mig\/#primaryimage\",\"url\":\"https:\/\/irlab.se\/wp-content\/uploads\/2026\/04\/patientberattelse-janne-1024x683.jpg\",\"contentUrl\":\"https:\/\/irlab.se\/wp-content\/uploads\/2026\/04\/patientberattelse-janne-1024x683.jpg\"},{\"@type\":\"BreadcrumbList\",\"@id\":\"https:\/\/irlab.se\/sv\/parkinsondiagnosen-har-hjalpt-mig-mer-an-den-skadat-mig\/#breadcrumb\",\"itemListElement\":[{\"@type\":\"ListItem\",\"position\":1,\"name\":\"Home\",\"item\":\"https:\/\/irlab.se\/sv\/\"},{\"@type\":\"ListItem\",\"position\":2,\"name\":\"Parkinsondiagnosen har hj\u00e4lpt mig mer \u00e4n den skadat mig\"}]},{\"@type\":\"WebSite\",\"@id\":\"https:\/\/irlab.se\/#website\",\"url\":\"https:\/\/irlab.se\/\",\"name\":\"Irlab\",\"description\":\"Novel treatments for Parkinson&#039;s disease\",\"potentialAction\":[{\"@type\":\"SearchAction\",\"target\":{\"@type\":\"EntryPoint\",\"urlTemplate\":\"https:\/\/irlab.se\/?s={search_term_string}\"},\"query-input\":{\"@type\":\"PropertyValueSpecification\",\"valueRequired\":true,\"valueName\":\"search_term_string\"}}],\"inLanguage\":\"sv-SE\"}]}<\/script>\n<!-- \/ Yoast SEO plugin. -->","yoast_head_json":{"title":"Parkinsondiagnosen har hj\u00e4lpt mig mer \u00e4n den skadat mig - IRLAB","robots":{"index":"index","follow":"follow","max-snippet":"max-snippet:-1","max-image-preview":"max-image-preview:large","max-video-preview":"max-video-preview:-1"},"canonical":"https:\/\/irlab.se\/sv\/parkinsondiagnosen-har-hjalpt-mig-mer-an-den-skadat-mig\/","og_locale":"sv_SE","og_type":"article","og_title":"Parkinsondiagnosen har hj\u00e4lpt mig mer \u00e4n den skadat mig - IRLAB","og_description":"Patientportr\u00e4tt Parkinsondiagnosen har hj\u00e4lpt mig mer \u00e4n den skadat mig Jan \u201dYoga-Janne\u201d, 65 \u00e5r, \u00e4r gift och pappa till tre vuxna barn. Sedan n\u00e4stan \u00e5tta \u00e5r lever han med Parkinsons sjukdom \u2013 en utmaning som visserligen f\u00f6r\u00e4ndrat mycket, men inte bara till det s\u00e4mre. Som pension\u00e4r lever han ett aktivt liv d\u00e4r han spelar golf, [&hellip;]","og_url":"https:\/\/irlab.se\/sv\/parkinsondiagnosen-har-hjalpt-mig-mer-an-den-skadat-mig\/","og_site_name":"IRLAB","article_modified_time":"2026-04-09T08:37:35+00:00","og_image":[{"width":1800,"height":1200,"url":"https:\/\/irlab.se\/wp-content\/uploads\/2026\/04\/patientberattelse-janne.jpg","type":"image\/jpeg"}],"twitter_card":"summary_large_image","twitter_misc":{"Ber\u00e4knad l\u00e4stid":"4 minuter"},"schema":{"@context":"https:\/\/schema.org","@graph":[{"@type":"WebPage","@id":"https:\/\/irlab.se\/sv\/parkinsondiagnosen-har-hjalpt-mig-mer-an-den-skadat-mig\/","url":"https:\/\/irlab.se\/sv\/parkinsondiagnosen-har-hjalpt-mig-mer-an-den-skadat-mig\/","name":"Parkinsondiagnosen har hj\u00e4lpt mig mer \u00e4n den skadat mig - IRLAB","isPartOf":{"@id":"https:\/\/irlab.se\/#website"},"primaryImageOfPage":{"@id":"https:\/\/irlab.se\/sv\/parkinsondiagnosen-har-hjalpt-mig-mer-an-den-skadat-mig\/#primaryimage"},"image":{"@id":"https:\/\/irlab.se\/sv\/parkinsondiagnosen-har-hjalpt-mig-mer-an-den-skadat-mig\/#primaryimage"},"thumbnailUrl":"https:\/\/irlab.se\/wp-content\/uploads\/2026\/04\/patientberattelse-janne-1024x683.jpg","datePublished":"2026-04-09T08:19:55+00:00","dateModified":"2026-04-09T08:37:35+00:00","breadcrumb":{"@id":"https:\/\/irlab.se\/sv\/parkinsondiagnosen-har-hjalpt-mig-mer-an-den-skadat-mig\/#breadcrumb"},"inLanguage":"sv-SE","potentialAction":[{"@type":"ReadAction","target":["https:\/\/irlab.se\/sv\/parkinsondiagnosen-har-hjalpt-mig-mer-an-den-skadat-mig\/"]}]},{"@type":"ImageObject","inLanguage":"sv-SE","@id":"https:\/\/irlab.se\/sv\/parkinsondiagnosen-har-hjalpt-mig-mer-an-den-skadat-mig\/#primaryimage","url":"https:\/\/irlab.se\/wp-content\/uploads\/2026\/04\/patientberattelse-janne-1024x683.jpg","contentUrl":"https:\/\/irlab.se\/wp-content\/uploads\/2026\/04\/patientberattelse-janne-1024x683.jpg"},{"@type":"BreadcrumbList","@id":"https:\/\/irlab.se\/sv\/parkinsondiagnosen-har-hjalpt-mig-mer-an-den-skadat-mig\/#breadcrumb","itemListElement":[{"@type":"ListItem","position":1,"name":"Home","item":"https:\/\/irlab.se\/sv\/"},{"@type":"ListItem","position":2,"name":"Parkinsondiagnosen har hj\u00e4lpt mig mer \u00e4n den skadat mig"}]},{"@type":"WebSite","@id":"https:\/\/irlab.se\/#website","url":"https:\/\/irlab.se\/","name":"Irlab","description":"Novel treatments for Parkinson&#039;s disease","potentialAction":[{"@type":"SearchAction","target":{"@type":"EntryPoint","urlTemplate":"https:\/\/irlab.se\/?s={search_term_string}"},"query-input":{"@type":"PropertyValueSpecification","valueRequired":true,"valueName":"search_term_string"}}],"inLanguage":"sv-SE"}]}},"_links":{"self":[{"href":"https:\/\/irlab.se\/sv\/wp-json\/wp\/v2\/pages\/12928","targetHints":{"allow":["GET"]}}],"collection":[{"href":"https:\/\/irlab.se\/sv\/wp-json\/wp\/v2\/pages"}],"about":[{"href":"https:\/\/irlab.se\/sv\/wp-json\/wp\/v2\/types\/page"}],"author":[{"embeddable":true,"href":"https:\/\/irlab.se\/sv\/wp-json\/wp\/v2\/users\/1"}],"replies":[{"embeddable":true,"href":"https:\/\/irlab.se\/sv\/wp-json\/wp\/v2\/comments?post=12928"}],"version-history":[{"count":2,"href":"https:\/\/irlab.se\/sv\/wp-json\/wp\/v2\/pages\/12928\/revisions"}],"predecessor-version":[{"id":12931,"href":"https:\/\/irlab.se\/sv\/wp-json\/wp\/v2\/pages\/12928\/revisions\/12931"}],"wp:attachment":[{"href":"https:\/\/irlab.se\/sv\/wp-json\/wp\/v2\/media?parent=12928"}],"curies":[{"name":"wp","href":"https:\/\/api.w.org\/{rel}","templated":true}]}}