{"id":12924,"date":"2026-04-09T10:18:05","date_gmt":"2026-04-09T08:18:05","guid":{"rendered":"https:\/\/irlab.se\/?page_id=12924"},"modified":"2026-04-09T14:49:04","modified_gmt":"2026-04-09T12:49:04","slug":"parkinson-ar-bara-en-liten-del-av-mig","status":"publish","type":"page","link":"https:\/\/irlab.se\/sv\/parkinson-ar-bara-en-liten-del-av-mig\/","title":{"rendered":"Parkinson \u00e4r bara en liten del av mig"},"content":{"rendered":"\n<p class=\"is-style-intro-text-style\">Patientportr\u00e4tt<\/p>\n\n\n\n<h1 class=\"wp-block-heading\" id=\"livet-med-parkinson-ett-evigt-maratonlopp\">Parkinson \u00e4r bara en liten del av mig<\/h1>\n\n\n\n<p class=\"is-style-intro-text-style\"><strong>Lotta, 69 \u00e5r, lever ett aktivt liv med k\u00f6rs\u00e5ng, tr\u00e4ning och en stor familj. Hon har haft Parkinsons sjukdom i snart tv\u00e5 decennier och \u00e4ven om sjukdomen har stor p\u00e5verkan p\u00e5 hennes vardagsliv \u00e4r det viktigt f\u00f6r Lotta att forts\u00e4tta g\u00f6ra saker hon tycker om.<\/strong>&nbsp;<\/p>\n\n\n\n<figure class=\"wp-block-image size-large\"><img loading=\"lazy\" decoding=\"async\" width=\"1024\" height=\"684\" src=\"https:\/\/irlab.se\/wp-content\/uploads\/2026\/04\/patentberattelse-lotta-1024x684.jpg\" alt=\"\" class=\"wp-image-12920\" srcset=\"https:\/\/irlab.se\/wp-content\/uploads\/2026\/04\/patentberattelse-lotta-1024x684.jpg 1024w, https:\/\/irlab.se\/wp-content\/uploads\/2026\/04\/patentberattelse-lotta-300x200.jpg 300w, https:\/\/irlab.se\/wp-content\/uploads\/2026\/04\/patentberattelse-lotta-768x513.jpg 768w, https:\/\/irlab.se\/wp-content\/uploads\/2026\/04\/patentberattelse-lotta-1536x1026.jpg 1536w, https:\/\/irlab.se\/wp-content\/uploads\/2026\/04\/patentberattelse-lotta.jpg 1800w\" sizes=\"auto, (max-width: 1024px) 100vw, 1024px\" \/><\/figure>\n\n\n\n<p>Lotta lever ett aktivt pension\u00e4rsliv, hon sjunger i k\u00f6r, tr\u00e4nar p\u00e5 gym och leder grupper i initiativet \u201dTryggare vardag\u201d som \u00e4r tr\u00e4ning med fallteknik f\u00f6r personer som har en tendens att falla.<\/p>\n\n\n\n<p>\u2013 Vi tr\u00e4nar f\u00f6rst och fr\u00e4mst p\u00e5 att f\u00f6rebygga fall och d\u00e5 \u00e4r det att tr\u00e4na styrka, koordination, balans och s\u00e5dana grejer. Och s\u00e5 tr\u00e4nar man p\u00e5 hur man ska falla p\u00e5 ett s\u00e5 lindrigt s\u00e4tt som m\u00f6jligt och \u00e4ven hur man tar sig upp. Det \u00e4r v\u00e4ldigt bra tr\u00e4ning f\u00f6r alla som k\u00e4nner sig lite ostadiga, inte bara f\u00f6r personer med Parkinson. Fr\u00e5n b\u00f6rjan var det ett projekt mot Parkinson, men nu \u00e4r vi faktiskt i minoritet.<\/p>\n\n\n\n<p>Lotta leder ocks\u00e5 samtalsgrupper f\u00f6r personer med Parkinson.<\/p>\n\n\n\n<p>\u2013 Det \u00e4r en grupp f\u00f6r oss och en f\u00f6r anh\u00f6riga och sen tr\u00e4ffas vi allihop och dricker kaffe n\u00e4r vi har pratat f\u00e4rdigt.<\/p>\n\n\n\n<p>Det f\u00f6rsta tecknet p\u00e5 att Lotta hade Parkinson var att hennes v\u00e4nsterhand darrade och att hon ins\u00e5g att hon beh\u00f6vde t\u00e4nka efter var hon satte f\u00f6tterna n\u00e4r hon gick p\u00e5 oj\u00e4mna underlag.<\/p>\n\n\n\n<p>\u2013 Jag var p\u00e5 stranden bland stora stenar och skulle hoppa fr\u00e5n sten till sten. Och d\u00e5 uppt\u00e4ckte jag att det inte gick automatiskt l\u00e4ngre utan att jag pl\u00f6tsligt beh\u00f6vde t\u00e4nka hur jag skulle g\u00f6ra.<\/p>\n\n\n\n<p>Lottas syster som \u00e4r l\u00e4kare tyckte att Lotta skulle g\u00e5 till v\u00e5rdcentralen men l\u00e4karen d\u00e4r trodde att det nog var \u00e4rftliga skakningar och remitterade inte henne vidare.<\/p>\n\n\n\n<p>\u2013 N\u00e4r jag senare pratade med min syster sa hon att jag skulle g\u00e5 tillbaka och be om en remiss. Det gjorde jag och fick remiss till en privat neurolog som jag nu har g\u00e5tt till i 18 \u00e5r.<\/p>\n\n\n\n<p>Lottas neurolog misst\u00e4nkte ganska snabbt Parkinson och satte in behandling som lindrade besv\u00e4ren.<\/p>\n\n\n\n<p>\u2013 Jag hade inte s\u00e5 mycket besv\u00e4r i b\u00f6rjan, det var helt hanterbart de f\u00f6rsta tio \u00e5ren. Men med sjukdomen kom en \u00f6kande tr\u00f6tthet och merparten av den energi jag hade gick till arbetet s\u00e5 till slut gick jag ner i arbetstid.<\/p>\n\n\n\n<p>Nu 18 \u00e5r efter diagnosen upplever Lotta att sjukdomen har stor p\u00e5verkan p\u00e5 hennes liv och hon tog nyligen beslutet att inte planera in mer \u00e4n en aktivitet per dag. Hon tror att tr\u00f6ttheten delvis beror p\u00e5 att hon blir \u00e4ldre, men med \u00e5ren har det ocks\u00e5 blivit sv\u00e5rare och sv\u00e5rare att beh\u00e5lla effekten av behandlingen mellan doserna.<\/p>\n\n\n\n<p>\u2013 I b\u00f6rjan tog jag dopaminmedicin tre g\u00e5nger om dagen och nu beh\u00f6ver jag ta den varannan timme. Det h\u00e4nder ibland att det att det inte riktigt r\u00e4cker och d\u00e5 m\u00e5r jag r\u00e4tt d\u00e5ligt faktiskt.<\/p>\n\n\n\n<p>Lotta som tidigare tyckt om att resa k\u00e4nner att det nog i framtiden f\u00e5r r\u00e4cka med inrikesresor.<\/p>\n\n\n\n<p>\u2013 Jag har rest en hel del, s\u00e4rskilt n\u00e4r min man fortfarande levde men nu kommer jag nog bara att resa till Stockholm, G\u00f6teborg och \u00d6rebro d\u00e4r jag har mina syskon och tv\u00e5 av mina barn, och till K\u00f6penhamn d\u00e4r jag har ett barn och ett nytt litet barnbarn.<\/p>\n\n\n\n<p>\u00c4ven om sjukdomen tar mer och mer plats i Lottas liv s\u00e5 tycker hon att det \u00e4r viktigt att inte l\u00e5ta den dominera hennes sj\u00e4lvbild.<\/p>\n\n\n\n<p>\u2013 Jag brukar t\u00e4nka att Parkinson ju bara \u00e4r en mindre del av mig som person, resten av mig \u00e4r frisk och samma person som jag alltid har varit. Det \u00e4r viktigt att komma ih\u00e5g.<\/p>\n\n\n\n<p><\/p>\n\n\n\n<div class=\"wp-block-group has-sand-background-color has-background is-layout-constrained wp-block-group-is-layout-constrained\" style=\"padding-top:var(--wp--preset--spacing--60);padding-bottom:var(--wp--preset--spacing--60)\">\n<p><strong>Lotta, 69 \u00e5r<\/strong><\/p>\n\n\n\n<p>Lotta \u00e4r pensionerad s\u00e5ngpedagog och arbetsterapeut. Hon \u00e4r f\u00f6dd i Stockholm, uppvuxen i Malm\u00f6 och har bott i Helsingborg i 30 \u00e5r. Lotta har ett barn, tv\u00e5 bonusbarn, fem bonusbarnbarn och ett biologiskt barnbarn. Musik \u00e4r hennes stora intresse och hon g\u00e5r mycket p\u00e5 opera, konserter och teater.<\/p>\n<\/div>\n","protected":false},"excerpt":{"rendered":"<p>Patientportr\u00e4tt Parkinson \u00e4r bara en liten del av mig Lotta, 69 \u00e5r, lever ett aktivt liv med k\u00f6rs\u00e5ng, tr\u00e4ning och en stor familj. Hon har haft Parkinsons sjukdom i snart tv\u00e5 decennier och \u00e4ven om sjukdomen har stor p\u00e5verkan p\u00e5 hennes vardagsliv \u00e4r det viktigt f\u00f6r Lotta att forts\u00e4tta g\u00f6ra saker hon tycker om.&nbsp; Lotta [&hellip;]<\/p>\n","protected":false},"author":1,"featured_media":0,"parent":0,"menu_order":0,"comment_status":"closed","ping_status":"closed","template":"","meta":{"_acf_changed":false,"footnotes":""},"class_list":["post-12924","page","type-page","status-publish","hentry"],"acf":[],"yoast_head":"<!-- This site is optimized with the Yoast SEO plugin v26.7 - https:\/\/yoast.com\/wordpress\/plugins\/seo\/ -->\n<title>Parkinson \u00e4r bara en liten del av mig - IRLAB<\/title>\n<meta name=\"robots\" content=\"index, follow, max-snippet:-1, max-image-preview:large, max-video-preview:-1\" \/>\n<link rel=\"canonical\" href=\"https:\/\/irlab.se\/sv\/parkinson-ar-bara-en-liten-del-av-mig\/\" \/>\n<meta property=\"og:locale\" content=\"sv_SE\" \/>\n<meta property=\"og:type\" content=\"article\" \/>\n<meta property=\"og:title\" content=\"Parkinson \u00e4r bara en liten del av mig - IRLAB\" \/>\n<meta property=\"og:description\" content=\"Patientportr\u00e4tt Parkinson \u00e4r bara en liten del av mig Lotta, 69 \u00e5r, lever ett aktivt liv med k\u00f6rs\u00e5ng, tr\u00e4ning och en stor familj. Hon har haft Parkinsons sjukdom i snart tv\u00e5 decennier och \u00e4ven om sjukdomen har stor p\u00e5verkan p\u00e5 hennes vardagsliv \u00e4r det viktigt f\u00f6r Lotta att forts\u00e4tta g\u00f6ra saker hon tycker om.&nbsp; Lotta [&hellip;]\" \/>\n<meta property=\"og:url\" content=\"https:\/\/irlab.se\/sv\/parkinson-ar-bara-en-liten-del-av-mig\/\" \/>\n<meta property=\"og:site_name\" content=\"IRLAB\" \/>\n<meta property=\"article:modified_time\" content=\"2026-04-09T12:49:04+00:00\" \/>\n<meta property=\"og:image\" content=\"https:\/\/irlab.se\/wp-content\/uploads\/2026\/04\/patentberattelse-lotta.jpg\" \/>\n\t<meta property=\"og:image:width\" content=\"1800\" \/>\n\t<meta property=\"og:image:height\" content=\"1202\" \/>\n\t<meta property=\"og:image:type\" content=\"image\/jpeg\" \/>\n<meta name=\"twitter:card\" content=\"summary_large_image\" \/>\n<meta name=\"twitter:label1\" content=\"Ber\u00e4knad l\u00e4stid\" \/>\n\t<meta name=\"twitter:data1\" content=\"4 minuter\" \/>\n<script type=\"application\/ld+json\" class=\"yoast-schema-graph\">{\"@context\":\"https:\/\/schema.org\",\"@graph\":[{\"@type\":\"WebPage\",\"@id\":\"https:\/\/irlab.se\/sv\/parkinson-ar-bara-en-liten-del-av-mig\/\",\"url\":\"https:\/\/irlab.se\/sv\/parkinson-ar-bara-en-liten-del-av-mig\/\",\"name\":\"Parkinson \u00e4r bara en liten del av mig - IRLAB\",\"isPartOf\":{\"@id\":\"https:\/\/irlab.se\/#website\"},\"primaryImageOfPage\":{\"@id\":\"https:\/\/irlab.se\/sv\/parkinson-ar-bara-en-liten-del-av-mig\/#primaryimage\"},\"image\":{\"@id\":\"https:\/\/irlab.se\/sv\/parkinson-ar-bara-en-liten-del-av-mig\/#primaryimage\"},\"thumbnailUrl\":\"https:\/\/irlab.se\/wp-content\/uploads\/2026\/04\/patentberattelse-lotta-1024x684.jpg\",\"datePublished\":\"2026-04-09T08:18:05+00:00\",\"dateModified\":\"2026-04-09T12:49:04+00:00\",\"breadcrumb\":{\"@id\":\"https:\/\/irlab.se\/sv\/parkinson-ar-bara-en-liten-del-av-mig\/#breadcrumb\"},\"inLanguage\":\"sv-SE\",\"potentialAction\":[{\"@type\":\"ReadAction\",\"target\":[\"https:\/\/irlab.se\/sv\/parkinson-ar-bara-en-liten-del-av-mig\/\"]}]},{\"@type\":\"ImageObject\",\"inLanguage\":\"sv-SE\",\"@id\":\"https:\/\/irlab.se\/sv\/parkinson-ar-bara-en-liten-del-av-mig\/#primaryimage\",\"url\":\"https:\/\/irlab.se\/wp-content\/uploads\/2026\/04\/patentberattelse-lotta-1024x684.jpg\",\"contentUrl\":\"https:\/\/irlab.se\/wp-content\/uploads\/2026\/04\/patentberattelse-lotta-1024x684.jpg\"},{\"@type\":\"BreadcrumbList\",\"@id\":\"https:\/\/irlab.se\/sv\/parkinson-ar-bara-en-liten-del-av-mig\/#breadcrumb\",\"itemListElement\":[{\"@type\":\"ListItem\",\"position\":1,\"name\":\"Home\",\"item\":\"https:\/\/irlab.se\/sv\/\"},{\"@type\":\"ListItem\",\"position\":2,\"name\":\"Parkinson \u00e4r bara en liten del av mig\"}]},{\"@type\":\"WebSite\",\"@id\":\"https:\/\/irlab.se\/#website\",\"url\":\"https:\/\/irlab.se\/\",\"name\":\"Irlab\",\"description\":\"Novel treatments for Parkinson&#039;s disease\",\"potentialAction\":[{\"@type\":\"SearchAction\",\"target\":{\"@type\":\"EntryPoint\",\"urlTemplate\":\"https:\/\/irlab.se\/?s={search_term_string}\"},\"query-input\":{\"@type\":\"PropertyValueSpecification\",\"valueRequired\":true,\"valueName\":\"search_term_string\"}}],\"inLanguage\":\"sv-SE\"}]}<\/script>\n<!-- \/ Yoast SEO plugin. -->","yoast_head_json":{"title":"Parkinson \u00e4r bara en liten del av mig - IRLAB","robots":{"index":"index","follow":"follow","max-snippet":"max-snippet:-1","max-image-preview":"max-image-preview:large","max-video-preview":"max-video-preview:-1"},"canonical":"https:\/\/irlab.se\/sv\/parkinson-ar-bara-en-liten-del-av-mig\/","og_locale":"sv_SE","og_type":"article","og_title":"Parkinson \u00e4r bara en liten del av mig - IRLAB","og_description":"Patientportr\u00e4tt Parkinson \u00e4r bara en liten del av mig Lotta, 69 \u00e5r, lever ett aktivt liv med k\u00f6rs\u00e5ng, tr\u00e4ning och en stor familj. Hon har haft Parkinsons sjukdom i snart tv\u00e5 decennier och \u00e4ven om sjukdomen har stor p\u00e5verkan p\u00e5 hennes vardagsliv \u00e4r det viktigt f\u00f6r Lotta att forts\u00e4tta g\u00f6ra saker hon tycker om.&nbsp; Lotta [&hellip;]","og_url":"https:\/\/irlab.se\/sv\/parkinson-ar-bara-en-liten-del-av-mig\/","og_site_name":"IRLAB","article_modified_time":"2026-04-09T12:49:04+00:00","og_image":[{"width":1800,"height":1202,"url":"https:\/\/irlab.se\/wp-content\/uploads\/2026\/04\/patentberattelse-lotta.jpg","type":"image\/jpeg"}],"twitter_card":"summary_large_image","twitter_misc":{"Ber\u00e4knad l\u00e4stid":"4 minuter"},"schema":{"@context":"https:\/\/schema.org","@graph":[{"@type":"WebPage","@id":"https:\/\/irlab.se\/sv\/parkinson-ar-bara-en-liten-del-av-mig\/","url":"https:\/\/irlab.se\/sv\/parkinson-ar-bara-en-liten-del-av-mig\/","name":"Parkinson \u00e4r bara en liten del av mig - IRLAB","isPartOf":{"@id":"https:\/\/irlab.se\/#website"},"primaryImageOfPage":{"@id":"https:\/\/irlab.se\/sv\/parkinson-ar-bara-en-liten-del-av-mig\/#primaryimage"},"image":{"@id":"https:\/\/irlab.se\/sv\/parkinson-ar-bara-en-liten-del-av-mig\/#primaryimage"},"thumbnailUrl":"https:\/\/irlab.se\/wp-content\/uploads\/2026\/04\/patentberattelse-lotta-1024x684.jpg","datePublished":"2026-04-09T08:18:05+00:00","dateModified":"2026-04-09T12:49:04+00:00","breadcrumb":{"@id":"https:\/\/irlab.se\/sv\/parkinson-ar-bara-en-liten-del-av-mig\/#breadcrumb"},"inLanguage":"sv-SE","potentialAction":[{"@type":"ReadAction","target":["https:\/\/irlab.se\/sv\/parkinson-ar-bara-en-liten-del-av-mig\/"]}]},{"@type":"ImageObject","inLanguage":"sv-SE","@id":"https:\/\/irlab.se\/sv\/parkinson-ar-bara-en-liten-del-av-mig\/#primaryimage","url":"https:\/\/irlab.se\/wp-content\/uploads\/2026\/04\/patentberattelse-lotta-1024x684.jpg","contentUrl":"https:\/\/irlab.se\/wp-content\/uploads\/2026\/04\/patentberattelse-lotta-1024x684.jpg"},{"@type":"BreadcrumbList","@id":"https:\/\/irlab.se\/sv\/parkinson-ar-bara-en-liten-del-av-mig\/#breadcrumb","itemListElement":[{"@type":"ListItem","position":1,"name":"Home","item":"https:\/\/irlab.se\/sv\/"},{"@type":"ListItem","position":2,"name":"Parkinson \u00e4r bara en liten del av mig"}]},{"@type":"WebSite","@id":"https:\/\/irlab.se\/#website","url":"https:\/\/irlab.se\/","name":"Irlab","description":"Novel treatments for Parkinson&#039;s disease","potentialAction":[{"@type":"SearchAction","target":{"@type":"EntryPoint","urlTemplate":"https:\/\/irlab.se\/?s={search_term_string}"},"query-input":{"@type":"PropertyValueSpecification","valueRequired":true,"valueName":"search_term_string"}}],"inLanguage":"sv-SE"}]}},"_links":{"self":[{"href":"https:\/\/irlab.se\/sv\/wp-json\/wp\/v2\/pages\/12924","targetHints":{"allow":["GET"]}}],"collection":[{"href":"https:\/\/irlab.se\/sv\/wp-json\/wp\/v2\/pages"}],"about":[{"href":"https:\/\/irlab.se\/sv\/wp-json\/wp\/v2\/types\/page"}],"author":[{"embeddable":true,"href":"https:\/\/irlab.se\/sv\/wp-json\/wp\/v2\/users\/1"}],"replies":[{"embeddable":true,"href":"https:\/\/irlab.se\/sv\/wp-json\/wp\/v2\/comments?post=12924"}],"version-history":[{"count":4,"href":"https:\/\/irlab.se\/sv\/wp-json\/wp\/v2\/pages\/12924\/revisions"}],"predecessor-version":[{"id":12941,"href":"https:\/\/irlab.se\/sv\/wp-json\/wp\/v2\/pages\/12924\/revisions\/12941"}],"wp:attachment":[{"href":"https:\/\/irlab.se\/sv\/wp-json\/wp\/v2\/media?parent=12924"}],"curies":[{"name":"wp","href":"https:\/\/api.w.org\/{rel}","templated":true}]}}