{"id":12166,"date":"2025-07-02T14:23:10","date_gmt":"2025-07-02T12:23:10","guid":{"rendered":"https:\/\/irlab.se\/?page_id=12166"},"modified":"2025-07-02T14:48:26","modified_gmt":"2025-07-02T12:48:26","slug":"nyemission-2025","status":"publish","type":"page","link":"https:\/\/irlab.se\/sv\/investerare\/nyemission-2025\/","title":{"rendered":"Nyemission 2025"},"content":{"rendered":"\n<h1 class=\"wp-block-heading\" id=\"om-irlab\">IRLAB v\u00e4xlar upp \u2013 Parkinsonfokus i bred pipeline med global potential<\/h1>\n\n\n\n<p class=\"is-style-intro-text-style\"><strong><em>Med fem projekt riktade mot olika centrala symtom vid Parkinsons sjukdom positionerar sig det svenska biofarmabolaget IRLAB som en innovativ och differentierad spelare inom neurodegenerativa sjukdomar. Genom en nyemission om cirka 136 miljoner kronor, varav 85 procent \u00e4r garanterad, avser bolaget nu accelerera sina l\u00e4kemedelsprojekt. Kapitalet m\u00f6jligg\u00f6r fortsatt utveckling av tv\u00e5 nyckelkandidater, med sikte p\u00e5 viktiga kliniska milstolpar. &#8221;Vi har l\u00e4kemedelskandidater som \u00e4r first-in-class och som adresserar b\u00e5de motoriska och icke-motoriska, neuropsykiatriska, symtom d\u00e4r dagens behandlingsalternativ inte r\u00e4cker till, potentialen \u00e4r mycket stor&#8221;, s\u00e4ger vd Kristina Torfg\u00e5rd.<\/em><\/strong><\/p>\n\n\n\n<p><\/p>\n\n\n\n<div class=\"wp-block-buttons is-layout-flex wp-block-buttons-is-layout-flex\">\n<div class=\"wp-block-button is-style-link-normal-green\"><a class=\"wp-block-button__link has-white-color has-green-background-color has-text-color has-background has-link-color wp-element-button\" href=\"https:\/\/irlab.se\/sv\/nyemission-2025\/\" style=\"padding-top:var(--wp--preset--spacing--30);padding-right:var(--wp--preset--spacing--50);padding-bottom:var(--wp--preset--spacing--30);padding-left:var(--wp--preset--spacing--50)\" target=\"_blank\" rel=\"noreferrer noopener\">F\u00f6r att ta del av erbjudandet och teckna aktier, klicka h\u00e4r!<\/a><\/div>\n<\/div>\n\n\n\n<p><\/p>\n\n\n\n<h3 class=\"wp-block-heading\" id=\"forskning-och-utveckling-inom-cns\">Intervju av Redeye med IRLAB:s vd Kristina Torfg\u00e5rd<\/h3>\n\n\n\n<figure class=\"wp-block-embed is-type-video is-provider-vimeo wp-block-embed-vimeo wp-embed-aspect-16-9 wp-has-aspect-ratio\"><div class=\"wp-block-embed__wrapper\">\n<iframe loading=\"lazy\" title=\"IRLAB 250626\" src=\"https:\/\/player.vimeo.com\/video\/1096641514?dnt=1&amp;app_id=122963\" width=\"500\" height=\"281\" frameborder=\"0\" allow=\"autoplay; fullscreen; picture-in-picture; clipboard-write; encrypted-media; web-share\"><\/iframe>\n<\/div><\/figure>\n\n\n\n<h3 class=\"wp-block-heading\" id=\"forskning-och-utveckling-inom-cns\">En v\u00e4xande global sjukdomsutmaning<\/h3>\n\n\n\n<p>Parkinsons sjukdom \u00e4r idag en av de snabbast v\u00e4xande neurodegenerativa sjukdomarna globalt. \u00d6ver 11 miljoner m\u00e4nniskor \u00e4r drabbade, och antalet v\u00e4ntas f\u00f6rdubblas inom 15\u201320 \u00e5r i takt med att befolkningen \u00e5ldras. Nuvarande standardbehandling \u2013 levodopa \u2013 utvecklades p\u00e5 1960-talet och \u00e4r fortfarande h\u00f6rnstenen i terapin, trots uttalade biverkningar som dyskinesier (ofrivilliga, okontrollerade r\u00f6relser) och motoriska fluktuationer.<\/p>\n\n\n\n<p>\u201dDet finns ett stort medicinskt behov, inte bara f\u00f6r de symtom som idag saknar behandling, eller uppn\u00e5 b\u00e4ttre effekt utan ocks\u00e5 f\u00f6r att minimera de komplikationer som dagens behandling orsakar\u201d, s\u00e4ger Kristina Torfg\u00e5rd. \u201dVi utvecklar l\u00e4kemedel som angriper just dessa sv\u00e5rbehandlade aspekter \u2013 med syftet att f\u00f6rb\u00e4ttra livskvalitet och att f\u00f6rdr\u00f6ja funktionsf\u00f6rlust.\u201d <\/p>\n\n\n\n<p>Den globala marknaden f\u00f6r Parkinsons sjukdom uppgick till cirka 5 miljarder USD \u00e5r 2023 och f\u00f6rv\u00e4ntas v\u00e4xa till \u00f6ver 10 miljarder USD till \u00e5r 2030, enligt externa marknadsanalyser. IRLAB:s kandidater riktar sig mot segment med betydande medicinska behov som i dagsl\u00e4get saknar tillr\u00e4cklig behandling \u2013 s\u00e5 som dyskinesier, fall och fallolyckor samt apati \u2013 vilket inneb\u00e4r att de potentiellt kan ta betydande marknadsandelar inom nischade, snabbv\u00e4xande delmarknader. Till exempel ber\u00e4knas den globala marknaden f\u00f6r behandling av levodopa-inducerade dyskinesier (LID) n\u00e5 \u00f6ver 1 miljard USD i slutet av decenniet.<\/p>\n\n\n\n<figure class=\"wp-block-image\"><a href=\"https:\/\/irlab.se\/om-irlab\/web_retina_dsf9408-2\/?lang=sv\"><img loading=\"lazy\" decoding=\"async\" width=\"1024\" height=\"576\" src=\"https:\/\/irlab.se\/wp-content\/uploads\/2019\/09\/web_retina_DSF9408-1024x576.jpg\" alt=\"\" class=\"wp-image-3565\" srcset=\"https:\/\/irlab.se\/wp-content\/uploads\/2019\/09\/web_retina_DSF9408-1024x576.jpg 1024w, https:\/\/irlab.se\/wp-content\/uploads\/2019\/09\/web_retina_DSF9408-300x169.jpg 300w, https:\/\/irlab.se\/wp-content\/uploads\/2019\/09\/web_retina_DSF9408-768x432.jpg 768w, https:\/\/irlab.se\/wp-content\/uploads\/2019\/09\/web_retina_DSF9408.jpg 2048w\" sizes=\"auto, (max-width: 1024px) 100vw, 1024px\" \/><\/a><\/figure>\n\n\n\n<h3 class=\"wp-block-heading\">En plattform byggd p\u00e5 Nobelprisbel\u00f6nad forskning<\/h3>\n\n\n\n<p>IRLAB:s forskningsplattform har sitt ursprung i Nobelpristagaren Prof. Arvid Carlssons forskargrupp och uppt\u00e4ckten av ett samband mellan st\u00f6rningar i hj\u00e4rnans signalsubstanser och hj\u00e4rnans sjukdomar. Plattformen bygger p\u00e5 fenotypbaserad screening, till skillnad fr\u00e5n den dominerande target-baserade metoden i branschen. Resultatet \u00e4r en pipeline med fem l\u00e4kemedelskandidater \u2013 var och en riktad mot olika delar av Parkinsonspektrumet och med s\u00e5 kallad blockbuster potential, det vill s\u00e4ga en potentiell marknad om \u00f6ver 1 miljard dollar.<\/p>\n\n\n\n<p><strong>Mesdopetam<\/strong> \u00e4r den mest avancerade l\u00e4kemedelskandidaten i IRLAB:s portf\u00f6lj och redo f\u00f6r fas 3-studier. Den \u00e4r utvecklad f\u00f6r att minska ofrivilliga \u00f6verr\u00f6relser (dyskinesier) som ofta uppst\u00e5r efter l\u00e5ngvarig behandling med levodopa. Dessa r\u00f6relser p\u00e5verkar livskvaliteten kraftigt f\u00f6r m\u00e5nga patienter. Mesdopetam har i tidigare studier visat lovande resultat med b\u00e5de god effekt och f\u00e5 biverkningar. Den kan ocks\u00e5 ha positiva effekter mot psykossymtom vid Parkinson. Nu s\u00f6ker IRLAB en partner f\u00f6r att ta projektet vidare till n\u00e4sta kliniska fas.<\/p>\n\n\n\n<p><strong>Pirepemat<\/strong> \u00e4r en annan nyckelkandidat som utvecklas specifikt f\u00f6r Parkinsonpatienter, med m\u00e5let att minska fall \u2013 ett vanligt och allvarligt problem vid sjukdomen. Parkinson p\u00e5verkar balansen och motoriken, vilket g\u00f6r att m\u00e5nga patienter drabbas av fall med b\u00e5de fysiska och psykiska konsekvenser. Nicholas Waters, EVP, Head of R&amp;D betonar att man fr\u00e5n fas 2b studien f\u00e5tt mycket god bild av vilken effekt pirepemat kan ha och inom vilket dosomr\u00e5de &#8211; terapeutiskt f\u00f6nster &#8211; den st\u00f6rsta effekten kan uppn\u00e5s.<\/p>\n\n\n\n<p>\u201dDet \u00e4r just det som fas 2-studier \u00e4r till f\u00f6r, att testa sig fram f\u00f6r att hitta optimala dos-respons niv\u00e5er. F\u00f6r ett visst plasmakoncentrationsomr\u00e5de kunde vi se att pirepemat hade mycket goda effekter, och liknande effekt har aldrig tidigare visats p\u00e5 denna patientpopulation. D\u00e4rf\u00f6r \u00e4r det v\u00e4ldigt viktigt att vi forts\u00e4tter arbetet med detta.\u201d<\/p>\n\n\n\n<p><strong>IRL757<\/strong>, som utvecklas tillsammans med MSRD\/Otsuka, syftar till att behandla apati \u2013 ett mycket vanligt men idag obehandlat funktionsneds\u00e4ttande symtom vid Parkinson och Alzheimer. Projektet \u00e4r fullt finansierat till proof of concept (PoC), och n\u00e4sta steg \u00e4r en fas 1b-studie i patienter vilken \u00e4r planerad att starta senare under 2025.<\/p>\n\n\n\n<p><strong>IRL942<\/strong>, som riktar sig mot kognitiv svikt vid neurologiska sjukdomar, \u00e4r pausad av resursm\u00e4ssiga sk\u00e4l men ses fortfarande som en v\u00e4rdefull tillg\u00e5ng och d\u00e4r arbete med att utveckla metoden f\u00f6r syntes i st\u00f6rre skala snart \u00e4r avslutat, ett viktigt steg i processen att ta en l\u00e4kemedelskandidat mot klinik.<\/p>\n\n\n\n<p id=\"block-7b2c9e58-4335-491b-bbe4-cd74a117fa26\"><strong>IRL1117<\/strong> \u00e4r ett m\u00f6jligt alternativ till levodopa utan de klassiska biverkningarna, \u00e4r i preklinisk utveckling och planeras g\u00e5 in i klinik under 2026.<\/p>\n\n\n\n<p id=\"block-7b2c9e58-4335-491b-bbe4-cd74a117fa26\"><\/p>\n\n\n\n<div class=\"wp-block-buttons is-layout-flex wp-block-buttons-is-layout-flex\">\n<div class=\"wp-block-button is-style-link-normal-green\"><a class=\"wp-block-button__link has-white-color has-green-background-color has-text-color has-background has-link-color wp-element-button\" href=\"https:\/\/irlab.se\/sv\/nyemission-2025\/\" style=\"padding-top:var(--wp--preset--spacing--30);padding-right:var(--wp--preset--spacing--50);padding-bottom:var(--wp--preset--spacing--30);padding-left:var(--wp--preset--spacing--50)\" target=\"_blank\" rel=\"noreferrer noopener\">F\u00f6r att ta del av erbjudandet och teckna aktier, klicka h\u00e4r!<\/a><\/div>\n<\/div>\n\n\n\n<p><\/p>\n\n\n\n<h3 class=\"wp-block-heading\">Aff\u00e4rsmodell med partnerskap i fokus<\/h3>\n\n\n\n<p>IRLAB:s aff\u00e4rsmodell bygger p\u00e5 att ta kandidater till PoC och d\u00e4refter inleda partnerskap f\u00f6r sen fas och kommersialisering. IRL757 \u00e4r redan i partnerskap, och f\u00f6r mesdopetam p\u00e5g\u00e5r aktiv partnerdialog.<\/p>\n\n\n\n<p>\u201dVi \u00e4r inte l\u00e5sta vid att ta alla projekt hela v\u00e4gen sj\u00e4lva. V\u00e5r modell bygger p\u00e5 att skapa v\u00e4rde upp till PoC och d\u00e4refter hitta strategiskt l\u00e4mpade partners\u201d, s\u00e4ger Kristina Torfg\u00e5rd.<\/p>\n\n\n\n<p>Nicholas Waters betonar vidare att bolagets historik av att bygga starka patentportf\u00f6ljer och attrahera partners \u00e4r ett styrketecken f\u00f6r det fortsatta arbetet.<\/p>\n\n\n\n<p>\u201dVi har i m\u00e5nga avseenden en unik patentportf\u00f6lj. Tack vare en v\u00e4l genomt\u00e4nkt patentstrategi kan vi skydda v\u00e5ra l\u00e4kemedel till l\u00e5ngt efter 2040, vilket ger oss potential f\u00f6r 10\u201315 \u00e5r av exklusivitet n\u00e4r l\u00e4kemedlen v\u00e4l lanseras, f\u00f6r m\u00e5nga andra bolag \u00e4r detta f\u00f6nster 6\u20137 \u00e5r eller \u00e4nnu kortare. Det ger oss en v\u00e4ldigt attraktiv profil n\u00e4r vi letar partners, n\u00e5got vi historiskt varit duktiga p\u00e5.\u201d<\/p>\n\n\n\n<p>\u201dDet faktum att vi tidigare attraherat spelare som Ipsen och nu p\u00e5 senare tid MSRD\/ Otsuka, visar p\u00e5 denna styrka. Att vi dessutom har attraherat finansiering fr\u00e5n Michael J. Fox Foundation understryker att v\u00e5r forskning ligger i absolut framkant.\u201d<\/p>\n\n\n\n<h3 class=\"wp-block-heading\">Finansiering \u2013 strategisk brygga mot milstolpar<\/h3>\n\n\n\n<p>Bland de viktigaste v\u00e4rdedrivarna fram\u00e5t n\u00e4mns start av klinisk studie med pirepemat, klinikstart f\u00f6r IRL1117, samt en potentiell partnerl\u00f6sning f\u00f6r mesdopetam. IRL757 har samtidigt en tydlig v\u00e4g mot PoC tack vare samarbetet med MSRD\/ Otsuka.<\/p>\n\n\n\n<p>F\u00f6r att kunna genomf\u00f6ra dessa steg har IRLAB annonserat en f\u00f6retr\u00e4desemission om cirka 136 miljoner kronor, till 85 procent garanterad. Kapitalet ska fr\u00e4mst g\u00e5 till utvecklingen av pirepemat och IRL1117, med m\u00e5let att n\u00e5 milstolpar som b\u00e5de kan attrahera partners och skapa \u00f6kat aktie\u00e4garv\u00e4rde. Ut\u00f6ver detta har bolaget s\u00e4krat en f\u00f6rl\u00e4ngning av sin l\u00e5nefinansiering om 30 miljoner kronor, vilket st\u00e4rker den finansiella uth\u00e5lligheten till slutet av 2026. 25 MSEK av de totalt 50 MSEK kommer att \u00e5terbetalas via kvittning eller kontant.<\/p>\n\n\n\n<p>\u201dVi ser emissionen som en strategisk brygga till tydliga kliniska milstolpar med b\u00e5de v\u00e4rderings- och partnerpotential. Det starka st\u00f6det f\u00f6r nyemissionen fr\u00e5n v\u00e5ra st\u00f6rre aktie\u00e4gare, nya investerare, ledande befattningshavare och styrelseledam\u00f6ter speglar tilltron till potentialen i v\u00e5r breda projektportf\u00f6lj inom Parkinsonomr\u00e5det\u201d, s\u00e4ger Kristina Torfg\u00e5rd och forts\u00e4tter:<\/p>\n\n\n\n<p>\u201dMed en st\u00e4rkt finansiell st\u00e4llning f\u00f6rb\u00e4ttrar vi v\u00e5r position i p\u00e5g\u00e5ende diskussioner med potentiella partners och f\u00e5r samtidigt m\u00f6jlighet att f\u00f6rbereda n\u00e4sta utvecklingssteg i tv\u00e5 av v\u00e5ra unika l\u00e4kemedelsprojekt i syfte att ytterligare \u00f6ka deras kommersiella attraktivitet. Detta rimmar v\u00e4l med v\u00e5r h\u00f6gsta prioritet, vilket \u00e4r att s\u00e4kra int\u00e4ktsgenererande samarbetsavtal baserade p\u00e5 v\u00e5ra medicinska innovationer.\u201d<\/p>\n\n\n\n<p id=\"block-7b2c9e58-4335-491b-bbe4-cd74a117fa26\"><\/p>\n\n\n\n<div class=\"wp-block-buttons is-layout-flex wp-block-buttons-is-layout-flex\">\n<div class=\"wp-block-button is-style-link-normal-green\"><a class=\"wp-block-button__link has-white-color has-green-background-color has-text-color has-background has-link-color wp-element-button\" href=\"https:\/\/irlab.se\/sv\/nyemission-2025\/\" style=\"padding-top:var(--wp--preset--spacing--30);padding-right:var(--wp--preset--spacing--50);padding-bottom:var(--wp--preset--spacing--30);padding-left:var(--wp--preset--spacing--50)\" target=\"_blank\" rel=\"noreferrer noopener\">F\u00f6r att ta del av erbjudandet och teckna aktier, klicka h\u00e4r!<\/a><\/div>\n<\/div>\n\n\n\n<p id=\"block-7b2c9e58-4335-491b-bbe4-cd74a117fa26\"><\/p>\n","protected":false},"excerpt":{"rendered":"<p>IRLAB v\u00e4xlar upp \u2013 Parkinsonfokus i bred pipeline med global potential Med fem projekt riktade mot olika centrala symtom vid Parkinsons sjukdom positionerar sig det svenska biofarmabolaget IRLAB som en innovativ och differentierad spelare inom neurodegenerativa sjukdomar. Genom en nyemission om cirka 136 miljoner kronor, varav 85 procent \u00e4r garanterad, avser bolaget nu accelerera sina [&hellip;]<\/p>\n","protected":false},"author":1,"featured_media":0,"parent":583,"menu_order":0,"comment_status":"closed","ping_status":"closed","template":"","meta":{"_acf_changed":false,"footnotes":""},"class_list":["post-12166","page","type-page","status-publish","hentry"],"acf":[],"yoast_head":"<!-- This site is optimized with the Yoast SEO plugin v26.7 - https:\/\/yoast.com\/wordpress\/plugins\/seo\/ -->\n<title>Nyemission 2025 - IRLAB<\/title>\n<meta name=\"robots\" content=\"index, follow, max-snippet:-1, max-image-preview:large, max-video-preview:-1\" \/>\n<link rel=\"canonical\" href=\"https:\/\/irlab.se\/sv\/investerare\/nyemission-2025\/\" \/>\n<meta property=\"og:locale\" content=\"sv_SE\" \/>\n<meta property=\"og:type\" content=\"article\" \/>\n<meta property=\"og:title\" content=\"Nyemission 2025 - IRLAB\" \/>\n<meta property=\"og:description\" content=\"IRLAB v\u00e4xlar upp \u2013 Parkinsonfokus i bred pipeline med global potential Med fem projekt riktade mot olika centrala symtom vid Parkinsons sjukdom positionerar sig det svenska biofarmabolaget IRLAB som en innovativ och differentierad spelare inom neurodegenerativa sjukdomar. Genom en nyemission om cirka 136 miljoner kronor, varav 85 procent \u00e4r garanterad, avser bolaget nu accelerera sina [&hellip;]\" \/>\n<meta property=\"og:url\" content=\"https:\/\/irlab.se\/sv\/investerare\/nyemission-2025\/\" \/>\n<meta property=\"og:site_name\" content=\"IRLAB\" \/>\n<meta property=\"article:modified_time\" content=\"2025-07-02T12:48:26+00:00\" \/>\n<meta property=\"og:image\" content=\"https:\/\/irlab.se\/wp-content\/uploads\/2019\/09\/web_retina_DSF9408.jpg\" \/>\n\t<meta property=\"og:image:width\" content=\"2048\" \/>\n\t<meta property=\"og:image:height\" content=\"1152\" \/>\n\t<meta property=\"og:image:type\" content=\"image\/jpeg\" \/>\n<meta name=\"twitter:card\" content=\"summary_large_image\" \/>\n<meta name=\"twitter:label1\" content=\"Ber\u00e4knad l\u00e4stid\" \/>\n\t<meta name=\"twitter:data1\" content=\"6 minuter\" \/>\n<script type=\"application\/ld+json\" class=\"yoast-schema-graph\">{\"@context\":\"https:\/\/schema.org\",\"@graph\":[{\"@type\":\"WebPage\",\"@id\":\"https:\/\/irlab.se\/sv\/investerare\/nyemission-2025\/\",\"url\":\"https:\/\/irlab.se\/sv\/investerare\/nyemission-2025\/\",\"name\":\"Nyemission 2025 - IRLAB\",\"isPartOf\":{\"@id\":\"https:\/\/irlab.se\/#website\"},\"primaryImageOfPage\":{\"@id\":\"https:\/\/irlab.se\/sv\/investerare\/nyemission-2025\/#primaryimage\"},\"image\":{\"@id\":\"https:\/\/irlab.se\/sv\/investerare\/nyemission-2025\/#primaryimage\"},\"thumbnailUrl\":\"https:\/\/irlab.se\/wp-content\/uploads\/2019\/09\/web_retina_DSF9408-1024x576.jpg\",\"datePublished\":\"2025-07-02T12:23:10+00:00\",\"dateModified\":\"2025-07-02T12:48:26+00:00\",\"breadcrumb\":{\"@id\":\"https:\/\/irlab.se\/sv\/investerare\/nyemission-2025\/#breadcrumb\"},\"inLanguage\":\"sv-SE\",\"potentialAction\":[{\"@type\":\"ReadAction\",\"target\":[\"https:\/\/irlab.se\/sv\/investerare\/nyemission-2025\/\"]}]},{\"@type\":\"ImageObject\",\"inLanguage\":\"sv-SE\",\"@id\":\"https:\/\/irlab.se\/sv\/investerare\/nyemission-2025\/#primaryimage\",\"url\":\"https:\/\/irlab.se\/wp-content\/uploads\/2019\/09\/web_retina_DSF9408-1024x576.jpg\",\"contentUrl\":\"https:\/\/irlab.se\/wp-content\/uploads\/2019\/09\/web_retina_DSF9408-1024x576.jpg\"},{\"@type\":\"BreadcrumbList\",\"@id\":\"https:\/\/irlab.se\/sv\/investerare\/nyemission-2025\/#breadcrumb\",\"itemListElement\":[{\"@type\":\"ListItem\",\"position\":1,\"name\":\"Home\",\"item\":\"https:\/\/irlab.se\/sv\/\"},{\"@type\":\"ListItem\",\"position\":2,\"name\":\"Investerare\",\"item\":\"https:\/\/irlab.se\/sv\/investerare\/\"},{\"@type\":\"ListItem\",\"position\":3,\"name\":\"Nyemission 2025\"}]},{\"@type\":\"WebSite\",\"@id\":\"https:\/\/irlab.se\/#website\",\"url\":\"https:\/\/irlab.se\/\",\"name\":\"Irlab\",\"description\":\"Novel treatments for Parkinson&#039;s disease\",\"potentialAction\":[{\"@type\":\"SearchAction\",\"target\":{\"@type\":\"EntryPoint\",\"urlTemplate\":\"https:\/\/irlab.se\/?s={search_term_string}\"},\"query-input\":{\"@type\":\"PropertyValueSpecification\",\"valueRequired\":true,\"valueName\":\"search_term_string\"}}],\"inLanguage\":\"sv-SE\"}]}<\/script>\n<!-- \/ Yoast SEO plugin. -->","yoast_head_json":{"title":"Nyemission 2025 - IRLAB","robots":{"index":"index","follow":"follow","max-snippet":"max-snippet:-1","max-image-preview":"max-image-preview:large","max-video-preview":"max-video-preview:-1"},"canonical":"https:\/\/irlab.se\/sv\/investerare\/nyemission-2025\/","og_locale":"sv_SE","og_type":"article","og_title":"Nyemission 2025 - IRLAB","og_description":"IRLAB v\u00e4xlar upp \u2013 Parkinsonfokus i bred pipeline med global potential Med fem projekt riktade mot olika centrala symtom vid Parkinsons sjukdom positionerar sig det svenska biofarmabolaget IRLAB som en innovativ och differentierad spelare inom neurodegenerativa sjukdomar. Genom en nyemission om cirka 136 miljoner kronor, varav 85 procent \u00e4r garanterad, avser bolaget nu accelerera sina [&hellip;]","og_url":"https:\/\/irlab.se\/sv\/investerare\/nyemission-2025\/","og_site_name":"IRLAB","article_modified_time":"2025-07-02T12:48:26+00:00","og_image":[{"width":2048,"height":1152,"url":"https:\/\/irlab.se\/wp-content\/uploads\/2019\/09\/web_retina_DSF9408.jpg","type":"image\/jpeg"}],"twitter_card":"summary_large_image","twitter_misc":{"Ber\u00e4knad l\u00e4stid":"6 minuter"},"schema":{"@context":"https:\/\/schema.org","@graph":[{"@type":"WebPage","@id":"https:\/\/irlab.se\/sv\/investerare\/nyemission-2025\/","url":"https:\/\/irlab.se\/sv\/investerare\/nyemission-2025\/","name":"Nyemission 2025 - IRLAB","isPartOf":{"@id":"https:\/\/irlab.se\/#website"},"primaryImageOfPage":{"@id":"https:\/\/irlab.se\/sv\/investerare\/nyemission-2025\/#primaryimage"},"image":{"@id":"https:\/\/irlab.se\/sv\/investerare\/nyemission-2025\/#primaryimage"},"thumbnailUrl":"https:\/\/irlab.se\/wp-content\/uploads\/2019\/09\/web_retina_DSF9408-1024x576.jpg","datePublished":"2025-07-02T12:23:10+00:00","dateModified":"2025-07-02T12:48:26+00:00","breadcrumb":{"@id":"https:\/\/irlab.se\/sv\/investerare\/nyemission-2025\/#breadcrumb"},"inLanguage":"sv-SE","potentialAction":[{"@type":"ReadAction","target":["https:\/\/irlab.se\/sv\/investerare\/nyemission-2025\/"]}]},{"@type":"ImageObject","inLanguage":"sv-SE","@id":"https:\/\/irlab.se\/sv\/investerare\/nyemission-2025\/#primaryimage","url":"https:\/\/irlab.se\/wp-content\/uploads\/2019\/09\/web_retina_DSF9408-1024x576.jpg","contentUrl":"https:\/\/irlab.se\/wp-content\/uploads\/2019\/09\/web_retina_DSF9408-1024x576.jpg"},{"@type":"BreadcrumbList","@id":"https:\/\/irlab.se\/sv\/investerare\/nyemission-2025\/#breadcrumb","itemListElement":[{"@type":"ListItem","position":1,"name":"Home","item":"https:\/\/irlab.se\/sv\/"},{"@type":"ListItem","position":2,"name":"Investerare","item":"https:\/\/irlab.se\/sv\/investerare\/"},{"@type":"ListItem","position":3,"name":"Nyemission 2025"}]},{"@type":"WebSite","@id":"https:\/\/irlab.se\/#website","url":"https:\/\/irlab.se\/","name":"Irlab","description":"Novel treatments for Parkinson&#039;s disease","potentialAction":[{"@type":"SearchAction","target":{"@type":"EntryPoint","urlTemplate":"https:\/\/irlab.se\/?s={search_term_string}"},"query-input":{"@type":"PropertyValueSpecification","valueRequired":true,"valueName":"search_term_string"}}],"inLanguage":"sv-SE"}]}},"_links":{"self":[{"href":"https:\/\/irlab.se\/sv\/wp-json\/wp\/v2\/pages\/12166","targetHints":{"allow":["GET"]}}],"collection":[{"href":"https:\/\/irlab.se\/sv\/wp-json\/wp\/v2\/pages"}],"about":[{"href":"https:\/\/irlab.se\/sv\/wp-json\/wp\/v2\/types\/page"}],"author":[{"embeddable":true,"href":"https:\/\/irlab.se\/sv\/wp-json\/wp\/v2\/users\/1"}],"replies":[{"embeddable":true,"href":"https:\/\/irlab.se\/sv\/wp-json\/wp\/v2\/comments?post=12166"}],"version-history":[{"count":16,"href":"https:\/\/irlab.se\/sv\/wp-json\/wp\/v2\/pages\/12166\/revisions"}],"predecessor-version":[{"id":12196,"href":"https:\/\/irlab.se\/sv\/wp-json\/wp\/v2\/pages\/12166\/revisions\/12196"}],"up":[{"embeddable":true,"href":"https:\/\/irlab.se\/sv\/wp-json\/wp\/v2\/pages\/583"}],"wp:attachment":[{"href":"https:\/\/irlab.se\/sv\/wp-json\/wp\/v2\/media?parent=12166"}],"curies":[{"name":"wp","href":"https:\/\/api.w.org\/{rel}","templated":true}]}}