{"id":12134,"date":"2025-07-01T15:39:39","date_gmt":"2025-07-01T13:39:39","guid":{"rendered":"https:\/\/irlab.se\/?page_id=12134"},"modified":"2025-07-03T09:07:26","modified_gmt":"2025-07-03T07:07:26","slug":"nyemission-2025","status":"publish","type":"page","link":"https:\/\/irlab.se\/sv\/nyemission-2025\/","title":{"rendered":"Informationssida f\u00f6r nyemission juni\/juli 2025"},"content":{"rendered":"\n<h2 class=\"wp-block-heading\">IRLAB genomf\u00f6r en till 85 procent garanterad f\u00f6retr\u00e4desemission om cirka 136 MSEK och erh\u00e5ller f\u00f6rl\u00e4ngd l\u00e5nefinansiering om 30 MSEK<\/h2>\n\n\n\n<p><strong>Styrelsen f\u00f6r IRLAB Therapeutics AB (publ) (\u201dIRLAB\u201d eller \u201dBolaget\u201d) har beslutat om en f\u00f6retr\u00e4desemission av aktier av serie A att genomf\u00f6ra en nyemission av aktier om ca 136 MSEK (\u201dF\u00f6retr\u00e4desemissionen\u201d). Priset per aktie i emissionen \u00e4r satt till 3,50 kr. Emissionen \u00e4r garanterad till cirka 116 MSEK, motsvarande cirka 85 procent, genom teckningsf\u00f6rbindelser fr\u00e5n befintliga aktie\u00e4gare, ledande befattningshavare och styrelseledam\u00f6ter samt genom garanti\u00e5taganden. Dessutom har Bolaget ing\u00e5tt ett avtal med Fenja Capital att f\u00f6rl\u00e4nga 30 MSEK av Bolagets befintliga l\u00e5n om 55 MSEK till den 30 oktober 2026 och \u00e5terbetala resterande 25 MSEK.<\/strong><\/p>\n\n\n\n<p><em>L\u00e4nkar till mer information, formella dokument samt pressmeddelanden r\u00f6rande emissionen \u00e5terfinns l\u00e4ngst ned p\u00e5 denna sida.<\/em> <br><a href=\"#pressmeddelanden_och_mer_info\">Klicka h\u00e4r f\u00f6r att komma direkt dit -&gt;<\/a><\/p>\n\n\n\n<p><em>F\u00f6r dig som har dep\u00e5 i bank, kontakta din bank f\u00f6r teckning.<\/em><\/p>\n\n\n\n<h3 class=\"wp-block-heading\"><strong>Sammanfattning<\/strong><\/h3>\n\n\n\n<ul class=\"wp-block-list\">\n<li>Nettolikviden fr\u00e5n F\u00f6retr\u00e4desemissionen avses anv\u00e4ndas f\u00f6r att finansiera den kompetens som kr\u00e4vs f\u00f6r att st\u00f6dja v\u00e5r aff\u00e4rsutveckling, m\u00f6jligg\u00f6ra fortsatt klinisk och preklinisk utveckling av bolagets l\u00e4kemedelskandidater samt st\u00e4rka bolagets kapitalstruktur.<\/li>\n\n\n\n<li>Vid full teckning i F\u00f6retr\u00e4desemissionen tillf\u00f6rs IRLAB cirka 136 MSEK f\u00f6re avdrag f\u00f6r emissionskostnader f\u00f6r F\u00f6retr\u00e4desemissionen. Emissionskostnaderna f\u00f6r F\u00f6retr\u00e4desemissionen ber\u00e4knas uppg\u00e5 till cirka 16 MSEK, vilket inneb\u00e4r att Bolaget vid full teckning f\u00f6rv\u00e4ntas tillf\u00f6ras en nettolikvid om cirka 121 MSEK.<\/li>\n\n\n\n<li>Teckningskursen i F\u00f6retr\u00e4desemissionen \u00e4r fastst\u00e4lld till 3,50 SEK per aktie.<\/li>\n\n\n\n<li>Befintliga aktie\u00e4gare, inklusive FV Group AB, Fj\u00e4rde AP-fonden, Unionen, Quiq Holding AB, Bolagets ledande befattningshavare och styrelseledam\u00f6ter har ing\u00e5tt tecknings\u00e5taganden uppg\u00e5ende till totalt cirka 44 MSEK, motsvarande cirka 33 procent av F\u00f6retr\u00e4desemissionen.<\/li>\n<\/ul>\n\n\n\n<p><\/p>\n\n\n\n<ul class=\"wp-block-list\">\n<li>Den som p\u00e5 avst\u00e4mningsdagen den 1 juli 2025 \u00e4r inf\u00f6rd i aktieboken som aktie\u00e4gare i IRLAB har f\u00f6retr\u00e4desr\u00e4tt att teckna nya aktier av serie A i F\u00f6retr\u00e4desemissionen.<\/li>\n\n\n\n<li>En (1) befintlig aktie i Bolaget, oaktat aktieserie, ber\u00e4ttigar till en (1) teckningsr\u00e4tt. Fyra (4) teckningsr\u00e4tter ger r\u00e4tt att teckna tre (3) nyemitterade aktier av serie A.<\/li>\n\n\n\n<li>Aktie\u00e4gare som v\u00e4ljer att inte delta i nyemissionen kommer att f\u00e5 sin \u00e4garandel utsp\u00e4dd med upp till cirka 42,9 procent, men har m\u00f6jlighet att ekonomiskt kompensera sig f\u00f6r utsp\u00e4dningseffekten genom att s\u00e4lja sina teckningsr\u00e4tter.<\/li>\n<\/ul>\n\n\n\n<p><\/p>\n\n\n\n<ul class=\"wp-block-list\">\n<li>Teckningsperioden i F\u00f6retr\u00e4desemissionen ber\u00e4knas l\u00f6pa fr\u00e5n och med den 3 juli 2025 till och med den 17 juli 2025.<\/li>\n\n\n\n<li>Bolaget har ing\u00e5tt avtal om emissionsgarantier om sammanlagt cirka 71 MSEK, motsvarande cirka 52 procent av F\u00f6retr\u00e4desemissionen.<\/li>\n\n\n\n<li>Sammantaget omfattas d\u00e4rmed cirka 85 procent av F\u00f6retr\u00e4desemissionen av tecknings- och garanti\u00e5taganden.<\/li>\n\n\n\n<li>30 MSEK av Bolagets befintliga l\u00e5n om 55 MSEK fr\u00e5n Fenja Capital f\u00f6rl\u00e4ngs fr\u00e5n 31 december 2025 till den 30 oktober 2026. Resterande 25 MSEK av det befintliga l\u00e5net ska \u00e5terbetalas antingen genom kvittning mot aktier i F\u00f6retr\u00e4desemissionen, p\u00e5 beg\u00e4ran av Fenja Capital, i den m\u00e5n Fenja Capitals garanti\u00e5tagande p\u00e5 motsvarande belopp tas i anspr\u00e5k, eller kontant.<\/li>\n<\/ul>\n\n\n\n<h3 class=\"wp-block-heading\"><strong>Bakgrund och motiv<\/strong><\/h3>\n\n\n\n<p>IRLAB \u00e4r ett svenskt biofarmabolag som utvecklar nya innovativa behandlingar f\u00f6r de olika symptom som kommer under utvecklingen av Parkinsons sjukdom och d\u00e4r det idag saknas eller endast finns begr\u00e4nsad behandling att tillg\u00e5. Bolaget har en bred portf\u00f6lj av l\u00e4kemedelskandidater d\u00e4r flera kandidater \u00e4r redo f\u00f6r eller n\u00e4rmar sig utlicensiering\/partnerskap.<\/p>\n\n\n\n<p>Bolaget kommer att fokusera p\u00e5 att ing\u00e5 partnerskap i form av t ex licenser f\u00f6r l\u00e4kemedelskandidater i portf\u00f6ljen f\u00f6r att realisera det kommersiella v\u00e4rdet i projekten.<\/p>\n\n\n\n<p>Pirepemat befinner sig f\u00f6r n\u00e4rvarande i Fas IIb, och utv\u00e4rderas f\u00f6r sin effekt p\u00e5 fallfrekvens vid Parkinsons sjukdom. Baserat p\u00e5 pirepemats banbrytande resultat i REACT-PD-studien finns nu en f\u00f6rst\u00e4rkt utvecklingsplan p\u00e5 plats. Kandidaten har en mycket stor potential d\u00e5 det idag inte finns n\u00e5gon tillg\u00e4nglig behandling f\u00f6r fall vid Parkinson. Bolaget f\u00f6rbereder en klinisk studie med pirepemat utformad att optimera individuell dosering inf\u00f6r Fas III-programmet.<\/p>\n\n\n\n<p>Den prekliniska l\u00e4kemedelskandidaten IRL1117 \u00e4r unik och har potential att revolutionera behandlingen av grundsymptomen vid Parkinsons sjukdom. M\u00e5let \u00e4r ett oralt administrerat l\u00e4kemedel som kommer att tas en g\u00e5ng om dagen, och inte orsaka de besv\u00e4rliga komplikationer som dagens standardbehandling med levodopa ger upphov till. Bolaget planerar att genomf\u00f6ra de regulatoriska och f\u00f6rberedande studierna, som s\u00e4kerhets- och toxikologistudier, vilka kr\u00e4vs f\u00f6r att starta den f\u00f6rsta studien i m\u00e4nniska (Fas I\/Ib) med IRL1117.<\/p>\n\n\n\n<p>Bolaget har ytterligare tv\u00e5 l\u00e4kemedelskandidater i klinisk fas. Mesdopetam utvecklas f\u00f6r behandling av levodopa-inducerade dyskinesier. Med lovande Fas IIb-data och positiva regulatoriska interaktioner med FDA och EMA \u00e4r denna l\u00e4kemedelskandidat Fas III-redo. IRL757 \u00e4r en l\u00e4kemedelskandidat som utvecklas i samarbete med MSRD\/Otsuka f\u00f6r behandling av apati vid neurodegenerativa sjukdomar. Genomf\u00f6randet av en st\u00f6rre Fas Ib-studie har inletts och patienter med Parkinsons sjukdom och apati planeras b\u00f6rja rekryteras till studien under Q4, 2025. Detta partnerskap ger Bolaget full finansiering av IRL757 upp till och med denna studie d\u00e4r IRLAB ansvarar f\u00f6r att genomf\u00f6ra utvecklingsprogrammet. Bolaget kommer att erh\u00e5lla ytterligare milstolpesbetalningar motsvarande ca 30 MSEK i samband med Fas Ib-studien samt ytterligare finansiering f\u00f6r genomf\u00f6randet av studien.<\/p>\n\n\n\n<p>Styrelsen beslutade inf\u00f6r \u00e5rsst\u00e4mman 2025 att reducera sina arvoden fram tills att licensaff\u00e4rer eller liknande aff\u00e4rer genomf\u00f6rts och inbringat 200 MSEK till Bolaget.<\/p>\n\n\n\n<h3 class=\"wp-block-heading\">Anv\u00e4ndning av emissionslikviden<\/h3>\n\n\n\n<p>Nettolikviden fr\u00e5n F\u00f6retr\u00e4desemissionen, vid fullteckning, efter transaktionskostnader och med avdrag f\u00f6r aktier som betalats medelst kvittning uppg\u00e5r till cirka 106 MSEK vilket avses att disponeras f\u00f6r f\u00f6ljande \u00e4ndam\u00e5l angivna i prioritetsordning:<\/p>\n\n\n\n<ul class=\"wp-block-list\">\n<li>\u00c5terbetalning av l\u00e5n till Fenja Capital, cirka 24 procent.<\/li>\n\n\n\n<li>Produktion av l\u00e4kemedelssubstans (API) och l\u00e4kemedelsprodukt (DP) att anv\u00e4ndas i den fortsatta kliniska utvecklingen, samt sammanst\u00e4llning av den regulatoriska dokumentationen som kr\u00e4vs f\u00f6r att uppn\u00e5 godk\u00e4nnande att p\u00e5b\u00f6rja n\u00e4sta kliniska studie med pirepemat, cirka 16 procent.<\/li>\n\n\n\n<li>Produktion av l\u00e4kemedelssubstans (API), genomf\u00f6rande av de prekliniska regulatoriska studier som kr\u00e4vs f\u00f6r att uppn\u00e5 regulatoriskt godk\u00e4nnande att p\u00e5b\u00f6rja kliniska Fas I studier samt produktion av l\u00e4kemedelsprodukt (DP) f\u00f6r Fas I studier med IRL1117, cirka 16 procent.<\/li>\n\n\n\n<li>Finansiering av den kompetens som kr\u00e4vs f\u00f6r att st\u00f6dja Bolagets aff\u00e4rsutveckling och den forskning och utveckling som kr\u00e4vs f\u00f6r att effektivt driva Bolagets l\u00e4kemedelskandidater till n\u00e4sta milstolpar samt fullf\u00f6lja Bolagets \u00e5taganden i samarbetet med MSRD\/Otsuka i utvecklingen av IRL757, cirka 44 procent. Vid full teckning ger det Bolaget f\u00f6ruts\u00e4ttningar att ha finansiell uth\u00e5llighet till det sista kvartalet 2026.<\/li>\n<\/ul>\n\n\n\n<h3 class=\"wp-block-heading\" id=\"pressmeddelanden_och_mer_info\">Pressmeddelanden<\/h3>\n\n\n\n<p>2020-06-24 <a href=\"https:\/\/irlab.se\/sv\/mfn_news\/irlab-genomfor-en-till-85-procent-garanterad-foretradesemission-om-cirka-136-msek-och-erhaller-forlangd-lanefinansiering-om-30-msek\/\" target=\"_blank\" rel=\"noreferrer noopener\">IRLAB genomf\u00f6r en till 85 procent garanterad f\u00f6retr\u00e4desemission om cirka 136 MSEK och erh\u00e5ller f\u00f6rl\u00e4ngd l\u00e5nefinansiering om 30 MSEK<\/a><\/p>\n\n\n\n<p>2020-07-02 <a href=\"https:\/\/irlab.se\/sv\/mfn_news\/irlab-offentliggor-prospekt-avseende-foretradesemissionen\/\">IRLAB offentligg\u00f6r informationsdokument i samband med f\u00f6retr\u00e4desemissionen<\/a><\/p>\n\n\n\n<p>2020-07-03 <a href=\"https:\/\/irlab.se\/sv\/mfn_news\/idag-inleds-teckningsperioden-i-irlabs-foretradesemission-av-aktier\/\">Idag inleds teckningsperioden i IRLAB:s f\u00f6retr\u00e4desemission av aktier<\/a><\/p>\n\n\n\n<h3 class=\"wp-block-heading\">Informationsdokument och annan information<\/h3>\n\n\n\n<p><a href=\"https:\/\/irlab.se\/wp-content\/uploads\/2025\/07\/IRLAB-informationsdokument-juli-2025-FINAL.pdf\" target=\"_blank\" rel=\"noreferrer noopener\">Informationsdokument &#8211; &#8221;Bilaga IX&#8221; -&gt;<\/a><\/p>\n\n\n\n<h3 class=\"wp-block-heading\">Teckning<\/h3>\n\n\n\n<p><strong>Om du redan \u00e4ger aktier<\/strong> eller annars vill teckna aktier med st\u00f6d av teckningsr\u00e4tter ber vi dig kontakta din bank.<\/p>\n\n\n\n<p><strong>Om du inte redan \u00e4ger aktier <\/strong>eller vill teckna utan st\u00f6d av teckningsr\u00e4tter ber vi dig anv\u00e4nda dig av anm\u00e4lningssedeln eller den digitala teckningen nedan<\/p>\n\n\n\n<p><a href=\"https:\/\/irlab.se\/wp-content\/uploads\/2025\/07\/Anmalningssedel_IRLAB_UF.pdf\" target=\"_blank\" rel=\"noreferrer noopener\">Klicka h\u00e4r f\u00f6r att ladda ner anm\u00e4lningsssedel -&gt;<\/a><\/p>\n\n\n\n<p><a href=\"https:\/\/app.verified.eu\/web\/eminova-app\/?company=irlab\" target=\"_blank\" rel=\"noreferrer noopener\">Klicka h\u00e4r f\u00f6r att komma till digital anm\u00e4lning -&gt;<\/a><\/p>\n","protected":false},"excerpt":{"rendered":"<p>IRLAB genomf\u00f6r en till 85 procent garanterad f\u00f6retr\u00e4desemission om cirka 136 MSEK och erh\u00e5ller f\u00f6rl\u00e4ngd l\u00e5nefinansiering om 30 MSEK Styrelsen f\u00f6r IRLAB Therapeutics AB (publ) (\u201dIRLAB\u201d eller \u201dBolaget\u201d) har beslutat om en f\u00f6retr\u00e4desemission av aktier av serie A att genomf\u00f6ra en nyemission av aktier om ca 136 MSEK (\u201dF\u00f6retr\u00e4desemissionen\u201d). Priset per aktie i emissionen \u00e4r [&hellip;]<\/p>\n","protected":false},"author":1,"featured_media":0,"parent":0,"menu_order":0,"comment_status":"closed","ping_status":"closed","template":"page__disclaimer.php","meta":{"_acf_changed":false,"footnotes":""},"class_list":["post-12134","page","type-page","status-publish","hentry"],"acf":[],"yoast_head":"<!-- This site is optimized with the Yoast SEO plugin v26.7 - https:\/\/yoast.com\/wordpress\/plugins\/seo\/ -->\n<title>Informationssida f\u00f6r nyemission juni\/juli 2025 - IRLAB<\/title>\n<meta name=\"robots\" content=\"index, follow, max-snippet:-1, max-image-preview:large, max-video-preview:-1\" \/>\n<link rel=\"canonical\" href=\"https:\/\/irlab.se\/sv\/nyemission-2025\/\" \/>\n<meta property=\"og:locale\" content=\"sv_SE\" \/>\n<meta property=\"og:type\" content=\"article\" \/>\n<meta property=\"og:title\" content=\"Informationssida f\u00f6r nyemission juni\/juli 2025 - IRLAB\" \/>\n<meta property=\"og:description\" content=\"IRLAB genomf\u00f6r en till 85 procent garanterad f\u00f6retr\u00e4desemission om cirka 136 MSEK och erh\u00e5ller f\u00f6rl\u00e4ngd l\u00e5nefinansiering om 30 MSEK Styrelsen f\u00f6r IRLAB Therapeutics AB (publ) (\u201dIRLAB\u201d eller \u201dBolaget\u201d) har beslutat om en f\u00f6retr\u00e4desemission av aktier av serie A att genomf\u00f6ra en nyemission av aktier om ca 136 MSEK (\u201dF\u00f6retr\u00e4desemissionen\u201d). Priset per aktie i emissionen \u00e4r [&hellip;]\" \/>\n<meta property=\"og:url\" content=\"https:\/\/irlab.se\/sv\/nyemission-2025\/\" \/>\n<meta property=\"og:site_name\" content=\"IRLAB\" \/>\n<meta property=\"article:modified_time\" content=\"2025-07-03T07:07:26+00:00\" \/>\n<meta name=\"twitter:card\" content=\"summary_large_image\" \/>\n<meta name=\"twitter:label1\" content=\"Ber\u00e4knad l\u00e4stid\" \/>\n\t<meta name=\"twitter:data1\" content=\"6 minuter\" \/>\n<script type=\"application\/ld+json\" class=\"yoast-schema-graph\">{\"@context\":\"https:\/\/schema.org\",\"@graph\":[{\"@type\":\"WebPage\",\"@id\":\"https:\/\/irlab.se\/sv\/nyemission-2025\/\",\"url\":\"https:\/\/irlab.se\/sv\/nyemission-2025\/\",\"name\":\"Informationssida f\u00f6r nyemission juni\/juli 2025 - IRLAB\",\"isPartOf\":{\"@id\":\"https:\/\/irlab.se\/#website\"},\"datePublished\":\"2025-07-01T13:39:39+00:00\",\"dateModified\":\"2025-07-03T07:07:26+00:00\",\"breadcrumb\":{\"@id\":\"https:\/\/irlab.se\/sv\/nyemission-2025\/#breadcrumb\"},\"inLanguage\":\"sv-SE\",\"potentialAction\":[{\"@type\":\"ReadAction\",\"target\":[\"https:\/\/irlab.se\/sv\/nyemission-2025\/\"]}]},{\"@type\":\"BreadcrumbList\",\"@id\":\"https:\/\/irlab.se\/sv\/nyemission-2025\/#breadcrumb\",\"itemListElement\":[{\"@type\":\"ListItem\",\"position\":1,\"name\":\"Home\",\"item\":\"https:\/\/irlab.se\/sv\/\"},{\"@type\":\"ListItem\",\"position\":2,\"name\":\"Informationssida f\u00f6r nyemission juni\/juli 2025\"}]},{\"@type\":\"WebSite\",\"@id\":\"https:\/\/irlab.se\/#website\",\"url\":\"https:\/\/irlab.se\/\",\"name\":\"Irlab\",\"description\":\"Novel treatments for Parkinson&#039;s disease\",\"potentialAction\":[{\"@type\":\"SearchAction\",\"target\":{\"@type\":\"EntryPoint\",\"urlTemplate\":\"https:\/\/irlab.se\/?s={search_term_string}\"},\"query-input\":{\"@type\":\"PropertyValueSpecification\",\"valueRequired\":true,\"valueName\":\"search_term_string\"}}],\"inLanguage\":\"sv-SE\"}]}<\/script>\n<!-- \/ Yoast SEO plugin. -->","yoast_head_json":{"title":"Informationssida f\u00f6r nyemission juni\/juli 2025 - IRLAB","robots":{"index":"index","follow":"follow","max-snippet":"max-snippet:-1","max-image-preview":"max-image-preview:large","max-video-preview":"max-video-preview:-1"},"canonical":"https:\/\/irlab.se\/sv\/nyemission-2025\/","og_locale":"sv_SE","og_type":"article","og_title":"Informationssida f\u00f6r nyemission juni\/juli 2025 - IRLAB","og_description":"IRLAB genomf\u00f6r en till 85 procent garanterad f\u00f6retr\u00e4desemission om cirka 136 MSEK och erh\u00e5ller f\u00f6rl\u00e4ngd l\u00e5nefinansiering om 30 MSEK Styrelsen f\u00f6r IRLAB Therapeutics AB (publ) (\u201dIRLAB\u201d eller \u201dBolaget\u201d) har beslutat om en f\u00f6retr\u00e4desemission av aktier av serie A att genomf\u00f6ra en nyemission av aktier om ca 136 MSEK (\u201dF\u00f6retr\u00e4desemissionen\u201d). Priset per aktie i emissionen \u00e4r [&hellip;]","og_url":"https:\/\/irlab.se\/sv\/nyemission-2025\/","og_site_name":"IRLAB","article_modified_time":"2025-07-03T07:07:26+00:00","twitter_card":"summary_large_image","twitter_misc":{"Ber\u00e4knad l\u00e4stid":"6 minuter"},"schema":{"@context":"https:\/\/schema.org","@graph":[{"@type":"WebPage","@id":"https:\/\/irlab.se\/sv\/nyemission-2025\/","url":"https:\/\/irlab.se\/sv\/nyemission-2025\/","name":"Informationssida f\u00f6r nyemission juni\/juli 2025 - IRLAB","isPartOf":{"@id":"https:\/\/irlab.se\/#website"},"datePublished":"2025-07-01T13:39:39+00:00","dateModified":"2025-07-03T07:07:26+00:00","breadcrumb":{"@id":"https:\/\/irlab.se\/sv\/nyemission-2025\/#breadcrumb"},"inLanguage":"sv-SE","potentialAction":[{"@type":"ReadAction","target":["https:\/\/irlab.se\/sv\/nyemission-2025\/"]}]},{"@type":"BreadcrumbList","@id":"https:\/\/irlab.se\/sv\/nyemission-2025\/#breadcrumb","itemListElement":[{"@type":"ListItem","position":1,"name":"Home","item":"https:\/\/irlab.se\/sv\/"},{"@type":"ListItem","position":2,"name":"Informationssida f\u00f6r nyemission juni\/juli 2025"}]},{"@type":"WebSite","@id":"https:\/\/irlab.se\/#website","url":"https:\/\/irlab.se\/","name":"Irlab","description":"Novel treatments for Parkinson&#039;s disease","potentialAction":[{"@type":"SearchAction","target":{"@type":"EntryPoint","urlTemplate":"https:\/\/irlab.se\/?s={search_term_string}"},"query-input":{"@type":"PropertyValueSpecification","valueRequired":true,"valueName":"search_term_string"}}],"inLanguage":"sv-SE"}]}},"_links":{"self":[{"href":"https:\/\/irlab.se\/sv\/wp-json\/wp\/v2\/pages\/12134","targetHints":{"allow":["GET"]}}],"collection":[{"href":"https:\/\/irlab.se\/sv\/wp-json\/wp\/v2\/pages"}],"about":[{"href":"https:\/\/irlab.se\/sv\/wp-json\/wp\/v2\/types\/page"}],"author":[{"embeddable":true,"href":"https:\/\/irlab.se\/sv\/wp-json\/wp\/v2\/users\/1"}],"replies":[{"embeddable":true,"href":"https:\/\/irlab.se\/sv\/wp-json\/wp\/v2\/comments?post=12134"}],"version-history":[{"count":16,"href":"https:\/\/irlab.se\/sv\/wp-json\/wp\/v2\/pages\/12134\/revisions"}],"predecessor-version":[{"id":12216,"href":"https:\/\/irlab.se\/sv\/wp-json\/wp\/v2\/pages\/12134\/revisions\/12216"}],"wp:attachment":[{"href":"https:\/\/irlab.se\/sv\/wp-json\/wp\/v2\/media?parent=12134"}],"curies":[{"name":"wp","href":"https:\/\/api.w.org\/{rel}","templated":true}]}}