{"id":10507,"date":"2023-05-17T22:14:43","date_gmt":"2023-05-17T20:14:43","guid":{"rendered":"https:\/\/irlab.se\/?page_id=10507"},"modified":"2023-06-29T11:11:25","modified_gmt":"2023-06-29T09:11:25","slug":"arsstamma-2023","status":"publish","type":"page","link":"https:\/\/irlab.se\/sv\/bolagsstyrning\/bolagsstamma\/arsstamma-2023\/","title":{"rendered":"\u00c5rsst\u00e4mma 2023"},"content":{"rendered":"\n<h1 class=\"wp-block-heading\" id=\"arsstamma-2021\">\u00c5rsst\u00e4mma 2023<\/h1>\n\n\n\n<p class=\"is-style-intro-text-style\">\u00c5rsst\u00e4mman 2023 h\u00f6lls den 20 juni 2023. <\/p>\n\n\n\n<div style=\"height:20px\" aria-hidden=\"true\" class=\"wp-block-spacer\"><\/div>\n\n\n\n<p><strong>Dokument tillg\u00e4ngliga efter st\u00e4mman<\/strong><\/p>\n\n\n\n<p><a href=\"https:\/\/irlab.se\/wp-content\/uploads\/2023\/06\/Protokoll-A\u030arssta\u0308mma-2023.pdf\" target=\"_blank\" rel=\"noreferrer noopener\"><a href=\"https:\/\/irlab.se\/wp-content\/uploads\/2023\/06\/Protokoll-A\u030arssta\u0308mma-2023.pdf\" target=\"_blank\" rel=\"noreferrer noopener\">Protokoll fr\u00e5n \u00e5rsst\u00e4mman <\/a>><\/a><\/p>\n\n\n\n<p><a href=\"https:\/\/irlab.se\/wp-content\/uploads\/2023\/06\/Kommunike\u0301-fra\u030an-a\u030arssta\u0308mma-i-IRLAB-Therapeutics-AB.pdf\" target=\"_blank\" rel=\"noreferrer noopener\">Kommunik\u00e9 ><\/a><\/p>\n\n\n\n<p><a href=\"https:\/\/irlab.se\/wp-content\/uploads\/2023\/06\/Presentation-A\u030arssta\u0308mma-2023-1.pdf\" target=\"_blank\" rel=\"noreferrer noopener\">Bolagspresentation fr\u00e5n vd och CFO &gt;<\/a><\/p>\n\n\n\n<p><a href=\"https:\/\/irlab.se\/wp-content\/uploads\/2023\/06\/PwC-Revisornsutla\u030atande-Presentation-IRLAB-a\u030arssta\u0308mma-20-juni-2023.pdf\" target=\"_blank\" rel=\"noreferrer noopener\">Revisionsutl\u00e5tande &gt;<\/a><\/p>\n\n\n\n<div class=\"wp-block-buttons is-layout-flex wp-block-buttons-is-layout-flex\">\n<div class=\"wp-block-button has-custom-width wp-block-button__width-50\"><a class=\"wp-block-button__link has-white-color has-green-background-color has-text-color has-background wp-element-button\" href=\"https:\/\/www.youtube.com\/live\/NvliOM9R0xU?feature=share\" target=\"_blank\" rel=\"noreferrer noopener\">Se lives\u00e4ndning av st\u00e4mman &gt;<\/a><\/div>\n<\/div>\n\n\n\n<div style=\"height:22px\" aria-hidden=\"true\" class=\"wp-block-spacer\"><\/div>\n\n\n\n<p><strong>Kallelse och \u00f6vriga dokument tillg\u00e4ngliga f\u00f6re \u00e5rsst\u00e4mman<\/strong><\/p>\n\n\n\n<p><a href=\"https:\/\/irlab.se\/wp-content\/uploads\/2023\/05\/Kallelse-AGM-IRLAB-2023.pdf\" target=\"_blank\" rel=\"noreferrer noopener\">Kallelse till \u00e5rsst\u00e4mma 2023 &gt;<\/a><\/p>\n\n\n\n<p><a href=\"https:\/\/irlab.se\/wp-content\/uploads\/2023\/04\/IRLAB-A\u030arsredovisning-2022.pdf\">\u00c5rsredovisning 2022 &gt; <\/a>&nbsp;(inneh\u00e5ller \u00e4ven revisionsber\u00e4ttelse, bolagsstyrningsrapport och revisorns yttrande om bolagsstyrningsrapporten)<\/p>\n\n\n\n<p><a href=\"https:\/\/irlab.se\/wp-content\/uploads\/2023\/05\/IRLAB-Riktlinjer-fo\u0308r-ersa\u0308ttning-till-ledande-befattningshavare-AGM-2023.pdf\" target=\"_blank\" rel=\"noreferrer noopener\">F\u00f6rslag till ers\u00e4ttningsriktlinjer &gt;<\/a><\/p>\n\n\n\n<p><a href=\"https:\/\/irlab.se\/wp-content\/uploads\/2023\/05\/IRLAB-Ersa\u0308ttningsrapport-2022.pdf\" target=\"_blank\" rel=\"noreferrer noopener\">Ers\u00e4ttningsrapport 2022 &gt;<\/a><\/p>\n\n\n\n<p><a href=\"https:\/\/irlab.se\/wp-content\/uploads\/2023\/05\/IRLAB-Revisors-yttrande-o%CC%88ver-ersa%CC%88ttning-2022.pdf\" target=\"_blank\" rel=\"noreferrer noopener\">Revisorns yttrande avseende ers\u00e4ttningsrapporten &gt;<\/a><\/p>\n\n\n\n<p><a href=\"https:\/\/irlab.se\/wp-content\/uploads\/2023\/05\/Valberedningens-fo\u0308rslag-och-motiverade-yttrande-2023-uppdaterat-26-maj-2023-1.pdf\" target=\"_blank\" rel=\"noreferrer noopener\">Valberedningens f\u00f6rslag och motiverade yttrande 2023 (uppdt 26 maj) &gt;<\/a> (inneh\u00e5ller \u00e4ven information om f\u00f6reslagna ledam\u00f6ter)<\/p>\n\n\n\n<p><a href=\"https:\/\/irlab.se\/wp-content\/uploads\/2023\/05\/IRLAB-Instr-till-valberedning-agm-2023.pdf\" target=\"_blank\" rel=\"noreferrer noopener\">F\u00f6rslag till instruktion till valberedningen &gt;<\/a><\/p>\n","protected":false},"excerpt":{"rendered":"<p>\u00c5rsst\u00e4mma 2023 \u00c5rsst\u00e4mman 2023 h\u00f6lls den 20 juni 2023. Dokument tillg\u00e4ngliga efter st\u00e4mman Protokoll fr\u00e5n \u00e5rsst\u00e4mman > Kommunik\u00e9 > Bolagspresentation fr\u00e5n vd och CFO &gt; Revisionsutl\u00e5tande &gt; Kallelse och \u00f6vriga dokument tillg\u00e4ngliga f\u00f6re \u00e5rsst\u00e4mman Kallelse till \u00e5rsst\u00e4mma 2023 &gt; \u00c5rsredovisning 2022 &gt; &nbsp;(inneh\u00e5ller \u00e4ven revisionsber\u00e4ttelse, bolagsstyrningsrapport och revisorns yttrande om bolagsstyrningsrapporten) F\u00f6rslag till ers\u00e4ttningsriktlinjer &gt; [&hellip;]<\/p>\n","protected":false},"author":1,"featured_media":0,"parent":570,"menu_order":0,"comment_status":"closed","ping_status":"closed","template":"","meta":{"_acf_changed":false,"footnotes":""},"class_list":["post-10507","page","type-page","status-publish","hentry"],"acf":[],"yoast_head":"<!-- This site is optimized with the Yoast SEO plugin v26.7 - https:\/\/yoast.com\/wordpress\/plugins\/seo\/ -->\n<title>\u00c5rsst\u00e4mma 2023 - IRLAB<\/title>\n<meta name=\"robots\" content=\"index, follow, max-snippet:-1, max-image-preview:large, max-video-preview:-1\" \/>\n<link rel=\"canonical\" href=\"https:\/\/irlab.se\/sv\/bolagsstyrning\/bolagsstamma\/arsstamma-2023\/\" \/>\n<meta property=\"og:locale\" content=\"sv_SE\" \/>\n<meta property=\"og:type\" content=\"article\" \/>\n<meta property=\"og:title\" content=\"\u00c5rsst\u00e4mma 2023 - IRLAB\" \/>\n<meta property=\"og:description\" content=\"\u00c5rsst\u00e4mma 2023 \u00c5rsst\u00e4mman 2023 h\u00f6lls den 20 juni 2023. Dokument tillg\u00e4ngliga efter st\u00e4mman Protokoll fr\u00e5n \u00e5rsst\u00e4mman &gt; Kommunik\u00e9 &gt; Bolagspresentation fr\u00e5n vd och CFO &gt; Revisionsutl\u00e5tande &gt; Kallelse och \u00f6vriga dokument tillg\u00e4ngliga f\u00f6re \u00e5rsst\u00e4mman Kallelse till \u00e5rsst\u00e4mma 2023 &gt; \u00c5rsredovisning 2022 &gt; &nbsp;(inneh\u00e5ller \u00e4ven revisionsber\u00e4ttelse, bolagsstyrningsrapport och revisorns yttrande om bolagsstyrningsrapporten) F\u00f6rslag till ers\u00e4ttningsriktlinjer &gt; [&hellip;]\" \/>\n<meta property=\"og:url\" content=\"https:\/\/irlab.se\/sv\/bolagsstyrning\/bolagsstamma\/arsstamma-2023\/\" \/>\n<meta property=\"og:site_name\" content=\"IRLAB\" \/>\n<meta property=\"article:modified_time\" content=\"2023-06-29T09:11:25+00:00\" \/>\n<meta name=\"twitter:card\" content=\"summary_large_image\" \/>\n<meta name=\"twitter:label1\" content=\"Ber\u00e4knad l\u00e4stid\" \/>\n\t<meta name=\"twitter:data1\" content=\"1 minut\" \/>\n<script type=\"application\/ld+json\" class=\"yoast-schema-graph\">{\"@context\":\"https:\/\/schema.org\",\"@graph\":[{\"@type\":\"WebPage\",\"@id\":\"https:\/\/irlab.se\/sv\/bolagsstyrning\/bolagsstamma\/arsstamma-2023\/\",\"url\":\"https:\/\/irlab.se\/sv\/bolagsstyrning\/bolagsstamma\/arsstamma-2023\/\",\"name\":\"\u00c5rsst\u00e4mma 2023 - IRLAB\",\"isPartOf\":{\"@id\":\"https:\/\/irlab.se\/#website\"},\"datePublished\":\"2023-05-17T20:14:43+00:00\",\"dateModified\":\"2023-06-29T09:11:25+00:00\",\"breadcrumb\":{\"@id\":\"https:\/\/irlab.se\/sv\/bolagsstyrning\/bolagsstamma\/arsstamma-2023\/#breadcrumb\"},\"inLanguage\":\"sv-SE\",\"potentialAction\":[{\"@type\":\"ReadAction\",\"target\":[\"https:\/\/irlab.se\/sv\/bolagsstyrning\/bolagsstamma\/arsstamma-2023\/\"]}]},{\"@type\":\"BreadcrumbList\",\"@id\":\"https:\/\/irlab.se\/sv\/bolagsstyrning\/bolagsstamma\/arsstamma-2023\/#breadcrumb\",\"itemListElement\":[{\"@type\":\"ListItem\",\"position\":1,\"name\":\"Home\",\"item\":\"https:\/\/irlab.se\/sv\/\"},{\"@type\":\"ListItem\",\"position\":2,\"name\":\"Bolagsstyrning\",\"item\":\"https:\/\/irlab.se\/sv\/bolagsstyrning\/\"},{\"@type\":\"ListItem\",\"position\":3,\"name\":\"Bolagsst\u00e4mmor\",\"item\":\"https:\/\/irlab.se\/sv\/bolagsstyrning\/bolagsstamma\/\"},{\"@type\":\"ListItem\",\"position\":4,\"name\":\"\u00c5rsst\u00e4mma 2023\"}]},{\"@type\":\"WebSite\",\"@id\":\"https:\/\/irlab.se\/#website\",\"url\":\"https:\/\/irlab.se\/\",\"name\":\"Irlab\",\"description\":\"Novel treatments for Parkinson&#039;s disease\",\"potentialAction\":[{\"@type\":\"SearchAction\",\"target\":{\"@type\":\"EntryPoint\",\"urlTemplate\":\"https:\/\/irlab.se\/?s={search_term_string}\"},\"query-input\":{\"@type\":\"PropertyValueSpecification\",\"valueRequired\":true,\"valueName\":\"search_term_string\"}}],\"inLanguage\":\"sv-SE\"}]}<\/script>\n<!-- \/ Yoast SEO plugin. -->","yoast_head_json":{"title":"\u00c5rsst\u00e4mma 2023 - IRLAB","robots":{"index":"index","follow":"follow","max-snippet":"max-snippet:-1","max-image-preview":"max-image-preview:large","max-video-preview":"max-video-preview:-1"},"canonical":"https:\/\/irlab.se\/sv\/bolagsstyrning\/bolagsstamma\/arsstamma-2023\/","og_locale":"sv_SE","og_type":"article","og_title":"\u00c5rsst\u00e4mma 2023 - IRLAB","og_description":"\u00c5rsst\u00e4mma 2023 \u00c5rsst\u00e4mman 2023 h\u00f6lls den 20 juni 2023. Dokument tillg\u00e4ngliga efter st\u00e4mman Protokoll fr\u00e5n \u00e5rsst\u00e4mman > Kommunik\u00e9 > Bolagspresentation fr\u00e5n vd och CFO &gt; Revisionsutl\u00e5tande &gt; Kallelse och \u00f6vriga dokument tillg\u00e4ngliga f\u00f6re \u00e5rsst\u00e4mman Kallelse till \u00e5rsst\u00e4mma 2023 &gt; \u00c5rsredovisning 2022 &gt; &nbsp;(inneh\u00e5ller \u00e4ven revisionsber\u00e4ttelse, bolagsstyrningsrapport och revisorns yttrande om bolagsstyrningsrapporten) F\u00f6rslag till ers\u00e4ttningsriktlinjer &gt; [&hellip;]","og_url":"https:\/\/irlab.se\/sv\/bolagsstyrning\/bolagsstamma\/arsstamma-2023\/","og_site_name":"IRLAB","article_modified_time":"2023-06-29T09:11:25+00:00","twitter_card":"summary_large_image","twitter_misc":{"Ber\u00e4knad l\u00e4stid":"1 minut"},"schema":{"@context":"https:\/\/schema.org","@graph":[{"@type":"WebPage","@id":"https:\/\/irlab.se\/sv\/bolagsstyrning\/bolagsstamma\/arsstamma-2023\/","url":"https:\/\/irlab.se\/sv\/bolagsstyrning\/bolagsstamma\/arsstamma-2023\/","name":"\u00c5rsst\u00e4mma 2023 - IRLAB","isPartOf":{"@id":"https:\/\/irlab.se\/#website"},"datePublished":"2023-05-17T20:14:43+00:00","dateModified":"2023-06-29T09:11:25+00:00","breadcrumb":{"@id":"https:\/\/irlab.se\/sv\/bolagsstyrning\/bolagsstamma\/arsstamma-2023\/#breadcrumb"},"inLanguage":"sv-SE","potentialAction":[{"@type":"ReadAction","target":["https:\/\/irlab.se\/sv\/bolagsstyrning\/bolagsstamma\/arsstamma-2023\/"]}]},{"@type":"BreadcrumbList","@id":"https:\/\/irlab.se\/sv\/bolagsstyrning\/bolagsstamma\/arsstamma-2023\/#breadcrumb","itemListElement":[{"@type":"ListItem","position":1,"name":"Home","item":"https:\/\/irlab.se\/sv\/"},{"@type":"ListItem","position":2,"name":"Bolagsstyrning","item":"https:\/\/irlab.se\/sv\/bolagsstyrning\/"},{"@type":"ListItem","position":3,"name":"Bolagsst\u00e4mmor","item":"https:\/\/irlab.se\/sv\/bolagsstyrning\/bolagsstamma\/"},{"@type":"ListItem","position":4,"name":"\u00c5rsst\u00e4mma 2023"}]},{"@type":"WebSite","@id":"https:\/\/irlab.se\/#website","url":"https:\/\/irlab.se\/","name":"Irlab","description":"Novel treatments for Parkinson&#039;s disease","potentialAction":[{"@type":"SearchAction","target":{"@type":"EntryPoint","urlTemplate":"https:\/\/irlab.se\/?s={search_term_string}"},"query-input":{"@type":"PropertyValueSpecification","valueRequired":true,"valueName":"search_term_string"}}],"inLanguage":"sv-SE"}]}},"_links":{"self":[{"href":"https:\/\/irlab.se\/sv\/wp-json\/wp\/v2\/pages\/10507","targetHints":{"allow":["GET"]}}],"collection":[{"href":"https:\/\/irlab.se\/sv\/wp-json\/wp\/v2\/pages"}],"about":[{"href":"https:\/\/irlab.se\/sv\/wp-json\/wp\/v2\/types\/page"}],"author":[{"embeddable":true,"href":"https:\/\/irlab.se\/sv\/wp-json\/wp\/v2\/users\/1"}],"replies":[{"embeddable":true,"href":"https:\/\/irlab.se\/sv\/wp-json\/wp\/v2\/comments?post=10507"}],"version-history":[{"count":24,"href":"https:\/\/irlab.se\/sv\/wp-json\/wp\/v2\/pages\/10507\/revisions"}],"predecessor-version":[{"id":12221,"href":"https:\/\/irlab.se\/sv\/wp-json\/wp\/v2\/pages\/10507\/revisions\/12221"}],"up":[{"embeddable":true,"href":"https:\/\/irlab.se\/sv\/wp-json\/wp\/v2\/pages\/570"}],"wp:attachment":[{"href":"https:\/\/irlab.se\/sv\/wp-json\/wp\/v2\/media?parent=10507"}],"curies":[{"name":"wp","href":"https:\/\/api.w.org\/{rel}","templated":true}]}}