{"id":10153,"date":"2023-01-12T09:44:14","date_gmt":"2023-01-12T08:44:14","guid":{"rendered":"https:\/\/irlab.se\/?page_id=10153"},"modified":"2025-05-22T14:55:43","modified_gmt":"2025-05-22T12:55:43","slug":"irl1117","status":"publish","type":"page","link":"https:\/\/irlab.se\/sv\/projektportfolj\/irl1117\/","title":{"rendered":"IRL1117"},"content":{"rendered":"\n<h1 class=\"wp-block-heading\" id=\"irl942-irl1009\">IRL1117<\/h1>\n\n\n\n<p class=\"is-style-intro-text-style\">L\u00e4kemedelskandidaten IRL1117 utvecklas som en oral behandling f\u00f6r grundsymtomen av Parkinson, att tas en g\u00e5ng om dagen, utan att orsaka de besv\u00e4rliga komplikationer som dagens standardbehandling med levodopa ger upphov till. Utvecklingen mot kliniska studier har p\u00e5b\u00f6rjats f\u00f6r IRL1117. <\/p>\n\n\n\n<p>L\u00e4kemedelskandidaten IRL1117 kommer att utvecklas som en oralt administrerad behandling f\u00f6r grundsymtomen av Parkinson, att tas en g\u00e5ng om dagen, utan att orsaka de besv\u00e4rliga komplikationer som dagens standardbehandling med levodopa ger upphov till. IRL1117 \u00e4r en potent dopamin D1- och D2-receptoragonist som i prekliniska studier har visat snabbt tillslag och mer \u00e4n 10 timmar av bibeh\u00e5llen effekt. <\/p>\n\n\n\n<p>Personer med Parkinsons sjukdom ordineras idag anti-Parkinsonbehandlingen levodopa som behandlar sjukdomens grundsymtom tremor, stelhet och l\u00e5ngsamma r\u00f6relser. Levodopa har utgjort standardbehandlingen vid Parkinson sedan 1960-talet och \u00e4r f\u00f6r n\u00e4rvarande den enda medicinen som ger symtomatisk lindring av sjukdomen under hela dess progression. Levodopa har dock betydande behandlingsrelaterade begr\u00e4nsningar, s\u00e4rskilt den korta verkningstiden samt f\u00f6rekomsten av behandlingsrelaterade komplikationer i form av \u00f6verdrivna ofrivilliga r\u00f6relser. I j\u00e4mf\u00f6relse med en levodopabehandling skiljer sig IRL1117 betydligt eftersom den har l\u00e5ng effektduration och uppvisar en l\u00e5ngvarig anti-Parkinson effekt utan att inducera de besv\u00e4rande komplikationerna under l\u00e5ngtidsbehandling. <\/p>\n\n\n\n<p>IRL1117 forts\u00e4tter med interna utvecklingsaktiviteter som toxikologistudier och aktiviteter relaterat till tillverkning i f\u00f6rberedelse f\u00f6r Fas I. <\/p>\n\n\n\n<p>P003-projektet syftar till att uppt\u00e4cka och utveckla dopamin D1- och D2-receptoragonister som erbjuder en oral administrering endast en g\u00e5ng dagligen och som kombinerar b\u00e4ttre effekt p\u00e5 de klassiska motoriska symptomen vid Parkinson (tremor, stelhet och l\u00e5ngsamma r\u00f6relser) men \u00e4r fria fr\u00e5n de begr\u00e4nsningar som levodopa uppvisar (d.v.s. den korta verkningstiden och de motoriska komplikationerna). Ut\u00f6ver IRL1117 finns ett antal uppf\u00f6ljningssubstanser identifierade med differentiering relaterade till verkningstid och tid till maximal effekt.<\/p>\n\n\n\n<div style=\"height:20px\" aria-hidden=\"true\" class=\"wp-block-spacer\"><\/div>\n\n\n\n<hr class=\"wp-block-separator has-alpha-channel-opacity\"\/>\n\n\n\n<div style=\"height:20px\" aria-hidden=\"true\" class=\"wp-block-spacer\"><\/div>\n\n\n\n<div class=\"wp-block-columns is-layout-flex wp-container-core-columns-is-layout-9d6595d7 wp-block-columns-is-layout-flex\">\n<div class=\"wp-block-column is-layout-flow wp-block-column-is-layout-flow\">\n<h2 class=\"wp-block-heading\">Om P003-projektet<\/h2>\n\n\n\n<p>Forskningsprojektet P003 uppt\u00e4cker och utvecklar innovativa nya l\u00e4kemedel f\u00f6r Parkinson.<\/p>\n\n\n\n<div class=\"wp-block-buttons is-layout-flex wp-block-buttons-is-layout-flex\">\n<div class=\"wp-block-button\"><a class=\"wp-block-button__link has-green-background-color has-background has-small-font-size has-custom-font-size wp-element-button\" href=\"https:\/\/irlab.se\/sv\/projektportfolj\/upptacksfas\/\">Mer info<\/a><\/div>\n<\/div>\n<\/div>\n\n\n\n<div class=\"wp-block-column is-layout-flow wp-block-column-is-layout-flow\">\n<h2 class=\"wp-block-heading\">V\u00e5r portf\u00f6lj<\/h2>\n\n\n\n<p>Forskning och utveckling av l\u00e4kemedel f\u00f6r att kunna f\u00f6rb\u00e4ttra livet f\u00f6r personer som lever med Parkinsons sjukdom.<\/p>\n\n\n\n<div class=\"wp-block-buttons is-layout-flex wp-block-buttons-is-layout-flex\">\n<div class=\"wp-block-button\"><a class=\"wp-block-button__link has-green-background-color has-background has-small-font-size has-custom-font-size wp-element-button\" href=\"https:\/\/irlab.se\/sv\/projektportfolj\/?lang=sv\">Mer info<\/a><\/div>\n<\/div>\n<\/div>\n<\/div>\n","protected":false},"excerpt":{"rendered":"<p>IRL1117 L\u00e4kemedelskandidaten IRL1117 utvecklas som en oral behandling f\u00f6r grundsymtomen av Parkinson, att tas en g\u00e5ng om dagen, utan att orsaka de besv\u00e4rliga komplikationer som dagens standardbehandling med levodopa ger upphov till. Utvecklingen mot kliniska studier har p\u00e5b\u00f6rjats f\u00f6r IRL1117. L\u00e4kemedelskandidaten IRL1117 kommer att utvecklas som en oralt administrerad behandling f\u00f6r grundsymtomen av Parkinson, att [&hellip;]<\/p>\n","protected":false},"author":1,"featured_media":0,"parent":634,"menu_order":0,"comment_status":"closed","ping_status":"closed","template":"","meta":{"_acf_changed":false,"footnotes":""},"class_list":["post-10153","page","type-page","status-publish","hentry"],"acf":[],"yoast_head":"<!-- This site is optimized with the Yoast SEO plugin v26.7 - https:\/\/yoast.com\/wordpress\/plugins\/seo\/ -->\n<title>IRL1117 - IRLAB<\/title>\n<meta name=\"robots\" content=\"index, follow, max-snippet:-1, max-image-preview:large, max-video-preview:-1\" \/>\n<link rel=\"canonical\" href=\"https:\/\/irlab.se\/sv\/projektportfolj\/irl1117\/\" \/>\n<meta property=\"og:locale\" content=\"sv_SE\" \/>\n<meta property=\"og:type\" content=\"article\" \/>\n<meta property=\"og:title\" content=\"IRL1117 - IRLAB\" \/>\n<meta property=\"og:description\" content=\"IRL1117 L\u00e4kemedelskandidaten IRL1117 utvecklas som en oral behandling f\u00f6r grundsymtomen av Parkinson, att tas en g\u00e5ng om dagen, utan att orsaka de besv\u00e4rliga komplikationer som dagens standardbehandling med levodopa ger upphov till. Utvecklingen mot kliniska studier har p\u00e5b\u00f6rjats f\u00f6r IRL1117. L\u00e4kemedelskandidaten IRL1117 kommer att utvecklas som en oralt administrerad behandling f\u00f6r grundsymtomen av Parkinson, att [&hellip;]\" \/>\n<meta property=\"og:url\" content=\"https:\/\/irlab.se\/sv\/projektportfolj\/irl1117\/\" \/>\n<meta property=\"og:site_name\" content=\"IRLAB\" \/>\n<meta property=\"article:modified_time\" content=\"2025-05-22T12:55:43+00:00\" \/>\n<meta name=\"twitter:card\" content=\"summary_large_image\" \/>\n<meta name=\"twitter:label1\" content=\"Ber\u00e4knad l\u00e4stid\" \/>\n\t<meta name=\"twitter:data1\" content=\"2 minuter\" \/>\n<script type=\"application\/ld+json\" class=\"yoast-schema-graph\">{\"@context\":\"https:\/\/schema.org\",\"@graph\":[{\"@type\":\"WebPage\",\"@id\":\"https:\/\/irlab.se\/sv\/projektportfolj\/irl1117\/\",\"url\":\"https:\/\/irlab.se\/sv\/projektportfolj\/irl1117\/\",\"name\":\"IRL1117 - IRLAB\",\"isPartOf\":{\"@id\":\"https:\/\/irlab.se\/#website\"},\"datePublished\":\"2023-01-12T08:44:14+00:00\",\"dateModified\":\"2025-05-22T12:55:43+00:00\",\"breadcrumb\":{\"@id\":\"https:\/\/irlab.se\/sv\/projektportfolj\/irl1117\/#breadcrumb\"},\"inLanguage\":\"sv-SE\",\"potentialAction\":[{\"@type\":\"ReadAction\",\"target\":[\"https:\/\/irlab.se\/sv\/projektportfolj\/irl1117\/\"]}]},{\"@type\":\"BreadcrumbList\",\"@id\":\"https:\/\/irlab.se\/sv\/projektportfolj\/irl1117\/#breadcrumb\",\"itemListElement\":[{\"@type\":\"ListItem\",\"position\":1,\"name\":\"Home\",\"item\":\"https:\/\/irlab.se\/sv\/\"},{\"@type\":\"ListItem\",\"position\":2,\"name\":\"Projektportf\u00f6lj\",\"item\":\"https:\/\/irlab.se\/sv\/projektportfolj\/\"},{\"@type\":\"ListItem\",\"position\":3,\"name\":\"IRL1117\"}]},{\"@type\":\"WebSite\",\"@id\":\"https:\/\/irlab.se\/#website\",\"url\":\"https:\/\/irlab.se\/\",\"name\":\"Irlab\",\"description\":\"Novel treatments for Parkinson&#039;s disease\",\"potentialAction\":[{\"@type\":\"SearchAction\",\"target\":{\"@type\":\"EntryPoint\",\"urlTemplate\":\"https:\/\/irlab.se\/?s={search_term_string}\"},\"query-input\":{\"@type\":\"PropertyValueSpecification\",\"valueRequired\":true,\"valueName\":\"search_term_string\"}}],\"inLanguage\":\"sv-SE\"}]}<\/script>\n<!-- \/ Yoast SEO plugin. -->","yoast_head_json":{"title":"IRL1117 - IRLAB","robots":{"index":"index","follow":"follow","max-snippet":"max-snippet:-1","max-image-preview":"max-image-preview:large","max-video-preview":"max-video-preview:-1"},"canonical":"https:\/\/irlab.se\/sv\/projektportfolj\/irl1117\/","og_locale":"sv_SE","og_type":"article","og_title":"IRL1117 - IRLAB","og_description":"IRL1117 L\u00e4kemedelskandidaten IRL1117 utvecklas som en oral behandling f\u00f6r grundsymtomen av Parkinson, att tas en g\u00e5ng om dagen, utan att orsaka de besv\u00e4rliga komplikationer som dagens standardbehandling med levodopa ger upphov till. Utvecklingen mot kliniska studier har p\u00e5b\u00f6rjats f\u00f6r IRL1117. L\u00e4kemedelskandidaten IRL1117 kommer att utvecklas som en oralt administrerad behandling f\u00f6r grundsymtomen av Parkinson, att [&hellip;]","og_url":"https:\/\/irlab.se\/sv\/projektportfolj\/irl1117\/","og_site_name":"IRLAB","article_modified_time":"2025-05-22T12:55:43+00:00","twitter_card":"summary_large_image","twitter_misc":{"Ber\u00e4knad l\u00e4stid":"2 minuter"},"schema":{"@context":"https:\/\/schema.org","@graph":[{"@type":"WebPage","@id":"https:\/\/irlab.se\/sv\/projektportfolj\/irl1117\/","url":"https:\/\/irlab.se\/sv\/projektportfolj\/irl1117\/","name":"IRL1117 - IRLAB","isPartOf":{"@id":"https:\/\/irlab.se\/#website"},"datePublished":"2023-01-12T08:44:14+00:00","dateModified":"2025-05-22T12:55:43+00:00","breadcrumb":{"@id":"https:\/\/irlab.se\/sv\/projektportfolj\/irl1117\/#breadcrumb"},"inLanguage":"sv-SE","potentialAction":[{"@type":"ReadAction","target":["https:\/\/irlab.se\/sv\/projektportfolj\/irl1117\/"]}]},{"@type":"BreadcrumbList","@id":"https:\/\/irlab.se\/sv\/projektportfolj\/irl1117\/#breadcrumb","itemListElement":[{"@type":"ListItem","position":1,"name":"Home","item":"https:\/\/irlab.se\/sv\/"},{"@type":"ListItem","position":2,"name":"Projektportf\u00f6lj","item":"https:\/\/irlab.se\/sv\/projektportfolj\/"},{"@type":"ListItem","position":3,"name":"IRL1117"}]},{"@type":"WebSite","@id":"https:\/\/irlab.se\/#website","url":"https:\/\/irlab.se\/","name":"Irlab","description":"Novel treatments for Parkinson&#039;s disease","potentialAction":[{"@type":"SearchAction","target":{"@type":"EntryPoint","urlTemplate":"https:\/\/irlab.se\/?s={search_term_string}"},"query-input":{"@type":"PropertyValueSpecification","valueRequired":true,"valueName":"search_term_string"}}],"inLanguage":"sv-SE"}]}},"_links":{"self":[{"href":"https:\/\/irlab.se\/sv\/wp-json\/wp\/v2\/pages\/10153","targetHints":{"allow":["GET"]}}],"collection":[{"href":"https:\/\/irlab.se\/sv\/wp-json\/wp\/v2\/pages"}],"about":[{"href":"https:\/\/irlab.se\/sv\/wp-json\/wp\/v2\/types\/page"}],"author":[{"embeddable":true,"href":"https:\/\/irlab.se\/sv\/wp-json\/wp\/v2\/users\/1"}],"replies":[{"embeddable":true,"href":"https:\/\/irlab.se\/sv\/wp-json\/wp\/v2\/comments?post=10153"}],"version-history":[{"count":7,"href":"https:\/\/irlab.se\/sv\/wp-json\/wp\/v2\/pages\/10153\/revisions"}],"predecessor-version":[{"id":12042,"href":"https:\/\/irlab.se\/sv\/wp-json\/wp\/v2\/pages\/10153\/revisions\/12042"}],"up":[{"embeddable":true,"href":"https:\/\/irlab.se\/sv\/wp-json\/wp\/v2\/pages\/634"}],"wp:attachment":[{"href":"https:\/\/irlab.se\/sv\/wp-json\/wp\/v2\/media?parent=10153"}],"curies":[{"name":"wp","href":"https:\/\/api.w.org\/{rel}","templated":true}]}}